{"id":97,"date":"2024-06-06T23:01:14","date_gmt":"2024-06-06T21:01:14","guid":{"rendered":"https:\/\/harmonyhotel.cz\/?page_id=97"},"modified":"2025-07-31T19:39:47","modified_gmt":"2025-07-31T17:39:47","slug":"parking","status":"publish","type":"page","link":"https:\/\/harmonyhotel.cz\/pl\/hotel\/parkoviste\/","title":{"rendered":"Parking"},"content":{"rendered":"<div class=\"wp-block-media-text has-media-on-the-right is-stacked-on-mobile is-image-fill-element\"><div class=\"wp-block-media-text__content\">\n<h2 class=\"wp-block-heading\">Parking Szpindlerowy M\u0142yn<\/h2>\n\n\n\n<p>W\u0142asny zadaszony parking w Szpindlerowym M\u0142ynie z ca\u0142odobowym systemem kamer. <strong>Pojemno\u015b\u0107 parkingu wynosi do 120 miejsc<\/strong>, z czego 1\/3 jest zadaszona. Dodatkowe miejsca parkingowe znajduj\u0105 si\u0119 w bezpo\u015brednim s\u0105siedztwie hotelu. Rezerwujemy r\u00f3wnie\u017c miejsca dla autobus\u00f3w.<\/p>\n<\/div><figure class=\"wp-block-media-text__media\"><a href=\"https:\/\/harmonyhotel.cz\/wp-content\/uploads\/2024\/06\/Harmony-Hotel-Spindleruv-Mlyn-Parkovani-3.jpg\"><img loading=\"lazy\" decoding=\"async\" width=\"800\" height=\"550\" src=\"https:\/\/harmonyhotel.cz\/wp-content\/uploads\/2024\/06\/Harmony-Hotel-Spindleruv-Mlyn-Parkovani-3-800x550.jpg\" alt=\"Hotel Szpindlerowy M\u0142yn - Parking\" class=\"wp-image-99 size-medium\" style=\"object-position:50% 50%\" srcset=\"https:\/\/harmonyhotel.cz\/wp-content\/uploads\/2024\/06\/Harmony-Hotel-Spindleruv-Mlyn-Parkovani-3-800x550.jpg 800w, https:\/\/harmonyhotel.cz\/wp-content\/uploads\/2024\/06\/Harmony-Hotel-Spindleruv-Mlyn-Parkovani-3.jpg 1526w\" sizes=\"auto, (max-width: 800px) 100vw, 800px\" \/><\/a><\/figure><\/div>\n\n\n\n<div class=\"wp-block-media-text is-stacked-on-mobile is-image-fill-element\"><figure class=\"wp-block-media-text__media\"><a href=\"https:\/\/harmonyhotel.cz\/wp-content\/uploads\/2025\/07\/2024_12_19_0316_EOS_R5_MK_II_LRNR-scaled.jpg\"><img loading=\"lazy\" decoding=\"async\" width=\"1600\" height=\"1022\" src=\"https:\/\/harmonyhotel.cz\/wp-content\/uploads\/2025\/07\/2024_12_19_0316_EOS_R5_MK_II_LRNR-1600x1022.jpg\" alt=\"\" class=\"wp-image-2008 size-medium\" style=\"object-position:50% 50%\" srcset=\"https:\/\/harmonyhotel.cz\/wp-content\/uploads\/2025\/07\/2024_12_19_0316_EOS_R5_MK_II_LRNR-1600x1022.jpg 1600w, https:\/\/harmonyhotel.cz\/wp-content\/uploads\/2025\/07\/2024_12_19_0316_EOS_R5_MK_II_LRNR-800x511.jpg 800w, https:\/\/harmonyhotel.cz\/wp-content\/uploads\/2025\/07\/2024_12_19_0316_EOS_R5_MK_II_LRNR-18x12.jpg 18w\" sizes=\"auto, (max-width: 1600px) 100vw, 1600px\" \/><\/a><\/figure><div class=\"wp-block-media-text__content\">\n<h2 class=\"wp-block-heading\">Parking<\/h2>\n\n\n\n<p>Hotel Harmony posiada w\u0142asny parking, kt\u00f3ry jest w dw\u00f3ch trzecich zadaszony i monitorowany przez 24-godzinny system kamer.<\/p>\n\n\n\n<p>Z parkingu mo\u017cna wygodnie dojecha\u0107 wind\u0105 bezpo\u015brednio do hotelowej recepcji. W hotelu dost\u0119pne s\u0105 w\u00f3zki hotelowe i us\u0142ugi portiera.<\/p>\n<\/div><\/div>\n\n\n\n<div class=\"wp-block-media-text has-media-on-the-right is-stacked-on-mobile is-image-fill-element\"><div class=\"wp-block-media-text__content\">\n<h2 class=\"wp-block-heading\">Cena za parkowanie<\/h2>\n\n\n\n<p>Cena za parkowanie za dzie\u0144 i samoch\u00f3d wynosi<\/p>\n\n\n\n<p><strong>350 CZK<\/strong><\/p>\n<\/div><figure class=\"wp-block-media-text__media\"><a href=\"https:\/\/harmonyhotel.cz\/wp-content\/uploads\/2024\/06\/Parkoviste-Spindleruv-Mlyn-Hotel-Spindleruv-Mlyn-01-scaled.jpg\"><img loading=\"lazy\" decoding=\"async\" width=\"1600\" height=\"1066\" src=\"https:\/\/harmonyhotel.cz\/wp-content\/uploads\/2024\/06\/Parkoviste-Spindleruv-Mlyn-Hotel-Spindleruv-Mlyn-01-1600x1066.jpg\" alt=\"\" class=\"wp-image-515 size-large\" style=\"object-position:50% 50%\" srcset=\"https:\/\/harmonyhotel.cz\/wp-content\/uploads\/2024\/06\/Parkoviste-Spindleruv-Mlyn-Hotel-Spindleruv-Mlyn-01-1600x1066.jpg 1600w, https:\/\/harmonyhotel.cz\/wp-content\/uploads\/2024\/06\/Parkoviste-Spindleruv-Mlyn-Hotel-Spindleruv-Mlyn-01-800x533.jpg 800w\" sizes=\"auto, (max-width: 1600px) 100vw, 1600px\" \/><\/a><\/figure><\/div>\n\n\n\n<div class=\"wp-block-media-text is-stacked-on-mobile is-image-fill-element\"><figure class=\"wp-block-media-text__media\"><a href=\"https:\/\/harmonyhotel.cz\/wp-content\/uploads\/2024\/06\/Harmony-Hotel-Spindleruv-Mlyn-Parkovani-1.jpg\"><img loading=\"lazy\" decoding=\"async\" width=\"800\" height=\"550\" src=\"https:\/\/harmonyhotel.cz\/wp-content\/uploads\/2024\/06\/Harmony-Hotel-Spindleruv-Mlyn-Parkovani-1-800x550.jpg\" alt=\"\" class=\"wp-image-101 size-medium\" style=\"object-position:50% 50%\" srcset=\"https:\/\/harmonyhotel.cz\/wp-content\/uploads\/2024\/06\/Harmony-Hotel-Spindleruv-Mlyn-Parkovani-1-800x550.jpg 800w, https:\/\/harmonyhotel.cz\/wp-content\/uploads\/2024\/06\/Harmony-Hotel-Spindleruv-Mlyn-Parkovani-1.jpg 1526w\" sizes=\"auto, (max-width: 800px) 100vw, 800px\" \/><\/a><\/figure><div class=\"wp-block-media-text__content\">\n<h2 class=\"wp-block-heading\">Pojemno\u015b\u0107 parkingu<\/h2>\n\n\n\n<p>\u0141\u0105cznie 95 miejsc parkingowych (z kt\u00f3rych 64 s\u0105 zadaszone) 7 z powy\u017cszej liczby mo\u017cna zarezerwowa\u0107.<\/p>\n\n\n\n<p>Kolejne 25 samochod\u00f3w mo\u017cna zaparkowa\u0107 na dachu parkingu, w przypadku zapotrzebowania na parking dla wi\u0119kszej liczby samochod\u00f3w, mo\u017cliwe jest skorzystanie z s\u0105siednich teren\u00f3w hotelu Harmony.<\/p>\n\n\n\n<p>Parking dla maksymalnie 3 autobus\u00f3w<\/p>\n\n\n\n<p>Go\u015bcie otrzymuj\u0105 bilet parkingowy przy wje\u017adzie na parking i okazuj\u0105 go w recepcji hotelu podczas zameldowania.<\/p>\n<\/div><\/div>\n\n\n\n<div class=\"wp-block-media-text has-media-on-the-right is-stacked-on-mobile is-image-fill-element\"><div class=\"wp-block-media-text__content\">\n<h2 class=\"wp-block-heading\">\u0141adowarka elektryczna<\/h2>\n\n\n\n<p><strong>INCH DUO - to stacja z dwoma wyj\u015bciami \u0142adowania, gotowa do pracy ci\u0105g\u0142ej.<\/strong><\/p>\n\n\n\n<ul class=\"wp-block-list\">\n<li>Intuicyjny ekran dotykowy, ergonomiczna konstrukcja i zintegrowany terminal p\u0142atniczy zapewniaj\u0105 wygod\u0119 wszystkim u\u017cytkownikom.<\/li>\n\n\n\n<li>Moc \u0142adowania 2 \u00d7 22 kW (2 gniazda z blokad\u0105)<\/li>\n\n\n\n<li>Kolorowy ekran dotykowy<\/li>\n\n\n\n<li>P\u0142atno\u015b\u0107 zbli\u017ceniowa do 500 CZK (ze wzgl\u0119du na limit ustalony przez UE)<\/li>\n\n\n\n<li>Mo\u017cliwo\u015b\u0107 p\u0142acenia wed\u0142ug rzeczywistego zu\u017cycia na podstawie karty wypo\u017cyczonej w recepcji hotelu.<\/li>\n\n\n\n<li>Elektroniczne wykrywanie pr\u0105du sta\u0142ego 6 mA + zabezpieczenie pr\u0105dowe typu B<\/li>\n\n\n\n<li>Cena \u0142adowania wynosi 8 CZK za kWh<\/li>\n<\/ul>\n<\/div><figure class=\"wp-block-media-text__media\"><a href=\"https:\/\/harmonyhotel.cz\/wp-content\/uploads\/2024\/06\/Harmony-Hotel-Spindleruv-Mlyn-Elektronabijecka.jpg\"><img loading=\"lazy\" decoding=\"async\" width=\"800\" height=\"657\" src=\"https:\/\/harmonyhotel.cz\/wp-content\/uploads\/2024\/06\/Harmony-Hotel-Spindleruv-Mlyn-Elektronabijecka-800x657.jpg\" alt=\"Hotel Szpindlerowy M\u0142yn - \u0141adowarka elektryczna\" class=\"wp-image-109 size-medium\" style=\"object-position:50% 50%\" srcset=\"https:\/\/harmonyhotel.cz\/wp-content\/uploads\/2024\/06\/Harmony-Hotel-Spindleruv-Mlyn-Elektronabijecka-800x657.jpg 800w, https:\/\/harmonyhotel.cz\/wp-content\/uploads\/2024\/06\/Harmony-Hotel-Spindleruv-Mlyn-Elektronabijecka.jpg 1538w\" sizes=\"auto, (max-width: 800px) 100vw, 800px\" \/><\/a><\/figure><\/div>","protected":false},"excerpt":{"rendered":"<p>Parkovi\u0161t\u011b \u0160pindler\u016fv Ml\u00fdn Vlastn\u00ed zast\u0159e\u0161en\u00e9 parkovi\u0161t\u011b ve \u0160pindlerov\u011b Ml\u00fdn\u011b s 24 hodinov\u00fdm kamerov\u00fdm syst\u00e9m. Kapacita parkovac\u00edch st\u00e1n\u00ed je a\u017e 120 m\u00edst, z toho 1\/3 m\u00edst je zast\u0159e\u0161en\u00fdch. Dal\u0161\u00ed parkovac\u00ed plochy jsou v bezprost\u0159edn\u00ed bl\u00edzkosti hotelu. Vyhrazujeme m\u00edsta i pro autobusy. Parkov\u00e1n\u00ed U hotelu Harmony je vlastn\u00ed parkovi\u0161t\u011b, kter\u00e9 je ze sv\u00fdch dvou t\u0159etin zast\u0159e\u0161en\u00e9 a [&hellip;]<\/p>\n","protected":false},"author":1,"featured_media":517,"parent":7,"menu_order":17,"comment_status":"closed","ping_status":"closed","template":"","meta":{"footnotes":""},"class_list":["post-97","page","type-page","status-publish","has-post-thumbnail","hentry"],"_links":{"self":[{"href":"https:\/\/harmonyhotel.cz\/pl\/wp-json\/wp\/v2\/pages\/97","targetHints":{"allow":["GET"]}}],"collection":[{"href":"https:\/\/harmonyhotel.cz\/pl\/wp-json\/wp\/v2\/pages"}],"about":[{"href":"https:\/\/harmonyhotel.cz\/pl\/wp-json\/wp\/v2\/types\/page"}],"author":[{"embeddable":true,"href":"https:\/\/harmonyhotel.cz\/pl\/wp-json\/wp\/v2\/users\/1"}],"replies":[{"embeddable":true,"href":"https:\/\/harmonyhotel.cz\/pl\/wp-json\/wp\/v2\/comments?post=97"}],"version-history":[{"count":3,"href":"https:\/\/harmonyhotel.cz\/pl\/wp-json\/wp\/v2\/pages\/97\/revisions"}],"predecessor-version":[{"id":2010,"href":"https:\/\/harmonyhotel.cz\/pl\/wp-json\/wp\/v2\/pages\/97\/revisions\/2010"}],"up":[{"embeddable":true,"href":"https:\/\/harmonyhotel.cz\/pl\/wp-json\/wp\/v2\/pages\/7"}],"wp:featuredmedia":[{"embeddable":true,"href":"https:\/\/harmonyhotel.cz\/pl\/wp-json\/wp\/v2\/media\/517"}],"wp:attachment":[{"href":"https:\/\/harmonyhotel.cz\/pl\/wp-json\/wp\/v2\/media?parent=97"}],"curies":[{"name":"wp","href":"https:\/\/api.w.org\/{rel}","templated":true}]}}