{"id":844,"date":"2024-06-14T01:10:25","date_gmt":"2024-06-13T23:10:25","guid":{"rendered":"https:\/\/harmonyhotel.cz\/?page_id=844"},"modified":"2024-06-16T20:03:56","modified_gmt":"2024-06-16T18:03:56","slug":"strefa-aktywna-dla-dzieci","status":"publish","type":"page","link":"https:\/\/harmonyhotel.cz\/pl\/aktivity\/aktivni-zona-pro-deti\/","title":{"rendered":"Aktywna strefa dla dzieci"},"content":{"rendered":"<div class=\"wp-block-media-text has-media-on-the-right is-stacked-on-mobile is-image-fill\"><div class=\"wp-block-media-text__content\">\n<p>Spektakularny pok\u00f3j zabaw dla dzieci ze zje\u017cd\u017calni\u0105<\/p>\n\n\n\n<p>Pok\u00f3j zabaw dla dzieci powsta\u0142 na prze\u0142omie 2019 i 2019 roku - jego powierzchnia wynosi oko\u0142o 70 metr\u00f3w kwadratowych.<\/p>\n\n\n\n<p>Bezp\u0142atnie dla go\u015bci hotelowych na podstawie karty hotelowej<\/p>\n<\/div><figure class=\"wp-block-media-text__media\" style=\"background-image:url(https:\/\/harmonyhotel.cz\/wp-content\/uploads\/2024\/06\/Harmony-Hotel-Spindleruv-Mlyn-Kids-play-area-3-800x450.jpg);background-position:50% 50%\"><a href=\"https:\/\/harmonyhotel.cz\/wp-content\/uploads\/2024\/06\/Harmony-Hotel-Spindleruv-Mlyn-Kids-play-area-3.jpg\"><img loading=\"lazy\" decoding=\"async\" width=\"800\" height=\"450\" src=\"https:\/\/harmonyhotel.cz\/wp-content\/uploads\/2024\/06\/Harmony-Hotel-Spindleruv-Mlyn-Kids-play-area-3-800x450.jpg\" alt=\"Harmony Hotel Szpindlerowy M\u0142yn - Plac zabaw dla dzieci 1\" class=\"wp-image-852 size-medium\" srcset=\"https:\/\/harmonyhotel.cz\/wp-content\/uploads\/2024\/06\/Harmony-Hotel-Spindleruv-Mlyn-Kids-play-area-3-800x450.jpg 800w, https:\/\/harmonyhotel.cz\/wp-content\/uploads\/2024\/06\/Harmony-Hotel-Spindleruv-Mlyn-Kids-play-area-3-1600x900.jpg 1600w, https:\/\/harmonyhotel.cz\/wp-content\/uploads\/2024\/06\/Harmony-Hotel-Spindleruv-Mlyn-Kids-play-area-3.jpg 1920w\" sizes=\"auto, (max-width: 800px) 100vw, 800px\" \/><\/a><\/figure><\/div>\n\n\n\n<div class=\"wp-block-media-text is-stacked-on-mobile is-image-fill\"><figure class=\"wp-block-media-text__media\" style=\"background-image:url(https:\/\/harmonyhotel.cz\/wp-content\/uploads\/2024\/06\/Harmony-Hotel-Spindleruv-Mlyn-Kids-play-area-1-800x450.jpg);background-position:50% 50%\"><a href=\"https:\/\/harmonyhotel.cz\/wp-content\/uploads\/2024\/06\/Harmony-Hotel-Spindleruv-Mlyn-Kids-play-area-1.jpg\"><img loading=\"lazy\" decoding=\"async\" width=\"800\" height=\"450\" src=\"https:\/\/harmonyhotel.cz\/wp-content\/uploads\/2024\/06\/Harmony-Hotel-Spindleruv-Mlyn-Kids-play-area-1-800x450.jpg\" alt=\"Harmony Hotel Szpindlerowy M\u0142yn - Plac zabaw dla dzieci 1\" class=\"wp-image-854 size-medium\" srcset=\"https:\/\/harmonyhotel.cz\/wp-content\/uploads\/2024\/06\/Harmony-Hotel-Spindleruv-Mlyn-Kids-play-area-1-800x450.jpg 800w, https:\/\/harmonyhotel.cz\/wp-content\/uploads\/2024\/06\/Harmony-Hotel-Spindleruv-Mlyn-Kids-play-area-1-1600x900.jpg 1600w, https:\/\/harmonyhotel.cz\/wp-content\/uploads\/2024\/06\/Harmony-Hotel-Spindleruv-Mlyn-Kids-play-area-1.jpg 1920w\" sizes=\"auto, (max-width: 800px) 100vw, 800px\" \/><\/a><\/figure><div class=\"wp-block-media-text__content\">\n<p>G\u0142\u00f3wnym elementem zabawowym jest zabezpieczona siatk\u0105 bezpieczna rama wspinaczkowa o wysoko\u015bci do 3,8 metra oraz zje\u017cd\u017calnia wyjazdowa. Dzieci znajd\u0105 tu worki treningowe, ciekawe drabinki, dziurkacze, maty, a ca\u0142o\u015b\u0107 uzupe\u0142niaj\u0105 modu\u0142y zabawowe wykonane z mi\u0119kkich materia\u0142\u00f3w dla najm\u0142odszych. <\/p>\n<\/div><\/div>\n\n\n\n<div class=\"wp-block-media-text has-media-on-the-right is-stacked-on-mobile is-image-fill\"><div class=\"wp-block-media-text__content\">\n<p>W okresie od po\u0142owy grudnia do marca i przez ca\u0142e wakacje letnie w sali zabaw dla dzieci i poza ni\u0105 odbywaj\u0105 si\u0119 programy animacyjne pod nadzorem do\u015bwiadczonych animator\u00f3w.<\/p>\n<\/div><figure class=\"wp-block-media-text__media\" style=\"background-image:url(https:\/\/harmonyhotel.cz\/wp-content\/uploads\/2024\/06\/Harmony-Hotel-Spindleruv-Mlyn-Lyzarska-skola-3-800x533.jpg);background-position:50% 50%\"><a href=\"https:\/\/harmonyhotel.cz\/wp-content\/uploads\/2024\/06\/Harmony-Hotel-Spindleruv-Mlyn-Lyzarska-skola-3.jpg\"><img loading=\"lazy\" decoding=\"async\" width=\"800\" height=\"533\" src=\"https:\/\/harmonyhotel.cz\/wp-content\/uploads\/2024\/06\/Harmony-Hotel-Spindleruv-Mlyn-Lyzarska-skola-3-800x533.jpg\" alt=\"Szko\u0142a narciarska - Harmony Hotel Szpindlerowy M\u0142yn 3\" class=\"wp-image-806 size-medium\" srcset=\"https:\/\/harmonyhotel.cz\/wp-content\/uploads\/2024\/06\/Harmony-Hotel-Spindleruv-Mlyn-Lyzarska-skola-3-800x533.jpg 800w, https:\/\/harmonyhotel.cz\/wp-content\/uploads\/2024\/06\/Harmony-Hotel-Spindleruv-Mlyn-Lyzarska-skola-3-1600x1067.jpg 1600w, https:\/\/harmonyhotel.cz\/wp-content\/uploads\/2024\/06\/Harmony-Hotel-Spindleruv-Mlyn-Lyzarska-skola-3.jpg 1620w\" sizes=\"auto, (max-width: 800px) 100vw, 800px\" \/><\/a><\/figure><\/div>","protected":false},"excerpt":{"rendered":"<p>Velkolep\u00e1 d\u011btsk\u00e1 herna s tobog\u00e1nem D\u011btsk\u00e1 herna byla vybudov\u00e1na na p\u0159elomu roku 2019 \u2013 prostor herny je cca 70 metr\u016f \u010dtvere\u010dn\u00edch. Zdarma pro hotelov\u00e9 hosty na hotelovou kartu od pokoje Hlavn\u00edm hern\u00edm prvkem je zas\u00ed\u0165ovan\u00e1 bezpe\u010dn\u00e1 prol\u00e9za\u010dka s\u00a0v\u00fd\u0161kou a\u017e 3,8 metr\u016f dopln\u011bn\u00e1 odjezdov\u00fdm tobog\u00e1nem. D\u011bti zde naleznou boxovac\u00ed pytle, zaj\u00edmav\u00e9 prol\u00e9za\u010dky, d\u011brov\u00e9 pr\u016flezy, \u017e\u00edn\u011bnky a [&hellip;]<\/p>\n","protected":false},"author":1,"featured_media":737,"parent":19,"menu_order":0,"comment_status":"closed","ping_status":"closed","template":"","meta":{"footnotes":""},"class_list":["post-844","page","type-page","status-publish","has-post-thumbnail","hentry"],"_links":{"self":[{"href":"https:\/\/harmonyhotel.cz\/pl\/wp-json\/wp\/v2\/pages\/844","targetHints":{"allow":["GET"]}}],"collection":[{"href":"https:\/\/harmonyhotel.cz\/pl\/wp-json\/wp\/v2\/pages"}],"about":[{"href":"https:\/\/harmonyhotel.cz\/pl\/wp-json\/wp\/v2\/types\/page"}],"author":[{"embeddable":true,"href":"https:\/\/harmonyhotel.cz\/pl\/wp-json\/wp\/v2\/users\/1"}],"replies":[{"embeddable":true,"href":"https:\/\/harmonyhotel.cz\/pl\/wp-json\/wp\/v2\/comments?post=844"}],"version-history":[{"count":0,"href":"https:\/\/harmonyhotel.cz\/pl\/wp-json\/wp\/v2\/pages\/844\/revisions"}],"up":[{"embeddable":true,"href":"https:\/\/harmonyhotel.cz\/pl\/wp-json\/wp\/v2\/pages\/19"}],"wp:featuredmedia":[{"embeddable":true,"href":"https:\/\/harmonyhotel.cz\/pl\/wp-json\/wp\/v2\/media\/737"}],"wp:attachment":[{"href":"https:\/\/harmonyhotel.cz\/pl\/wp-json\/wp\/v2\/media?parent=844"}],"curies":[{"name":"wp","href":"https:\/\/api.w.org\/{rel}","templated":true}]}}