{"id":783,"date":"2024-06-13T22:32:05","date_gmt":"2024-06-13T20:32:05","guid":{"rendered":"https:\/\/harmonyhotel.cz\/?page_id=783"},"modified":"2025-06-08T12:22:35","modified_gmt":"2025-06-08T10:22:35","slug":"ekspozycja-w-bunkrze","status":"publish","type":"page","link":"https:\/\/harmonyhotel.cz\/pl\/aktivity\/bunkr-expozice\/","title":{"rendered":"Ekspozycja bunkra"},"content":{"rendered":"<div class=\"wp-block-media-text has-media-on-the-right is-stacked-on-mobile is-image-fill-element\"><div class=\"wp-block-media-text__content\">\n<p><strong>Harmony Bunker Exposition<\/strong><\/p>\n\n\n\n<p>Historia hotelu jest jednym z najbardziej tajnych projekt\u00f3w w Republice Czeskiej... Odwied\u017a nasze Muzeum i cofnij si\u0119 do 1984 roku...<\/p>\n\n\n\n<p><strong>Czynne codziennie od 14:00 do 18:00<\/strong><\/p>\n<\/div><figure class=\"wp-block-media-text__media\"><a href=\"https:\/\/harmonyhotel.cz\/wp-content\/uploads\/2024\/06\/Harmony-Hotel-Spindleruv-Mlyn-BUNKR-\u2013-protiatomovy-kryt-1.jpg\"><img loading=\"lazy\" decoding=\"async\" width=\"800\" height=\"550\" src=\"https:\/\/harmonyhotel.cz\/wp-content\/uploads\/2024\/06\/Harmony-Hotel-Spindleruv-Mlyn-BUNKR-\u2013-protiatomovy-kryt-1-800x550.jpg\" alt=\"Harmony Hotel Szpindlerowy M\u0142yn - BUNKR - schron przeciwatomowy 1\" class=\"wp-image-891 size-medium\" style=\"object-position:50% 50%\" srcset=\"https:\/\/harmonyhotel.cz\/wp-content\/uploads\/2024\/06\/Harmony-Hotel-Spindleruv-Mlyn-BUNKR-\u2013-protiatomovy-kryt-1-800x550.jpg 800w, https:\/\/harmonyhotel.cz\/wp-content\/uploads\/2024\/06\/Harmony-Hotel-Spindleruv-Mlyn-BUNKR-\u2013-protiatomovy-kryt-1.jpg 1526w\" sizes=\"auto, (max-width: 800px) 100vw, 800px\" \/><\/a><\/figure><\/div>\n\n\n\n<div class=\"wp-block-media-text is-stacked-on-mobile is-image-fill-element\"><figure class=\"wp-block-media-text__media\"><a href=\"https:\/\/harmonyhotel.cz\/wp-content\/uploads\/2024\/06\/Harmony-Hotel-Spindleruv-Mlyn-BUNKR-\u2013-protiatomovy-kryt-2.jpg\"><img loading=\"lazy\" decoding=\"async\" width=\"800\" height=\"550\" src=\"https:\/\/harmonyhotel.cz\/wp-content\/uploads\/2024\/06\/Harmony-Hotel-Spindleruv-Mlyn-BUNKR-\u2013-protiatomovy-kryt-2-800x550.jpg\" alt=\"Harmony Hotel Szpindlerowy M\u0142yn - BUNKR - schron przeciwatomowy 2\" class=\"wp-image-890 size-medium\" style=\"object-position:50% 50%\" srcset=\"https:\/\/harmonyhotel.cz\/wp-content\/uploads\/2024\/06\/Harmony-Hotel-Spindleruv-Mlyn-BUNKR-\u2013-protiatomovy-kryt-2-800x550.jpg 800w, https:\/\/harmonyhotel.cz\/wp-content\/uploads\/2024\/06\/Harmony-Hotel-Spindleruv-Mlyn-BUNKR-\u2013-protiatomovy-kryt-2.jpg 1526w\" sizes=\"auto, (max-width: 800px) 100vw, 800px\" \/><\/a><\/figure><div class=\"wp-block-media-text__content\">\n<p>W 1984 roku na terenie by\u0142ej wojskowej strzelnicy szkoleniowej, na zboczu Medv\u011bd\u00edna, rozpocz\u0119to budow\u0119 unikalnej konstrukcji \u2013 schronu przeciwatomowego dla 200 os\u00f3b, zaprojektowanego jako \u201emiejsce pracy rz\u0105du w czasie stanu gotowo\u015bci obronnej pa\u0144stwa\u201c.\n\nPod dzisiejszym Hotelem Harmony znajduje si\u0119 rozleg\u0142y podziemny labirynt. Cz\u0119\u015bci\u0105 hotelu by\u0142 bowiem ogromny podziemny schron przeznaczony dla sztabu generalnego \u00f3wczesnej armii. By\u0142 to jeden z najbardziej utajnionych projekt\u00f3w w Czechach.<\/p>\n<\/div><\/div>\n\n\n\n<div class=\"wp-block-media-text has-media-on-the-right is-stacked-on-mobile is-image-fill-element\"><div class=\"wp-block-media-text__content\">\n<p>Zwiedzanie bez przewodnika - 50 CZK \/ osoba<br>Zorganizowane zwiedzanie z przewodnikiem (dla grup 10 lub wi\u0119cej os\u00f3b) - 80 CZK \/ osoba<\/p>\n\n\n\n<p><em><strong>Bezp\u0142atnie dla go\u015bci hotelowych<\/strong><\/em><\/p>\n<\/div><figure class=\"wp-block-media-text__media\"><a href=\"https:\/\/harmonyhotel.cz\/wp-content\/uploads\/2024\/06\/Harmony-Hotel-Spindleruv-Mlyn-BUNKR-\u2013-protiatomovy-kryt-3.jpg\"><img loading=\"lazy\" decoding=\"async\" width=\"800\" height=\"550\" src=\"https:\/\/harmonyhotel.cz\/wp-content\/uploads\/2024\/06\/Harmony-Hotel-Spindleruv-Mlyn-BUNKR-\u2013-protiatomovy-kryt-3-800x550.jpg\" alt=\"Harmony Hotel Szpindlerowy M\u0142yn - BUNKR - schron przeciwatomowy 3\" class=\"wp-image-889 size-medium\" style=\"object-position:50% 50%\" srcset=\"https:\/\/harmonyhotel.cz\/wp-content\/uploads\/2024\/06\/Harmony-Hotel-Spindleruv-Mlyn-BUNKR-\u2013-protiatomovy-kryt-3-800x550.jpg 800w, https:\/\/harmonyhotel.cz\/wp-content\/uploads\/2024\/06\/Harmony-Hotel-Spindleruv-Mlyn-BUNKR-\u2013-protiatomovy-kryt-3.jpg 1526w\" sizes=\"auto, (max-width: 800px) 100vw, 800px\" \/><\/a><\/figure><\/div>\n\n\n\n<div class=\"wp-block-media-text is-stacked-on-mobile is-image-fill-element\"><figure class=\"wp-block-media-text__media\"><a href=\"https:\/\/harmonyhotel.cz\/wp-content\/uploads\/2024\/06\/Harmony-Hotel-Spindleruv-Mlyn-BUNKR-\u2013-protiatomovy-kryt-4.jpg\"><img loading=\"lazy\" decoding=\"async\" width=\"800\" height=\"550\" src=\"https:\/\/harmonyhotel.cz\/wp-content\/uploads\/2024\/06\/Harmony-Hotel-Spindleruv-Mlyn-BUNKR-\u2013-protiatomovy-kryt-4-800x550.jpg\" alt=\"Harmony Hotel Szpindlerowy M\u0142yn - BUNKR - schron przeciwatomowy 4\" class=\"wp-image-888 size-medium\" style=\"object-position:50% 50%\" srcset=\"https:\/\/harmonyhotel.cz\/wp-content\/uploads\/2024\/06\/Harmony-Hotel-Spindleruv-Mlyn-BUNKR-\u2013-protiatomovy-kryt-4-800x550.jpg 800w, https:\/\/harmonyhotel.cz\/wp-content\/uploads\/2024\/06\/Harmony-Hotel-Spindleruv-Mlyn-BUNKR-\u2013-protiatomovy-kryt-4.jpg 1526w\" sizes=\"auto, (max-width: 800px) 100vw, 800px\" \/><\/a><\/figure><div class=\"wp-block-media-text__content\">\n<p>Pi\u0119\u0107 naziemnych kondygnacji oferuje nie tylko wiele pokoi, ale tak\u017ce dwunastometrowy basen, kilka sal konferencyjnych i salonik\u00f3w, a tak\u017ce szereg tajnych korytarzy i pomieszcze\u0144 \u2014 nie tylko w podziemiach.\n\nNajni\u017csze pi\u0119tro znajduje si\u0119 15,6 metra pod ziemi\u0105, a schron oddziela od samego hotelu dwumetrowa warstwa betonu. Do bunkra prowadzi pi\u0119cioro pancernych drzwi, kt\u00f3re w przypadku ataku biologicznego lub atomowego mog\u0142yby go hermetycznie zamkn\u0105\u0107.\n\nZ oryginalnych pomieszcze\u0144 i korytarzy bunkra zachowa\u0142y si\u0119 dzi\u015b jedynie fragmenty. Wielko\u015b\u0107 czteropoziomowego podziemnego labiryntu dok\u0142adnie odpowiada\u0142a pojemno\u015bci hotelu. Dla dwustu os\u00f3b zaprojektowano sypialnie, kuchni\u0119 oraz sal\u0119 kinow\u0105. \u017bo\u0142nierze mieli tu pe\u0142ne zaplecze, aby w razie zagro\u017cenia mogli mieszka\u0107 i dowodzi\u0107 operacjami wojskowymi przez kilka tygodni.<\/p>\n<\/div><\/div>\n\n\n\n<div class=\"wp-block-media-text has-media-on-the-right is-stacked-on-mobile is-image-fill-element\"><div class=\"wp-block-media-text__content\">\n<p>Unikalnym pomieszczeniem jest sala z prysznicami dekontaminacyjnymi oraz centrala techniczna, z kt\u00f3rej konserwatorzy nadal steruj\u0105 wentylacj\u0105, instalacj\u0105 elektryczn\u0105 czy stacj\u0105 uzdatniania wody. Zachowa\u0142 si\u0119 r\u00f3wnie\u017c w pe\u0142ni sprawny agregat dieslowski, kt\u00f3ry do dzi\u015b mo\u017ce w razie awarii zasila\u0107 hotel pr\u0105dem.\n\nPrzyk\u0142adow\u0105 sypialni\u0119 z tamtych czas\u00f3w odwiedzaj\u0105cy mog\u0105 zobaczy\u0107 w jednym z pomieszcze\u0144. W obszarze dzisiejszej strzelnicy znajdowa\u0142 si\u0119 niegdy\u015b tunel ewakuacyjny prowadz\u0105cy do planowanego l\u0105dowiska dla helikopter\u00f3w \u2014 w jego miejscu stoj\u0105 dzi\u015b hale z kortami tenisowymi. Nie istnieje ju\u017c r\u00f3wnie\u017c podziemny szpital.<\/p>\n<\/div><figure class=\"wp-block-media-text__media\"><a href=\"https:\/\/harmonyhotel.cz\/wp-content\/uploads\/2024\/06\/Harmony-Hotel-Spindleruv-Mlyn-BUNKR-\u2013-protiatomovy-kryt-5.jpg\"><img loading=\"lazy\" decoding=\"async\" width=\"800\" height=\"550\" src=\"https:\/\/harmonyhotel.cz\/wp-content\/uploads\/2024\/06\/Harmony-Hotel-Spindleruv-Mlyn-BUNKR-\u2013-protiatomovy-kryt-5-800x550.jpg\" alt=\"Harmony Hotel Szpindlerowy M\u0142yn - BUNKR - schron przeciwatomowy 5\" class=\"wp-image-887 size-medium\" style=\"object-position:50% 50%\" srcset=\"https:\/\/harmonyhotel.cz\/wp-content\/uploads\/2024\/06\/Harmony-Hotel-Spindleruv-Mlyn-BUNKR-\u2013-protiatomovy-kryt-5-800x550.jpg 800w, https:\/\/harmonyhotel.cz\/wp-content\/uploads\/2024\/06\/Harmony-Hotel-Spindleruv-Mlyn-BUNKR-\u2013-protiatomovy-kryt-5.jpg 1526w\" sizes=\"auto, (max-width: 800px) 100vw, 800px\" \/><\/a><\/figure><\/div>\n\n\n\n<div class=\"wp-block-media-text is-stacked-on-mobile is-image-fill-element\"><figure class=\"wp-block-media-text__media\"><a href=\"https:\/\/harmonyhotel.cz\/wp-content\/uploads\/2024\/06\/Harmony-Hotel-Spindleruv-Mlyn-BUNKR-\u2013-protiatomovy-kryt-6.jpg\"><img loading=\"lazy\" decoding=\"async\" width=\"800\" height=\"550\" src=\"https:\/\/harmonyhotel.cz\/wp-content\/uploads\/2024\/06\/Harmony-Hotel-Spindleruv-Mlyn-BUNKR-\u2013-protiatomovy-kryt-6-800x550.jpg\" alt=\"Harmony Hotel Szpindlerowy M\u0142yn - BUNKR - schron przeciwatomowy 6\" class=\"wp-image-886 size-medium\" style=\"object-position:50% 50%\" srcset=\"https:\/\/harmonyhotel.cz\/wp-content\/uploads\/2024\/06\/Harmony-Hotel-Spindleruv-Mlyn-BUNKR-\u2013-protiatomovy-kryt-6-800x550.jpg 800w, https:\/\/harmonyhotel.cz\/wp-content\/uploads\/2024\/06\/Harmony-Hotel-Spindleruv-Mlyn-BUNKR-\u2013-protiatomovy-kryt-6.jpg 1526w\" sizes=\"auto, (max-width: 800px) 100vw, 800px\" \/><\/a><\/figure><div class=\"wp-block-media-text__content\">\n<p>Najwi\u0119ksz\u0105 dum\u0105 podziemi jest kino dla dwustu os\u00f3b. Zosta\u0142o ono zaprojektowane z my\u015bl\u0105 o awaryjnych spotkaniach dow\u00f3dztwa. Chocia\u017c zosta\u0142o zbudowane prawie trzydzie\u015bci lat temu, jego wygodnych foteli i wyposa\u017cenia pozazdro\u015bci\u0142by niejeden wsp\u00f3\u0142czesny operator kinowy.<\/p>\n<\/div><\/div>","protected":false},"excerpt":{"rendered":"<p>Harmony Bunker Exposition Historie hotelu je jedn\u00edm z nejutajovan\u011bj\u0161\u00edch projekt\u016f v \u010cesk\u00e9 republice. Nav\u0161tivte na\u0161e Muzeum a vra\u0165te se zp\u011bt do roku 1984&#8230; Otev\u0159eno denn\u011b&nbsp;14.00 \u2013 18.00 V roce 1984 se v prostor\u00e1ch b\u00fdval\u00e9 vojensk\u00e9 cvi\u010dn\u00e9 st\u0159elnice, ve svahu Medv\u011bd\u00edna za\u010dala stav\u011bt unik\u00e1tn\u00ed stavba \u2013 protiatomov\u00fd kryt pro 200 osob, navr\u017een jako \u201epracovi\u0161t\u011b vl\u00e1dy za [&hellip;]<\/p>\n","protected":false},"author":1,"featured_media":750,"parent":19,"menu_order":0,"comment_status":"closed","ping_status":"closed","template":"","meta":{"footnotes":""},"class_list":["post-783","page","type-page","status-publish","has-post-thumbnail","hentry"],"_links":{"self":[{"href":"https:\/\/harmonyhotel.cz\/pl\/wp-json\/wp\/v2\/pages\/783","targetHints":{"allow":["GET"]}}],"collection":[{"href":"https:\/\/harmonyhotel.cz\/pl\/wp-json\/wp\/v2\/pages"}],"about":[{"href":"https:\/\/harmonyhotel.cz\/pl\/wp-json\/wp\/v2\/types\/page"}],"author":[{"embeddable":true,"href":"https:\/\/harmonyhotel.cz\/pl\/wp-json\/wp\/v2\/users\/1"}],"replies":[{"embeddable":true,"href":"https:\/\/harmonyhotel.cz\/pl\/wp-json\/wp\/v2\/comments?post=783"}],"version-history":[{"count":3,"href":"https:\/\/harmonyhotel.cz\/pl\/wp-json\/wp\/v2\/pages\/783\/revisions"}],"predecessor-version":[{"id":1726,"href":"https:\/\/harmonyhotel.cz\/pl\/wp-json\/wp\/v2\/pages\/783\/revisions\/1726"}],"up":[{"embeddable":true,"href":"https:\/\/harmonyhotel.cz\/pl\/wp-json\/wp\/v2\/pages\/19"}],"wp:featuredmedia":[{"embeddable":true,"href":"https:\/\/harmonyhotel.cz\/pl\/wp-json\/wp\/v2\/media\/750"}],"wp:attachment":[{"href":"https:\/\/harmonyhotel.cz\/pl\/wp-json\/wp\/v2\/media?parent=783"}],"curies":[{"name":"wp","href":"https:\/\/api.w.org\/{rel}","templated":true}]}}