{"id":781,"date":"2024-06-13T22:31:51","date_gmt":"2024-06-13T20:31:51","guid":{"rendered":"https:\/\/harmonyhotel.cz\/?page_id=781"},"modified":"2025-06-07T15:14:12","modified_gmt":"2025-06-07T13:14:12","slug":"okolica","status":"publish","type":"page","link":"https:\/\/harmonyhotel.cz\/pl\/aktivity\/okoli\/","title":{"rendered":"Otoczenie"},"content":{"rendered":"<div class=\"wp-block-media-text has-media-on-the-right is-stacked-on-mobile is-image-fill-element\"><div class=\"wp-block-media-text__content\">\n<h2 class=\"wp-block-heading\">Karkonoski Park Narodowy<\/h2>\n\n\n\n<p>Tor saneczkowy, \u017ar\u00f3d\u0142o \u0141aby, \u015anie\u017cka, tor saneczkowy, stoki narciarskie (biegowe i zjazdowe), zapora na \u0141abie<\/p>\n\n\n\n<p>Najcenniejsze rzeczy mo\u017cna znale\u017a\u0107 w Karkonoskim Parku Narodowym ...wi\u0119cej przydatnych informacji na stronie KRNAP.<\/p>\n\n\n\n<div class=\"wp-block-buttons is-layout-flex wp-block-buttons-is-layout-flex\">\n<div class=\"wp-block-button\"><a class=\"wp-block-button__link wp-element-button\" href=\"https:\/\/www.krnap.cz\/\" target=\"_blank\" rel=\"noreferrer noopener\">krnap.cz<\/a><\/div>\n<\/div>\n<\/div><figure class=\"wp-block-media-text__media\"><a href=\"https:\/\/harmonyhotel.cz\/wp-content\/uploads\/2024\/06\/Okoli-Harmony-Hotel-Spindleruv-Mlyn.jpg\"><img loading=\"lazy\" decoding=\"async\" width=\"800\" height=\"533\" src=\"https:\/\/harmonyhotel.cz\/wp-content\/uploads\/2024\/06\/Okoli-Harmony-Hotel-Spindleruv-Mlyn-800x533.jpg\" alt=\"Okolica - Hotel Harmony Szpindlerowy M\u0142yn\" class=\"wp-image-986 size-medium\" style=\"object-position:50% 50%\" srcset=\"https:\/\/harmonyhotel.cz\/wp-content\/uploads\/2024\/06\/Okoli-Harmony-Hotel-Spindleruv-Mlyn-800x533.jpg 800w, https:\/\/harmonyhotel.cz\/wp-content\/uploads\/2024\/06\/Okoli-Harmony-Hotel-Spindleruv-Mlyn.jpg 1600w\" sizes=\"auto, (max-width: 800px) 100vw, 800px\" \/><\/a><\/figure><\/div>\n\n\n\n<div class=\"wp-block-media-text is-stacked-on-mobile is-image-fill-element\"><figure class=\"wp-block-media-text__media\"><a href=\"https:\/\/harmonyhotel.cz\/wp-content\/uploads\/2024\/06\/Bobova-draha-Harmony-Hotel-Spindleruv-Mlyn-6.jpg\"><img loading=\"lazy\" decoding=\"async\" width=\"1080\" height=\"1350\" src=\"https:\/\/harmonyhotel.cz\/wp-content\/uploads\/2024\/06\/Bobova-draha-Harmony-Hotel-Spindleruv-Mlyn-6.jpg\" alt=\"Tor bobslejowy - Harmony Hotel Szpindlerowy M\u0142yn\" class=\"wp-image-987 size-medium\" style=\"object-position:50% 50%\" srcset=\"https:\/\/harmonyhotel.cz\/wp-content\/uploads\/2024\/06\/Bobova-draha-Harmony-Hotel-Spindleruv-Mlyn-6.jpg 1080w, https:\/\/harmonyhotel.cz\/wp-content\/uploads\/2024\/06\/Bobova-draha-Harmony-Hotel-Spindleruv-Mlyn-6-640x800.jpg 640w\" sizes=\"auto, (max-width: 1080px) 100vw, 1080px\" \/><\/a><\/figure><div class=\"wp-block-media-text__content\">\n<h2 class=\"wp-block-heading\">Tor bobslejowy<\/h2>\n\n\n\n<p>Tu\u017c obok hotelu znajduje si\u0119 tor saneczkowy, dla go\u015bci Hotelu Harmony przygotowano bilety w promocyjnej cenie. Istnieje r\u00f3wnie\u017c mo\u017cliwo\u015b\u0107 rezerwacji toru na prywatny u\u017cytek, a dzi\u0119ki systemowi pomiaru czasu mo\u017cna zorganizowa\u0107 zawody.<\/p>\n\n\n\n<div class=\"wp-block-buttons is-layout-flex wp-block-buttons-is-layout-flex\">\n<div class=\"wp-block-button\"><a class=\"wp-block-button__link wp-element-button\" href=\"https:\/\/www.bobovka.cz\/\" target=\"_blank\" rel=\"noreferrer noopener\">bobovka.cz<\/a><\/div>\n<\/div>\n<\/div><\/div>\n\n\n\n<div class=\"wp-block-media-text has-media-on-the-right is-stacked-on-mobile is-image-fill-element\"><div class=\"wp-block-media-text__content\">\n<h2 class=\"wp-block-heading\">Teren narciarski<\/h2>\n\n\n\n<p>Hotel znajduje si\u0119 w pobli\u017cu o\u015brodka narciarskiego Medv\u011bd\u00edn, do kt\u00f3rego mo\u017cna dojecha\u0107 wyci\u0105giem narciarskim, kt\u00f3ry znajduje si\u0119 tu\u017c obok hotelu. Bezpo\u015brednio przed hotelem znajduje si\u0119 przystanek autobusu dla narciarzy z regularnym po\u0142\u0105czeniem do o\u015brodka narciarskiego Sv.Petr.<\/p>\n\n\n\n<div class=\"wp-block-buttons is-layout-flex wp-block-buttons-is-layout-flex\">\n<div class=\"wp-block-button\"><a class=\"wp-block-button__link wp-element-button\" href=\"https:\/\/www.skiareal.cz\/\" target=\"_blank\" rel=\"noreferrer noopener\">skiareal.cz<\/a><\/div>\n<\/div>\n<\/div><figure class=\"wp-block-media-text__media\"><a href=\"https:\/\/harmonyhotel.cz\/wp-content\/uploads\/2024\/06\/Okoli-Harmony-Hotel-Spindleruv-Mlyn-4.jpg\"><img loading=\"lazy\" decoding=\"async\" width=\"800\" height=\"533\" src=\"https:\/\/harmonyhotel.cz\/wp-content\/uploads\/2024\/06\/Okoli-Harmony-Hotel-Spindleruv-Mlyn-4-800x533.jpg\" alt=\"Okolica - Hotel Harmony Szpindlerowy M\u0142yn\" class=\"wp-image-983 size-medium\" style=\"object-position:50% 50%\" srcset=\"https:\/\/harmonyhotel.cz\/wp-content\/uploads\/2024\/06\/Okoli-Harmony-Hotel-Spindleruv-Mlyn-4-800x533.jpg 800w, https:\/\/harmonyhotel.cz\/wp-content\/uploads\/2024\/06\/Okoli-Harmony-Hotel-Spindleruv-Mlyn-4.jpg 1600w\" sizes=\"auto, (max-width: 800px) 100vw, 800px\" \/><\/a><\/figure><\/div>\n\n\n\n<div class=\"wp-block-media-text is-stacked-on-mobile is-image-fill-element\"><figure class=\"wp-block-media-text__media\"><a href=\"https:\/\/harmonyhotel.cz\/wp-content\/uploads\/2024\/06\/Vrchlabi-Harmony-Hotel-Spindleruv-Mlyn-6.jpg\"><img loading=\"lazy\" decoding=\"async\" width=\"800\" height=\"533\" src=\"https:\/\/harmonyhotel.cz\/wp-content\/uploads\/2024\/06\/Vrchlabi-Harmony-Hotel-Spindleruv-Mlyn-6-800x533.jpg\" alt=\"Vrchlab\u00ed - Hotel Harmony Szpindlerowy M\u0142yn 6\" class=\"wp-image-991 size-medium\" style=\"object-position:50% 50%\" srcset=\"https:\/\/harmonyhotel.cz\/wp-content\/uploads\/2024\/06\/Vrchlabi-Harmony-Hotel-Spindleruv-Mlyn-6-800x533.jpg 800w, https:\/\/harmonyhotel.cz\/wp-content\/uploads\/2024\/06\/Vrchlabi-Harmony-Hotel-Spindleruv-Mlyn-6-1600x1067.jpg 1600w, https:\/\/harmonyhotel.cz\/wp-content\/uploads\/2024\/06\/Vrchlabi-Harmony-Hotel-Spindleruv-Mlyn-6.jpg 1920w\" sizes=\"auto, (max-width: 800px) 100vw, 800px\" \/><\/a><\/figure><div class=\"wp-block-media-text__content\">\n<h2 class=\"wp-block-heading\">Vrchlab\u00ed<\/h2>\n\n\n\n<p>Pobliskie miasto Vrchlab\u00ed oferuje mi\u0119dzy innymi zwiedzanie muze\u00f3w i galerii sztuki.<\/p>\n\n\n\n<div class=\"wp-block-buttons is-layout-flex wp-block-buttons-is-layout-flex\">\n<div class=\"wp-block-button\"><a class=\"wp-block-button__link wp-element-button\" href=\"https:\/\/www.muvrchlabi.cz\/\" target=\"_blank\" rel=\"noreferrer noopener\">muvrchlabi.cz<\/a><\/div>\n<\/div>\n<\/div><\/div>\n\n\n\n<div class=\"wp-block-media-text has-media-on-the-right is-stacked-on-mobile is-image-fill-element\"><div class=\"wp-block-media-text__content\">\n<h2 class=\"wp-block-heading\">Turystyka<\/h2>\n\n\n\n<p>Przedstawiamy Pa\u0144stwu kilka propozycji wycieczek w okolicy Hotelu HARMONY \u0160pindler\u016fv Ml\u00fdn.<\/p>\n<\/div><figure class=\"wp-block-media-text__media\"><a href=\"https:\/\/harmonyhotel.cz\/wp-content\/uploads\/2024\/06\/Okoli-Harmony-Hotel-Spindleruv-Mlyn-2.jpg\"><img loading=\"lazy\" decoding=\"async\" width=\"800\" height=\"533\" src=\"https:\/\/harmonyhotel.cz\/wp-content\/uploads\/2024\/06\/Okoli-Harmony-Hotel-Spindleruv-Mlyn-2-800x533.jpg\" alt=\"Okolica - Hotel Harmony Szpindlerowy M\u0142yn\" class=\"wp-image-985 size-medium\" style=\"object-position:50% 50%\" srcset=\"https:\/\/harmonyhotel.cz\/wp-content\/uploads\/2024\/06\/Okoli-Harmony-Hotel-Spindleruv-Mlyn-2-800x533.jpg 800w, https:\/\/harmonyhotel.cz\/wp-content\/uploads\/2024\/06\/Okoli-Harmony-Hotel-Spindleruv-Mlyn-2.jpg 1600w\" sizes=\"auto, (max-width: 800px) 100vw, 800px\" \/><\/a><\/figure><\/div>\n\n\n\n<div class=\"wp-block-media-text is-stacked-on-mobile is-image-fill-element\"><figure class=\"wp-block-media-text__media\"><a href=\"https:\/\/harmonyhotel.cz\/wp-content\/uploads\/2024\/06\/Snezka-Harmony-Hotel-Spindleruv-Mlyn-6.jpg\"><img loading=\"lazy\" decoding=\"async\" width=\"800\" height=\"533\" src=\"https:\/\/harmonyhotel.cz\/wp-content\/uploads\/2024\/06\/Snezka-Harmony-Hotel-Spindleruv-Mlyn-6-800x533.jpg\" alt=\"\u015anie\u017cka - Harmony Hotel Szpindlerowy M\u0142yn 6\" class=\"wp-image-992 size-medium\" style=\"object-position:50% 50%\" srcset=\"https:\/\/harmonyhotel.cz\/wp-content\/uploads\/2024\/06\/Snezka-Harmony-Hotel-Spindleruv-Mlyn-6-800x533.jpg 800w, https:\/\/harmonyhotel.cz\/wp-content\/uploads\/2024\/06\/Snezka-Harmony-Hotel-Spindleruv-Mlyn-6-1600x1067.jpg 1600w, https:\/\/harmonyhotel.cz\/wp-content\/uploads\/2024\/06\/Snezka-Harmony-Hotel-Spindleruv-Mlyn-6.jpg 1920w\" sizes=\"auto, (max-width: 800px) 100vw, 800px\" \/><\/a><\/figure><div class=\"wp-block-media-text__content\">\n<h2 class=\"wp-block-heading\">\u015anie\u017cka<\/h2>\n\n\n\n<p><strong>30 km<\/strong><\/p>\n\n\n\n<p>Hotel Harmony (0 km) \u2013 \u0160pindler\u016fv Ml\u00fdn (1 km) \u2013 Autobus \u0160pindler\u016fv Ml\u00fdn \u2013 \u0160pindlerova bouda (autobus odje\u017cd\u017ca mniej wi\u0119cej co godzin\u0119 o wp\u00f3\u0142 do) \u2013 \u0160pindlerova bouda (10 km) \u2013 Szlak \u201eCzesko-polskiego przyja\u017ani\u201d \u2013 Poledn\u00ed k\u00e1men (13,5 km) \u2013 Pod \u015anie\u017ck\u0105 (18 km) \u2013 \u015anie\u017cka (18,7 km) \u2013 Pod \u015anie\u017ck\u0105 (19,4 km) \u2013 Lu\u010dn\u00ed bouda (22 km) \u2013 Rennerova bouda (23,5 km) \u2013 Koz\u00ed h\u0159bety (24 km) \u2013 Hotel Harmony<\/p>\n<\/div><\/div>\n\n\n\n<div class=\"wp-block-media-text has-media-on-the-right is-stacked-on-mobile is-image-fill-element\"><div class=\"wp-block-media-text__content\">\n<h2 class=\"wp-block-heading\">Do pomnika upami\u0119tniaj\u0105cego ofiary g\u00f3r<\/h2>\n\n\n\n<p><strong>22 km<\/strong><\/p>\n\n\n\n<p>Hotel Harmony (0 km) \u2013 O\u015brodek narciarski Svat\u00fd Petr (2 km) \u2013 kolejka linowa Pl\u00e1n\u011b (4 km) \u2013 Schronisko Na Pl\u00e1ni (5 km) \u2013 Kl\u00ednov\u00e9 boudy (8,5 km) \u2013 Chata Na rozcest\u00ed (9,5 km) \u2013 V\u00fdrovka (10,5 km) \u2013 Pomnik ofiar g\u00f3r (12,3 km) \u2013 Schronisko Lu\u010dn\u00ed bouda (13,2 km) \u2013 Schronisko U B\u00edl\u00e9ho Labe (17 km) \u2013 D\u00edv\u010d\u00ed l\u00e1vky (20,5 km) \u2013 Hotel Harmony<\/p>\n<\/div><figure class=\"wp-block-media-text__media\"><a href=\"https:\/\/harmonyhotel.cz\/wp-content\/uploads\/2024\/06\/K-pamatniku-obetem-hor-Harmony-Hotel-Spindleruv-Mlyn-6.jpg\"><img loading=\"lazy\" decoding=\"async\" width=\"800\" height=\"533\" src=\"https:\/\/harmonyhotel.cz\/wp-content\/uploads\/2024\/06\/K-pamatniku-obetem-hor-Harmony-Hotel-Spindleruv-Mlyn-6-800x533.jpg\" alt=\"Do pomnika ofiar g\u00f3r \u2013 Harmony Hotel Szpindlerowy M\u0142yn 6\" class=\"wp-image-995 size-medium\" style=\"object-position:50% 50%\" srcset=\"https:\/\/harmonyhotel.cz\/wp-content\/uploads\/2024\/06\/K-pamatniku-obetem-hor-Harmony-Hotel-Spindleruv-Mlyn-6-800x533.jpg 800w, https:\/\/harmonyhotel.cz\/wp-content\/uploads\/2024\/06\/K-pamatniku-obetem-hor-Harmony-Hotel-Spindleruv-Mlyn-6-1600x1067.jpg 1600w, https:\/\/harmonyhotel.cz\/wp-content\/uploads\/2024\/06\/K-pamatniku-obetem-hor-Harmony-Hotel-Spindleruv-Mlyn-6.jpg 1920w\" sizes=\"auto, (max-width: 800px) 100vw, 800px\" \/><\/a><\/figure><\/div>\n\n\n\n<div class=\"wp-block-media-text is-stacked-on-mobile is-image-fill-element\"><figure class=\"wp-block-media-text__media\"><a href=\"https:\/\/harmonyhotel.cz\/wp-content\/uploads\/2024\/06\/Pramen-Labe-Harmony-Hotel-Spindleruv-Mlyn-6.jpg\"><img loading=\"lazy\" decoding=\"async\" width=\"800\" height=\"533\" src=\"https:\/\/harmonyhotel.cz\/wp-content\/uploads\/2024\/06\/Pramen-Labe-Harmony-Hotel-Spindleruv-Mlyn-6-800x533.jpg\" alt=\"\u0179r\u00f3dlana \u0141aba - Hotel Harmony Szpindlerowy M\u0142yn 6\" class=\"wp-image-993 size-medium\" style=\"object-position:50% 50%\" srcset=\"https:\/\/harmonyhotel.cz\/wp-content\/uploads\/2024\/06\/Pramen-Labe-Harmony-Hotel-Spindleruv-Mlyn-6-800x533.jpg 800w, https:\/\/harmonyhotel.cz\/wp-content\/uploads\/2024\/06\/Pramen-Labe-Harmony-Hotel-Spindleruv-Mlyn-6-1600x1067.jpg 1600w, https:\/\/harmonyhotel.cz\/wp-content\/uploads\/2024\/06\/Pramen-Labe-Harmony-Hotel-Spindleruv-Mlyn-6.jpg 1920w\" sizes=\"auto, (max-width: 800px) 100vw, 800px\" \/><\/a><\/figure><div class=\"wp-block-media-text__content\">\n<h2 class=\"wp-block-heading\">\u0179r\u00f3d\u0142o \u0141aby<\/h2>\n\n\n\n<p><strong>20 km<\/strong><\/p>\n\n\n\n<p>Hotel Harmony (0 km) \u2013 kolejka linowa Medv\u011bd\u00edn (0,5 km) \u2013 Medv\u011bd\u00edn (2,5 km) \u2013 Punkt widokowy \u0160m\u00eddova vyhl\u00eddka (3,5 km) \u2013 Schronisko Vrbatova bouda (5,5 km) \u2013 Kopiec Han\u010da i Vrbaty (5,7 km) \u2013 Wodospad Pan\u010davy (6,7 km) \u2013 Schronisko Labsk\u00e1 bouda (7,7 km) \u2013 \u0179r\u00f3d\u0142o \u0141aby (8,7 km) \u2013 \u015anie\u017cne Kot\u0142y (10,7 km) \u2013 Prze\u0142\u0119cz nad Martinovk\u0105 (12,5 km) \u2013 M\u0119skie Kamienie (13,2 km) \u2013 Kobiecie Kamienie (13,9 km) \u2013 Petrovka (14,9 km) \u2013 Schronisko Moravsk\u00e1 bouda (15,5 km) \u2013 Schronisko Davidovy boudy (17 km) \u2013 Przy Damskim Mo\u015bcie (18,5 km) \u2013 Hotel Harmony<\/p>\n<\/div><\/div>\n\n\n\n<div class=\"wp-block-media-text has-media-on-the-right is-stacked-on-mobile is-image-fill-element\"><div class=\"wp-block-media-text__content\">\n<h2 class=\"wp-block-heading\">Dvora\u010dky - Kocio\u0142<\/h2>\n\n\n\n<p><strong>17 km<\/strong><\/p>\n\n\n\n<p>Hotel Harmony (0 km) \u2013 kolejka linowa Medv\u011bd\u00edn (0,5 km) \u2013 Medv\u011bd\u00edn (2,5 km) \u2013 skr\u0119t na Kotl (4,5 km) \u2013 Schronisko u Kotla \u2013 Kotlowa Dolina \u2013 Schronisko Dvora\u010dky (8 km) \u2013 Prze\u0142\u0119cz pod Lys\u0105 hor\u0105 (9,2 km) \u2013 Ogr\u00f3dek R\u00f3\u017cany (R\u016f\u017een\u010dina zahr\u00e1dka) (10 km) \u2013 Harrachowe Ska\u0142y (Harrachovy kameny) (10,8 km) \u2013 dawne schroniska Jest\u0159ab\u00ed boudy (11,6 km) \u2013 Horn\u00ed M\u00edse\u010dky (14,5 km) \u2013 Szpindlerowy M\u0142yn (wzd\u0142u\u017c wodoci\u0105gu) \u2013 Hotel Harmony<\/p>\n<\/div><figure class=\"wp-block-media-text__media\"><a href=\"https:\/\/harmonyhotel.cz\/wp-content\/uploads\/2024\/06\/Dvoracky-\u2013-Kotel-Harmony-Hotel-Spindleruv-Mlyn-6.jpg\"><img loading=\"lazy\" decoding=\"async\" width=\"800\" height=\"533\" src=\"https:\/\/harmonyhotel.cz\/wp-content\/uploads\/2024\/06\/Dvoracky-\u2013-Kotel-Harmony-Hotel-Spindleruv-Mlyn-6-800x533.jpg\" alt=\"Dvora\u010dky - Kotel - Harmony Hotel Szpindlerowy M\u0142yn 6\" class=\"wp-image-994 size-medium\" style=\"object-position:50% 50%\" srcset=\"https:\/\/harmonyhotel.cz\/wp-content\/uploads\/2024\/06\/Dvoracky-\u2013-Kotel-Harmony-Hotel-Spindleruv-Mlyn-6-800x533.jpg 800w, https:\/\/harmonyhotel.cz\/wp-content\/uploads\/2024\/06\/Dvoracky-\u2013-Kotel-Harmony-Hotel-Spindleruv-Mlyn-6-1600x1067.jpg 1600w, https:\/\/harmonyhotel.cz\/wp-content\/uploads\/2024\/06\/Dvoracky-\u2013-Kotel-Harmony-Hotel-Spindleruv-Mlyn-6.jpg 1920w\" sizes=\"auto, (max-width: 800px) 100vw, 800px\" \/><\/a><\/figure><\/div>","protected":false},"excerpt":{"rendered":"<p>Turistika Zde V\u00e1m p\u0159in\u00e1\u0161\u00edme n\u011bkolik tip\u016f na v\u00fdlet od Hotelu HARMONY \u0160pindler\u016fv Ml\u00fdn. Sn\u011b\u017eka 30 km Harmony Hotel (0 km) \u2013 \u0160pindler\u016fv Ml\u00fdn (1 km) \u2013 Bus \u0160pindler\u016fv Ml\u00fdn \u2013 \u0160pindlerova bouda (autobus jede cca ka\u017edou hodinu v p\u016fl) \u2013 \u0160pindlerova bouda (10 km) \u2013 Cesta \u201e\u010cesko-polsk\u00e9ho p\u0159\u00e1telstv\u00ed\u201c \u2013 Poledn\u00ed k\u00e1men (13,5 km) \u2013 Pod [&hellip;]<\/p>\n","protected":false},"author":1,"featured_media":751,"parent":19,"menu_order":0,"comment_status":"closed","ping_status":"closed","template":"","meta":{"footnotes":""},"class_list":["post-781","page","type-page","status-publish","has-post-thumbnail","hentry"],"_links":{"self":[{"href":"https:\/\/harmonyhotel.cz\/pl\/wp-json\/wp\/v2\/pages\/781","targetHints":{"allow":["GET"]}}],"collection":[{"href":"https:\/\/harmonyhotel.cz\/pl\/wp-json\/wp\/v2\/pages"}],"about":[{"href":"https:\/\/harmonyhotel.cz\/pl\/wp-json\/wp\/v2\/types\/page"}],"author":[{"embeddable":true,"href":"https:\/\/harmonyhotel.cz\/pl\/wp-json\/wp\/v2\/users\/1"}],"replies":[{"embeddable":true,"href":"https:\/\/harmonyhotel.cz\/pl\/wp-json\/wp\/v2\/comments?post=781"}],"version-history":[{"count":1,"href":"https:\/\/harmonyhotel.cz\/pl\/wp-json\/wp\/v2\/pages\/781\/revisions"}],"predecessor-version":[{"id":1710,"href":"https:\/\/harmonyhotel.cz\/pl\/wp-json\/wp\/v2\/pages\/781\/revisions\/1710"}],"up":[{"embeddable":true,"href":"https:\/\/harmonyhotel.cz\/pl\/wp-json\/wp\/v2\/pages\/19"}],"wp:featuredmedia":[{"embeddable":true,"href":"https:\/\/harmonyhotel.cz\/pl\/wp-json\/wp\/v2\/media\/751"}],"wp:attachment":[{"href":"https:\/\/harmonyhotel.cz\/pl\/wp-json\/wp\/v2\/media?parent=781"}],"curies":[{"name":"wp","href":"https:\/\/api.w.org\/{rel}","templated":true}]}}