{"id":779,"date":"2024-06-13T22:31:28","date_gmt":"2024-06-13T20:31:28","guid":{"rendered":"https:\/\/harmonyhotel.cz\/?page_id=779"},"modified":"2024-06-14T01:43:55","modified_gmt":"2024-06-13T23:43:55","slug":"szpindlerowy-mlyn","status":"publish","type":"page","link":"https:\/\/harmonyhotel.cz\/pl\/aktivity\/spindleruv-mlyn\/","title":{"rendered":"Szpindlerowy M\u0142yn"},"content":{"rendered":"<div class=\"wp-block-media-text has-media-on-the-right is-stacked-on-mobile is-image-fill\"><div class=\"wp-block-media-text__content\">\n<p><strong>Szpindlerowy M\u0142yn<\/strong> to wa\u017cny o\u015brodek turystyczny w Karkonoszach.<\/p>\n\n\n\n<p>Malownicze centrum z turystyczn\u0105 atmosfer\u0105, wa\u017cny o\u015brodek sport\u00f3w zimowych i letnich. Miasto Szpindlerowy M\u0142yn ma oko\u0142o 1400 mieszka\u0144c\u00f3w i powierzchni\u0119 7690,91 ha. W j\u0119zyku niemieckim miasto nosi\u0142o nazw\u0119 Spindlerm\u00fchle.<\/p>\n<\/div><figure class=\"wp-block-media-text__media\" style=\"background-image:url(https:\/\/harmonyhotel.cz\/wp-content\/uploads\/2024\/06\/Harmony-Hotel-Spindleruv-Mlyn-Spindleruv-Mlyn-1-800x533.jpg);background-position:50% 50%\"><a href=\"https:\/\/harmonyhotel.cz\/wp-content\/uploads\/2024\/06\/Harmony-Hotel-Spindleruv-Mlyn-Spindleruv-Mlyn-1.jpg\"><img loading=\"lazy\" decoding=\"async\" width=\"800\" height=\"533\" src=\"https:\/\/harmonyhotel.cz\/wp-content\/uploads\/2024\/06\/Harmony-Hotel-Spindleruv-Mlyn-Spindleruv-Mlyn-1-800x533.jpg\" alt=\"Harmony Hotel Szpindlerowy M\u0142yn - Szpindlerowy M\u0142yn 1\" class=\"wp-image-883 size-medium\" srcset=\"https:\/\/harmonyhotel.cz\/wp-content\/uploads\/2024\/06\/Harmony-Hotel-Spindleruv-Mlyn-Spindleruv-Mlyn-1-800x533.jpg 800w, https:\/\/harmonyhotel.cz\/wp-content\/uploads\/2024\/06\/Harmony-Hotel-Spindleruv-Mlyn-Spindleruv-Mlyn-1.jpg 1600w\" sizes=\"auto, (max-width: 800px) 100vw, 800px\" \/><\/a><\/figure><\/div>\n\n\n\n<div class=\"wp-block-media-text is-stacked-on-mobile is-image-fill\"><figure class=\"wp-block-media-text__media\" style=\"background-image:url(https:\/\/harmonyhotel.cz\/wp-content\/uploads\/2024\/06\/Harmony-Hotel-Spindleruv-Mlyn-Spindleruv-Mlyn-2-800x533.jpg);background-position:50% 50%\"><a href=\"https:\/\/harmonyhotel.cz\/wp-content\/uploads\/2024\/06\/Harmony-Hotel-Spindleruv-Mlyn-Spindleruv-Mlyn-2.jpg\"><img loading=\"lazy\" decoding=\"async\" width=\"800\" height=\"533\" src=\"https:\/\/harmonyhotel.cz\/wp-content\/uploads\/2024\/06\/Harmony-Hotel-Spindleruv-Mlyn-Spindleruv-Mlyn-2-800x533.jpg\" alt=\"Harmony Hotel Szpindlerowy M\u0142yn - Szpindlerowy M\u0142yn 2\" class=\"wp-image-882 size-medium\" srcset=\"https:\/\/harmonyhotel.cz\/wp-content\/uploads\/2024\/06\/Harmony-Hotel-Spindleruv-Mlyn-Spindleruv-Mlyn-2-800x533.jpg 800w, https:\/\/harmonyhotel.cz\/wp-content\/uploads\/2024\/06\/Harmony-Hotel-Spindleruv-Mlyn-Spindleruv-Mlyn-2.jpg 1600w\" sizes=\"auto, (max-width: 800px) 100vw, 800px\" \/><\/a><\/figure><div class=\"wp-block-media-text__content\">\n<p>\u0160pindler\u016fv Ml\u00fdn znajduje si\u0119 na wysoko\u015bci 575 - 1555 m n.p.m. w Karkonoszach. Najwy\u017cszym punktem miejscowo\u015bci jest Lu\u010dn\u00ed hora - druga najwy\u017csza g\u00f3ra w Republice Czeskiej. Le\u017cy u zbiegu rzeki \u0141aby i Dolskiego Potoku.<\/p>\n<\/div><\/div>\n\n\n\n<div class=\"wp-block-media-text has-media-on-the-right is-stacked-on-mobile is-image-fill\"><div class=\"wp-block-media-text__content\">\n<p>Miasto jest jednym z najbardziej znanych i najcz\u0119\u015bciej odwiedzanych o\u015brodk\u00f3w sport\u00f3w zimowych w Czechach. Pojemno\u015b\u0107 \u0142\u00f3\u017cek wynosi oko\u0142o 20 tysi\u0119cy. Szpindlerowy M\u0142yn ma idealne warunki do uprawiania sport\u00f3w zimowych. Trasy narciarskie i biegowe s\u0105 otwarte do 5 miesi\u0119cy w roku. Profesjonalnie przygotowane trasy zjazdowe o r\u00f3\u017cnym stopniu trudno\u015bci maj\u0105 \u0142\u0105czn\u0105 d\u0142ugo\u015b\u0107 25 km. \u0141\u0105cznie 14 wyci\u0105g\u00f3w zapewnia przepustowo\u015b\u0107 20 000 narciarzy na godzin\u0119. Z jednym karnetem narciarskim mo\u017cna je\u017adzi\u0107 na ponad 25 km przygotowanych tras zjazdowych w 4 r\u00f3\u017cnych o\u015brodkach narciarskich (Svat\u00fd Petr, Medv\u011bd\u00edn, Horn\u00ed M\u00edse\u010dky, Labsk\u00e1). Wi\u0119kszo\u015b\u0107 tras zjazdowych jest sztucznie na\u015bnie\u017cana w przypadku ni\u017cszej pokrywy \u015bnie\u017cnej.<\/p>\n<\/div><figure class=\"wp-block-media-text__media\" style=\"background-image:url(https:\/\/harmonyhotel.cz\/wp-content\/uploads\/2024\/06\/Harmony-Hotel-Spindleruv-Mlyn-Spindleruv-Mlyn-3-800x533.jpg);background-position:50% 50%\"><a href=\"https:\/\/harmonyhotel.cz\/wp-content\/uploads\/2024\/06\/Harmony-Hotel-Spindleruv-Mlyn-Spindleruv-Mlyn-3.jpg\"><img loading=\"lazy\" decoding=\"async\" width=\"800\" height=\"533\" src=\"https:\/\/harmonyhotel.cz\/wp-content\/uploads\/2024\/06\/Harmony-Hotel-Spindleruv-Mlyn-Spindleruv-Mlyn-3-800x533.jpg\" alt=\"Harmony Hotel Szpindlerowy M\u0142yn - Szpindlerowy M\u0142yn 3\" class=\"wp-image-881 size-medium\" srcset=\"https:\/\/harmonyhotel.cz\/wp-content\/uploads\/2024\/06\/Harmony-Hotel-Spindleruv-Mlyn-Spindleruv-Mlyn-3-800x533.jpg 800w, https:\/\/harmonyhotel.cz\/wp-content\/uploads\/2024\/06\/Harmony-Hotel-Spindleruv-Mlyn-Spindleruv-Mlyn-3.jpg 1600w\" sizes=\"auto, (max-width: 800px) 100vw, 800px\" \/><\/a><\/figure><\/div>\n\n\n\n<div class=\"wp-block-media-text is-stacked-on-mobile is-image-fill\"><figure class=\"wp-block-media-text__media\" style=\"background-image:url(https:\/\/harmonyhotel.cz\/wp-content\/uploads\/2024\/06\/Harmony-Hotel-Spindleruv-Mlyn-Spindleruv-Mlyn-4-800x533.jpg);background-position:50% 50%\"><a href=\"https:\/\/harmonyhotel.cz\/wp-content\/uploads\/2024\/06\/Harmony-Hotel-Spindleruv-Mlyn-Spindleruv-Mlyn-4.jpg\"><img loading=\"lazy\" decoding=\"async\" width=\"800\" height=\"533\" src=\"https:\/\/harmonyhotel.cz\/wp-content\/uploads\/2024\/06\/Harmony-Hotel-Spindleruv-Mlyn-Spindleruv-Mlyn-4-800x533.jpg\" alt=\"Harmony Hotel Szpindlerowy M\u0142yn - Szpindlerowy M\u0142yn 4\" class=\"wp-image-880 size-medium\" srcset=\"https:\/\/harmonyhotel.cz\/wp-content\/uploads\/2024\/06\/Harmony-Hotel-Spindleruv-Mlyn-Spindleruv-Mlyn-4-800x533.jpg 800w, https:\/\/harmonyhotel.cz\/wp-content\/uploads\/2024\/06\/Harmony-Hotel-Spindleruv-Mlyn-Spindleruv-Mlyn-4.jpg 1600w\" sizes=\"auto, (max-width: 800px) 100vw, 800px\" \/><\/a><\/figure><div class=\"wp-block-media-text__content\">\n<p>Szpindlerowy M\u0142yn oferuje wiele atrakcji nawet w sezonie letnim. W miesi\u0105cach letnich panuj\u0105 tu idealne warunki do uprawiania turystyki pieszej i kolarstwa g\u00f3rskiego.<\/p>\n\n\n\n<p>Pe\u0142ne informacje mo\u017cna znale\u017a\u0107 na oficjalnej stronie internetowej miasta Szpindlerowy M\u0142yn<\/p>\n\n\n\n<div class=\"wp-block-buttons is-layout-flex wp-block-buttons-is-layout-flex\">\n<div class=\"wp-block-button\"><a class=\"wp-block-button__link wp-element-button\" href=\"https:\/\/www.mestospindleruvmlyn.cz\/cs\/\" target=\"_blank\" rel=\"noreferrer noopener\">WWW.MESTOSPINDLERUVMLYN.CZ<\/a><\/div>\n<\/div>\n<\/div><\/div>","protected":false},"excerpt":{"rendered":"<p>\u0160pindler\u016fv Ml\u00fdn je v\u00fdznamn\u00e9 turistick\u00e9 st\u0159edisko v Krkono\u0161\u00edch. Malebn\u00e9 centrum s turistickou atmosf\u00e9rou, v\u00fdznamn\u00e9 st\u0159edisko zimn\u00edch i letn\u00edch sport\u016f. M\u011bsto \u0160pindler\u016fv Ml\u00fdn m\u00e1 p\u0159ibli\u017en\u011b 1400 obyvatel a rozlohu 7690,91 ha. V n\u011bm\u010dine se m\u011bsto d\u0159\u00edve naz\u00fdvalo Spindlerm\u00fchle. \u0160pindler\u016fv Ml\u00fdn le\u017e\u00ed v nadmo\u0159sk\u00e9 v\u00fd\u0161ce 575 \u2013 1555 m v Krkono\u0161\u00edch . Nejvy\u0161\u0161\u00edm bodem obce je Lu\u010dn\u00ed [&hellip;]<\/p>\n","protected":false},"author":1,"featured_media":741,"parent":19,"menu_order":0,"comment_status":"closed","ping_status":"closed","template":"","meta":{"footnotes":""},"class_list":["post-779","page","type-page","status-publish","has-post-thumbnail","hentry"],"_links":{"self":[{"href":"https:\/\/harmonyhotel.cz\/pl\/wp-json\/wp\/v2\/pages\/779","targetHints":{"allow":["GET"]}}],"collection":[{"href":"https:\/\/harmonyhotel.cz\/pl\/wp-json\/wp\/v2\/pages"}],"about":[{"href":"https:\/\/harmonyhotel.cz\/pl\/wp-json\/wp\/v2\/types\/page"}],"author":[{"embeddable":true,"href":"https:\/\/harmonyhotel.cz\/pl\/wp-json\/wp\/v2\/users\/1"}],"replies":[{"embeddable":true,"href":"https:\/\/harmonyhotel.cz\/pl\/wp-json\/wp\/v2\/comments?post=779"}],"version-history":[{"count":0,"href":"https:\/\/harmonyhotel.cz\/pl\/wp-json\/wp\/v2\/pages\/779\/revisions"}],"up":[{"embeddable":true,"href":"https:\/\/harmonyhotel.cz\/pl\/wp-json\/wp\/v2\/pages\/19"}],"wp:featuredmedia":[{"embeddable":true,"href":"https:\/\/harmonyhotel.cz\/pl\/wp-json\/wp\/v2\/media\/741"}],"wp:attachment":[{"href":"https:\/\/harmonyhotel.cz\/pl\/wp-json\/wp\/v2\/media?parent=779"}],"curies":[{"name":"wp","href":"https:\/\/api.w.org\/{rel}","templated":true}]}}