{"id":776,"date":"2024-06-13T22:31:09","date_gmt":"2024-06-13T20:31:09","guid":{"rendered":"https:\/\/harmonyhotel.cz\/?page_id=776"},"modified":"2026-02-18T16:33:29","modified_gmt":"2026-02-18T15:33:29","slug":"zima","status":"publish","type":"page","link":"https:\/\/harmonyhotel.cz\/pl\/aktivity\/zima\/","title":{"rendered":"Zima"},"content":{"rendered":"<div class=\"wp-block-media-text has-media-on-the-right is-stacked-on-mobile is-image-fill-element\"><div class=\"wp-block-media-text__content\">\n<h2 class=\"wp-block-heading\">Ferie zimowe<\/h2>\n\n\n\n<p>Hotel bezpo\u015brednio przy stoku narciarskim, dogodny dost\u0119p do stoku, nowoczesna przechowalnia i wypo\u017cyczalnia sprz\u0119tu narciarskiego na miejscu. Po nartach mo\u017cna zrelaksowa\u0107 si\u0119 w strefie wellness i na\u0142adowa\u0107 energi\u0119 dobrym posi\u0142kiem i posiedzeniem z przyjaci\u00f3\u0142mi.<\/p>\n<\/div><figure class=\"wp-block-media-text__media\"><a href=\"https:\/\/harmonyhotel.cz\/wp-content\/uploads\/2024\/06\/Zimni-dovolena-Harmony-Hotel-Spindleruv-Mlyn.jpg\"><img loading=\"lazy\" decoding=\"async\" width=\"800\" height=\"533\" src=\"https:\/\/harmonyhotel.cz\/wp-content\/uploads\/2024\/06\/Zimni-dovolena-Harmony-Hotel-Spindleruv-Mlyn-800x533.jpg\" alt=\"Urlop zimowy - Harmony Hotel Szpindlerowy M\u0142yn\" class=\"wp-image-978 size-medium\" style=\"object-position:50% 50%\" srcset=\"https:\/\/harmonyhotel.cz\/wp-content\/uploads\/2024\/06\/Zimni-dovolena-Harmony-Hotel-Spindleruv-Mlyn-800x533.jpg 800w, https:\/\/harmonyhotel.cz\/wp-content\/uploads\/2024\/06\/Zimni-dovolena-Harmony-Hotel-Spindleruv-Mlyn-1600x1067.jpg 1600w, https:\/\/harmonyhotel.cz\/wp-content\/uploads\/2024\/06\/Zimni-dovolena-Harmony-Hotel-Spindleruv-Mlyn.jpg 1620w\" sizes=\"auto, (max-width: 800px) 100vw, 800px\" \/><\/a><\/figure><\/div>\n\n\n\n<div class=\"wp-block-media-text is-stacked-on-mobile is-image-fill-element\"><figure class=\"wp-block-media-text__media\"><a href=\"https:\/\/harmonyhotel.cz\/wp-content\/uploads\/2024\/06\/Lyzovani-a-zimni-sporty-Harmony-Hotel-Spindleruv-Mlyn.jpg\"><img loading=\"lazy\" decoding=\"async\" width=\"800\" height=\"533\" src=\"https:\/\/harmonyhotel.cz\/wp-content\/uploads\/2024\/06\/Lyzovani-a-zimni-sporty-Harmony-Hotel-Spindleruv-Mlyn-800x533.jpg\" alt=\"Narciarstwo i sporty zimowe - Harmony Hotel Szpindlerowy M\u0142yn\" class=\"wp-image-977 size-medium\" style=\"object-position:50% 50%\" srcset=\"https:\/\/harmonyhotel.cz\/wp-content\/uploads\/2024\/06\/Lyzovani-a-zimni-sporty-Harmony-Hotel-Spindleruv-Mlyn-800x533.jpg 800w, https:\/\/harmonyhotel.cz\/wp-content\/uploads\/2024\/06\/Lyzovani-a-zimni-sporty-Harmony-Hotel-Spindleruv-Mlyn-1600x1067.jpg 1600w, https:\/\/harmonyhotel.cz\/wp-content\/uploads\/2024\/06\/Lyzovani-a-zimni-sporty-Harmony-Hotel-Spindleruv-Mlyn.jpg 1620w\" sizes=\"auto, (max-width: 800px) 100vw, 800px\" \/><\/a><\/figure><div class=\"wp-block-media-text__content\">\n<h2 class=\"wp-block-heading\">Narciarstwo i sporty zimowe<\/h2>\n\n\n\n<p>Harmony Hotel **** ma wyj\u0105tkow\u0105 lokalizacj\u0119 w Karkonoszach.<\/p>\n\n\n\n<p>Po\u0142o\u017cony jest u podn\u00f3\u017ca o\u015brodka narciarskiego Medv\u011bd\u00edn w Szpindlerowym M\u0142ynie, a na nartach mo\u017cna dojecha\u0107 praktycznie pod sam hotel.<\/p>\n<\/div><\/div>\n\n\n\n<div class=\"wp-block-media-text has-media-on-the-right is-stacked-on-mobile is-image-fill-element\"><div class=\"wp-block-media-text__content\">\n<h2 class=\"wp-block-heading\">Winda hotelowa<\/h2>\n\n\n\n<p>W sezonie zimowym dost\u0119pny jest wyci\u0105g narciarski z niewielkim stokiem narciarskim przeznaczonym g\u0142\u00f3wnie dla pocz\u0105tkuj\u0105cych.<\/p>\n\n\n\n<p>Ta kolejka przy hotelu jest ca\u0142kowicie bezp\u0142atna dla dzieci do 6 lat.<\/p>\n\n\n\n<p>Dzi\u0119ki wyci\u0105gowi dojazdowemu w ci\u0105gu 5 minut dotr\u0105 Pa\u0144stwo na g\u0142\u00f3wn\u0105 niebiesk\u0105 tras\u0119 o\u015brodka narciarskiego Medv\u011bd\u00edn.<\/p>\n\n\n\n<div class=\"wp-block-buttons is-layout-flex wp-block-buttons-is-layout-flex\">\n<div class=\"wp-block-button\"><a class=\"wp-block-button__link wp-element-button\" href=\"https:\/\/harmonyhotel.cz\/pl\/dzialania\/magiczny-dywan-dla-dzieci\/\">Wi\u0119cej informacji o windzie<\/a><\/div>\n<\/div>\n<\/div><figure class=\"wp-block-media-text__media\"><a href=\"https:\/\/harmonyhotel.cz\/wp-content\/uploads\/2026\/02\/260106_0521-Panorama-scaled.jpg\"><img loading=\"lazy\" decoding=\"async\" width=\"1600\" height=\"769\" src=\"https:\/\/harmonyhotel.cz\/wp-content\/uploads\/2026\/02\/260106_0521-Panorama-1600x769.jpg\" alt=\"\" class=\"wp-image-2327 size-medium\" style=\"object-position:50% 50%\" srcset=\"https:\/\/harmonyhotel.cz\/wp-content\/uploads\/2026\/02\/260106_0521-Panorama-1600x769.jpg 1600w, https:\/\/harmonyhotel.cz\/wp-content\/uploads\/2026\/02\/260106_0521-Panorama-800x384.jpg 800w, https:\/\/harmonyhotel.cz\/wp-content\/uploads\/2026\/02\/260106_0521-Panorama-18x9.jpg 18w\" sizes=\"auto, (max-width: 1600px) 100vw, 1600px\" \/><\/a><\/figure><\/div>\n\n\n\n<div class=\"wp-block-media-text is-stacked-on-mobile is-image-fill-element\"><figure class=\"wp-block-media-text__media\"><a href=\"https:\/\/harmonyhotel.cz\/wp-content\/uploads\/2024\/06\/Skiareal-Harmony-Hotel-Spindleruv-Mlyn.jpg\"><img loading=\"lazy\" decoding=\"async\" width=\"800\" height=\"533\" src=\"https:\/\/harmonyhotel.cz\/wp-content\/uploads\/2024\/06\/Skiareal-Harmony-Hotel-Spindleruv-Mlyn-800x533.jpg\" alt=\"O\u015brodek narciarski - Harmony Hotel Szpindlerowy M\u0142yn\" class=\"wp-image-975 size-medium\" style=\"object-position:50% 50%\" srcset=\"https:\/\/harmonyhotel.cz\/wp-content\/uploads\/2024\/06\/Skiareal-Harmony-Hotel-Spindleruv-Mlyn-800x533.jpg 800w, https:\/\/harmonyhotel.cz\/wp-content\/uploads\/2024\/06\/Skiareal-Harmony-Hotel-Spindleruv-Mlyn-1600x1067.jpg 1600w, https:\/\/harmonyhotel.cz\/wp-content\/uploads\/2024\/06\/Skiareal-Harmony-Hotel-Spindleruv-Mlyn.jpg 1620w\" sizes=\"auto, (max-width: 800px) 100vw, 800px\" \/><\/a><\/figure><div class=\"wp-block-media-text__content\">\n<h2 class=\"wp-block-heading\">O\u015brodek narciarski<\/h2>\n\n\n\n<p>Karnet, kt\u00f3ry jest wa\u017cny w ca\u0142ym o\u015brodku \u0160pindler\u016fv Ml\u00fdn, mo\u017ce by\u0107 r\u00f3wnie\u017c u\u017cywany na naszym wyci\u0105gu lub mo\u017cna kupi\u0107 tylko lokalne bilety - ceny s\u0105 na stronie internetowej o\u015brodka narciarskiego.<\/p>\n\n\n\n<div class=\"wp-block-buttons is-layout-flex wp-block-buttons-is-layout-flex\">\n<div class=\"wp-block-button\"><a class=\"wp-block-button__link wp-element-button\" href=\"https:\/\/www.skiareal.cz\/\" target=\"_blank\" rel=\"noreferrer noopener\">Skiareal.cz<\/a><\/div>\n<\/div>\n<\/div><\/div>\n\n\n\n<div class=\"wp-block-media-text has-media-on-the-right is-stacked-on-mobile is-image-fill-element\"><div class=\"wp-block-media-text__content\">\n<h2 class=\"wp-block-heading\">Szko\u0142a narciarska<\/h2>\n\n\n\n<p>Szko\u0142a narciarska Skolmax dzia\u0142a bezpo\u015brednio w hotelu, zapewniaj\u0105c grupowe i prywatne lekcje dla wszystkich grup wiekowych.<\/p>\n\n\n\n<div class=\"wp-block-buttons is-layout-flex wp-block-buttons-is-layout-flex\">\n<div class=\"wp-block-button\"><a class=\"wp-block-button__link wp-element-button\" href=\"https:\/\/www.skiareal.cz\/pl\/szkola-wypozyczalnia\/szkola-narciarska-1\" target=\"_blank\" rel=\"noreferrer noopener\">Skolmax.cz<\/a><\/div>\n<\/div>\n<\/div><figure class=\"wp-block-media-text__media\"><a href=\"https:\/\/harmonyhotel.cz\/wp-content\/uploads\/2024\/06\/Lyzarska-skola-Harmony-Hotel-Spindleruv-Mlyn.jpg\"><img loading=\"lazy\" decoding=\"async\" width=\"800\" height=\"533\" src=\"https:\/\/harmonyhotel.cz\/wp-content\/uploads\/2024\/06\/Lyzarska-skola-Harmony-Hotel-Spindleruv-Mlyn-800x533.jpg\" alt=\"Szko\u0142a narciarska - Harmony Hotel Szpindlerowy M\u0142yn\" class=\"wp-image-974 size-medium\" style=\"object-position:50% 50%\" srcset=\"https:\/\/harmonyhotel.cz\/wp-content\/uploads\/2024\/06\/Lyzarska-skola-Harmony-Hotel-Spindleruv-Mlyn-800x533.jpg 800w, https:\/\/harmonyhotel.cz\/wp-content\/uploads\/2024\/06\/Lyzarska-skola-Harmony-Hotel-Spindleruv-Mlyn-1600x1067.jpg 1600w, https:\/\/harmonyhotel.cz\/wp-content\/uploads\/2024\/06\/Lyzarska-skola-Harmony-Hotel-Spindleruv-Mlyn.jpg 1620w\" sizes=\"auto, (max-width: 800px) 100vw, 800px\" \/><\/a><\/figure><\/div>\n\n\n\n<div class=\"wp-block-media-text is-stacked-on-mobile is-image-fill-element\"><figure class=\"wp-block-media-text__media\"><a href=\"https:\/\/harmonyhotel.cz\/wp-content\/uploads\/2024\/06\/Harmony-Hotel-Spindleruv-Mlyn-Detsky-vlek-Magic-carpet-3.jpg\"><img loading=\"lazy\" decoding=\"async\" width=\"800\" height=\"800\" src=\"https:\/\/harmonyhotel.cz\/wp-content\/uploads\/2024\/06\/Harmony-Hotel-Spindleruv-Mlyn-Detsky-vlek-Magic-carpet-3-800x800.jpg\" alt=\"Harmony Hotel Szpindlerowy M\u0142yn - Wyci\u0105g dla dzieci i Magiczny dywan 3\" class=\"wp-image-794 size-medium\" style=\"object-position:50% 50%\" srcset=\"https:\/\/harmonyhotel.cz\/wp-content\/uploads\/2024\/06\/Harmony-Hotel-Spindleruv-Mlyn-Detsky-vlek-Magic-carpet-3-800x800.jpg 800w, https:\/\/harmonyhotel.cz\/wp-content\/uploads\/2024\/06\/Harmony-Hotel-Spindleruv-Mlyn-Detsky-vlek-Magic-carpet-3-200x200.jpg 200w, https:\/\/harmonyhotel.cz\/wp-content\/uploads\/2024\/06\/Harmony-Hotel-Spindleruv-Mlyn-Detsky-vlek-Magic-carpet-3.jpg 1080w\" sizes=\"auto, (max-width: 800px) 100vw, 800px\" \/><\/a><\/figure><div class=\"wp-block-media-text__content\">\n<h2 class=\"wp-block-heading\">Magiczny dywan<\/h2>\n\n\n\n<p>Ruchomy wyci\u0105g dywanowy, wyposa\u017cony w ma\u0142y stok za hotelem firmy SKOLMAX, dzi\u0119ki czemu nawet najmniejsi narciarze mog\u0105 cieszy\u0107 si\u0119 wygodn\u0105 jazd\u0105 w g\u00f3r\u0119.<\/p>\n\n\n\n<p>Zawsze tylko podczas lekcji w szkole narciarskiej.<\/p>\n\n\n\n<div class=\"wp-block-buttons is-layout-flex wp-block-buttons-is-layout-flex\">\n<div class=\"wp-block-button\"><a class=\"wp-block-button__link wp-element-button\" href=\"https:\/\/harmonyhotel.cz\/pl\/dzialania\/magiczny-dywan-dla-dzieci\/\">Wi\u0119cej informacji o windzie<\/a><\/div>\n<\/div>\n<\/div><\/div>\n\n\n\n<div class=\"wp-block-media-text has-media-on-the-right is-stacked-on-mobile is-image-fill-element\"><div class=\"wp-block-media-text__content\">\n<h2 class=\"wp-block-heading\">Pocz\u0119stunek<\/h2>\n\n\n\n<p class=\"has-text-align-left\">Na miejscu znajduje si\u0119 r\u00f3wnie\u017c niewielka sto\u0142\u00f3wka, w kt\u00f3rej mo\u017cna zaspokoi\u0107 g\u0142\u00f3d i kontynuowa\u0107 jazd\u0119 na nartach lub snowboardzie.<\/p>\n<\/div><figure class=\"wp-block-media-text__media\"><a href=\"https:\/\/harmonyhotel.cz\/wp-content\/uploads\/2024\/06\/APRES-SKI-pro-dospele-i-deti-Harmony-Hotel-Spindleruv-Mlyn.jpg\"><img loading=\"lazy\" decoding=\"async\" width=\"1600\" height=\"900\" src=\"https:\/\/harmonyhotel.cz\/wp-content\/uploads\/2024\/06\/APRES-SKI-pro-dospele-i-deti-Harmony-Hotel-Spindleruv-Mlyn-1600x900.jpg\" alt=\"APR\u00c9S SKI dla doros\u0142ych i dzieci - Harmony Hotel Szpindlerowy M\u0142yn\" class=\"wp-image-971 size-medium\" style=\"object-position:50% 50%\" srcset=\"https:\/\/harmonyhotel.cz\/wp-content\/uploads\/2024\/06\/APRES-SKI-pro-dospele-i-deti-Harmony-Hotel-Spindleruv-Mlyn-1600x900.jpg 1600w, https:\/\/harmonyhotel.cz\/wp-content\/uploads\/2024\/06\/APRES-SKI-pro-dospele-i-deti-Harmony-Hotel-Spindleruv-Mlyn-800x450.jpg 800w, https:\/\/harmonyhotel.cz\/wp-content\/uploads\/2024\/06\/APRES-SKI-pro-dospele-i-deti-Harmony-Hotel-Spindleruv-Mlyn.jpg 1920w\" sizes=\"auto, (max-width: 1600px) 100vw, 1600px\" \/><\/a><\/figure><\/div>\n\n\n\n<div class=\"wp-block-media-text is-stacked-on-mobile is-image-fill-element\"><figure class=\"wp-block-media-text__media\"><a href=\"https:\/\/harmonyhotel.cz\/wp-content\/uploads\/2024\/06\/Harmony-Hotel-Spindleruv-Mlyn-Skipasy-a-skiareal-2.jpg\"><img loading=\"lazy\" decoding=\"async\" width=\"800\" height=\"533\" src=\"https:\/\/harmonyhotel.cz\/wp-content\/uploads\/2024\/06\/Harmony-Hotel-Spindleruv-Mlyn-Skipasy-a-skiareal-2-800x533.jpg\" alt=\"Harmony Hotel Szpindlerowy M\u0142yn - Karnety narciarskie i teren narciarski 2\" class=\"wp-image-790 size-medium\" style=\"object-position:50% 50%\" srcset=\"https:\/\/harmonyhotel.cz\/wp-content\/uploads\/2024\/06\/Harmony-Hotel-Spindleruv-Mlyn-Skipasy-a-skiareal-2-800x533.jpg 800w, https:\/\/harmonyhotel.cz\/wp-content\/uploads\/2024\/06\/Harmony-Hotel-Spindleruv-Mlyn-Skipasy-a-skiareal-2-1600x1067.jpg 1600w, https:\/\/harmonyhotel.cz\/wp-content\/uploads\/2024\/06\/Harmony-Hotel-Spindleruv-Mlyn-Skipasy-a-skiareal-2.jpg 1620w\" sizes=\"auto, (max-width: 800px) 100vw, 800px\" \/><\/a><\/figure><div class=\"wp-block-media-text__content\">\n<p>Je\u015bli zdecydujesz si\u0119 skorzysta\u0107 ze stok\u00f3w narciarskich w przeciwleg\u0142ym o\u015brodku narciarskim Sv. Petr - skorzystaj z bezp\u0142atnego SKIBUSA zapewniaj\u0105cego regularny transport dla go\u015bci, kt\u00f3rego przystanek znajduje si\u0119 w bezpo\u015brednim s\u0105siedztwie hotelu.<\/p>\n\n\n\n<p>Mo\u017cna te\u017c przemie\u015bci\u0107 si\u0119 w\u0142asnym samochodem na parking P1 HROMOVKA, kt\u00f3ry jest bezp\u0142atny w sezonie zimowym, a za pomoc\u0105 wyci\u0105gu krzese\u0142kowego na Hromovce mo\u017cna dotrze\u0107 do nowego po\u0142\u0105czenia z St. Peter.<\/p>\n<\/div><\/div>\n\n\n\n<div class=\"wp-block-media-text has-media-on-the-right is-stacked-on-mobile is-image-fill-element\"><div class=\"wp-block-media-text__content\">\n<h2 class=\"wp-block-heading\">Tor saneczkowy<\/h2>\n\n\n\n<p><strong>ZALECANE<\/strong>&nbsp;Tor saneczkowy o d\u0142ugo\u015bci 3 km<\/p>\n\n\n\n<div class=\"wp-block-buttons is-layout-flex wp-block-buttons-is-layout-flex\">\n<div class=\"wp-block-button\"><a class=\"wp-block-button__link wp-element-button\" href=\"https:\/\/www.sankarska-draha.cz\/\" target=\"_blank\" rel=\"noreferrer noopener\">Sankarska-draha.cz<\/a><\/div>\n<\/div>\n<\/div><figure class=\"wp-block-media-text__media\"><a href=\"https:\/\/harmonyhotel.cz\/wp-content\/uploads\/2024\/06\/Sankarska-draha-Harmony-Hotel-Spindleruv-Mlyn.jpg\"><img loading=\"lazy\" decoding=\"async\" width=\"800\" height=\"600\" src=\"https:\/\/harmonyhotel.cz\/wp-content\/uploads\/2024\/06\/Sankarska-draha-Harmony-Hotel-Spindleruv-Mlyn-800x600.jpg\" alt=\"Tor saneczkowy - Harmony Hotel Szpindlerowy M\u0142yn\" class=\"wp-image-969 size-medium\" style=\"object-position:50% 50%\" srcset=\"https:\/\/harmonyhotel.cz\/wp-content\/uploads\/2024\/06\/Sankarska-draha-Harmony-Hotel-Spindleruv-Mlyn-800x600.jpg 800w, https:\/\/harmonyhotel.cz\/wp-content\/uploads\/2024\/06\/Sankarska-draha-Harmony-Hotel-Spindleruv-Mlyn.jpg 1024w\" sizes=\"auto, (max-width: 800px) 100vw, 800px\" \/><\/a><\/figure><\/div>\n\n\n\n<div class=\"wp-block-media-text is-stacked-on-mobile is-image-fill-element\"><figure class=\"wp-block-media-text__media\"><a href=\"https:\/\/harmonyhotel.cz\/wp-content\/uploads\/2024\/06\/Harmony-Hotel-Spindleruv-Mlyn-Pujcovna-a-uschovna-lyzi-a-kol-2-scaled.jpg\"><img loading=\"lazy\" decoding=\"async\" width=\"800\" height=\"533\" src=\"https:\/\/harmonyhotel.cz\/wp-content\/uploads\/2024\/06\/Harmony-Hotel-Spindleruv-Mlyn-Pujcovna-a-uschovna-lyzi-a-kol-2-800x533.jpg\" alt=\"Harmony Hotel Szpindlerowy M\u0142yn - Wypo\u017cyczalnia i przechowalnia nart i rower\u00f3w 2\" class=\"wp-image-800 size-medium\" style=\"object-position:50% 50%\" srcset=\"https:\/\/harmonyhotel.cz\/wp-content\/uploads\/2024\/06\/Harmony-Hotel-Spindleruv-Mlyn-Pujcovna-a-uschovna-lyzi-a-kol-2-800x533.jpg 800w, https:\/\/harmonyhotel.cz\/wp-content\/uploads\/2024\/06\/Harmony-Hotel-Spindleruv-Mlyn-Pujcovna-a-uschovna-lyzi-a-kol-2-1600x1066.jpg 1600w\" sizes=\"auto, (max-width: 800px) 100vw, 800px\" \/><\/a><\/figure><div class=\"wp-block-media-text__content\">\n<h2 class=\"wp-block-heading\">Wypo\u017cyczalnia nart Harmony<\/h2>\n\n\n\n<p>Na miejscu znajduje si\u0119 r\u00f3wnie\u017c w pe\u0142ni funkcjonalna przechowalnia sprz\u0119tu narciarskiego oraz wypo\u017cyczalnia nart i snowboard\u00f3w.<\/p>\n\n\n\n<div class=\"wp-block-buttons is-layout-flex wp-block-buttons-is-layout-flex\">\n<div class=\"wp-block-button\"><a class=\"wp-block-button__link wp-element-button\" href=\"https:\/\/pujcovna.harmonyhotel.cz\/rezervace?_gl=1*1gv7df3*_gcl_aw*R0NMLjE3NjA5NTYyMDIuRUFJYUlRb2JDaE1Jbk9fUnNwbThpd01WTGFPREJ4M3BtUldXRUFBWUFTQUFFZ0s0enZEX0J3RQ..*_gcl_au*MTg0NTYzODgzOC4xNzYzMDIxODU3*_ga*MzU0NDI2ODQzLjE3Mzc2MzM0OTY.*_ga_N2V8QSPJ5S*czE3NjM0NTg1OTYkbzE4OCRnMSR0MTc2MzQ2MDExNCRqMiRsMCRoMTQxMDczMDE2\">Wypo\u017cyczalnia \/ Przechowalnia nart<\/a><\/div>\n<\/div>\n<\/div><\/div>\n\n\n\n<p><\/p>","protected":false},"excerpt":{"rendered":"<p>Zimn\u00ed dovolen\u00e1 Hotel p\u0159\u00edmo na sjezdovce, pohodln\u00fd p\u0159\u00edstup ke sjezdovce, modern\u00ed ly\u017e\u00e1rna i p\u016fj\u010dovna ly\u017e\u00ed p\u0159\u00edmo na hotelu. Po ly\u017e\u00edch rovnou relax ve wellnessu a dob\u00edt energii kvalitn\u00edm j\u00eddlem a posezen\u00edm s p\u0159\u00e1teli. Ly\u017eov\u00e1n\u00ed a zimn\u00ed sporty Harmony Hotel **** m\u00e1 v Krkono\u0161\u00edch velmi v\u00fdjime\u010dnou polohu. Le\u017e\u00ed na \u00fapat\u00ed skiare\u00e1lu Medv\u011bd\u00edn ve \u0160pindlerov\u011b Ml\u00fdn\u011b a [&hellip;]<\/p>\n","protected":false},"author":1,"featured_media":742,"parent":19,"menu_order":0,"comment_status":"closed","ping_status":"closed","template":"","meta":{"footnotes":""},"class_list":["post-776","page","type-page","status-publish","has-post-thumbnail","hentry"],"_links":{"self":[{"href":"https:\/\/harmonyhotel.cz\/pl\/wp-json\/wp\/v2\/pages\/776","targetHints":{"allow":["GET"]}}],"collection":[{"href":"https:\/\/harmonyhotel.cz\/pl\/wp-json\/wp\/v2\/pages"}],"about":[{"href":"https:\/\/harmonyhotel.cz\/pl\/wp-json\/wp\/v2\/types\/page"}],"author":[{"embeddable":true,"href":"https:\/\/harmonyhotel.cz\/pl\/wp-json\/wp\/v2\/users\/1"}],"replies":[{"embeddable":true,"href":"https:\/\/harmonyhotel.cz\/pl\/wp-json\/wp\/v2\/comments?post=776"}],"version-history":[{"count":9,"href":"https:\/\/harmonyhotel.cz\/pl\/wp-json\/wp\/v2\/pages\/776\/revisions"}],"predecessor-version":[{"id":2335,"href":"https:\/\/harmonyhotel.cz\/pl\/wp-json\/wp\/v2\/pages\/776\/revisions\/2335"}],"up":[{"embeddable":true,"href":"https:\/\/harmonyhotel.cz\/pl\/wp-json\/wp\/v2\/pages\/19"}],"wp:featuredmedia":[{"embeddable":true,"href":"https:\/\/harmonyhotel.cz\/pl\/wp-json\/wp\/v2\/media\/742"}],"wp:attachment":[{"href":"https:\/\/harmonyhotel.cz\/pl\/wp-json\/wp\/v2\/media?parent=776"}],"curies":[{"name":"wp","href":"https:\/\/api.w.org\/{rel}","templated":true}]}}