{"id":757,"date":"2024-06-13T22:27:43","date_gmt":"2024-06-13T20:27:43","guid":{"rendered":"https:\/\/harmonyhotel.cz\/?page_id=757"},"modified":"2025-01-28T00:11:54","modified_gmt":"2025-01-27T23:11:54","slug":"wypozyczalnia-i-przechowywanie-nart-i-desek-snowboardowych","status":"publish","type":"page","link":"https:\/\/harmonyhotel.cz\/pl\/aktivity\/pujcovna-a-uschovna-lyzi-a-snowboardu\/","title":{"rendered":"Wypo\u017cyczalnia i przechowalnia nart i snowboard\u00f3w"},"content":{"rendered":"<div class=\"wp-block-media-text has-media-on-the-right is-stacked-on-mobile is-image-fill-element\"><div class=\"wp-block-media-text__content\">\n<p>Nasza nowoczesna wypo\u017cyczalnia hotelowa oferuje szeroki wyb\u00f3r najwy\u017cszej jako\u015bci sprz\u0119tu dla narciarzy i snowboardzist\u00f3w. Nowo\u015bci\u0105 w naszej ofercie jest&nbsp;<strong>VIP narty St\u00f6ckli,<\/strong>ktore zapewniaj\u0105 maksymaln\u0105 przyjemno\u015b\u0107 z jazdy i komfort na stoku.<\/p>\n\n\n\n<ul class=\"wp-block-list\">\n<li><strong>Sprz\u0119t narciarski<\/strong>&nbsp;zna\u010dek&nbsp;<strong>Atomic<\/strong>,&nbsp;<strong>, Salomon<\/strong>&nbsp;a&nbsp;<strong>St\u00f6ckli<\/strong>.<\/li>\n\n\n\n<li><strong>Sprz\u0119t snowboardowy<\/strong>&nbsp;zna\u010dky&nbsp;<strong>Burton<\/strong>.<\/li>\n\n\n\n<li>Mo\u017cliwo\u015b\u0107 wypo\u017cyczenia sprz\u0119tu dla dzieci i doros\u0142ych.<\/li>\n\n\n\n<li>Profesjonalna obs\u0142uga:&nbsp;<strong>regulacja nart i smarowanie<\/strong>&nbsp;na  profesjonalnej maszynie do smarowania.<\/li>\n\n\n\n<li>Nowoczesny&nbsp;<strong>szafka z automatycznym suszeniem<\/strong>, szafki odpowiadaj\u0105 numerom twojego pokoju.<\/li>\n<\/ul>\n<\/div><figure class=\"wp-block-media-text__media\"><a href=\"https:\/\/harmonyhotel.cz\/wp-content\/uploads\/2024\/06\/Harmony-Hotel-Spindleruv-Mlyn-Pujcovna-a-uschovna-lyzi-a-kol-1.jpg\"><img loading=\"lazy\" decoding=\"async\" width=\"800\" height=\"533\" src=\"https:\/\/harmonyhotel.cz\/wp-content\/uploads\/2024\/06\/Harmony-Hotel-Spindleruv-Mlyn-Pujcovna-a-uschovna-lyzi-a-kol-1-800x533.jpg\" alt=\"Harmony Hotel Szpindlerowy M\u0142yn - Wypo\u017cyczalnia i przechowalnia nart i snowboard\u00f3w 1\" class=\"wp-image-801 size-medium\" style=\"object-position:50% 50%\" srcset=\"https:\/\/harmonyhotel.cz\/wp-content\/uploads\/2024\/06\/Harmony-Hotel-Spindleruv-Mlyn-Pujcovna-a-uschovna-lyzi-a-kol-1-800x533.jpg 800w, https:\/\/harmonyhotel.cz\/wp-content\/uploads\/2024\/06\/Harmony-Hotel-Spindleruv-Mlyn-Pujcovna-a-uschovna-lyzi-a-kol-1-1600x1067.jpg 1600w, https:\/\/harmonyhotel.cz\/wp-content\/uploads\/2024\/06\/Harmony-Hotel-Spindleruv-Mlyn-Pujcovna-a-uschovna-lyzi-a-kol-1.jpg 1732w\" sizes=\"auto, (max-width: 800px) 100vw, 800px\" \/><\/a><\/figure><\/div>\n\n\n\n<div class=\"wp-block-media-text is-stacked-on-mobile is-image-fill-element\"><figure class=\"wp-block-media-text__media\"><a href=\"https:\/\/harmonyhotel.cz\/wp-content\/uploads\/2024\/06\/Harmony-Hotel-Spindleruv-Mlyn-Pujcovna-a-uschovna-lyzi-a-kol-2-scaled.jpg\"><img loading=\"lazy\" decoding=\"async\" width=\"800\" height=\"533\" src=\"https:\/\/harmonyhotel.cz\/wp-content\/uploads\/2024\/06\/Harmony-Hotel-Spindleruv-Mlyn-Pujcovna-a-uschovna-lyzi-a-kol-2-800x533.jpg\" alt=\"Harmony Hotel Szpindlerowy M\u0142yn - Wypo\u017cyczalnia i przechowalnia nart i rower\u00f3w 2\" class=\"wp-image-800 size-medium\" style=\"object-position:50% 50%\" srcset=\"https:\/\/harmonyhotel.cz\/wp-content\/uploads\/2024\/06\/Harmony-Hotel-Spindleruv-Mlyn-Pujcovna-a-uschovna-lyzi-a-kol-2-800x533.jpg 800w, https:\/\/harmonyhotel.cz\/wp-content\/uploads\/2024\/06\/Harmony-Hotel-Spindleruv-Mlyn-Pujcovna-a-uschovna-lyzi-a-kol-2-1600x1066.jpg 1600w\" sizes=\"auto, (max-width: 800px) 100vw, 800px\" \/><\/a><\/figure><div class=\"wp-block-media-text__content\">\n<h3 class=\"wp-block-heading\">Godziny pracy<\/h3>\n\n\n\n<p><strong>Poniedzia\u0142ek - pi\u0105tek<\/strong><br>8.30 \u2013 11.30, 12.00 \u2013 14.00, 15.30 \u2013 17.30<\/p>\n\n\n\n<p><strong>Sobota - niedziela<\/strong><br>8.30 \u2013 11.30, 12.30 \u2013 17.30<\/p>\n\n\n\n<div class=\"wp-block-buttons is-layout-flex wp-block-buttons-is-layout-flex\">\n<div class=\"wp-block-button btnalt\"><a class=\"wp-block-button__link wp-element-button\" href=\"https:\/\/pujcovna.harmonyhotel.cz\/rezervace\" target=\"_blank\" rel=\"noreferrer noopener\">Rezerwacja online sprz\u0119tu dla narciarzy i snowboardzist\u00f3w<\/a><\/div>\n<\/div>\n<\/div><\/div>\n\n\n\n<div class=\"wp-block-media-text has-media-on-the-right is-stacked-on-mobile is-image-fill-element\"><div class=\"wp-block-media-text__content\">\n<p><strong>VIP do\u015bwiadczenie na stoku z nartami St\u00f6ckli.<\/strong><br>Wypr\u00f3buj ekskluzywne modele nart St\u00f6ckli, kt\u00f3re s\u0105 idealne dla wymagaj\u0105cych narciarzy szukaj\u0105cych doskona\u0142ej wydajno\u015bci i precyzyjnej kontroli.<\/p>\n\n\n\n<p><strong>Harmony Hotel \u0160pindler\u016fv Ml\u00fdn \u2013 Tw\u00f3j partner na komfortowy i bezproblemowy pobyt w g\u00f3rach.<\/strong><\/p>\n<\/div><figure class=\"wp-block-media-text__media\"><a href=\"https:\/\/harmonyhotel.cz\/wp-content\/uploads\/2024\/06\/Harmony-Hotel-Spindleruv-Mlyn-Pujcovna-a-uschovna-lyzi-a-kol-3.jpg\"><img loading=\"lazy\" decoding=\"async\" width=\"800\" height=\"533\" src=\"https:\/\/harmonyhotel.cz\/wp-content\/uploads\/2024\/06\/Harmony-Hotel-Spindleruv-Mlyn-Pujcovna-a-uschovna-lyzi-a-kol-3-800x533.jpg\" alt=\"Harmony Hotel Szpindlerowy M\u0142yn - Wypo\u017cyczalnia i przechowalnia nart i snowboard\u00f3w 2\" class=\"wp-image-799 size-medium\" style=\"object-position:50% 50%\" srcset=\"https:\/\/harmonyhotel.cz\/wp-content\/uploads\/2024\/06\/Harmony-Hotel-Spindleruv-Mlyn-Pujcovna-a-uschovna-lyzi-a-kol-3-800x533.jpg 800w, https:\/\/harmonyhotel.cz\/wp-content\/uploads\/2024\/06\/Harmony-Hotel-Spindleruv-Mlyn-Pujcovna-a-uschovna-lyzi-a-kol-3-1600x1067.jpg 1600w, https:\/\/harmonyhotel.cz\/wp-content\/uploads\/2024\/06\/Harmony-Hotel-Spindleruv-Mlyn-Pujcovna-a-uschovna-lyzi-a-kol-3.jpg 1620w\" sizes=\"auto, (max-width: 800px) 100vw, 800px\" \/><\/a><\/figure><\/div>\n\n\n\n<p><\/p>","protected":false},"excerpt":{"rendered":"<p>VIP z\u00e1\u017eitek na svahu s ly\u017eemi St\u00f6ckliVyzkou\u0161ejte exkluzivn\u00ed modely ly\u017e\u00ed St\u00f6ckli, kter\u00e9 jsou ide\u00e1ln\u00ed pro n\u00e1ro\u010dn\u00e9 ly\u017ea\u0159e hledaj\u00edc\u00ed dokonal\u00fd v\u00fdkon a precizn\u00ed ovladatelnost. Harmony Hotel \u0160pindler\u016fv Ml\u00fdn \u2013 v\u00e1\u0161 partner pro pohodln\u00fd a bezstarostn\u00fd pobyt na hor\u00e1ch.<\/p>","protected":false},"author":1,"featured_media":733,"parent":19,"menu_order":0,"comment_status":"closed","ping_status":"closed","template":"","meta":{"footnotes":""},"class_list":["post-757","page","type-page","status-publish","has-post-thumbnail","hentry"],"_links":{"self":[{"href":"https:\/\/harmonyhotel.cz\/pl\/wp-json\/wp\/v2\/pages\/757","targetHints":{"allow":["GET"]}}],"collection":[{"href":"https:\/\/harmonyhotel.cz\/pl\/wp-json\/wp\/v2\/pages"}],"about":[{"href":"https:\/\/harmonyhotel.cz\/pl\/wp-json\/wp\/v2\/types\/page"}],"author":[{"embeddable":true,"href":"https:\/\/harmonyhotel.cz\/pl\/wp-json\/wp\/v2\/users\/1"}],"replies":[{"embeddable":true,"href":"https:\/\/harmonyhotel.cz\/pl\/wp-json\/wp\/v2\/comments?post=757"}],"version-history":[{"count":5,"href":"https:\/\/harmonyhotel.cz\/pl\/wp-json\/wp\/v2\/pages\/757\/revisions"}],"predecessor-version":[{"id":1447,"href":"https:\/\/harmonyhotel.cz\/pl\/wp-json\/wp\/v2\/pages\/757\/revisions\/1447"}],"up":[{"embeddable":true,"href":"https:\/\/harmonyhotel.cz\/pl\/wp-json\/wp\/v2\/pages\/19"}],"wp:featuredmedia":[{"embeddable":true,"href":"https:\/\/harmonyhotel.cz\/pl\/wp-json\/wp\/v2\/media\/733"}],"wp:attachment":[{"href":"https:\/\/harmonyhotel.cz\/pl\/wp-json\/wp\/v2\/media?parent=757"}],"curies":[{"name":"wp","href":"https:\/\/api.w.org\/{rel}","templated":true}]}}