{"id":755,"date":"2024-06-13T22:27:32","date_gmt":"2024-06-13T20:27:32","guid":{"rendered":"https:\/\/harmonyhotel.cz\/?page_id=755"},"modified":"2025-01-03T09:58:21","modified_gmt":"2025-01-03T08:58:21","slug":"magiczny-dywan-dla-dzieci","status":"publish","type":"page","link":"https:\/\/harmonyhotel.cz\/pl\/aktivity\/detsky-vlek-magic-carpet\/","title":{"rendered":"Winda dla dzieci i magiczny dywan"},"content":{"rendered":"<div class=\"wp-block-media-text has-media-on-the-right is-stacked-on-mobile is-image-fill-element\"><div class=\"wp-block-media-text__content\">\n<p>Tu\u017c za hotelem znajduje si\u0119 najlepsza \u0142\u0105ka treningowa w Szpindlerowym M\u0142ynie do stawiania pierwszych krok\u00f3w na nartach i pierwszych \u0142uk\u00f3w carvingowych.<\/p>\n\n\n\n<p>Godziny pracy windy:<br><strong>8.15 \u2013 16.00<\/strong><\/p>\n<\/div><figure class=\"wp-block-media-text__media\"><a href=\"https:\/\/harmonyhotel.cz\/wp-content\/uploads\/2024\/06\/Harmony-Hotel-Spindleruv-Mlyn-Detsky-vlek-Magic-carpet-1.jpg\"><img loading=\"lazy\" decoding=\"async\" width=\"800\" height=\"600\" src=\"https:\/\/harmonyhotel.cz\/wp-content\/uploads\/2024\/06\/Harmony-Hotel-Spindleruv-Mlyn-Detsky-vlek-Magic-carpet-1-800x600.jpg\" alt=\"Wyci\u0105g dla dzieci i Magiczny dywan \u2013 Harmony Hotel Szpindlerowy M\u0142yn 1\" class=\"wp-image-796 size-medium\" style=\"object-position:50% 50%\" srcset=\"https:\/\/harmonyhotel.cz\/wp-content\/uploads\/2024\/06\/Harmony-Hotel-Spindleruv-Mlyn-Detsky-vlek-Magic-carpet-1-800x600.jpg 800w, https:\/\/harmonyhotel.cz\/wp-content\/uploads\/2024\/06\/Harmony-Hotel-Spindleruv-Mlyn-Detsky-vlek-Magic-carpet-1.jpg 1440w\" sizes=\"auto, (max-width: 800px) 100vw, 800px\" \/><\/a><\/figure><\/div>\n\n\n\n<div class=\"wp-block-media-text is-stacked-on-mobile is-image-fill-element\"><figure class=\"wp-block-media-text__media\"><a href=\"https:\/\/harmonyhotel.cz\/wp-content\/uploads\/2024\/06\/Harmony-Hotel-Spindleruv-Mlyn-Detsky-vlek-Magic-carpet-2.jpg\"><img loading=\"lazy\" decoding=\"async\" width=\"800\" height=\"600\" src=\"https:\/\/harmonyhotel.cz\/wp-content\/uploads\/2024\/06\/Harmony-Hotel-Spindleruv-Mlyn-Detsky-vlek-Magic-carpet-2-800x600.jpg\" alt=\"Harmony Hotel Szpindlerowy M\u0142yn - Wyci\u0105g dla dzieci i Magiczny dywan 3\" class=\"wp-image-795 size-medium\" style=\"object-position:50% 50%\" srcset=\"https:\/\/harmonyhotel.cz\/wp-content\/uploads\/2024\/06\/Harmony-Hotel-Spindleruv-Mlyn-Detsky-vlek-Magic-carpet-2-800x600.jpg 800w, https:\/\/harmonyhotel.cz\/wp-content\/uploads\/2024\/06\/Harmony-Hotel-Spindleruv-Mlyn-Detsky-vlek-Magic-carpet-2.jpg 1440w\" sizes=\"auto, (max-width: 800px) 100vw, 800px\" \/><\/a><\/figure><div class=\"wp-block-media-text__content\">\n<p>Wyci\u0105g przy hotelu (poma) jest cz\u0119\u015bci\u0105 systemu wyci\u0105g\u00f3w i kolejek linowych o\u015brodka narciarskiego Szpindlerowy M\u0142yn. Dzieci w wieku do 5,9 lat mog\u0105 korzysta\u0107 z wyci\u0105gu bezp\u0142atnie. Skipass\/gopass wa\u017cny na ca\u0142y teren narciarski jest wa\u017cny na ten wyci\u0105g. Je\u015bli zdecydujesz si\u0119 je\u017adzi\u0107 na nartach tylko na tym wyci\u0105gu - istnieje mo\u017cliwo\u015b\u0107 zakupu karnetu regionalnego tylko na ten wyci\u0105g (pomu).<\/p>\n<\/div><\/div>\n\n\n\n<div class=\"wp-block-media-text has-media-on-the-right is-stacked-on-mobile is-image-fill-element\"><div class=\"wp-block-media-text__content\">\n<p>Na stoku narciarskim znajduje si\u0119 r\u00f3wnie\u017c ruchomy dywan \/ magiczny dywan - zaprojektowany specjalnie dla najm\u0142odszych oraz na potrzeby szk\u00f3\u0142ki narciarskiej i lekcji, realizowanych przez szko\u0142\u0119 narciarsk\u0105.<\/p>\n\n\n\n<p>Je\u015bli nie korzystasz ze szk\u00f3\u0142ki narciarskiej, sprawd\u017a w recepcji hotelu mo\u017cliwo\u015bci i godziny korzystania z tego dywanu.<\/p>\n<\/div><figure class=\"wp-block-media-text__media\"><a href=\"https:\/\/harmonyhotel.cz\/wp-content\/uploads\/2024\/06\/Harmony-Hotel-Spindleruv-Mlyn-Detsky-vlek-Magic-carpet-3.jpg\"><img loading=\"lazy\" decoding=\"async\" width=\"800\" height=\"800\" src=\"https:\/\/harmonyhotel.cz\/wp-content\/uploads\/2024\/06\/Harmony-Hotel-Spindleruv-Mlyn-Detsky-vlek-Magic-carpet-3-800x800.jpg\" alt=\"Harmony Hotel Szpindlerowy M\u0142yn - Wyci\u0105g dla dzieci i Magiczny dywan 3\" class=\"wp-image-794 size-medium\" style=\"object-position:50% 50%\" srcset=\"https:\/\/harmonyhotel.cz\/wp-content\/uploads\/2024\/06\/Harmony-Hotel-Spindleruv-Mlyn-Detsky-vlek-Magic-carpet-3-800x800.jpg 800w, https:\/\/harmonyhotel.cz\/wp-content\/uploads\/2024\/06\/Harmony-Hotel-Spindleruv-Mlyn-Detsky-vlek-Magic-carpet-3-200x200.jpg 200w, https:\/\/harmonyhotel.cz\/wp-content\/uploads\/2024\/06\/Harmony-Hotel-Spindleruv-Mlyn-Detsky-vlek-Magic-carpet-3.jpg 1080w\" sizes=\"auto, (max-width: 800px) 100vw, 800px\" \/><\/a><\/figure><\/div>","protected":false},"excerpt":{"rendered":"<p>P\u0159\u00edmo za hotelem je ta nejlep\u0161\u00ed cvi\u010dn\u00e1 louka ve \u0160pindlerov\u011b Ml\u00fdn\u011b pro prvn\u00ed ly\u017ea\u0159sk\u00e9 kroky Va\u0161ich d\u00edtek a pro prvn\u00ed carvingov\u00e9 oblou\u010dky. Provozn\u00ed doba vleku:8.15 \u2013 16.00 Vlek u hotelu (poma) je sou\u010d\u00e1st\u00ed syst\u00e9mu vlek\u016f a lanov\u00fdch drah Skiare\u00e1lu \u0160pindler\u016fv Ml\u00fdn. Na tomto vleku ly\u017euj\u00ed d\u011bti do v\u011bku 5,9 let gratis. Je na n\u011bj platn\u00fd [&hellip;]<\/p>\n","protected":false},"author":1,"featured_media":734,"parent":19,"menu_order":0,"comment_status":"closed","ping_status":"closed","template":"","meta":{"footnotes":""},"class_list":["post-755","page","type-page","status-publish","has-post-thumbnail","hentry"],"_links":{"self":[{"href":"https:\/\/harmonyhotel.cz\/pl\/wp-json\/wp\/v2\/pages\/755","targetHints":{"allow":["GET"]}}],"collection":[{"href":"https:\/\/harmonyhotel.cz\/pl\/wp-json\/wp\/v2\/pages"}],"about":[{"href":"https:\/\/harmonyhotel.cz\/pl\/wp-json\/wp\/v2\/types\/page"}],"author":[{"embeddable":true,"href":"https:\/\/harmonyhotel.cz\/pl\/wp-json\/wp\/v2\/users\/1"}],"replies":[{"embeddable":true,"href":"https:\/\/harmonyhotel.cz\/pl\/wp-json\/wp\/v2\/comments?post=755"}],"version-history":[{"count":1,"href":"https:\/\/harmonyhotel.cz\/pl\/wp-json\/wp\/v2\/pages\/755\/revisions"}],"predecessor-version":[{"id":1404,"href":"https:\/\/harmonyhotel.cz\/pl\/wp-json\/wp\/v2\/pages\/755\/revisions\/1404"}],"up":[{"embeddable":true,"href":"https:\/\/harmonyhotel.cz\/pl\/wp-json\/wp\/v2\/pages\/19"}],"wp:featuredmedia":[{"embeddable":true,"href":"https:\/\/harmonyhotel.cz\/pl\/wp-json\/wp\/v2\/media\/734"}],"wp:attachment":[{"href":"https:\/\/harmonyhotel.cz\/pl\/wp-json\/wp\/v2\/media?parent=755"}],"curies":[{"name":"wp","href":"https:\/\/api.w.org\/{rel}","templated":true}]}}