{"id":75,"date":"2024-06-06T21:59:13","date_gmt":"2024-06-06T19:59:13","guid":{"rendered":"https:\/\/harmonyhotel.cz\/?page_id=75"},"modified":"2026-01-12T13:27:09","modified_gmt":"2026-01-12T12:27:09","slug":"uslugi-i-sprzet","status":"publish","type":"page","link":"https:\/\/harmonyhotel.cz\/pl\/hotel\/sluzby-a-vybaveni\/","title":{"rendered":"Us\u0142ugi i sprz\u0119t"},"content":{"rendered":"<div class=\"wp-block-media-text has-media-on-the-right is-stacked-on-mobile is-image-fill-element\" style=\"grid-template-columns:auto 48%\"><div class=\"wp-block-media-text__content\">\n<ul class=\"wp-block-list\">\n<li>Wyj\u0105tkowe <a href=\"https:\/\/harmonyhotel.cz\/pl\/wellness\/\" data-type=\"page\" data-id=\"15\">wellness<\/a><\/li>\n\n\n\n<li><a href=\"https:\/\/harmonyhotel.cz\/pl\/sport\/\" data-type=\"page\" data-id=\"17\">Wewn\u0119trzne zaj\u0119cia sportowe<\/a> fitness, tenis, kr\u0119gle, symulator golfa, strzelnica<\/li>\n\n\n\n<li><a href=\"https:\/\/harmonyhotel.cz\/pl\/dzialania\/\" data-type=\"page\" data-id=\"19\">Hotel ski-in ski-out<\/a>\n<ul class=\"wp-block-list\">\n<li>Karnet w hotelu<\/li>\n\n\n\n<li>Wypo\u017cyczalnia sprz\u0119tu narciarskiego, przechowalnia nart i rower\u00f3w w hotelu<\/li>\n\n\n\n<li>Wyci\u0105g narciarski dla dzieci i magiczny dywan tu\u017c obok hotelu<\/li>\n<\/ul>\n<\/li>\n\n\n\n<li>Tor bobslejowy z 10% zni\u017ck\u0105<\/li>\n\n\n\n<li>Programy animowane<\/li>\n\n\n\n<li><a href=\"https:\/\/harmonyhotel.cz\/pl\/dzialania\/\" data-type=\"page\" data-id=\"19\">Plac zabaw<\/a> z trampolin\u0105 i stref\u0105 zabaw dla dzieci<\/li>\n\n\n\n<li><a href=\"https:\/\/harmonyhotel.cz\/pl\/dzialania\/ekspozycja-w-bunkrze\/\" data-type=\"page\" data-id=\"783\">Ekspozycja bunkra<\/a><\/li>\n\n\n\n<li><a href=\"https:\/\/harmonyhotel.cz\/pl\/hotel\/parking\/\" data-type=\"page\" data-id=\"97\">Parking<\/a><\/li>\n\n\n\n<li>114 stylowych <a href=\"https:\/\/harmonyhotel.cz\/pl\/pokoje\/\" data-type=\"page\" data-id=\"9\">pokoi<\/a><\/li>\n\n\n\n<li>Przestronne, nowoczesne <a href=\"https:\/\/harmonyhotel.cz\/pl\/konferencje\/\" data-type=\"page\" data-id=\"13\">zaplecze konferencyjne<\/a><\/li>\n\n\n\n<li>Stylowa <a href=\"https:\/\/harmonyhotel.cz\/pl\/gastronomia\/\" data-type=\"page\" data-id=\"11\">restauracja<\/a><\/li>\n<\/ul>\n\n\n\n<figure class=\"wp-block-image size-full is-resized\"><img loading=\"lazy\" decoding=\"async\" width=\"2560\" height=\"1707\" src=\"https:\/\/harmonyhotel.cz\/wp-content\/uploads\/2025\/07\/2024_06_24_9490_EOS_R5_A19-scaled.jpg\" alt=\"\" class=\"wp-image-1849\" style=\"width:470px;height:auto\" srcset=\"https:\/\/harmonyhotel.cz\/wp-content\/uploads\/2025\/07\/2024_06_24_9490_EOS_R5_A19-scaled.jpg 2560w, https:\/\/harmonyhotel.cz\/wp-content\/uploads\/2025\/07\/2024_06_24_9490_EOS_R5_A19-800x534.jpg 800w, https:\/\/harmonyhotel.cz\/wp-content\/uploads\/2025\/07\/2024_06_24_9490_EOS_R5_A19-1600x1067.jpg 1600w, https:\/\/harmonyhotel.cz\/wp-content\/uploads\/2025\/07\/2024_06_24_9490_EOS_R5_A19-18x12.jpg 18w\" sizes=\"auto, (max-width: 2560px) 100vw, 2560px\" \/><\/figure>\n<\/div><figure class=\"wp-block-media-text__media\"><a href=\"https:\/\/harmonyhotel.cz\/wp-content\/uploads\/2024\/06\/Harmony-Hotel-Spindleruv-Mlyn-02.jpg\"><img loading=\"lazy\" decoding=\"async\" width=\"1600\" height=\"900\" src=\"https:\/\/harmonyhotel.cz\/wp-content\/uploads\/2024\/06\/Harmony-Hotel-Spindleruv-Mlyn-02-1600x900.jpg\" alt=\"Harmony Hotel Szpindlerowy M\u0142yn\" class=\"wp-image-327 size-medium\" style=\"object-position:50% 50%\" srcset=\"https:\/\/harmonyhotel.cz\/wp-content\/uploads\/2024\/06\/Harmony-Hotel-Spindleruv-Mlyn-02-1600x900.jpg 1600w, https:\/\/harmonyhotel.cz\/wp-content\/uploads\/2024\/06\/Harmony-Hotel-Spindleruv-Mlyn-02-800x450.jpg 800w\" sizes=\"auto, (max-width: 1600px) 100vw, 1600px\" \/><\/a><\/figure><\/div>","protected":false},"excerpt":{"rendered":"","protected":false},"author":1,"featured_media":452,"parent":7,"menu_order":15,"comment_status":"closed","ping_status":"closed","template":"","meta":{"footnotes":""},"class_list":["post-75","page","type-page","status-publish","has-post-thumbnail","hentry"],"_links":{"self":[{"href":"https:\/\/harmonyhotel.cz\/pl\/wp-json\/wp\/v2\/pages\/75","targetHints":{"allow":["GET"]}}],"collection":[{"href":"https:\/\/harmonyhotel.cz\/pl\/wp-json\/wp\/v2\/pages"}],"about":[{"href":"https:\/\/harmonyhotel.cz\/pl\/wp-json\/wp\/v2\/types\/page"}],"author":[{"embeddable":true,"href":"https:\/\/harmonyhotel.cz\/pl\/wp-json\/wp\/v2\/users\/1"}],"replies":[{"embeddable":true,"href":"https:\/\/harmonyhotel.cz\/pl\/wp-json\/wp\/v2\/comments?post=75"}],"version-history":[{"count":4,"href":"https:\/\/harmonyhotel.cz\/pl\/wp-json\/wp\/v2\/pages\/75\/revisions"}],"predecessor-version":[{"id":2285,"href":"https:\/\/harmonyhotel.cz\/pl\/wp-json\/wp\/v2\/pages\/75\/revisions\/2285"}],"up":[{"embeddable":true,"href":"https:\/\/harmonyhotel.cz\/pl\/wp-json\/wp\/v2\/pages\/7"}],"wp:featuredmedia":[{"embeddable":true,"href":"https:\/\/harmonyhotel.cz\/pl\/wp-json\/wp\/v2\/media\/452"}],"wp:attachment":[{"href":"https:\/\/harmonyhotel.cz\/pl\/wp-json\/wp\/v2\/media?parent=75"}],"curies":[{"name":"wp","href":"https:\/\/api.w.org\/{rel}","templated":true}]}}