{"id":669,"date":"2024-06-11T23:46:05","date_gmt":"2024-06-11T21:46:05","guid":{"rendered":"https:\/\/harmonyhotel.cz\/?page_id=669"},"modified":"2025-07-31T14:06:22","modified_gmt":"2025-07-31T12:06:22","slug":"masaz-i-relaks","status":"publish","type":"page","link":"https:\/\/harmonyhotel.cz\/pl\/wellness\/masaze-a-relaxace\/","title":{"rendered":"Masa\u017c i relaks"},"content":{"rendered":"<p class=\"has-text-align-center\">Opr\u00f3cz zdrowego od\u017cywiania, sportu i relaksu, wellness s\u0105 istotn\u0105 cz\u0119\u015bci\u0105 zdrowego stylu \u017cycia. Terapie wellness i relaksacyjne obejmuj\u0105 masa\u017ce, kt\u00f3rych szerok\u0105 gam\u0119 przygotowali\u015bmy dla Ciebie. Mo\u017cesz cieszy\u0107 si\u0119 specjalnymi masa\u017cami relaksacyjnymi lub klasycznymi masa\u017cami sportowymi, a wszystko to w pi\u0119knym otoczeniu nowo wybudowanego \u015bwiata saun i jego strefy relaksu.<\/p>\n\n\n\n<div style=\"height:50px\" aria-hidden=\"true\" class=\"wp-block-spacer\"><\/div>\n\n\n\n<div class=\"wp-block-media-text has-media-on-the-right is-stacked-on-mobile is-image-fill-element\"><div class=\"wp-block-media-text__content\">\n<h2 class=\"wp-block-heading\">Klasyczne masa\u017ce sportowe i regeneruj\u0105ce<\/h2>\n\n\n\n<p>Klasyczny masa\u017c sportowy i rekondycyjny jest stosowany w celu wyeliminowania zm\u0119czenia i od\u015bwie\u017cenia, rozlu\u017anienia i dostrojenia mi\u0119\u015bni, pobudzenia uk\u0142adu kr\u0105\u017cenia i limfatycznego nie tylko dla sportowc\u00f3w.<\/p>\n\n\n\n<div style=\"height:20px\" aria-hidden=\"true\" class=\"wp-block-spacer\"><\/div>\n\n\n\n<figure class=\"wp-block-table is-style-stripes\"><table><tbody><tr><td><strong>Masa\u017c ca\u0142o\u015bciowy<\/strong>&nbsp;(plecy, kark, nogi)<\/td><td>50 min<\/td><td>1 290 CZK<\/td><\/tr><tr><td><strong>Masa\u017c cz\u0119\u015bciowy<\/strong>&nbsp;(plecy, kark)<\/td><td>20 min<\/td><td>690 CZK<\/td><\/tr><tr><td><strong>Masa\u017c st\u00f3p<\/strong>&nbsp;(plec\u00f3w)<\/td><td>20 min<\/td><td>690 CZK<\/td><\/tr><\/tbody><\/table><\/figure>\n<\/div><figure class=\"wp-block-media-text__media\"><a href=\"https:\/\/harmonyhotel.cz\/wp-content\/uploads\/2024\/06\/Masaze-Spindleruv-Mlyn-Harmony-Hotel-Spindleruv-Mlyn-Klasicka-masaz-scaled.jpg\"><img loading=\"lazy\" decoding=\"async\" width=\"800\" height=\"549\" src=\"https:\/\/harmonyhotel.cz\/wp-content\/uploads\/2024\/06\/Masaze-Spindleruv-Mlyn-Harmony-Hotel-Spindleruv-Mlyn-Klasicka-masaz-800x549.jpg\" alt=\"Mas\u00e1\u017ee \u0160pindler\u016fv Ml\u00fdn - Harmony Hotel \u0160pindler\u016fv Ml\u00fdn - Klasick\u00e1 mas\u00e1\u017e\" class=\"wp-image-703 size-medium\" style=\"object-position:50% 50%\" srcset=\"https:\/\/harmonyhotel.cz\/wp-content\/uploads\/2024\/06\/Masaze-Spindleruv-Mlyn-Harmony-Hotel-Spindleruv-Mlyn-Klasicka-masaz-800x549.jpg 800w, https:\/\/harmonyhotel.cz\/wp-content\/uploads\/2024\/06\/Masaze-Spindleruv-Mlyn-Harmony-Hotel-Spindleruv-Mlyn-Klasicka-masaz-1600x1098.jpg 1600w\" sizes=\"auto, (max-width: 800px) 100vw, 800px\" \/><\/a><\/figure><\/div>\n\n\n\n<div class=\"wp-block-media-text is-stacked-on-mobile is-image-fill-element\"><figure class=\"wp-block-media-text__media\"><a href=\"https:\/\/harmonyhotel.cz\/wp-content\/uploads\/2024\/06\/Masaze-Spindleruv-Mlyn-Harmony-Hotel-Spindleruv-Mlyn-Aroma-masaz-scaled.jpg\"><img loading=\"lazy\" decoding=\"async\" width=\"800\" height=\"549\" src=\"https:\/\/harmonyhotel.cz\/wp-content\/uploads\/2024\/06\/Masaze-Spindleruv-Mlyn-Harmony-Hotel-Spindleruv-Mlyn-Aroma-masaz-800x549.jpg\" alt=\"Mas\u00e1\u017ee \u0160pindler\u016fv Ml\u00fdn - Harmony Hotel \u0160pindler\u016fv Ml\u00fdn - Aroma mas\u00e1\u017e\" class=\"wp-image-705 size-medium\" style=\"object-position:50% 50%\" srcset=\"https:\/\/harmonyhotel.cz\/wp-content\/uploads\/2024\/06\/Masaze-Spindleruv-Mlyn-Harmony-Hotel-Spindleruv-Mlyn-Aroma-masaz-800x549.jpg 800w, https:\/\/harmonyhotel.cz\/wp-content\/uploads\/2024\/06\/Masaze-Spindleruv-Mlyn-Harmony-Hotel-Spindleruv-Mlyn-Aroma-masaz-1600x1098.jpg 1600w\" sizes=\"auto, (max-width: 800px) 100vw, 800px\" \/><\/a><\/figure><div class=\"wp-block-media-text__content\">\n<h2 class=\"wp-block-heading\">Masa\u017c aromatyczny<\/h2>\n\n\n\n<p>Relaksuj\u0105cy masa\u017c, kt\u00f3ry wp\u0142ywa nie tylko na cia\u0142o, ale r\u00f3wnie\u017c na umys\u0142. Osi\u0105ga silne efekty dzi\u0119ki czysto naturalnym substancjom, takim jak olejki eteryczne i olejki eteryczne. Wspiera uk\u0142ad odporno\u015bciowy, pomaga uwolni\u0107 napi\u0119cie i stres. Dzi\u0119ki odpowiedniemu doborowi olejk\u00f3w eterycznych mo\u017cemy osi\u0105gn\u0105\u0107 ulg\u0119 w wielu problemach natury psychologicznej.<\/p>\n\n\n\n<p>Nasz profesjonalnie przeszkolony personel poleci konkretny olejek eteryczny na \u017cyczenie, w zale\u017cno\u015bci od konkretnych pragnie\u0144 lub obaw.<\/p>\n\n\n\n<div style=\"height:20px\" aria-hidden=\"true\" class=\"wp-block-spacer\"><\/div>\n\n\n\n<figure class=\"wp-block-table is-style-stripes\"><table><tbody><tr><td><strong>Ca\u0142kowity masa\u017c aromatyczny&nbsp;<\/strong>(plecy, kark, nogi)<\/td><td>50 min<\/td><td>1 290 CZK<\/td><\/tr><tr><td><strong>Cz\u0119\u015bciowy masa\u017c aromatyczny<\/strong>&nbsp;(plecy, kark)<\/td><td>20 min<\/td><td>690 CZK<\/td><\/tr><\/tbody><\/table><\/figure>\n<\/div><\/div>\n\n\n\n<div class=\"wp-block-media-text has-media-on-the-right is-stacked-on-mobile is-image-fill-element\"><div class=\"wp-block-media-text__content\">\n<h2 class=\"wp-block-heading\">Ba\u0144ki<\/h2>\n\n\n\n<p>Specjalny, tradycyjny, sprawdzony w historii masa\u017c maj\u0105cy na celu znaczne rozlu\u017anienie mi\u0119\u015bni, zablokowanie mi\u0119\u015bni, z\u0142agodzenie b\u00f3lu i detoksykacj\u0119. Podczas ba\u0144kowania masa\u017c jest najpierw wykonywany kolb\u0105, a nast\u0119pnie kolby s\u0105 umieszczane na ciele.<\/p>\n\n\n\n<div style=\"height:20px\" aria-hidden=\"true\" class=\"wp-block-spacer\"><\/div>\n\n\n\n<figure class=\"wp-block-table is-style-stripes\"><table><tbody><tr><td><strong>Ba\u0144ki&nbsp;<\/strong>(plecy)<\/td><td>20 min<\/td><td>690 CZK<\/td><\/tr><\/tbody><\/table><\/figure>\n<\/div><figure class=\"wp-block-media-text__media\"><a href=\"https:\/\/harmonyhotel.cz\/wp-content\/uploads\/2024\/06\/Masaze-Spindleruv-Mlyn-Harmony-Hotel-Spindleruv-Mlyn-Bankovani-scaled.jpg\"><img loading=\"lazy\" decoding=\"async\" width=\"800\" height=\"549\" src=\"https:\/\/harmonyhotel.cz\/wp-content\/uploads\/2024\/06\/Masaze-Spindleruv-Mlyn-Harmony-Hotel-Spindleruv-Mlyn-Bankovani-800x549.jpg\" alt=\"Mas\u00e1\u017ee \u0160pindler\u016fv Ml\u00fdn - Harmony Hotel \u0160pindler\u016fv Ml\u00fdn - Ba\u0148kov\u00e1n\u00ed\" class=\"wp-image-702 size-medium\" style=\"object-position:50% 50%\" srcset=\"https:\/\/harmonyhotel.cz\/wp-content\/uploads\/2024\/06\/Masaze-Spindleruv-Mlyn-Harmony-Hotel-Spindleruv-Mlyn-Bankovani-800x549.jpg 800w, https:\/\/harmonyhotel.cz\/wp-content\/uploads\/2024\/06\/Masaze-Spindleruv-Mlyn-Harmony-Hotel-Spindleruv-Mlyn-Bankovani-1600x1098.jpg 1600w\" sizes=\"auto, (max-width: 800px) 100vw, 800px\" \/><\/a><\/figure><\/div>\n\n\n\n<div class=\"wp-block-media-text is-stacked-on-mobile is-image-fill-element\"><figure class=\"wp-block-media-text__media\"><a href=\"https:\/\/harmonyhotel.cz\/wp-content\/uploads\/2024\/06\/Masaze-Spindleruv-Mlyn-Harmony-Hotel-Spindleruv-Mlyn-Masaz-lavovymi-kameny-scaled.jpg\"><img loading=\"lazy\" decoding=\"async\" width=\"800\" height=\"532\" src=\"https:\/\/harmonyhotel.cz\/wp-content\/uploads\/2024\/06\/Masaze-Spindleruv-Mlyn-Harmony-Hotel-Spindleruv-Mlyn-Masaz-lavovymi-kameny-800x532.jpg\" alt=\"Masa\u017c Szpindlerowy M\u0142yn - Harmony Hotel Szpindlerowy M\u0142yn - Masa\u017c kamieniami lawowymi\" class=\"wp-image-700 size-medium\" style=\"object-position:50% 50%\" srcset=\"https:\/\/harmonyhotel.cz\/wp-content\/uploads\/2024\/06\/Masaze-Spindleruv-Mlyn-Harmony-Hotel-Spindleruv-Mlyn-Masaz-lavovymi-kameny-800x532.jpg 800w, https:\/\/harmonyhotel.cz\/wp-content\/uploads\/2024\/06\/Masaze-Spindleruv-Mlyn-Harmony-Hotel-Spindleruv-Mlyn-Masaz-lavovymi-kameny-1600x1065.jpg 1600w\" sizes=\"auto, (max-width: 800px) 100vw, 800px\" \/><\/a><\/figure><div class=\"wp-block-media-text__content\">\n<h2 class=\"wp-block-heading\">Masa\u017c kamieniami lawowymi<\/h2>\n\n\n\n<p>Masa\u017c kamieniami lawowymi to po\u0142\u0105czenie specjalnych technik masa\u017cu, kt\u00f3re w po\u0142\u0105czeniu z gor\u0105cymi kamieniami lawowymi maj\u0105 silne dzia\u0142anie terapeutyczne, relaksuj\u0105ce i odpr\u0119\u017caj\u0105ce. Masa\u017c s\u0142u\u017cy pobudzeniu kr\u0105\u017cenia krwi i uk\u0142adu limfatycznego. Rozgrzewa ca\u0142e cia\u0142o, pomaga w detoksykacji organizmu i r\u00f3wnowa\u017cy energi\u0119 w ciele. Jest doskona\u0142y na b\u00f3le plec\u00f3w i staw\u00f3w. Kamienie lawowe s\u0105 doskona\u0142ymi akumulatorami ciep\u0142a i przyczyniaj\u0105 si\u0119 do przyspieszonej regeneracji tkanek. Jednocze\u015bnie maj\u0105 silne wibracje energetyczne.<\/p>\n\n\n\n<div style=\"height:20px\" aria-hidden=\"true\" class=\"wp-block-spacer\"><\/div>\n\n\n\n<figure class=\"wp-block-table is-style-stripes\"><table><tbody><tr><td><strong>Masa\u017c ca\u0142o\u015bciowy&nbsp;<\/strong>(plecy, nogi)<\/td><td>60 min<\/td><td>1 590 K\u010d<\/td><\/tr><tr><td><strong>Masa\u017c cz\u0119\u015bciowy<\/strong>&nbsp;(plecy)<\/td><td>30 min<\/td><td>890 K\u010d<\/td><\/tr><\/tbody><\/table><\/figure>\n<\/div><\/div>\n\n\n\n<div class=\"wp-block-media-text has-media-on-the-right is-stacked-on-mobile is-image-fill-element\"><div class=\"wp-block-media-text__content\">\n<h2 class=\"wp-block-heading\">Masa\u017c i ok\u0142ad czekoladowy<\/h2>\n\n\n\n<p>Luksusowy zabieg, doskona\u0142y do wyg\u0142adzania i upi\u0119kszania sk\u00f3ry, usuwania cellulitu, zmywania toksycznych substancji, rozlu\u017aniania zesztywnia\u0142ych mi\u0119\u015bni, a tak\u017ce kompleksowego relaksu psychicznego i harmonizacji cia\u0142a i duszy. Po zabiegu czekoladowym poczujesz si\u0119 od\u015bwie\u017cony, zrelaksowany, wypocz\u0119ty i, dzi\u0119ki zdolno\u015bci czekolady do uwalniania endorfin, szcz\u0119\u015bliwy.<\/p>\n\n\n\n<div style=\"height:20px\" aria-hidden=\"true\" class=\"wp-block-spacer\"><\/div>\n\n\n\n<figure class=\"wp-block-table is-style-stripes\"><table><tbody><tr><td><strong>\u010cokol\u00e1dov\u00e1 mas\u00e1\u017e<\/strong>&nbsp;z ok\u0142adem<\/td><td>100 min<\/td><td>2 090 K\u010d<\/td><\/tr><\/tbody><\/table><\/figure>\n<\/div><figure class=\"wp-block-media-text__media\"><a href=\"https:\/\/harmonyhotel.cz\/wp-content\/uploads\/2024\/06\/Masaze-Spindleruv-Mlyn-Harmony-Hotel-Spindleruv-Mlyn-1-scaled.jpg\"><img loading=\"lazy\" decoding=\"async\" width=\"800\" height=\"532\" src=\"https:\/\/harmonyhotel.cz\/wp-content\/uploads\/2024\/06\/Masaze-Spindleruv-Mlyn-Harmony-Hotel-Spindleruv-Mlyn-1-800x532.jpg\" alt=\"Masa\u017c Szpindlerowy M\u0142yn - Harmony Hotel Szpindlerowy M\u0142yn\" class=\"wp-image-654 size-medium\" style=\"object-position:50% 50%\" srcset=\"https:\/\/harmonyhotel.cz\/wp-content\/uploads\/2024\/06\/Masaze-Spindleruv-Mlyn-Harmony-Hotel-Spindleruv-Mlyn-1-800x532.jpg 800w, https:\/\/harmonyhotel.cz\/wp-content\/uploads\/2024\/06\/Masaze-Spindleruv-Mlyn-Harmony-Hotel-Spindleruv-Mlyn-1-1600x1065.jpg 1600w\" sizes=\"auto, (max-width: 800px) 100vw, 800px\" \/><\/a><\/figure><\/div>\n\n\n\n<div class=\"wp-block-media-text is-stacked-on-mobile is-image-fill-element\"><figure class=\"wp-block-media-text__media\"><a href=\"https:\/\/harmonyhotel.cz\/wp-content\/uploads\/2024\/06\/Masaze-Spindleruv-Mlyn-Harmony-Hotel-Spindleruv-Mlyn-Medova-masaz-a-zabal-scaled.jpg\"><img loading=\"lazy\" decoding=\"async\" width=\"800\" height=\"549\" src=\"https:\/\/harmonyhotel.cz\/wp-content\/uploads\/2024\/06\/Masaze-Spindleruv-Mlyn-Harmony-Hotel-Spindleruv-Mlyn-Medova-masaz-a-zabal-800x549.jpg\" alt=\"Mas\u00e1\u017ee \u0160pindler\u016fv Ml\u00fdn - Harmony Hotel \u0160pindler\u016fv Ml\u00fdn - Medov\u00e1 mas\u00e1\u017e a z\u00e1bal\" class=\"wp-image-704 size-medium\" style=\"object-position:50% 50%\" srcset=\"https:\/\/harmonyhotel.cz\/wp-content\/uploads\/2024\/06\/Masaze-Spindleruv-Mlyn-Harmony-Hotel-Spindleruv-Mlyn-Medova-masaz-a-zabal-800x549.jpg 800w, https:\/\/harmonyhotel.cz\/wp-content\/uploads\/2024\/06\/Masaze-Spindleruv-Mlyn-Harmony-Hotel-Spindleruv-Mlyn-Medova-masaz-a-zabal-1600x1098.jpg 1600w\" sizes=\"auto, (max-width: 800px) 100vw, 800px\" \/><\/a><\/figure><div class=\"wp-block-media-text__content\">\n<h2 class=\"wp-block-heading\">Masa\u017c i ok\u0142ad miodowy<\/h2>\n\n\n\n<p>Masa\u017c miodowy to stara sprawdzona metoda lecznicza, kt\u00f3ra wykorzystuje detoksykuj\u0105ce i refleksyjne dzia\u0142anie miodu w po\u0142\u0105czeniu z poci\u0105gni\u0119ciami masa\u017cu uciskowego, zako\u0144czona ko\u0144cowym ok\u0142adem miodowym. Usuwa osady i toksyny z g\u0142\u0119bokich tkanek, rewitalizuj\u0105c w ten spos\u00f3b cia\u0142o. Masa\u017c miodem jest odpowiedni w przypadku wyczerpania i os\u0142abienia spowodowanego stresem, zaburzeniami nerwowymi i stanami niepokoju.<\/p>\n\n\n\n<div style=\"height:20px\" aria-hidden=\"true\" class=\"wp-block-spacer\"><\/div>\n\n\n\n<figure class=\"wp-block-table is-style-stripes\"><table><tbody><tr><td class=\"translation-block\">Masa\u017c i ok\u0142ad miodowy<\/td><td>90 min<\/td><td>1 990 CZK<\/td><\/tr><\/tbody><\/table><\/figure>\n<\/div><\/div>\n\n\n\n<div class=\"wp-block-media-text has-media-on-the-right is-stacked-on-mobile is-image-fill-element\"><div class=\"wp-block-media-text__content\">\n<h2 class=\"wp-block-heading\">Hawajski masa\u017c Lomi Lomi<\/h2>\n\n\n\n<p>Masa\u017c ten jest szczeg\u00f3lnie odpowiedni do stymulacji kr\u0105\u017cenia krwi i uk\u0142adu limfatycznego, wywo\u0142uje uczucie g\u0142\u0119bokiego relaksu i harmonizacji organizmu, \u0142agodzi b\u00f3le mi\u0119\u015bni, zm\u0119czenie i napi\u0119cie, rozlu\u017ania po\u0142\u0105czenia stawowe i detoksykuje organizm.<\/p>\n\n\n\n<div style=\"height:20px\" aria-hidden=\"true\" class=\"wp-block-spacer\"><\/div>\n\n\n\n<figure class=\"wp-block-table is-style-stripes\"><table><tbody><tr><td><strong>Lomi Lomi<\/strong>&nbsp;total<\/td><td>60 min<\/td><td>1 390 CZK<\/td><\/tr><tr><td><strong>Lomi Lomi<\/strong>&nbsp;\u010d\u00e1ste\u010dn\u00e1 mas\u00e1\u017e (z\u00e1da, \u0161\u00edje)<\/td><td>30 min<\/td><td>790 CZK<\/td><\/tr><\/tbody><\/table><\/figure>\n<\/div><figure class=\"wp-block-media-text__media\"><a href=\"https:\/\/harmonyhotel.cz\/wp-content\/uploads\/2024\/06\/Masaze-Spindleruv-Mlyn-Harmony-Hotel-Spindleruv-Mlyn-Masaz-scaled.jpg\"><img loading=\"lazy\" decoding=\"async\" width=\"800\" height=\"533\" src=\"https:\/\/harmonyhotel.cz\/wp-content\/uploads\/2024\/06\/Masaze-Spindleruv-Mlyn-Harmony-Hotel-Spindleruv-Mlyn-Masaz-800x533.jpg\" alt=\"Mas\u00e1\u017ee \u0160pindler\u016fv Ml\u00fdn - Harmony Hotel \u0160pindler\u016fv Ml\u00fdn - Mas\u00e1\u017e\" class=\"wp-image-701 size-medium\" style=\"object-position:50% 50%\" srcset=\"https:\/\/harmonyhotel.cz\/wp-content\/uploads\/2024\/06\/Masaze-Spindleruv-Mlyn-Harmony-Hotel-Spindleruv-Mlyn-Masaz-800x533.jpg 800w, https:\/\/harmonyhotel.cz\/wp-content\/uploads\/2024\/06\/Masaze-Spindleruv-Mlyn-Harmony-Hotel-Spindleruv-Mlyn-Masaz-1600x1066.jpg 1600w\" sizes=\"auto, (max-width: 800px) 100vw, 800px\" \/><\/a><\/figure><\/div>\n\n\n\n<div class=\"wp-block-media-text is-stacked-on-mobile is-image-fill-element\"><figure class=\"wp-block-media-text__media\"><a href=\"https:\/\/harmonyhotel.cz\/wp-content\/uploads\/2024\/06\/Masaze-Spindleruv-Mlyn-Harmony-Hotel-Spindleruv-Mlyn-Liftingova-masaz-obliceje-scaled.jpg\"><img loading=\"lazy\" decoding=\"async\" width=\"800\" height=\"549\" src=\"https:\/\/harmonyhotel.cz\/wp-content\/uploads\/2024\/06\/Masaze-Spindleruv-Mlyn-Harmony-Hotel-Spindleruv-Mlyn-Liftingova-masaz-obliceje-800x549.jpg\" alt=\"Mas\u00e1\u017ee \u0160pindler\u016fv Ml\u00fdn - Harmony Hotel \u0160pindler\u016fv Ml\u00fdn - Liftingov\u00e1 mas\u00e1\u017e obli\u010deje\" class=\"wp-image-707 size-medium\" style=\"object-position:50% 50%\" srcset=\"https:\/\/harmonyhotel.cz\/wp-content\/uploads\/2024\/06\/Masaze-Spindleruv-Mlyn-Harmony-Hotel-Spindleruv-Mlyn-Liftingova-masaz-obliceje-800x549.jpg 800w, https:\/\/harmonyhotel.cz\/wp-content\/uploads\/2024\/06\/Masaze-Spindleruv-Mlyn-Harmony-Hotel-Spindleruv-Mlyn-Liftingova-masaz-obliceje-1600x1098.jpg 1600w\" sizes=\"auto, (max-width: 800px) 100vw, 800px\" \/><\/a><\/figure><div class=\"wp-block-media-text__content\">\n<h2 class=\"wp-block-heading\">Liftinguj\u0105cy masa\u017c twarzy<\/h2>\n\n\n\n<p>Obejmuje zabieg na sk\u00f3r\u0119 i dekolt z ukierunkowanymi technikami masa\u017cu wywo\u0142uj\u0105cymi g\u0142\u0119boki relaks i rozlu\u017anienie mi\u0119\u015bni twarzy. Zastosowanie produkt\u00f3w z kwasem hialuronowym zapewnia natychmiastowy efekt liftingu<\/p>\n\n\n\n<div style=\"height:20px\" aria-hidden=\"true\" class=\"wp-block-spacer\"><\/div>\n\n\n\n<figure class=\"wp-block-table is-style-stripes\"><table><tbody><tr><td><strong>Liftinguj\u0105cy masa\u017c twarzy<\/strong><\/td><td>60 min<\/td><td>1 490 K\u010d<\/td><\/tr><\/tbody><\/table><\/figure>\n<\/div><\/div>\n\n\n\n<div class=\"wp-block-media-text has-media-on-the-right is-stacked-on-mobile is-image-fill-element\"><div class=\"wp-block-media-text__content\">\n<h2 class=\"wp-block-heading\">Indyjski masa\u017c g\u0142owy <\/h2>\n\n\n\n<p>Indyjski masa\u017c g\u0142owy to bardzo delikatny masa\u017c g\u0142owy, szyi, ramion i g\u00f3rnej cz\u0119\u015bci r\u0105k, kt\u00f3ry skutecznie \u0142agodzi napi\u0119cie w odpowiednich grupach mi\u0119\u015bniowych, zmniejsza ewentualne b\u00f3le g\u0142owy lub oczu oraz wprowadza uczucie psychicznego komfortu i spokoju.<\/p>\n\n\n\n<div style=\"height:20px\" aria-hidden=\"true\" class=\"wp-block-spacer\"><\/div>\n\n\n\n<figure class=\"wp-block-table is-style-stripes\"><table><tbody><tr><td><strong>Indyjski masa\u017c g\u0142owy <\/strong><\/td><td>30 min<\/td><td>690 CZK<\/td><\/tr><tr><td><strong>Indyjski masa\u017c g\u0142owy <\/strong><\/td><td>45 min<\/td><td>950 K\u010d<\/td><\/tr><\/tbody><\/table><\/figure>\n<\/div><figure class=\"wp-block-media-text__media\"><a href=\"https:\/\/harmonyhotel.cz\/wp-content\/uploads\/2025\/04\/IMH-3-970x647-1.jpg\"><img loading=\"lazy\" decoding=\"async\" width=\"970\" height=\"647\" src=\"https:\/\/harmonyhotel.cz\/wp-content\/uploads\/2025\/04\/IMH-3-970x647-1.jpg\" alt=\"\" class=\"wp-image-1533 size-medium\" style=\"object-position:50% 50%\" srcset=\"https:\/\/harmonyhotel.cz\/wp-content\/uploads\/2025\/04\/IMH-3-970x647-1.jpg 970w, https:\/\/harmonyhotel.cz\/wp-content\/uploads\/2025\/04\/IMH-3-970x647-1-800x534.jpg 800w, https:\/\/harmonyhotel.cz\/wp-content\/uploads\/2025\/04\/IMH-3-970x647-1-18x12.jpg 18w\" sizes=\"auto, (max-width: 970px) 100vw, 970px\" \/><\/a><\/figure><\/div>\n\n\n\n<div class=\"wp-block-media-text is-stacked-on-mobile is-image-fill-element\"><figure class=\"wp-block-media-text__media\"><a href=\"https:\/\/harmonyhotel.cz\/wp-content\/uploads\/2025\/04\/263166245-1170x658.jpg.webp\"><img loading=\"lazy\" decoding=\"async\" width=\"1170\" height=\"658\" src=\"https:\/\/harmonyhotel.cz\/wp-content\/uploads\/2025\/04\/263166245-1170x658.jpg.webp\" alt=\"\" class=\"wp-image-1535 size-medium\" style=\"object-position:50% 50%\" srcset=\"https:\/\/harmonyhotel.cz\/wp-content\/uploads\/2025\/04\/263166245-1170x658.jpg.webp 1170w, https:\/\/harmonyhotel.cz\/wp-content\/uploads\/2025\/04\/263166245-1170x658.jpg-800x450.webp 800w, https:\/\/harmonyhotel.cz\/wp-content\/uploads\/2025\/04\/263166245-1170x658.jpg-18x10.webp 18w\" sizes=\"auto, (max-width: 1170px) 100vw, 1170px\" \/><\/a><\/figure><div class=\"wp-block-media-text__content\">\n<h2 class=\"wp-block-heading\">Refleksoterapia st\u00f3p<\/h2>\n\n\n\n<p>Masa\u017c st\u00f3p ma bardzo g\u0142\u0119bok\u0105 tradycj\u0119 leczenia. Teoretyczn\u0105 podstaw\u0105 refleksologii jest doktryna meridian\u00f3w cia\u0142a, czyli energetycznych \u015bcie\u017cek, kt\u00f3re \u0142\u0105cz\u0105 stopy ze wszystkimi organami cia\u0142a. Polega to na stymulowaniu punkt\u00f3w refleksyjnych poszczeg\u00f3lnych narz\u0105d\u00f3w ludzkich, masowaniu mi\u0119\u015bni \u0142ydek, wmasowywaniu naturalnego oleju do masa\u017cu w stopy oraz, co nie mniej wa\u017cne, rozci\u0105ganiu i relaksowaniu poszczeg\u00f3lnych palc\u00f3w u st\u00f3p oraz zwi\u0105zanych z nimi stref refleksyjnych.<\/p>\n\n\n\n<div style=\"height:20px\" aria-hidden=\"true\" class=\"wp-block-spacer\"><\/div>\n\n\n\n<figure class=\"wp-block-table is-style-stripes\"><table><tbody><tr><td><strong>Refleksoterapia st\u00f3p<\/strong><\/td><td>50 min<\/td><td>1 190 CZK<\/td><\/tr><\/tbody><\/table><\/figure>\n<\/div><\/div>\n\n\n\n<p><\/p>","protected":false},"excerpt":{"rendered":"<p>Opr\u00f3cz zdrowego od\u017cywiania, sportu i relaksu, wellness s\u0105 istotn\u0105 cz\u0119\u015bci\u0105 zdrowego stylu \u017cycia. Terapie wellness i relaksacyjne obejmuj\u0105 masa\u017ce, kt\u00f3rych szerok\u0105 gam\u0119 przygotowali\u015bmy dla Ciebie. Mo\u017cesz cieszy\u0107 si\u0119 specjalnymi masa\u017cami relaksacyjnymi lub klasycznymi masa\u017cami sportowymi, a wszystko to w pi\u0119knym otoczeniu nowo wybudowanego \u015bwiata saun i jego strefy relaksu.<\/p>","protected":false},"author":1,"featured_media":708,"parent":15,"menu_order":0,"comment_status":"closed","ping_status":"closed","template":"","meta":{"footnotes":""},"class_list":["post-669","page","type-page","status-publish","has-post-thumbnail","hentry"],"_links":{"self":[{"href":"https:\/\/harmonyhotel.cz\/pl\/wp-json\/wp\/v2\/pages\/669","targetHints":{"allow":["GET"]}}],"collection":[{"href":"https:\/\/harmonyhotel.cz\/pl\/wp-json\/wp\/v2\/pages"}],"about":[{"href":"https:\/\/harmonyhotel.cz\/pl\/wp-json\/wp\/v2\/types\/page"}],"author":[{"embeddable":true,"href":"https:\/\/harmonyhotel.cz\/pl\/wp-json\/wp\/v2\/users\/1"}],"replies":[{"embeddable":true,"href":"https:\/\/harmonyhotel.cz\/pl\/wp-json\/wp\/v2\/comments?post=669"}],"version-history":[{"count":5,"href":"https:\/\/harmonyhotel.cz\/pl\/wp-json\/wp\/v2\/pages\/669\/revisions"}],"predecessor-version":[{"id":2001,"href":"https:\/\/harmonyhotel.cz\/pl\/wp-json\/wp\/v2\/pages\/669\/revisions\/2001"}],"up":[{"embeddable":true,"href":"https:\/\/harmonyhotel.cz\/pl\/wp-json\/wp\/v2\/pages\/15"}],"wp:featuredmedia":[{"embeddable":true,"href":"https:\/\/harmonyhotel.cz\/pl\/wp-json\/wp\/v2\/media\/708"}],"wp:attachment":[{"href":"https:\/\/harmonyhotel.cz\/pl\/wp-json\/wp\/v2\/media?parent=669"}],"curies":[{"name":"wp","href":"https:\/\/api.w.org\/{rel}","templated":true}]}}