{"id":665,"date":"2024-06-11T23:45:38","date_gmt":"2024-06-11T21:45:38","guid":{"rendered":"https:\/\/harmonyhotel.cz\/?page_id=665"},"modified":"2025-07-31T14:00:53","modified_gmt":"2025-07-31T12:00:53","slug":"swiat-sauny","status":"publish","type":"page","link":"https:\/\/harmonyhotel.cz\/pl\/wellness\/saunovy-svet\/","title":{"rendered":"\u015awiat Sauny"},"content":{"rendered":"<p class=\"has-text-align-center\">Centrum odnowy biologicznej hotelu Harmony zaspokoi nawet najbardziej wymagaj\u0105ce potrzeby relaksu i odpoczynku. Luksusowy wystr\u00f3j, szereg saun r\u00f3\u017cnego typu oraz strefa relaksu stanowi\u0105 istotn\u0105 cz\u0119\u015b\u0107 nowo otwartego \u015awiata Saun, kt\u00f3rego oferta przekroczy naj\u015bmielsze oczekiwania.<\/p>\n\n\n\n<div style=\"height:50px\" aria-hidden=\"true\" class=\"wp-block-spacer\"><\/div>\n\n\n\n<div class=\"wp-block-media-text has-media-on-the-right is-stacked-on-mobile is-image-fill-element\"><div class=\"wp-block-media-text__content\">\n<h2 class=\"wp-block-heading\">Du\u017ca sauna fi\u0144ska<\/h2>\n\n\n\n<p>Jest odpowiednia dla os\u00f3b zdrowych w celu zachowania i wzmocnienia kondycji, rozgrzania cia\u0142a, rozlu\u017anienia mi\u0119\u015bni, ukrwienia sk\u00f3ry, oczyszczenia por\u00f3w i usuni\u0119cia stresu. Atmosfera sauny pomaga stworzy\u0107 przyjemne uczucie.<\/p>\n\n\n\n<p>Teplota vzduchu:&nbsp;cca <strong>90 \u00b0C<\/strong><br>Vlhkost vzduchu:&nbsp;cca <strong>20 \u2013 30 %<\/strong><br>Zalecany czas przebywania:&nbsp;<strong>5-15 minut<\/strong><\/p>\n<\/div><figure class=\"wp-block-media-text__media\"><a href=\"https:\/\/harmonyhotel.cz\/wp-content\/uploads\/2025\/07\/2024_06_25_9647_EOS_R5_LRN-1-scaled.jpg\"><img loading=\"lazy\" decoding=\"async\" width=\"1600\" height=\"1058\" src=\"https:\/\/harmonyhotel.cz\/wp-content\/uploads\/2025\/07\/2024_06_25_9647_EOS_R5_LRN-1-1600x1058.jpg\" alt=\"\" class=\"wp-image-1987 size-medium\" style=\"object-position:50% 50%\" srcset=\"https:\/\/harmonyhotel.cz\/wp-content\/uploads\/2025\/07\/2024_06_25_9647_EOS_R5_LRN-1-1600x1058.jpg 1600w, https:\/\/harmonyhotel.cz\/wp-content\/uploads\/2025\/07\/2024_06_25_9647_EOS_R5_LRN-1-800x529.jpg 800w, https:\/\/harmonyhotel.cz\/wp-content\/uploads\/2025\/07\/2024_06_25_9647_EOS_R5_LRN-1-18x12.jpg 18w\" sizes=\"auto, (max-width: 1600px) 100vw, 1600px\" \/><\/a><\/figure><\/div>\n\n\n\n<div class=\"wp-block-media-text is-stacked-on-mobile\"><figure class=\"wp-block-media-text__media\"><a href=\"https:\/\/harmonyhotel.cz\/wp-content\/uploads\/2024\/06\/Wellness-Spindleruv-Mlyn-Harmony-Hotel-Spindleruv-Mlyn-Sauna-9-scaled.jpg\"><img loading=\"lazy\" decoding=\"async\" width=\"800\" height=\"532\" src=\"https:\/\/harmonyhotel.cz\/wp-content\/uploads\/2024\/06\/Wellness-Spindleruv-Mlyn-Harmony-Hotel-Spindleruv-Mlyn-Sauna-9-800x532.jpg\" alt=\"Wellness Szpindlerowy M\u0142yn - Harmony Hotel Szpindlerowy M\u0142yn - Sauna\" class=\"wp-image-688 size-medium\" srcset=\"https:\/\/harmonyhotel.cz\/wp-content\/uploads\/2024\/06\/Wellness-Spindleruv-Mlyn-Harmony-Hotel-Spindleruv-Mlyn-Sauna-9-800x532.jpg 800w, https:\/\/harmonyhotel.cz\/wp-content\/uploads\/2024\/06\/Wellness-Spindleruv-Mlyn-Harmony-Hotel-Spindleruv-Mlyn-Sauna-9-1600x1065.jpg 1600w\" sizes=\"auto, (max-width: 800px) 100vw, 800px\" \/><\/a><\/figure><div class=\"wp-block-media-text__content\">\n<h2 class=\"wp-block-heading\">Sauna tropikalna<\/h2>\n\n\n\n<p>Jest odpowiednia dla os\u00f3b zdrowych, aby utrzyma\u0107 i wzmocni\u0107 kondycj\u0119, rozgrza\u0107 cia\u0142o, rozlu\u017ani\u0107 mi\u0119\u015bnie, poprawi\u0107 kr\u0105\u017cenie krwi, oczy\u015bci\u0107 pory i z\u0142agodzi\u0107 stres. Przyjemne uczucie sauny jest wzmocnione \u0142agodnym aromatem cytrusowym. Jest to rodzaj sauny fi\u0144skiej o wy\u017cszej wilgotno\u015bci.<\/p>\n\n\n\n<p>Teplota vzduchu:&nbsp;cca <strong>70 \u00b0C<\/strong><br>Vlhkost vzduchu:&nbsp;cca <strong>35 \u2013 55 %<\/strong><br>Zalecany czas przebywania:&nbsp;<strong>10 \u2013 15 minut<\/strong><\/p>\n<\/div><\/div>\n\n\n\n<div class=\"wp-block-media-text has-media-on-the-right is-stacked-on-mobile is-image-fill-element\"><div class=\"wp-block-media-text__content\">\n<h2 class=\"wp-block-heading\">Sauna eukaliptusowa (kabina)<\/h2>\n\n\n\n<p>Jest on przeznaczony do delikatnego, aromatycznego ogrzewania cia\u0142a, co ma korzystny wp\u0142yw na g\u00f3rne drogi oddechowe. Komfort w kabinie zwi\u0119kszaj\u0105 podgrzewane fotele.<\/p>\n\n\n\n<p>Teplota vzduchu:&nbsp;cca <strong>40 \u00b0C<\/strong><br>Vlhkost vzduchu:&nbsp;cca <strong>20 %<\/strong><br>Zalecany czas przebywania:&nbsp;<strong>15 minut<\/strong><\/p>\n<\/div><figure class=\"wp-block-media-text__media\"><a href=\"https:\/\/harmonyhotel.cz\/wp-content\/uploads\/2025\/07\/2024_06_25_9699_EOS_R5_LRN-1-scaled.jpg\"><img loading=\"lazy\" decoding=\"async\" width=\"1600\" height=\"1042\" src=\"https:\/\/harmonyhotel.cz\/wp-content\/uploads\/2025\/07\/2024_06_25_9699_EOS_R5_LRN-1-1600x1042.jpg\" alt=\"\" class=\"wp-image-1992 size-medium\" style=\"object-position:50% 50%\" srcset=\"https:\/\/harmonyhotel.cz\/wp-content\/uploads\/2025\/07\/2024_06_25_9699_EOS_R5_LRN-1-1600x1042.jpg 1600w, https:\/\/harmonyhotel.cz\/wp-content\/uploads\/2025\/07\/2024_06_25_9699_EOS_R5_LRN-1-800x521.jpg 800w, https:\/\/harmonyhotel.cz\/wp-content\/uploads\/2025\/07\/2024_06_25_9699_EOS_R5_LRN-1-18x12.jpg 18w\" sizes=\"auto, (max-width: 1600px) 100vw, 1600px\" \/><\/a><\/figure><\/div>\n\n\n\n<div class=\"wp-block-media-text is-stacked-on-mobile is-image-fill-element\"><figure class=\"wp-block-media-text__media\"><a href=\"https:\/\/harmonyhotel.cz\/wp-content\/uploads\/2025\/07\/2024_06_25_9654_EOS_R5_LRN-scaled.jpg\"><img loading=\"lazy\" decoding=\"async\" width=\"1600\" height=\"1055\" src=\"https:\/\/harmonyhotel.cz\/wp-content\/uploads\/2025\/07\/2024_06_25_9654_EOS_R5_LRN-1600x1055.jpg\" alt=\"\" class=\"wp-image-1892 size-medium\" style=\"object-position:50% 50%\" srcset=\"https:\/\/harmonyhotel.cz\/wp-content\/uploads\/2025\/07\/2024_06_25_9654_EOS_R5_LRN-1600x1055.jpg 1600w, https:\/\/harmonyhotel.cz\/wp-content\/uploads\/2025\/07\/2024_06_25_9654_EOS_R5_LRN-800x527.jpg 800w, https:\/\/harmonyhotel.cz\/wp-content\/uploads\/2025\/07\/2024_06_25_9654_EOS_R5_LRN-18x12.jpg 18w\" sizes=\"auto, (max-width: 1600px) 100vw, 1600px\" \/><\/a><\/figure><div class=\"wp-block-media-text__content\">\n<h2 class=\"wp-block-heading\">Sauna parowa (\u0142a\u017ania)<\/h2>\n\n\n\n<p>Jest on przeznaczony do delikatnego, aromatycznego ogrzewania cia\u0142a, co ma korzystny wp\u0142yw na g\u00f3rne drogi oddechowe. Komfort w kabinie zwi\u0119kszaj\u0105 podgrzewane fotele.<\/p>\n\n\n\n<p>Teplota vzduchu:&nbsp;cca <strong>50 \u00b0C<\/strong><br>Vlhkost vzduchu:&nbsp;cca <strong>100 %<\/strong><br>Zalecany czas przebywania:&nbsp;<strong>15 minut<\/strong><\/p>\n<\/div><\/div>\n\n\n\n<div class=\"wp-block-media-text has-media-on-the-right is-stacked-on-mobile is-image-fill-element\"><div class=\"wp-block-media-text__content\">\n<h2 class=\"wp-block-heading\">Sauna zio\u0142owa (\u0142a\u017ania)<\/h2>\n\n\n\n<p>Dozowany aromat zio\u0142owy, sk\u0142adaj\u0105cy si\u0119 z mieszanki dobroczynnych zi\u00f3\u0142, wywo\u0142uje przyjemne uczucie relaksu i doskona\u0142ego odpr\u0119\u017cenia. Temperatura w saunie jest ni\u017csza, a sauna jest wyposa\u017cona w podgrzewane siedziska.<\/p>\n\n\n\n<p>Teplota vzduchu:&nbsp;cca <strong>45 \u2013 55 \u00b0C<\/strong><br>Vlhkost vzduchu:&nbsp;cca <strong>40 \u2013 50 %<\/strong><br>Zalecany czas przebywania:&nbsp;<strong>10 minut<\/strong><\/p>\n<\/div><figure class=\"wp-block-media-text__media\"><a href=\"https:\/\/harmonyhotel.cz\/wp-content\/uploads\/2025\/07\/2024_06_25_9627_EOS_R5_LRN-1-scaled.jpg\"><img loading=\"lazy\" decoding=\"async\" width=\"1600\" height=\"1044\" src=\"https:\/\/harmonyhotel.cz\/wp-content\/uploads\/2025\/07\/2024_06_25_9627_EOS_R5_LRN-1-1600x1044.jpg\" alt=\"\" class=\"wp-image-1994 size-medium\" style=\"object-position:50% 50%\" srcset=\"https:\/\/harmonyhotel.cz\/wp-content\/uploads\/2025\/07\/2024_06_25_9627_EOS_R5_LRN-1-1600x1044.jpg 1600w, https:\/\/harmonyhotel.cz\/wp-content\/uploads\/2025\/07\/2024_06_25_9627_EOS_R5_LRN-1-800x522.jpg 800w, https:\/\/harmonyhotel.cz\/wp-content\/uploads\/2025\/07\/2024_06_25_9627_EOS_R5_LRN-1-18x12.jpg 18w\" sizes=\"auto, (max-width: 1600px) 100vw, 1600px\" \/><\/a><\/figure><\/div>\n\n\n\n<div class=\"wp-block-media-text is-stacked-on-mobile is-image-fill-element\"><figure class=\"wp-block-media-text__media\"><a href=\"https:\/\/harmonyhotel.cz\/wp-content\/uploads\/2025\/07\/2024_06_25_9660_EOS_R5_LRN-scaled.jpg\"><img loading=\"lazy\" decoding=\"async\" width=\"1600\" height=\"1067\" src=\"https:\/\/harmonyhotel.cz\/wp-content\/uploads\/2025\/07\/2024_06_25_9660_EOS_R5_LRN-1600x1067.jpg\" alt=\"\" class=\"wp-image-1995 size-medium\" style=\"object-position:50% 50%\" srcset=\"https:\/\/harmonyhotel.cz\/wp-content\/uploads\/2025\/07\/2024_06_25_9660_EOS_R5_LRN-1600x1067.jpg 1600w, https:\/\/harmonyhotel.cz\/wp-content\/uploads\/2025\/07\/2024_06_25_9660_EOS_R5_LRN-800x533.jpg 800w, https:\/\/harmonyhotel.cz\/wp-content\/uploads\/2025\/07\/2024_06_25_9660_EOS_R5_LRN-18x12.jpg 18w\" sizes=\"auto, (max-width: 1600px) 100vw, 1600px\" \/><\/a><\/figure><div class=\"wp-block-media-text__content\">\n<h2 class=\"wp-block-heading\">Chodnik Kneippa<\/h2>\n\n\n\n<p>Hydroterapia Kneippa charakteryzuje si\u0119 naprzemiennym stosowaniem ciep\u0142ej i zimnej wody. Kamyczki na dnie pojemnik\u00f3w z wod\u0105 masuj\u0105 stopy, a zmienna temperatura wody poprawia kr\u0105\u017cenie krwi. Ciep\u0142e k\u0105piele pomagaj\u0105 w dolegliwo\u015bciach uk\u0142adu oddechowego, podczas gdy zimne k\u0105piele trenuj\u0105 uk\u0142ad naczyniowy, odpowiednie na przyk\u0142ad dla chronicznie zimnych st\u00f3p i spoconych st\u00f3p. K\u0105piele naprzemienne poprawiaj\u0105 kr\u0105\u017cenie krwi we wszystkich obszarach cia\u0142a i s\u0105 stosowane przy skurczach uk\u0142adu naczyniowego, a tak\u017ce przy przezi\u0119bieniach i innych dolegliwo\u015bciach.<\/p>\n<\/div><\/div>\n\n\n\n<div class=\"wp-block-media-text has-media-on-the-right is-stacked-on-mobile is-image-fill-element\"><div class=\"wp-block-media-text__content\">\n<h2 class=\"wp-block-heading\">Ch\u0142odzenie<\/h2>\n\n\n\n<p>Nieod\u0142\u0105cznym elementem sauny jest p\u00f3\u017aniejsze sch\u0142adzanie zimn\u0105 wod\u0105. Mo\u017ce ono przybra\u0107 kilka form - oferujemy tradycyjne sch\u0142adzanie za pomoc\u0105 wisz\u0105cego wiadra z lodowat\u0105 wod\u0105 lub klasyczny prysznic lodowy. Dla bardziej odwa\u017cnych dost\u0119pne jest ch\u0142odzenie w basenie ch\u0142odz\u0105cym, kt\u00f3re uzupe\u0142nia mo\u017cliwo\u015b\u0107 zimnego strumienia wody wyp\u0142ywaj\u0105cego z fali projektowej nad basenem.<\/p>\n<\/div><figure class=\"wp-block-media-text__media\"><a href=\"https:\/\/harmonyhotel.cz\/wp-content\/uploads\/2025\/07\/2024_06_25_9676_EOS_R5_LRN-1-scaled.jpg\"><img loading=\"lazy\" decoding=\"async\" width=\"1600\" height=\"1065\" src=\"https:\/\/harmonyhotel.cz\/wp-content\/uploads\/2025\/07\/2024_06_25_9676_EOS_R5_LRN-1-1600x1065.jpg\" alt=\"\" class=\"wp-image-1993 size-medium\" style=\"object-position:50% 50%\" srcset=\"https:\/\/harmonyhotel.cz\/wp-content\/uploads\/2025\/07\/2024_06_25_9676_EOS_R5_LRN-1-1600x1065.jpg 1600w, https:\/\/harmonyhotel.cz\/wp-content\/uploads\/2025\/07\/2024_06_25_9676_EOS_R5_LRN-1-800x532.jpg 800w, https:\/\/harmonyhotel.cz\/wp-content\/uploads\/2025\/07\/2024_06_25_9676_EOS_R5_LRN-1-18x12.jpg 18w\" sizes=\"auto, (max-width: 1600px) 100vw, 1600px\" \/><\/a><\/figure><\/div>\n\n\n\n<div class=\"wp-block-media-text is-stacked-on-mobile is-image-fill-element\"><figure class=\"wp-block-media-text__media\"><a href=\"https:\/\/harmonyhotel.cz\/wp-content\/uploads\/2025\/07\/2024_06_25_9634_EOS_R5_LRN-2-scaled.jpg\"><img loading=\"lazy\" decoding=\"async\" width=\"1600\" height=\"1071\" src=\"https:\/\/harmonyhotel.cz\/wp-content\/uploads\/2025\/07\/2024_06_25_9634_EOS_R5_LRN-2-1600x1071.jpg\" alt=\"\" class=\"wp-image-1990 size-medium\" style=\"object-position:50% 50%\" srcset=\"https:\/\/harmonyhotel.cz\/wp-content\/uploads\/2025\/07\/2024_06_25_9634_EOS_R5_LRN-2-1600x1071.jpg 1600w, https:\/\/harmonyhotel.cz\/wp-content\/uploads\/2025\/07\/2024_06_25_9634_EOS_R5_LRN-2-800x535.jpg 800w, https:\/\/harmonyhotel.cz\/wp-content\/uploads\/2025\/07\/2024_06_25_9634_EOS_R5_LRN-2-18x12.jpg 18w\" sizes=\"auto, (max-width: 1600px) 100vw, 1600px\" \/><\/a><\/figure><div class=\"wp-block-media-text__content\">\n<h2 class=\"wp-block-heading\">Strefa relaksu<\/h2>\n\n\n\n<p>Relaks jest integraln\u0105 cz\u0119\u015bci\u0105 ka\u017cdego zdrowego do\u015bwiadczenia w saunie.  Przygotowali\u015bmy dla Pa\u0144stwa pi\u0119kny pok\u00f3j relaksacyjny z muzyk\u0105, kt\u00f3ry jest cz\u0119\u015bci\u0105 \u015bwiata sauny, a pobyt w nim b\u0119dzie przyjemnym zako\u0144czeniem procesu saunowania dla ka\u017cdego z Pa\u0144stwa.<\/p>\n<\/div><\/div>\n\n\n\n<div class=\"wp-block-media-text has-media-on-the-right is-stacked-on-mobile is-image-fill-element\"><div class=\"wp-block-media-text__content\">\n<h2 class=\"wp-block-heading\">Kontakt i godziny otwarcia<\/h2>\n\n\n\n<p>+420 499 469 113<br>+420 499 469 111<br>wellness@harmonyhotel.cz<\/p>\n\n\n\n<p><strong>Codziennie, od 16:00 do 22:00<\/strong><\/p>\n<\/div><figure class=\"wp-block-media-text__media\"><a href=\"https:\/\/harmonyhotel.cz\/wp-content\/uploads\/2025\/07\/2024_06_25_9639_EOS_R5_LRN-2-scaled.jpg\"><img loading=\"lazy\" decoding=\"async\" width=\"1600\" height=\"1065\" src=\"https:\/\/harmonyhotel.cz\/wp-content\/uploads\/2025\/07\/2024_06_25_9639_EOS_R5_LRN-2-1600x1065.jpg\" alt=\"\" class=\"wp-image-1991 size-medium\" style=\"object-position:50% 50%\" srcset=\"https:\/\/harmonyhotel.cz\/wp-content\/uploads\/2025\/07\/2024_06_25_9639_EOS_R5_LRN-2-1600x1065.jpg 1600w, https:\/\/harmonyhotel.cz\/wp-content\/uploads\/2025\/07\/2024_06_25_9639_EOS_R5_LRN-2-800x532.jpg 800w, https:\/\/harmonyhotel.cz\/wp-content\/uploads\/2025\/07\/2024_06_25_9639_EOS_R5_LRN-2-18x12.jpg 18w\" sizes=\"auto, (max-width: 1600px) 100vw, 1600px\" \/><\/a><\/figure><\/div>\n\n\n\n<p><\/p>","protected":false},"excerpt":{"rendered":"<p>Wellness centrum Harmony Hotelu uspokoj\u00ed i ty nejn\u00e1ro\u010dn\u011bj\u0161\u00ed po\u017eadavky na relaxaci a odpo\u010dinek. Luxusn\u00ed design, nab\u00eddka saunov\u00fdch prostor r\u016fzn\u00e9ho typu a relaxa\u010dn\u00ed area jsou neodmyslitelnou sou\u010d\u00e1st\u00ed nov\u011b otev\u0159en\u00e9ho Saunov\u00e9ho sv\u011bta (Sauna World), jeho\u017e nab\u00eddka p\u0159ed\u010d\u00ed Va\u0161e o\u010dek\u00e1v\u00e1n\u00ed. 5 druh\u016f saun, Kneipp\u016fv chodn\u00edk, ochalzovac\u00ed a relaxa\u010dn\u00ed z\u00f3na v tom nejvy\u0161\u0161\u00edm standardu. Velk\u00e1 finsk\u00e1 sauna Je vhodn\u00e1 [&hellip;]<\/p>\n","protected":false},"author":1,"featured_media":652,"parent":15,"menu_order":0,"comment_status":"closed","ping_status":"closed","template":"","meta":{"footnotes":""},"class_list":["post-665","page","type-page","status-publish","has-post-thumbnail","hentry"],"_links":{"self":[{"href":"https:\/\/harmonyhotel.cz\/pl\/wp-json\/wp\/v2\/pages\/665","targetHints":{"allow":["GET"]}}],"collection":[{"href":"https:\/\/harmonyhotel.cz\/pl\/wp-json\/wp\/v2\/pages"}],"about":[{"href":"https:\/\/harmonyhotel.cz\/pl\/wp-json\/wp\/v2\/types\/page"}],"author":[{"embeddable":true,"href":"https:\/\/harmonyhotel.cz\/pl\/wp-json\/wp\/v2\/users\/1"}],"replies":[{"embeddable":true,"href":"https:\/\/harmonyhotel.cz\/pl\/wp-json\/wp\/v2\/comments?post=665"}],"version-history":[{"count":5,"href":"https:\/\/harmonyhotel.cz\/pl\/wp-json\/wp\/v2\/pages\/665\/revisions"}],"predecessor-version":[{"id":1996,"href":"https:\/\/harmonyhotel.cz\/pl\/wp-json\/wp\/v2\/pages\/665\/revisions\/1996"}],"up":[{"embeddable":true,"href":"https:\/\/harmonyhotel.cz\/pl\/wp-json\/wp\/v2\/pages\/15"}],"wp:featuredmedia":[{"embeddable":true,"href":"https:\/\/harmonyhotel.cz\/pl\/wp-json\/wp\/v2\/media\/652"}],"wp:attachment":[{"href":"https:\/\/harmonyhotel.cz\/pl\/wp-json\/wp\/v2\/media?parent=665"}],"curies":[{"name":"wp","href":"https:\/\/api.w.org\/{rel}","templated":true}]}}