{"id":631,"date":"2024-06-11T01:26:29","date_gmt":"2024-06-10T23:26:29","guid":{"rendered":"https:\/\/harmonyhotel.cz\/?page_id=631"},"modified":"2025-03-05T11:34:06","modified_gmt":"2025-03-05T10:34:06","slug":"hale-kryte","status":"publish","type":"page","link":"https:\/\/harmonyhotel.cz\/pl\/konference\/kryte-haly\/","title":{"rendered":"Hale kryte"},"content":{"rendered":"\n<div class=\"wp-block-media-text has-media-on-the-right is-stacked-on-mobile is-image-fill-element\"><div class=\"wp-block-media-text__content\">\n<h2 class=\"wp-block-heading\">Uspo\u0159\u00e1d\u00e1n\u00ed<\/h2>\n\n\n\n<ul class=\"wp-block-list\">\n<li>Plocha a\u017e 1200 m<sup>2<\/sup><\/li>\n<\/ul>\n\n\n\n<h2 class=\"wp-block-heading\">Vybaven\u00ed<\/h2>\n\n\n\n<ul class=\"wp-block-list\">\n<li>Z\u00e1suvka 220 V<\/li>\n\n\n\n<li>Telefon<\/li>\n\n\n\n<li>Mo\u017enost zaveden\u00ed vody a elekt\u0159iny pro jednotliv\u00e9 expozice<\/li>\n<\/ul>\n<\/div><figure class=\"wp-block-media-text__media\"><a href=\"https:\/\/harmonyhotel.cz\/wp-content\/uploads\/2024\/06\/Konference-Kongres-Harmony-Hotel-Spindleruv-Mlyn-KRYTE-HALY-2-scaled.jpg\"><img loading=\"lazy\" decoding=\"async\" width=\"1600\" height=\"1071\" src=\"https:\/\/harmonyhotel.cz\/wp-content\/uploads\/2024\/06\/Konference-Kongres-Harmony-Hotel-Spindleruv-Mlyn-KRYTE-HALY-2-1600x1071.jpg\" alt=\"Konference - Kongres - Harmony Hotel \u0160pindler\u016fv Ml\u00fdn - KRYT\u00c9 HALY\" class=\"wp-image-637 size-medium\" style=\"object-position:50% 50%\" srcset=\"https:\/\/harmonyhotel.cz\/wp-content\/uploads\/2024\/06\/Konference-Kongres-Harmony-Hotel-Spindleruv-Mlyn-KRYTE-HALY-2-1600x1071.jpg 1600w, https:\/\/harmonyhotel.cz\/wp-content\/uploads\/2024\/06\/Konference-Kongres-Harmony-Hotel-Spindleruv-Mlyn-KRYTE-HALY-2-800x536.jpg 800w\" sizes=\"auto, (max-width: 1600px) 100vw, 1600px\" \/><\/a><\/figure><\/div>\n\n\n\n<div style=\"height:50px\" aria-hidden=\"true\" class=\"wp-block-spacer\"><\/div>\n\n\n\n<figure class=\"wp-block-gallery has-nested-images columns-4 is-cropped wp-block-gallery-1 is-layout-flex wp-block-gallery-is-layout-flex\">\n<figure class=\"wp-block-image size-large\"><a href=\"https:\/\/harmonyhotel.cz\/wp-content\/uploads\/2024\/06\/Konference-Kongres-Harmony-Hotel-Spindleruv-Mlyn-KRYTE-HALY-A.png\"><img loading=\"lazy\" decoding=\"async\" width=\"835\" height=\"495\" data-id=\"636\" src=\"https:\/\/harmonyhotel.cz\/wp-content\/uploads\/2024\/06\/Konference-Kongres-Harmony-Hotel-Spindleruv-Mlyn-KRYTE-HALY-A.png\" alt=\"Konference - Kongres - Harmony Hotel \u0160pindler\u016fv Ml\u00fdn - KRYT\u00c9 HALY A\" class=\"wp-image-636\" srcset=\"https:\/\/harmonyhotel.cz\/wp-content\/uploads\/2024\/06\/Konference-Kongres-Harmony-Hotel-Spindleruv-Mlyn-KRYTE-HALY-A.png 835w, https:\/\/harmonyhotel.cz\/wp-content\/uploads\/2024\/06\/Konference-Kongres-Harmony-Hotel-Spindleruv-Mlyn-KRYTE-HALY-A-800x474.png 800w\" sizes=\"auto, (max-width: 835px) 100vw, 835px\" \/><\/a><\/figure>\n\n\n\n<figure class=\"wp-block-image size-large\"><a href=\"https:\/\/harmonyhotel.cz\/wp-content\/uploads\/2024\/06\/Konference-Kongres-Harmony-Hotel-Spindleruv-Mlyn-KRYTE-HALY-B.png\"><img loading=\"lazy\" decoding=\"async\" width=\"835\" height=\"495\" data-id=\"635\" src=\"https:\/\/harmonyhotel.cz\/wp-content\/uploads\/2024\/06\/Konference-Kongres-Harmony-Hotel-Spindleruv-Mlyn-KRYTE-HALY-B.png\" alt=\"Konference - Kongres - Harmony Hotel \u0160pindler\u016fv Ml\u00fdn - KRYT\u00c9 HALY B\" class=\"wp-image-635\" srcset=\"https:\/\/harmonyhotel.cz\/wp-content\/uploads\/2024\/06\/Konference-Kongres-Harmony-Hotel-Spindleruv-Mlyn-KRYTE-HALY-B.png 835w, https:\/\/harmonyhotel.cz\/wp-content\/uploads\/2024\/06\/Konference-Kongres-Harmony-Hotel-Spindleruv-Mlyn-KRYTE-HALY-B-800x474.png 800w\" sizes=\"auto, (max-width: 835px) 100vw, 835px\" \/><\/a><\/figure>\n\n\n\n<figure class=\"wp-block-image size-medium\"><a href=\"https:\/\/harmonyhotel.cz\/wp-content\/uploads\/2024\/06\/Konference-Kongres-Harmony-Hotel-Spindleruv-Mlyn-KRYTE-HALY-C.png\"><img loading=\"lazy\" decoding=\"async\" width=\"800\" height=\"474\" data-id=\"634\" src=\"https:\/\/harmonyhotel.cz\/wp-content\/uploads\/2024\/06\/Konference-Kongres-Harmony-Hotel-Spindleruv-Mlyn-KRYTE-HALY-C-800x474.png\" alt=\"Konference - Kongres - Harmony Hotel \u0160pindler\u016fv Ml\u00fdn - KRYT\u00c9 HALY C\" class=\"wp-image-634\" srcset=\"https:\/\/harmonyhotel.cz\/wp-content\/uploads\/2024\/06\/Konference-Kongres-Harmony-Hotel-Spindleruv-Mlyn-KRYTE-HALY-C-800x474.png 800w, https:\/\/harmonyhotel.cz\/wp-content\/uploads\/2024\/06\/Konference-Kongres-Harmony-Hotel-Spindleruv-Mlyn-KRYTE-HALY-C.png 835w\" sizes=\"auto, (max-width: 800px) 100vw, 800px\" \/><\/a><\/figure>\n\n\n\n<figure class=\"wp-block-image size-large\"><a href=\"https:\/\/harmonyhotel.cz\/wp-content\/uploads\/2024\/06\/Konference-Kongres-Harmony-Hotel-Spindleruv-Mlyn-KRYTE-HALY-D.png\"><img loading=\"lazy\" decoding=\"async\" width=\"835\" height=\"495\" data-id=\"633\" src=\"https:\/\/harmonyhotel.cz\/wp-content\/uploads\/2024\/06\/Konference-Kongres-Harmony-Hotel-Spindleruv-Mlyn-KRYTE-HALY-D.png\" alt=\"Konference - Kongres - Harmony Hotel \u0160pindler\u016fv Ml\u00fdn - KRYT\u00c9 HALY D\" class=\"wp-image-633\" srcset=\"https:\/\/harmonyhotel.cz\/wp-content\/uploads\/2024\/06\/Konference-Kongres-Harmony-Hotel-Spindleruv-Mlyn-KRYTE-HALY-D.png 835w, https:\/\/harmonyhotel.cz\/wp-content\/uploads\/2024\/06\/Konference-Kongres-Harmony-Hotel-Spindleruv-Mlyn-KRYTE-HALY-D-800x474.png 800w\" sizes=\"auto, (max-width: 835px) 100vw, 835px\" \/><\/a><\/figure>\n<\/figure>\n\n\n\n<p>&nbsp;<\/p>\n\n\n\n<div style=\"height:100px\" aria-hidden=\"true\" class=\"wp-block-spacer\"><\/div>\n\n\n\n<h2 class=\"wp-block-heading has-text-align-center\" id=\"poptavka\">Nez\u00e1vazn\u00e1 popt\u00e1vka<\/h2>\n\n\n<style id=\"wpforms-css-vars-932\">\n\t\t\t\t#wpforms-932 {\n\t\t\t\t\n\t\t\t}\n\t\t\t<\/style><div class=\"wpforms-container wpforms-container-full wpforms-render-modern\" id=\"wpforms-932\"><form id=\"wpforms-form-932\" class=\"wpforms-validate wpforms-form wpforms-ajax-form\" data-formid=\"932\" method=\"post\" enctype=\"multipart\/form-data\" action=\"\/pl\/wp-json\/wp\/v2\/pages\/631\" data-token=\"28d975685c5100a30db4ad97f839256e\" data-token-time=\"1777136499\"><noscript class=\"wpforms-error-noscript\">Aby wype\u0142ni\u0107 ten formularz, w\u0142\u0105cz obs\u0142ug\u0119 JavaScript w przegl\u0105darce.<\/noscript><div id=\"wpforms-error-noscript\" style=\"display: none;\">Aby wype\u0142ni\u0107 ten formularz, w\u0142\u0105cz obs\u0142ug\u0119 JavaScript w przegl\u0105darce.<\/div><div class=\"wpforms-field-container\"><div id=\"wpforms-932-field_0-container\" class=\"wpforms-field wpforms-field-name\" data-field-id=\"0\"><fieldset><legend class=\"wpforms-field-label\">Jm\u00e9no <span class=\"wpforms-required-label\" aria-hidden=\"true\">*<\/span><\/legend><div class=\"wpforms-field-row wpforms-field-large\"><div class=\"wpforms-field-row-block wpforms-first wpforms-one-half\"><input type=\"text\" id=\"wpforms-932-field_0\" class=\"wpforms-field-name-first wpforms-field-required\" name=\"wpforms[fields][0][first]\" aria-errormessage=\"wpforms-932-field_0-error\" required><label for=\"wpforms-932-field_0\" class=\"wpforms-field-sublabel after\">Pierwszy<\/label><\/div><div class=\"wpforms-field-row-block wpforms-one-half\"><input type=\"text\" id=\"wpforms-932-field_0-last\" class=\"wpforms-field-name-last wpforms-field-required\" name=\"wpforms[fields][0][last]\" aria-errormessage=\"wpforms-932-field_0-last-error\" required><label for=\"wpforms-932-field_0-last\" class=\"wpforms-field-sublabel after\">Ostatni<\/label><\/div><\/div><\/fieldset><\/div><div id=\"wpforms-932-field_10-container\" class=\"wpforms-field wpforms-field-layout\" data-field-id=\"10\"><div class=\"wpforms-field-layout-rows wpforms-field-large\"><div class=\"wpforms-layout-row\"><div class=\"wpforms-layout-column wpforms-layout-column-50\"><div id=\"wpforms-932-field_1-container\" class=\"wpforms-field wpforms-field-email\" data-field-id=\"1\"><label class=\"wpforms-field-label\" for=\"wpforms-932-field_1\">E-mail <span class=\"wpforms-required-label\" aria-hidden=\"true\">*<\/span><\/label><input type=\"email\" id=\"wpforms-932-field_1\" class=\"wpforms-field-medium wpforms-field-required\" name=\"wpforms[fields][1]\" spellcheck=\"false\" aria-errormessage=\"wpforms-932-field_1-error\" required><\/div><\/div><div class=\"wpforms-layout-column wpforms-layout-column-50\"><div id=\"wpforms-932-field_5-container\" class=\"wpforms-field wpforms-field-phone\" data-field-id=\"5\"><label class=\"wpforms-field-label\" for=\"wpforms-932-field_5\">Telefon<\/label><input type=\"tel\" id=\"wpforms-932-field_5\" class=\"wpforms-field-medium wpforms-smart-phone-field\" data-rule-smart-phone-field=\"true\" name=\"wpforms[fields][5]\" aria-label=\"Telefon\" aria-errormessage=\"wpforms-932-field_5-error\" ><\/div><\/div><\/div><\/div><\/div><div id=\"wpforms-932-field_11-container\" class=\"wpforms-field wpforms-field-layout\" data-field-id=\"11\"><div class=\"wpforms-field-layout-rows wpforms-field-large\"><div class=\"wpforms-layout-row\"><div class=\"wpforms-layout-column wpforms-layout-column-50\"><div id=\"wpforms-932-field_6-container\" class=\"wpforms-field wpforms-field-date-time\" data-field-id=\"6\"><label class=\"wpforms-field-label\" for=\"wpforms-932-field_6\">Datum od<\/label><div class=\"wpforms-datepicker-wrap\"><input type=\"text\" id=\"wpforms-932-field_6\" class=\"wpforms-field-date-time-date wpforms-datepicker wpforms-field-medium\" data-date-format=\"d\/m\/Y\" data-disable-past-dates=\"1\" data-disable-todays-date=\"0\" data-input=\"true\" name=\"wpforms[fields][6][date]\" aria-errormessage=\"wpforms-932-field_6-error\" ><a title=\"Wyczy\u015b\u0107 dat\u0119\" data-clear role=\"button\" tabindex=\"0\" class=\"wpforms-datepicker-clear\" aria-label=\"Wyczy\u015b\u0107 dat\u0119\" style=\"display:none;\"><\/a><\/div><\/div><\/div><div class=\"wpforms-layout-column wpforms-layout-column-50\"><div id=\"wpforms-932-field_7-container\" class=\"wpforms-field wpforms-field-date-time\" data-field-id=\"7\"><label class=\"wpforms-field-label\" for=\"wpforms-932-field_7\">Datum do<\/label><div class=\"wpforms-datepicker-wrap\"><input type=\"text\" id=\"wpforms-932-field_7\" class=\"wpforms-field-date-time-date wpforms-datepicker wpforms-field-medium\" data-date-format=\"d\/m\/Y\" data-disable-past-dates=\"1\" data-disable-todays-date=\"0\" data-input=\"true\" name=\"wpforms[fields][7][date]\" aria-errormessage=\"wpforms-932-field_7-error\" ><a title=\"Wyczy\u015b\u0107 dat\u0119\" data-clear role=\"button\" tabindex=\"0\" class=\"wpforms-datepicker-clear\" aria-label=\"Wyczy\u015b\u0107 dat\u0119\" style=\"display:none;\"><\/a><\/div><\/div><\/div><\/div><\/div><\/div><div id=\"wpforms-932-field_12-container\" class=\"wpforms-field wpforms-field-layout\" data-field-id=\"12\"><div class=\"wpforms-field-layout-rows wpforms-field-large\"><div class=\"wpforms-layout-row\"><div class=\"wpforms-layout-column wpforms-layout-column-50\"><div id=\"wpforms-932-field_9-container\" class=\"wpforms-field wpforms-field-number\" data-field-id=\"9\"><label class=\"wpforms-field-label\" for=\"wpforms-932-field_9\">Po\u010det osob <span class=\"wpforms-required-label\" aria-hidden=\"true\">*<\/span><\/label><input type=\"number\" id=\"wpforms-932-field_9\" class=\"wpforms-field-medium wpforms-field-required\" name=\"wpforms[fields][9]\" step=\"any\" aria-errormessage=\"wpforms-932-field_9-error\" required><\/div><\/div><div class=\"wpforms-layout-column wpforms-layout-column-50\"><div id=\"wpforms-932-field_4-container\" class=\"wpforms-field wpforms-field-text\" data-field-id=\"4\"><label class=\"wpforms-field-label\" for=\"wpforms-932-field_4\">Spole\u010dnost<\/label><input type=\"text\" id=\"wpforms-932-field_4\" class=\"wpforms-field-medium\" name=\"wpforms[fields][4]\" aria-errormessage=\"wpforms-932-field_4-error\" ><\/div><\/div><\/div><\/div><\/div><div id=\"wpforms-932-field_2-container\" class=\"wpforms-field wpforms-field-textarea\" data-field-id=\"2\"><label class=\"wpforms-field-label\" for=\"wpforms-932-field_2\">Koment\u00e1\u0159 nebo zpr\u00e1va<\/label><textarea id=\"wpforms-932-field_2\" class=\"wpforms-field-medium\" name=\"wpforms[fields][2]\" aria-errormessage=\"wpforms-932-field_2-error\" ><\/textarea><\/div><\/div><!-- .wpforms-field-container --><div class=\"wpforms-recaptcha-container wpforms-is-recaptcha wpforms-is-recaptcha-type-invisible\" ><div class=\"g-recaptcha\" data-sitekey=\"6LczfPkpAAAAAFvLXoaD9NZ1x8AGjPfT_RYpruWp\" data-size=\"invisible\"><\/div><\/div><div class=\"wpforms-submit-container\" ><input type=\"hidden\" name=\"wpforms[id]\" value=\"932\"><input type=\"hidden\" name=\"page_title\" value=\"\"><input type=\"hidden\" name=\"page_url\" value=\"https:\/\/harmonyhotel.cz\/pl\/wp-json\/wp\/v2\/pages\/631\"><input type=\"hidden\" name=\"url_referer\" value=\"\"><button type=\"submit\" name=\"wpforms[submit]\" id=\"wpforms-submit-932\" class=\"wpforms-submit\" data-alt-text=\"Odes\u00edl\u00e1ni...\" data-submit-text=\"Odeslat nez\u00e1vaznou popt\u00e1vku\" aria-live=\"assertive\" value=\"wpforms-submit\">Odeslat nez\u00e1vaznou popt\u00e1vku<\/button><img loading=\"lazy\" decoding=\"async\" src=\"https:\/\/harmonyhotel.cz\/wp-content\/plugins\/wpforms\/assets\/images\/submit-spin.svg\" class=\"wpforms-submit-spinner\" style=\"display: none;\" width=\"26\" height=\"26\" alt=\"Wczytywanie\"><\/div><\/form><\/div>  <!-- .wpforms-container -->\n\n\n\n<script type=\"text\/javascript\">\n!function(l,s){l.type=\"text\/javascript\";l.async=true;l.src=\"https:\/\/\"+\"ct.l\"+\"eady.com\/LHKBzCBKf2yi8bCb\/L\"+\".js\";s=s[0];s.parentNode.insertBefore(l,s);}(document.createElement(\"script\"),document.getElementsByTagName(\"script\"));\n<\/script>\n","protected":false},"excerpt":{"rendered":"<p>&nbsp; Niewi\u0105\u017c\u0105ce zapytanie<\/p>","protected":false},"author":1,"featured_media":638,"parent":13,"menu_order":0,"comment_status":"closed","ping_status":"closed","template":"","meta":{"footnotes":""},"class_list":["post-631","page","type-page","status-publish","has-post-thumbnail","hentry"],"_links":{"self":[{"href":"https:\/\/harmonyhotel.cz\/pl\/wp-json\/wp\/v2\/pages\/631","targetHints":{"allow":["GET"]}}],"collection":[{"href":"https:\/\/harmonyhotel.cz\/pl\/wp-json\/wp\/v2\/pages"}],"about":[{"href":"https:\/\/harmonyhotel.cz\/pl\/wp-json\/wp\/v2\/types\/page"}],"author":[{"embeddable":true,"href":"https:\/\/harmonyhotel.cz\/pl\/wp-json\/wp\/v2\/users\/1"}],"replies":[{"embeddable":true,"href":"https:\/\/harmonyhotel.cz\/pl\/wp-json\/wp\/v2\/comments?post=631"}],"version-history":[{"count":2,"href":"https:\/\/harmonyhotel.cz\/pl\/wp-json\/wp\/v2\/pages\/631\/revisions"}],"predecessor-version":[{"id":1483,"href":"https:\/\/harmonyhotel.cz\/pl\/wp-json\/wp\/v2\/pages\/631\/revisions\/1483"}],"up":[{"embeddable":true,"href":"https:\/\/harmonyhotel.cz\/pl\/wp-json\/wp\/v2\/pages\/13"}],"wp:featuredmedia":[{"embeddable":true,"href":"https:\/\/harmonyhotel.cz\/pl\/wp-json\/wp\/v2\/media\/638"}],"wp:attachment":[{"href":"https:\/\/harmonyhotel.cz\/pl\/wp-json\/wp\/v2\/media?parent=631"}],"curies":[{"name":"wp","href":"https:\/\/api.w.org\/{rel}","templated":true}]}}