{"id":297,"date":"2024-06-08T15:11:42","date_gmt":"2024-06-08T13:11:42","guid":{"rendered":"https:\/\/harmonyhotel.cz\/?page_id=297"},"modified":"2026-04-10T18:32:57","modified_gmt":"2026-04-10T16:32:57","slug":"a-la-carte-menu","status":"publish","type":"page","link":"https:\/\/harmonyhotel.cz\/pl\/gastronomie\/a-la-carte-menu\/","title":{"rendered":"Menu \u00e0 la carte \u2013 Restauracja Harmony"},"content":{"rendered":"<p><\/p>\n\n\n\n<hr class=\"wp-block-separator has-alpha-channel-opacity\"\/>\n\n\n\n<h2 class=\"wp-block-heading\">Przystawki<\/h2>\n\n\n\n<p><strong>Carpaccio wo\u0142owe <\/strong><\/p>\n\n\n\n<p>z majonezem truflowym, parmezanem, rukol\u0105 i chipsami chlebowymi<\/p>\n\n\n\n<p>255,-<\/p>\n\n\n\n<p><strong>Tatar z marynowanego \u0142ososia<\/strong><\/p>\n\n\n\n<p>z awokado, marynowan\u0105 czerwon\u0105 cebul\u0105 i chlebem \u017cytnim<\/p>\n\n\n\n<p>245,-<\/p>\n\n\n\n<p><strong>Burrata<\/strong><\/p>\n\n\n\n<p>z pomidorkami koktajlowymi, pesto bazyliowym i ciabatt\u0105<\/p>\n\n\n\n<p>245,-<\/p>\n\n\n\n<hr class=\"wp-block-separator has-alpha-channel-opacity\"\/>\n\n\n\n<h2 class=\"wp-block-heading\">Zupy<\/h2>\n\n\n\n<p><strong>Ros\u00f3\u0142 z kurczaka <\/strong><\/p>\n\n\n\n<p>z kluseczkami w\u0105trobianymi, warzywami i makaronem 125,-<\/p>\n\n\n\n<p><strong>Zupa kapu\u015bciana<\/strong><\/p>\n\n\n\n<p>z ziemniakami i chorizo z pr\u0161uterii Chovane\u010dek 125,-<\/p>\n\n\n\n<hr class=\"wp-block-separator has-alpha-channel-opacity\"\/>\n\n\n\n<h2 class=\"wp-block-heading\">Dania g\u0142\u00f3wne<\/h2>\n\n\n\n<p><strong>Burger wo\u0142owy z serem Monterey Jack<\/strong><\/p>\n\n\n\n<p>boczkiem, og\u00f3rkiem i frytkami<\/p>\n\n\n\n<p>425,-<\/p>\n\n\n\n<p><strong>Grillowany ser halloumi<\/strong><\/p>\n\n\n\n<p>z grillowanymi warzywami i \u015bwie\u017cymi zio\u0142ami<\/p>\n\n\n\n<p>395,-&nbsp;<\/p>\n\n\n\n<p><strong>Kotlet z kark\u00f3wki wieprzowej <\/strong><\/p>\n\n\n\n<p>z puree ziemniaczanym i sa\u0142atk\u0105 z og\u00f3rk\u00f3w <\/p>\n\n\n\n<p>385,-<\/p>\n\n\n\n<p><strong>Pol\u0119dwiczka wieprzowa<\/strong><\/p>\n\n\n\n<p>z ragout grzybowym i kluseczkami ziemniaczanymi<\/p>\n\n\n\n<p>385,-<\/p>\n\n\n\n<p><strong>Grillowany filet z \u0142ososia<\/strong><\/p>\n\n\n\n<p>z czarn\u0105 soczewic\u0105, sa\u0142atk\u0105 z kopru w\u0142oskiego i r\u00f3\u017cowym pieprzem<\/p>\n\n\n\n<p>455,-<\/p>\n\n\n\n<p><strong>Confitowane kacze udo <\/strong><\/p>\n\n\n\n<p>z czerwonymi kapust\u0105 i plackiem ziemniaczanym<\/p>\n\n\n\n<p>395,-<\/p>\n\n\n\n<p><strong>Sma\u017cone Bla\u0165\u00e1ck\u00e9 zlato (czeski ser regionalny) <\/strong><\/p>\n\n\n\n<p>z frytkami i domowym sosem tatarskim<\/p>\n\n\n\n<p>365,-<\/p>\n\n\n\n<p><strong>Spaghetti al tartufo<\/strong><\/p>\n\n\n\n<p>365,-<\/p>\n\n\n\n<p><strong>Striploin wo\u0142owy<\/strong><\/p>\n\n\n\n<p>z grillowanymi warzywami i sosem chimichurri<\/p>\n\n\n\n<p>565,-<\/p>\n\n\n\n<p><\/p>\n\n\n\n<hr class=\"wp-block-separator has-alpha-channel-opacity\"\/>\n\n\n\n<h2 class=\"wp-block-heading\">Sa\u0142atki<\/h2>\n\n\n\n<p><strong>Sa\u0142atka z kurczakiem<\/strong><\/p>\n\n\n\n<p>z dressingiem z twardym serem, anchois i kaparami, grzankami i boczkiem<\/p>\n\n\n\n<p>365,-<\/p>\n\n\n\n<p><strong>Sa\u0142atka grecka <\/strong><\/p>\n\n\n\n<p>z serem feta<\/p>\n\n\n\n<p>385,-<\/p>\n\n\n\n<p><strong>Sa\u0142atka z li\u015bci z dressingiem miodowym<\/strong>,<\/p>\n\n\n\n<p>z serem gorgonzola, marynowan\u0105 gruszk\u0105 i orzechami w\u0142osk\u00fdmi<\/p>\n\n\n\n<p>375,-<\/p>\n\n\n\n<hr class=\"wp-block-separator has-alpha-channel-opacity\"\/>\n\n\n\n<h2 class=\"wp-block-heading\">Dania dla dzieci<\/h2>\n\n\n\n<p><strong>Spaghetti <\/strong>z sosem bolo\u0144skim i serem<\/p>\n\n\n\n<p>150,-<\/p>\n\n\n\n<p><strong>Filet z kurczaka<\/strong> z puree ziemniaczanym<\/p>\n\n\n\n<p>155,-<\/p>\n\n\n\n<p><strong>Placek ziemniaczany<\/strong> z konfitur\u0105 bor\u00f3wkow\u0105 i bit\u0105 \u015bmietan\u0105<\/p>\n\n\n\n<p>115,-<\/p>\n\n\n\n<hr class=\"wp-block-separator has-alpha-channel-opacity\"\/>\n\n\n\n<h2 class=\"wp-block-heading\">Desery<\/h2>\n\n\n\n<p><strong>Mango-limonkowe<\/strong> cr\u00e8me br\u00fbl\u00e9e<\/p>\n\n\n\n<p>105,-<\/p>\n\n\n\n<p><strong>Tartaletka czekoladowa<\/strong> z kruszonk\u0105<br>i sorbetem truskawkowym<\/p>\n\n\n\n<p>135,-<\/p>\n\n\n\n<p><strong>Deser<\/strong> z naszej cukierni wed\u0142ug dziennej oferty<br><\/p>\n\n\n\n<hr class=\"wp-block-separator has-alpha-channel-opacity\"\/>\n\n\n\n<h2 class=\"wp-block-heading\">Do wina<\/h2>\n\n\n\n<p>Selection of prosciuttos and hams from the Chovane\u010dek farm 120g <\/p>\n\n\n\n<p>325,-<\/p>\n\n\n\n<p>\u015awie\u017co sma\u017cone chipsy ziemniaczane<br>z czosnkowym sosem<\/p>\n\n\n\n<p>135,-<\/p>\n\n\n\n<p>Migda\u0142y pra\u017cone <\/p>\n\n\n\n<p>85,-<\/p>\n\n\n\n<hr class=\"wp-block-separator has-alpha-channel-opacity\"\/>\n\n\n\n<p> &nbsp;<\/p>\n\n\n\n<p><em>Nasz personel z przyjemno\u015bci\u0105 udzieli informacji na temat alergen\u00f3w oraz da\u0144 wegetaria\u0144skich i wega\u0144skich.<\/em> <em>about allergens and vegetarian or vegan diets.<\/em><\/p>\n\n\n\n<p><\/p>","protected":false},"excerpt":{"rendered":"<p>P\u0159edkrmy Hov\u011bz\u00ed carpaccio s lan\u00fd\u017eovou majon\u00e9zou, parmez\u00e1nem, rukolou a chlebov\u00fdmi chipsy 255,- Tatar\u00e1k z marinovan\u00e9ho lososa s avok\u00e1dem, marinovanou \u010dervenou cibulkou a \u017eitn\u00fdm chlebem 245,- Burrata s cherry raj\u010daty, bazalkov\u00fdm pestem a ciabattou 245,- Pol\u00e9vky Ku\u0159ec\u00ed v\u00fdvar s&nbsp;j\u00e1trov\u00fdm knedl\u00ed\u010dkem, zeleninou a nudlemi 125,- Zeln\u00e1 pol\u00e9vka s bramborem a chorizem z pr\u0161uterie Chovane\u010dek 125,- Hlavn\u00ed j\u00eddla [&hellip;]<\/p>\n","protected":false},"author":1,"featured_media":1806,"parent":11,"menu_order":29,"comment_status":"closed","ping_status":"closed","template":"menulistek.php","meta":{"footnotes":""},"class_list":["post-297","page","type-page","status-publish","has-post-thumbnail","hentry"],"_links":{"self":[{"href":"https:\/\/harmonyhotel.cz\/pl\/wp-json\/wp\/v2\/pages\/297","targetHints":{"allow":["GET"]}}],"collection":[{"href":"https:\/\/harmonyhotel.cz\/pl\/wp-json\/wp\/v2\/pages"}],"about":[{"href":"https:\/\/harmonyhotel.cz\/pl\/wp-json\/wp\/v2\/types\/page"}],"author":[{"embeddable":true,"href":"https:\/\/harmonyhotel.cz\/pl\/wp-json\/wp\/v2\/users\/1"}],"replies":[{"embeddable":true,"href":"https:\/\/harmonyhotel.cz\/pl\/wp-json\/wp\/v2\/comments?post=297"}],"version-history":[{"count":16,"href":"https:\/\/harmonyhotel.cz\/pl\/wp-json\/wp\/v2\/pages\/297\/revisions"}],"predecessor-version":[{"id":2444,"href":"https:\/\/harmonyhotel.cz\/pl\/wp-json\/wp\/v2\/pages\/297\/revisions\/2444"}],"up":[{"embeddable":true,"href":"https:\/\/harmonyhotel.cz\/pl\/wp-json\/wp\/v2\/pages\/11"}],"wp:featuredmedia":[{"embeddable":true,"href":"https:\/\/harmonyhotel.cz\/pl\/wp-json\/wp\/v2\/media\/1806"}],"wp:attachment":[{"href":"https:\/\/harmonyhotel.cz\/pl\/wp-json\/wp\/v2\/media?parent=297"}],"curies":[{"name":"wp","href":"https:\/\/api.w.org\/{rel}","templated":true}]}}