{"id":2068,"date":"2025-09-10T00:16:47","date_gmt":"2025-09-09T22:16:47","guid":{"rendered":"https:\/\/harmonyhotel.cz\/?page_id=2068"},"modified":"2026-01-06T10:10:55","modified_gmt":"2026-01-06T09:10:55","slug":"zimni-balicek-na-5-az-7-noci","status":"publish","type":"page","link":"https:\/\/harmonyhotel.cz\/pl\/specialni-nabidky\/zimni-balicek-na-5-az-7-noci\/","title":{"rendered":"Pakiet zimowy na 5 i 7 nocy"},"content":{"rendered":"<p>Podaruj sobie idealny zimowy wypad w g\u00f3ry i pozw\u00f3l si\u0119 rozpieszcza\u0107! Ciesz si\u0119 \u015bwie\u017cym g\u00f3rskim powietrzem, zapieraj\u0105cymi dech w piersiach widokami i najwy\u017cszej klasy us\u0142ugami wellness w naszym hotelu.<br>Przesta\u0144 oddycha\u0107 i znajd\u017a w\u0142asn\u0105 harmoni\u0119. Zarezerwuj pobyt w Hotelu Harmony.<\/p>\n\n\n\n<p><strong>Pakiet z wej\u015bciem do strefy wellness i \u015bniadaniem na 5 lub 7 nocy<\/strong><\/p>\n\n\n\n<p>&nbsp;<\/p>\n\n\n\n<h2 class=\"wp-block-heading\">Pakiet zawiera<\/h2>\n\n\n\n<ul class=\"wp-block-list\">\n<li>Pobyt w wygodnym pokoju na 5 lub 7 nocy<\/li>\n\n\n\n<li class=\"translation-block\"><strong>P\u00f3\u0142pensjonat<\/strong> podczas pobytu (\u015bniadanie i obiadokolacja)<\/li>\n\n\n\n<li>Codziennie 1 raz <strong>wej\u015bcie do strefy wellness<\/strong> (basen i strefa wodna dla dzieci) na 120 minut<\/li>\n\n\n\n<li>Program animacyjny dla dzieci<\/li>\n<\/ul>\n\n\n\n<p><em>i wszystkie obowi\u0105zuj\u0105ce podatki.<\/em> <br>Ceny podane s\u0105 w koronach czeskich i obejmuj\u0105 \u015bniadanie, kolacj\u0119 w formie bufetu, zabiegi wellness oraz wszystkie nale\u017cne podatki.<\/p>\n\n\n\n<p><\/p>\n\n\n\n<div class=\"wp-block-buttons is-layout-flex wp-block-buttons-is-layout-flex\">\n<div class=\"wp-block-button btnalt\"><a class=\"wp-block-button__link wp-element-button\" href=\"https:\/\/hotelharmony.book-onlinenow.net\/index.aspx?Page=26&amp;lan_id=pl-PL&amp;cur=PLN\" target=\"_blank\" rel=\"noopener noreferrer noopener\">Zarezerwuj pakiet<\/a><\/div>\n<\/div>\n\n\n\n<p>&nbsp;<\/p>\n\n\n\n<h3 class=\"wp-block-heading\">Warunki p\u0142atno\u015bci<\/h3>\n\n\n\n<ul class=\"wp-block-list\">\n<li class=\"translation-block\">Ta oferta wymaga <strong>100% przedp\u0142aty.<\/strong><\/li>\n\n\n\n<li class=\"translation-block\">W przypadku dokonania rezerwacji, pe\u0142na kwota zostanie pobrana z Twojej karty kredytowej <strong>(pe\u0142na przedp\u0142ata)<\/strong>, je\u015bli zdecydujesz si\u0119 na p\u0142atno\u015b\u0107 kart\u0105.<\/li>\n\n\n\n<li>W przypadku p\u0142atno\u015bci przelewem bankowym nale\u017cy przes\u0142a\u0107 pe\u0142n\u0105 kwot\u0119.<\/li>\n\n\n\n<li class=\"translation-block\">W przypadku anulowania lub niestawienia si\u0119 na wizyt\u0119, op\u0142ata za subskrypcj\u0119 <strong>nie podlega zwrotowi<\/strong>.<\/li>\n<\/ul>\n\n\n\n<h3 class=\"wp-block-heading\">Polityka anulowania z mo\u017cliwo\u015bci\u0105 anulowania<\/h3>\n\n\n\n<p><strong><strong>Oferta dost\u0119pna jest wy\u0142\u0105cznie w formie p\u0142atno\u015bci bezzwrotnej.<\/strong><\/strong><br>Ta oferta specjalna wymaga 100% przedp\u0142aty. Pe\u0142na kwota zostanie pobrana z Twojej karty kredytowej w momencie rezerwacji.<br>Rezerwacji nie mo\u017cna zmieni\u0107. W przypadku anulowania, zmiany lub niepojawienia si\u0119 Go\u015bcia, zaliczka nie podlega zwrotowi.<\/p>\n\n\n\n<p><\/p>","protected":false},"excerpt":{"rendered":"<p>Dop\u0159ejte si dokonal\u00fd zimn\u00ed \u00fat\u011bk na hory a nechte se h\u00fd\u010dkat! U\u017eijte si \u010derstv\u00fd horsk\u00fd vzduch, dechberouc\u00ed v\u00fdhledy a \u0161pi\u010dkov\u00e9 wellness slu\u017eby v na\u0161em hotelu.P\u0159esta\u0148te d\u00fdchat a najd\u011bte svou vlastn\u00ed harmonii. Rezervujte si pobyt v Hotel Harmony. Bal\u00ed\u010dek se vstupem do wellness a sn\u00eddan\u011b na 5 nebo 7 noc\u00ed &nbsp; Bal\u00ed\u010dek obsahuje M\u011bstsk\u00e1 da\u0148 ve [&hellip;]<\/p>\n","protected":false},"author":1,"featured_media":1272,"parent":21,"menu_order":0,"comment_status":"closed","ping_status":"closed","template":"","meta":{"footnotes":""},"class_list":["post-2068","page","type-page","status-publish","has-post-thumbnail","hentry"],"_links":{"self":[{"href":"https:\/\/harmonyhotel.cz\/pl\/wp-json\/wp\/v2\/pages\/2068","targetHints":{"allow":["GET"]}}],"collection":[{"href":"https:\/\/harmonyhotel.cz\/pl\/wp-json\/wp\/v2\/pages"}],"about":[{"href":"https:\/\/harmonyhotel.cz\/pl\/wp-json\/wp\/v2\/types\/page"}],"author":[{"embeddable":true,"href":"https:\/\/harmonyhotel.cz\/pl\/wp-json\/wp\/v2\/users\/1"}],"replies":[{"embeddable":true,"href":"https:\/\/harmonyhotel.cz\/pl\/wp-json\/wp\/v2\/comments?post=2068"}],"version-history":[{"count":6,"href":"https:\/\/harmonyhotel.cz\/pl\/wp-json\/wp\/v2\/pages\/2068\/revisions"}],"predecessor-version":[{"id":2253,"href":"https:\/\/harmonyhotel.cz\/pl\/wp-json\/wp\/v2\/pages\/2068\/revisions\/2253"}],"up":[{"embeddable":true,"href":"https:\/\/harmonyhotel.cz\/pl\/wp-json\/wp\/v2\/pages\/21"}],"wp:featuredmedia":[{"embeddable":true,"href":"https:\/\/harmonyhotel.cz\/pl\/wp-json\/wp\/v2\/media\/1272"}],"wp:attachment":[{"href":"https:\/\/harmonyhotel.cz\/pl\/wp-json\/wp\/v2\/media?parent=2068"}],"curies":[{"name":"wp","href":"https:\/\/api.w.org\/{rel}","templated":true}]}}