{"id":1659,"date":"2025-06-06T18:18:17","date_gmt":"2025-06-06T16:18:17","guid":{"rendered":"https:\/\/harmonyhotel.cz\/?page_id=1659"},"modified":"2025-11-26T23:18:54","modified_gmt":"2025-11-26T22:18:54","slug":"petanque","status":"publish","type":"page","link":"https:\/\/harmonyhotel.cz\/pl\/aktivity\/petanque\/","title":{"rendered":"P\u00e9tanque"},"content":{"rendered":"<h2 class=\"wp-block-heading\">P\u00e9tanque <\/h2>\n\n\n\n<div class=\"wp-block-media-text is-stacked-on-mobile is-image-fill-element\"><figure class=\"wp-block-media-text__media\"><a href=\"https:\/\/harmonyhotel.cz\/wp-content\/uploads\/2025\/06\/3.jpg\"><img loading=\"lazy\" decoding=\"async\" width=\"1600\" height=\"900\" src=\"https:\/\/harmonyhotel.cz\/wp-content\/uploads\/2025\/06\/3-1600x900.jpg\" alt=\"P\u00e9tanque\" class=\"wp-image-1665 size-medium\" style=\"object-position:50% 50%\" srcset=\"https:\/\/harmonyhotel.cz\/wp-content\/uploads\/2025\/06\/3-1600x900.jpg 1600w, https:\/\/harmonyhotel.cz\/wp-content\/uploads\/2025\/06\/3-800x450.jpg 800w, https:\/\/harmonyhotel.cz\/wp-content\/uploads\/2025\/06\/3-18x10.jpg 18w, https:\/\/harmonyhotel.cz\/wp-content\/uploads\/2025\/06\/3.jpg 1920w\" sizes=\"auto, (max-width: 1600px) 100vw, 1600px\" \/><\/a><\/figure><div class=\"wp-block-media-text__content\">\n<p><strong>Popularna francuska gra dla dw\u00f3ch do sze\u015bciu graczy podzielonych na dru\u017cyny. Celem gry jest rzucanie metalowymi kulami jak najbli\u017cej ma\u0142ej drewnianej kulki \u2013 tzw. cochonnet (czyli \u201e\u015bwinki\u201d).<\/strong><\/p>\n\n\n\n<p>Zasady s\u0105 proste, ale dzi\u0119ki taktyce i precyzji rzut\u00f3w gra staje si\u0119 emocjonuj\u0105ca i daje wiele rado\u015bci osobom w ka\u017cdym wieku.<\/p>\n<\/div><\/div>\n\n\n\n<div class=\"wp-block-media-text has-media-on-the-right is-stacked-on-mobile is-image-fill-element\"><div class=\"wp-block-media-text__content\">\n<h2 class=\"wp-block-heading\">Kr\u00f3tki regulamin<\/h2>\n\n\n\n<ul class=\"wp-block-list\">\n<li>Ka\u017cda dru\u017cyna ma 6 kul. Na ziemi rysuje si\u0119 okr\u0105g, w kt\u00f3rym gracz stoi podczas rzutu.<\/li>\n\n\n\n<li>Gracz rzuca cochonnet na odleg\u0142o\u015b\u0107 od 6 do 10 metr\u00f3w, a nast\u0119pnie stara si\u0119 umie\u015bci\u0107 swoj\u0105 kul\u0119 jak najbli\u017cej niego.<\/li>\n\n\n\n<li>Gra dru\u017cyna, kt\u00f3rej kula znajduje si\u0119 dalej od cochonnet \u2013 stara si\u0119 zbli\u017cy\u0107 albo wypchn\u0105\u0107 kul\u0119 przeciwnika.<\/li>\n\n\n\n<li>Runda ko\u0144czy si\u0119, gdy wszyscy gracze rzuc\u0105 wszystkie swoje kule.<\/li>\n\n\n\n<li>Punkty zdobywa dru\u017cyna, kt\u00f3rej kule znajduj\u0105 si\u0119 bli\u017cej cochonnet.<\/li>\n\n\n\n<li>Zwyci\u0119\u017ca dru\u017cyna, kt\u00f3ra jako pierwsza zdob\u0119dzie 13 punkt\u00f3w.<\/li>\n<\/ul>\n<\/div><figure class=\"wp-block-media-text__media\"><a href=\"https:\/\/harmonyhotel.cz\/wp-content\/uploads\/2025\/06\/4.jpg\"><img loading=\"lazy\" decoding=\"async\" width=\"800\" height=\"450\" src=\"https:\/\/harmonyhotel.cz\/wp-content\/uploads\/2025\/06\/4-800x450.jpg\" alt=\"P\u00e9tanque\" class=\"wp-image-1661 size-medium\" style=\"object-position:50% 50%\" srcset=\"https:\/\/harmonyhotel.cz\/wp-content\/uploads\/2025\/06\/4-800x450.jpg 800w, https:\/\/harmonyhotel.cz\/wp-content\/uploads\/2025\/06\/4-1600x900.jpg 1600w, https:\/\/harmonyhotel.cz\/wp-content\/uploads\/2025\/06\/4-18x10.jpg 18w, https:\/\/harmonyhotel.cz\/wp-content\/uploads\/2025\/06\/4.jpg 1920w\" sizes=\"auto, (max-width: 800px) 100vw, 800px\" \/><\/a><\/figure><\/div>\n\n\n\n<div class=\"wp-block-media-text is-stacked-on-mobile is-image-fill-element\"><figure class=\"wp-block-media-text__media\"><a href=\"https:\/\/harmonyhotel.cz\/wp-content\/uploads\/2025\/06\/2.jpg\"><img loading=\"lazy\" decoding=\"async\" width=\"800\" height=\"450\" src=\"https:\/\/harmonyhotel.cz\/wp-content\/uploads\/2025\/06\/2-800x450.jpg\" alt=\"P\u00e9tanque\" class=\"wp-image-1677 size-medium\" style=\"object-position:50% 50%\" srcset=\"https:\/\/harmonyhotel.cz\/wp-content\/uploads\/2025\/06\/2-800x450.jpg 800w, https:\/\/harmonyhotel.cz\/wp-content\/uploads\/2025\/06\/2-1600x900.jpg 1600w, https:\/\/harmonyhotel.cz\/wp-content\/uploads\/2025\/06\/2-18x10.jpg 18w, https:\/\/harmonyhotel.cz\/wp-content\/uploads\/2025\/06\/2.jpg 1920w\" sizes=\"auto, (max-width: 800px) 100vw, 800px\" \/><\/a><\/figure><div class=\"wp-block-media-text__content\">\n<p><strong>Mo\u017cna gra\u0107 na naszym regularnie utrzymywanym boisku do p\u00e9tanque, kt\u00f3re znajduje si\u0119 przy tylnym wyj\u015bciu na stok narciarski.<\/strong><\/p>\n\n\n\n<p>Idealne na popo\u0142udniowy turniej z przyjaci\u00f3\u0142mi lub rodzin\u0105. Zestaw do gry ch\u0119tnie wypo\u017cyczymy w recepcji wellness.<\/p>\n<\/div><\/div>\n\n\n\n<p><\/p>","protected":false},"excerpt":{"rendered":"<p>P\u00e9tanque Obl\u00edben\u00e1 francouzsk\u00e1 hra pro dva a\u017e \u0161est hr\u00e1\u010d\u016f rozd\u011blen\u00fdch do t\u00fdm\u016f. C\u00edlem je um\u00edstit kovov\u00e9 koule co nejbl\u00ed\u017ee k mal\u00e9 d\u0159ev\u011bn\u00e9 kuli\u010dce \u2013 tzv. ko\u0161onku (neboli \u201epras\u00e1tku\u201c). Pravidla jsou jednoduch\u00e1, ale d\u00edky taktice a p\u0159esnosti hod\u016f je hra nap\u00ednav\u00e1 a z\u00e1bavn\u00e1 pro v\u0161echny v\u011bkov\u00e9 kategorie. Hr\u00e1t m\u016f\u017eete na na\u0161em pravideln\u011b upravovan\u00e9m h\u0159i\u0161ti, kter\u00e9 se [&hellip;]<\/p>\n","protected":false},"author":3,"featured_media":2222,"parent":19,"menu_order":1,"comment_status":"closed","ping_status":"closed","template":"","meta":{"footnotes":""},"class_list":["post-1659","page","type-page","status-publish","has-post-thumbnail","hentry"],"_links":{"self":[{"href":"https:\/\/harmonyhotel.cz\/pl\/wp-json\/wp\/v2\/pages\/1659","targetHints":{"allow":["GET"]}}],"collection":[{"href":"https:\/\/harmonyhotel.cz\/pl\/wp-json\/wp\/v2\/pages"}],"about":[{"href":"https:\/\/harmonyhotel.cz\/pl\/wp-json\/wp\/v2\/types\/page"}],"author":[{"embeddable":true,"href":"https:\/\/harmonyhotel.cz\/pl\/wp-json\/wp\/v2\/users\/3"}],"replies":[{"embeddable":true,"href":"https:\/\/harmonyhotel.cz\/pl\/wp-json\/wp\/v2\/comments?post=1659"}],"version-history":[{"count":11,"href":"https:\/\/harmonyhotel.cz\/pl\/wp-json\/wp\/v2\/pages\/1659\/revisions"}],"predecessor-version":[{"id":1718,"href":"https:\/\/harmonyhotel.cz\/pl\/wp-json\/wp\/v2\/pages\/1659\/revisions\/1718"}],"up":[{"embeddable":true,"href":"https:\/\/harmonyhotel.cz\/pl\/wp-json\/wp\/v2\/pages\/19"}],"wp:featuredmedia":[{"embeddable":true,"href":"https:\/\/harmonyhotel.cz\/pl\/wp-json\/wp\/v2\/media\/2222"}],"wp:attachment":[{"href":"https:\/\/harmonyhotel.cz\/pl\/wp-json\/wp\/v2\/media?parent=1659"}],"curies":[{"name":"wp","href":"https:\/\/api.w.org\/{rel}","templated":true}]}}