{"id":15,"date":"2024-05-29T00:52:10","date_gmt":"2024-05-28T22:52:10","guid":{"rendered":"https:\/\/harmonyhotel.cz\/?page_id=15"},"modified":"2026-04-11T12:31:50","modified_gmt":"2026-04-11T10:31:50","slug":"wellness","status":"publish","type":"page","link":"https:\/\/harmonyhotel.cz\/pl\/wellness\/","title":{"rendered":"Wellness"},"content":{"rendered":"<p class=\"has-text-align-center\">Zanurz si\u0119 w \u015bwiecie relaksu i zregeneruj swoje cia\u0142o i ducha w naszym nowoczesnym centrum odnowy biologicznej i pozw\u00f3l naszym profesjonalnym terapeutom rozpieszcza\u0107 Ci\u0119. Ciesz si\u0119 nieko\u0144cz\u0105cym si\u0119 spokojem i panoramicznymi widokami na majestatyczne szczyty, kt\u00f3re dopieszcz\u0105 Twoje zmys\u0142y. Wybierz spo\u015br\u00f3d szerokiej gamy zaj\u0119\u0107 wellness:<\/p>\n\n\n\n<div style=\"height:50px\" aria-hidden=\"true\" class=\"wp-block-spacer\"><\/div>\n\n\n\n<div class=\"wp-block-media-text has-media-on-the-right is-stacked-on-mobile is-image-fill-element\"><div class=\"wp-block-media-text__content\">\n<h2 class=\"wp-block-heading\">Basen i wanny z hydromasa\u017cem<\/h2>\n\n\n\n<p class=\"translation-block\">P\u0142ywanie jest bez w\u0105tpienia najzdrowszym sportem i jest cz\u0119\u015bci\u0105 prawie ka\u017cdego \u0107wiczenia regeneruj\u0105cego dla og\u00f3lnego relaksu. <strong>Basen ze stali nierdzewnej<\/strong> z wylewk\u0105 do masa\u017cu i koralikami na dnie jest wyposa\u017cony w <strong>efekty \u015bwietlne i podwodny g\u0142o\u015bnik<\/strong>. Basen ma wymiary 12 x 6 m i temperatur\u0119 wody 28\u00b0C.<\/p>\n\n\n\n<div class=\"wp-block-buttons is-layout-flex wp-block-buttons-is-layout-flex\">\n<div class=\"wp-block-button\"><a class=\"wp-block-button__link wp-element-button\" href=\"https:\/\/harmonyhotel.cz\/pl\/wellness\/uberdachte-hallenabasen-i-wanny-z-hydromasazem\/\">Basen i wanny z hydromasa\u017cem<\/a><\/div>\n<\/div>\n<\/div><figure class=\"wp-block-media-text__media\"><a href=\"https:\/\/harmonyhotel.cz\/wp-content\/uploads\/2025\/07\/2024_12_19_8269_EOS_R5_MK_II_LRNL-scaled.jpg\"><img loading=\"lazy\" decoding=\"async\" width=\"1600\" height=\"1081\" src=\"https:\/\/harmonyhotel.cz\/wp-content\/uploads\/2025\/07\/2024_12_19_8269_EOS_R5_MK_II_LRNL-1600x1081.jpg\" alt=\"\" class=\"wp-image-1887 size-medium\" style=\"object-position:50% 50%\" srcset=\"https:\/\/harmonyhotel.cz\/wp-content\/uploads\/2025\/07\/2024_12_19_8269_EOS_R5_MK_II_LRNL-1600x1081.jpg 1600w, https:\/\/harmonyhotel.cz\/wp-content\/uploads\/2025\/07\/2024_12_19_8269_EOS_R5_MK_II_LRNL-800x541.jpg 800w, https:\/\/harmonyhotel.cz\/wp-content\/uploads\/2025\/07\/2024_12_19_8269_EOS_R5_MK_II_LRNL-18x12.jpg 18w\" sizes=\"auto, (max-width: 1600px) 100vw, 1600px\" \/><\/a><\/figure><\/div>\n\n\n\n<div class=\"wp-block-media-text is-stacked-on-mobile is-image-fill-element\"><figure class=\"wp-block-media-text__media\"><a href=\"https:\/\/harmonyhotel.cz\/wp-content\/uploads\/2025\/07\/2024_06_25_9639_EOS_R5_LRN-scaled.jpg\"><img loading=\"lazy\" decoding=\"async\" width=\"1600\" height=\"1065\" src=\"https:\/\/harmonyhotel.cz\/wp-content\/uploads\/2025\/07\/2024_06_25_9639_EOS_R5_LRN-1600x1065.jpg\" alt=\"\" class=\"wp-image-1889 size-medium\" style=\"object-position:50% 50%\" srcset=\"https:\/\/harmonyhotel.cz\/wp-content\/uploads\/2025\/07\/2024_06_25_9639_EOS_R5_LRN-1600x1065.jpg 1600w, https:\/\/harmonyhotel.cz\/wp-content\/uploads\/2025\/07\/2024_06_25_9639_EOS_R5_LRN-800x532.jpg 800w, https:\/\/harmonyhotel.cz\/wp-content\/uploads\/2025\/07\/2024_06_25_9639_EOS_R5_LRN-18x12.jpg 18w\" sizes=\"auto, (max-width: 1600px) 100vw, 1600px\" \/><\/a><\/figure><div class=\"wp-block-media-text__content\">\n<h2 class=\"wp-block-heading\">\u015awiat Sauny<\/h2>\n\n\n\n<p>Centrum odnowy biologicznej hotelu Harmony zaspokoi nawet najbardziej wymagaj\u0105ce potrzeby relaksu i odpoczynku. Luksusowy wystr\u00f3j, szereg saun r\u00f3\u017cnego typu oraz strefa relaksu stanowi\u0105 istotn\u0105 cz\u0119\u015b\u0107 nowo otwartego \u015awiata Saun, kt\u00f3rego oferta przekroczy naj\u015bmielsze oczekiwania.<\/p>\n\n\n\n<div class=\"wp-block-buttons is-layout-flex wp-block-buttons-is-layout-flex\">\n<div class=\"wp-block-button\"><a class=\"wp-block-button__link wp-element-button\" href=\"https:\/\/harmonyhotel.cz\/pl\/wellness\/swiat-sauny\/\">\u015awiat Sauny<\/a><\/div>\n<\/div>\n<\/div><\/div>\n\n\n\n<div class=\"wp-block-media-text has-media-on-the-right is-stacked-on-mobile is-image-fill-element\"><div class=\"wp-block-media-text__content\">\n<h2 class=\"wp-block-heading\">Strefa wodna dla dzieci<\/h2>\n\n\n\n<p>Brodzik dla najm\u0142odszych go\u015bci naszego hotelu jest cz\u0119\u015bci\u0105 naszego centrum odnowy biologicznej i basenu. Znajduje si\u0119 on na powierzchni oko\u0142o 60 metr\u00f3w kwadratowych. <\/p>\n\n\n\n<div class=\"wp-block-buttons is-layout-flex wp-block-buttons-is-layout-flex\">\n<div class=\"wp-block-button\"><a class=\"wp-block-button__link wp-element-button\" href=\"https:\/\/harmonyhotel.cz\/pl\/wellness\/strefa-wodna-dla-dzieci\/\">Strefa wodna dla dzieci<\/a><\/div>\n<\/div>\n<\/div><figure class=\"wp-block-media-text__media\"><a href=\"https:\/\/harmonyhotel.cz\/wp-content\/uploads\/2024\/06\/Wellness-Spindleruv-Mlyn-Harmony-Hotel-Spindleruv-Mlyn-Babies-Aqua-Zone-1-scaled.jpg\"><img loading=\"lazy\" decoding=\"async\" width=\"800\" height=\"532\" src=\"https:\/\/harmonyhotel.cz\/wp-content\/uploads\/2024\/06\/Wellness-Spindleruv-Mlyn-Harmony-Hotel-Spindleruv-Mlyn-Babies-Aqua-Zone-1-800x532.jpg\" alt=\"Wellness Szpindlerowy M\u0142yn - Harmony Hotel Szpindlerowy M\u0142yn - Strefa Aqua Babies\" class=\"wp-image-653 size-medium\" style=\"object-position:50% 50%\" srcset=\"https:\/\/harmonyhotel.cz\/wp-content\/uploads\/2024\/06\/Wellness-Spindleruv-Mlyn-Harmony-Hotel-Spindleruv-Mlyn-Babies-Aqua-Zone-1-800x532.jpg 800w, https:\/\/harmonyhotel.cz\/wp-content\/uploads\/2024\/06\/Wellness-Spindleruv-Mlyn-Harmony-Hotel-Spindleruv-Mlyn-Babies-Aqua-Zone-1-1600x1065.jpg 1600w\" sizes=\"auto, (max-width: 800px) 100vw, 800px\" \/><\/a><\/figure><\/div>\n\n\n\n<div class=\"wp-block-media-text is-stacked-on-mobile is-image-fill-element\"><figure class=\"wp-block-media-text__media\"><a href=\"https:\/\/harmonyhotel.cz\/wp-content\/uploads\/2024\/06\/Masaze-Spindleruv-Mlyn-Harmony-Hotel-Spindleruv-Mlyn-1-scaled.jpg\"><img loading=\"lazy\" decoding=\"async\" width=\"800\" height=\"532\" src=\"https:\/\/harmonyhotel.cz\/wp-content\/uploads\/2024\/06\/Masaze-Spindleruv-Mlyn-Harmony-Hotel-Spindleruv-Mlyn-1-800x532.jpg\" alt=\"Masa\u017c Szpindlerowy M\u0142yn - Harmony Hotel Szpindlerowy M\u0142yn\" class=\"wp-image-654 size-medium\" style=\"object-position:50% 50%\" srcset=\"https:\/\/harmonyhotel.cz\/wp-content\/uploads\/2024\/06\/Masaze-Spindleruv-Mlyn-Harmony-Hotel-Spindleruv-Mlyn-1-800x532.jpg 800w, https:\/\/harmonyhotel.cz\/wp-content\/uploads\/2024\/06\/Masaze-Spindleruv-Mlyn-Harmony-Hotel-Spindleruv-Mlyn-1-1600x1065.jpg 1600w\" sizes=\"auto, (max-width: 800px) 100vw, 800px\" \/><\/a><\/figure><div class=\"wp-block-media-text__content\">\n<h2 class=\"wp-block-heading\">Masa\u017c i relaks<\/h2>\n\n\n\n<p>Opr\u00f3cz zdrowego od\u017cywiania, sportu i relaksu, wellness s\u0105 istotn\u0105 cz\u0119\u015bci\u0105 zdrowego stylu \u017cycia. Terapie wellness i relaksacyjne obejmuj\u0105 masa\u017ce, kt\u00f3rych szerok\u0105 gam\u0119 przygotowali\u015bmy dla Ciebie. Mo\u017cesz cieszy\u0107 si\u0119 specjalnymi masa\u017cami relaksacyjnymi lub klasycznymi masa\u017cami sportowymi, a wszystko to w pi\u0119knym otoczeniu nowo wybudowanego \u015bwiata saun i jego strefy relaksu.<\/p>\n\n\n\n<div class=\"wp-block-buttons is-layout-flex wp-block-buttons-is-layout-flex\">\n<div class=\"wp-block-button\"><a class=\"wp-block-button__link wp-element-button\" href=\"https:\/\/harmonyhotel.cz\/pl\/wellness\/masaz-i-relaks\/\">Masa\u017c i relaks<\/a><\/div>\n<\/div>\n<\/div><\/div>\n\n\n\n<div class=\"wp-block-media-text has-media-on-the-right is-stacked-on-mobile is-image-fill-element\"><div class=\"wp-block-media-text__content\">\n<h2 class=\"wp-block-heading\">Kontakt i godziny otwarcia<\/h2>\n\n\n\n<p>+420 499 469 113<br>+420 499 469 111<br>wellness@harmonyhotel.cz<\/p>\n\n\n\n<p class=\"has-text-align-left\">Godziny otwarcia: <br><strong>Poniedzia\u0142ek - Niedziela<\/strong><br> <strong>07:00 &#8211; 11:30 | 14:00 &#8211; 22:00<\/strong><\/p>\n<\/div><figure class=\"wp-block-media-text__media\"><a href=\"https:\/\/harmonyhotel.cz\/wp-content\/uploads\/2025\/07\/2024_06_25_9634_EOS_R5_LRN-1-scaled.jpg\"><img loading=\"lazy\" decoding=\"async\" width=\"1600\" height=\"1071\" src=\"https:\/\/harmonyhotel.cz\/wp-content\/uploads\/2025\/07\/2024_06_25_9634_EOS_R5_LRN-1-1600x1071.jpg\" alt=\"\" class=\"wp-image-1890 size-medium\" style=\"object-position:50% 50%\" srcset=\"https:\/\/harmonyhotel.cz\/wp-content\/uploads\/2025\/07\/2024_06_25_9634_EOS_R5_LRN-1-1600x1071.jpg 1600w, https:\/\/harmonyhotel.cz\/wp-content\/uploads\/2025\/07\/2024_06_25_9634_EOS_R5_LRN-1-800x535.jpg 800w, https:\/\/harmonyhotel.cz\/wp-content\/uploads\/2025\/07\/2024_06_25_9634_EOS_R5_LRN-1-18x12.jpg 18w\" sizes=\"auto, (max-width: 1600px) 100vw, 1600px\" \/><\/a><\/figure><\/div>\n\n\n\n<div class=\"wp-block-media-text is-stacked-on-mobile is-image-fill-element\"><figure class=\"wp-block-media-text__media\"><a href=\"https:\/\/harmonyhotel.cz\/wp-content\/uploads\/2025\/07\/2024_06_25_9699_EOS_R5_LRN-scaled.jpg\"><img loading=\"lazy\" decoding=\"async\" width=\"1600\" height=\"1042\" src=\"https:\/\/harmonyhotel.cz\/wp-content\/uploads\/2025\/07\/2024_06_25_9699_EOS_R5_LRN-1600x1042.jpg\" alt=\"\" class=\"wp-image-1891 size-medium\" style=\"object-position:50% 50%\" srcset=\"https:\/\/harmonyhotel.cz\/wp-content\/uploads\/2025\/07\/2024_06_25_9699_EOS_R5_LRN-1600x1042.jpg 1600w, https:\/\/harmonyhotel.cz\/wp-content\/uploads\/2025\/07\/2024_06_25_9699_EOS_R5_LRN-800x521.jpg 800w, https:\/\/harmonyhotel.cz\/wp-content\/uploads\/2025\/07\/2024_06_25_9699_EOS_R5_LRN-18x12.jpg 18w\" sizes=\"auto, (max-width: 1600px) 100vw, 1600px\" \/><\/a><\/figure><div class=\"wp-block-media-text__content\">\n<h2 class=\"wp-block-heading\">Cennik<\/h2>\n\n\n\n<h3 class=\"wp-block-heading\">Strefa Aqua (basen i brodzik dla dzieci)<\/h3>\n\n\n\n<p><strong><strong>07:00 &#8211; 11:30 | 14:00 &#8211; 22:00<\/strong><\/strong><\/p>\n\n\n\n<ul class=\"wp-block-list\">\n<li><strong>dzieci do lat 5,99 gratis<\/strong><\/li>\n\n\n\n<li><strong>od 12 lat 200 CZK\/osoba - 120 minut<\/strong><\/li>\n\n\n\n<li><strong>od 12 lat 200 CZK\/osoba - 120 minut<\/strong><\/li>\n<\/ul>\n\n\n\n<p><strong>Wej\u015bcie do wellness - spo\u0142ecze\u0144stwo: 350 CZK\/osoba (\u0142\u0105cznie z dzie\u0107mi od 6 lat) - 120 minut<\/strong><\/p>\n\n\n\n<p>Dzieci do 5,99 lat bezp\u0142atnie<\/p>\n\n\n\n<h3 class=\"wp-block-heading\">Strefa Aqua + \u015awiat Sauny<\/h3>\n\n\n\n<p><strong>16:00 \u2013 22:00<\/strong><br><strong>450 CZK\/os. \u2013 120 minut<\/strong><\/p>\n\n\n\n<p><strong>Wej\u015bcie - spo\u0142ecze\u0144stwo: 550 CZK\/osoba - 120 minut<\/strong><\/p>\n\n\n\n<ul class=\"wp-block-list\">\n<li>Dzieci do 5,99 lat bezp\u0142atnie<\/li>\n\n\n\n<li>W godzinach <strong>19.00 \u2013 22.00<\/strong> Dzieci nie maj\u0105 wst\u0119pu do strefy saun<\/li>\n<\/ul>\n<\/div><\/div>\n\n\n\n<hr class=\"wp-block-separator has-alpha-channel-opacity\"\/>\n\n\n\n<figure class=\"wp-block-gallery has-nested-images columns-4 is-cropped wp-block-gallery-1 is-layout-flex wp-block-gallery-is-layout-flex\">\n<figure class=\"wp-block-image size-medium\"><a href=\"https:\/\/harmonyhotel.cz\/wp-content\/uploads\/2024\/06\/Wellness-Spindleruv-Mlyn-Harmony-Hotel-Spindleruv-Mlyn-Bazen-2-scaled.jpg\"><img loading=\"lazy\" decoding=\"async\" width=\"800\" height=\"536\" data-id=\"677\" src=\"https:\/\/harmonyhotel.cz\/wp-content\/uploads\/2024\/06\/Wellness-Spindleruv-Mlyn-Harmony-Hotel-Spindleruv-Mlyn-Bazen-2-800x536.jpg\" alt=\"Wellness Szpindlerowy M\u0142yn - Harmony Hotel Szpindlerowy M\u0142yn - Basen\" class=\"wp-image-677\" srcset=\"https:\/\/harmonyhotel.cz\/wp-content\/uploads\/2024\/06\/Wellness-Spindleruv-Mlyn-Harmony-Hotel-Spindleruv-Mlyn-Bazen-2-800x536.jpg 800w, https:\/\/harmonyhotel.cz\/wp-content\/uploads\/2024\/06\/Wellness-Spindleruv-Mlyn-Harmony-Hotel-Spindleruv-Mlyn-Bazen-2-1600x1071.jpg 1600w\" sizes=\"auto, (max-width: 800px) 100vw, 800px\" \/><\/a><\/figure>\n\n\n\n<figure class=\"wp-block-image size-medium\"><a href=\"https:\/\/harmonyhotel.cz\/wp-content\/uploads\/2024\/06\/Wellness-Spindleruv-Mlyn-Harmony-Hotel-Spindleruv-Mlyn-Wellness-4-scaled.jpg\"><img loading=\"lazy\" decoding=\"async\" width=\"800\" height=\"532\" data-id=\"678\" src=\"https:\/\/harmonyhotel.cz\/wp-content\/uploads\/2024\/06\/Wellness-Spindleruv-Mlyn-Harmony-Hotel-Spindleruv-Mlyn-Wellness-4-800x532.jpg\" alt=\"Wellness Szpindlerowy M\u0142yn - Harmony Hotel Szpindlerowy M\u0142yn - Wellness\" class=\"wp-image-678\" srcset=\"https:\/\/harmonyhotel.cz\/wp-content\/uploads\/2024\/06\/Wellness-Spindleruv-Mlyn-Harmony-Hotel-Spindleruv-Mlyn-Wellness-4-800x532.jpg 800w, https:\/\/harmonyhotel.cz\/wp-content\/uploads\/2024\/06\/Wellness-Spindleruv-Mlyn-Harmony-Hotel-Spindleruv-Mlyn-Wellness-4-1600x1065.jpg 1600w\" sizes=\"auto, (max-width: 800px) 100vw, 800px\" \/><\/a><\/figure>\n\n\n\n<figure class=\"wp-block-image size-medium\"><a href=\"https:\/\/harmonyhotel.cz\/wp-content\/uploads\/2024\/06\/Wellness-Spindleruv-Mlyn-Harmony-Hotel-Spindleruv-Mlyn-Babies-Aqua-Zone-3-scaled.jpg\"><img loading=\"lazy\" decoding=\"async\" width=\"532\" height=\"800\" data-id=\"693\" src=\"https:\/\/harmonyhotel.cz\/wp-content\/uploads\/2024\/06\/Wellness-Spindleruv-Mlyn-Harmony-Hotel-Spindleruv-Mlyn-Babies-Aqua-Zone-3-532x800.jpg\" alt=\"Wellness Szpindlerowy M\u0142yn - Harmony Hotel Szpindlerowy M\u0142yn - Strefa Aqua Babies\" class=\"wp-image-693\" srcset=\"https:\/\/harmonyhotel.cz\/wp-content\/uploads\/2024\/06\/Wellness-Spindleruv-Mlyn-Harmony-Hotel-Spindleruv-Mlyn-Babies-Aqua-Zone-3-532x800.jpg 532w, https:\/\/harmonyhotel.cz\/wp-content\/uploads\/2024\/06\/Wellness-Spindleruv-Mlyn-Harmony-Hotel-Spindleruv-Mlyn-Babies-Aqua-Zone-3-1065x1600.jpg 1065w, https:\/\/harmonyhotel.cz\/wp-content\/uploads\/2024\/06\/Wellness-Spindleruv-Mlyn-Harmony-Hotel-Spindleruv-Mlyn-Babies-Aqua-Zone-3-scaled.jpg 1703w\" sizes=\"auto, (max-width: 532px) 100vw, 532px\" \/><\/a><\/figure>\n\n\n\n<figure class=\"wp-block-image size-medium\"><a href=\"https:\/\/harmonyhotel.cz\/wp-content\/uploads\/2024\/06\/Wellness-Spindleruv-Mlyn-Harmony-Hotel-Spindleruv-Mlyn-Babies-Aqua-Zone-2-scaled.jpg\"><img loading=\"lazy\" decoding=\"async\" width=\"800\" height=\"532\" data-id=\"694\" src=\"https:\/\/harmonyhotel.cz\/wp-content\/uploads\/2024\/06\/Wellness-Spindleruv-Mlyn-Harmony-Hotel-Spindleruv-Mlyn-Babies-Aqua-Zone-2-800x532.jpg\" alt=\"Wellness Szpindlerowy M\u0142yn - Harmony Hotel Szpindlerowy M\u0142yn - Strefa Aqua Babies\" class=\"wp-image-694\" srcset=\"https:\/\/harmonyhotel.cz\/wp-content\/uploads\/2024\/06\/Wellness-Spindleruv-Mlyn-Harmony-Hotel-Spindleruv-Mlyn-Babies-Aqua-Zone-2-800x532.jpg 800w, https:\/\/harmonyhotel.cz\/wp-content\/uploads\/2024\/06\/Wellness-Spindleruv-Mlyn-Harmony-Hotel-Spindleruv-Mlyn-Babies-Aqua-Zone-2-1600x1065.jpg 1600w\" sizes=\"auto, (max-width: 800px) 100vw, 800px\" \/><\/a><\/figure>\n\n\n\n<figure class=\"wp-block-image size-medium\"><a href=\"https:\/\/harmonyhotel.cz\/wp-content\/uploads\/2025\/07\/2024_06_25_9647_EOS_R5_LRN-scaled.jpg\"><img loading=\"lazy\" decoding=\"async\" width=\"800\" height=\"529\" data-id=\"1893\" src=\"https:\/\/harmonyhotel.cz\/wp-content\/uploads\/2025\/07\/2024_06_25_9647_EOS_R5_LRN-800x529.jpg\" alt=\"\" class=\"wp-image-1893\" srcset=\"https:\/\/harmonyhotel.cz\/wp-content\/uploads\/2025\/07\/2024_06_25_9647_EOS_R5_LRN-800x529.jpg 800w, https:\/\/harmonyhotel.cz\/wp-content\/uploads\/2025\/07\/2024_06_25_9647_EOS_R5_LRN-1600x1058.jpg 1600w, https:\/\/harmonyhotel.cz\/wp-content\/uploads\/2025\/07\/2024_06_25_9647_EOS_R5_LRN-18x12.jpg 18w\" sizes=\"auto, (max-width: 800px) 100vw, 800px\" \/><\/a><\/figure>\n\n\n\n<figure class=\"wp-block-image size-medium\"><a href=\"https:\/\/harmonyhotel.cz\/wp-content\/uploads\/2024\/06\/Wellness-Spindleruv-Mlyn-Harmony-Hotel-Spindleruv-Mlyn-Sauna-6-scaled.jpg\"><img loading=\"lazy\" decoding=\"async\" width=\"800\" height=\"533\" data-id=\"683\" src=\"https:\/\/harmonyhotel.cz\/wp-content\/uploads\/2024\/06\/Wellness-Spindleruv-Mlyn-Harmony-Hotel-Spindleruv-Mlyn-Sauna-6-800x533.jpg\" alt=\"Wellness Szpindlerowy M\u0142yn - Harmony Hotel Szpindlerowy M\u0142yn - Sauna\" class=\"wp-image-683\" srcset=\"https:\/\/harmonyhotel.cz\/wp-content\/uploads\/2024\/06\/Wellness-Spindleruv-Mlyn-Harmony-Hotel-Spindleruv-Mlyn-Sauna-6-800x533.jpg 800w, https:\/\/harmonyhotel.cz\/wp-content\/uploads\/2024\/06\/Wellness-Spindleruv-Mlyn-Harmony-Hotel-Spindleruv-Mlyn-Sauna-6-1600x1066.jpg 1600w\" sizes=\"auto, (max-width: 800px) 100vw, 800px\" \/><\/a><\/figure>\n\n\n\n<figure class=\"wp-block-image size-medium\"><a href=\"https:\/\/harmonyhotel.cz\/wp-content\/uploads\/2025\/07\/2024_06_25_9654_EOS_R5_LRN-scaled.jpg\"><img loading=\"lazy\" decoding=\"async\" width=\"800\" height=\"527\" data-id=\"1892\" src=\"https:\/\/harmonyhotel.cz\/wp-content\/uploads\/2025\/07\/2024_06_25_9654_EOS_R5_LRN-800x527.jpg\" alt=\"\" class=\"wp-image-1892\" srcset=\"https:\/\/harmonyhotel.cz\/wp-content\/uploads\/2025\/07\/2024_06_25_9654_EOS_R5_LRN-800x527.jpg 800w, https:\/\/harmonyhotel.cz\/wp-content\/uploads\/2025\/07\/2024_06_25_9654_EOS_R5_LRN-1600x1055.jpg 1600w, https:\/\/harmonyhotel.cz\/wp-content\/uploads\/2025\/07\/2024_06_25_9654_EOS_R5_LRN-18x12.jpg 18w\" sizes=\"auto, (max-width: 800px) 100vw, 800px\" \/><\/a><\/figure>\n\n\n\n<figure class=\"wp-block-image size-medium\"><a href=\"https:\/\/harmonyhotel.cz\/wp-content\/uploads\/2024\/06\/Masaze-Spindleruv-Mlyn-Harmony-Hotel-Spindleruv-Mlyn-Masaz-lavovymi-kameny-scaled.jpg\"><img loading=\"lazy\" decoding=\"async\" width=\"800\" height=\"532\" data-id=\"700\" src=\"https:\/\/harmonyhotel.cz\/wp-content\/uploads\/2024\/06\/Masaze-Spindleruv-Mlyn-Harmony-Hotel-Spindleruv-Mlyn-Masaz-lavovymi-kameny-800x532.jpg\" alt=\"Masa\u017c Szpindlerowy M\u0142yn - Harmony Hotel Szpindlerowy M\u0142yn - Masa\u017c kamieniami lawowymi\" class=\"wp-image-700\" srcset=\"https:\/\/harmonyhotel.cz\/wp-content\/uploads\/2024\/06\/Masaze-Spindleruv-Mlyn-Harmony-Hotel-Spindleruv-Mlyn-Masaz-lavovymi-kameny-800x532.jpg 800w, https:\/\/harmonyhotel.cz\/wp-content\/uploads\/2024\/06\/Masaze-Spindleruv-Mlyn-Harmony-Hotel-Spindleruv-Mlyn-Masaz-lavovymi-kameny-1600x1065.jpg 1600w\" sizes=\"auto, (max-width: 800px) 100vw, 800px\" \/><\/a><\/figure>\n<\/figure>","protected":false},"excerpt":{"rendered":"<p>Pono\u0159te se do sv\u011bta odpo\u010dinku a zregenerujte t\u011blo i ducha v na\u0161em modern\u00edm wellness a nechte se h\u00fd\u010dkat na\u0161imi profesion\u00e1ln\u00edmi terapeuty. U\u017eijte si nekone\u010dn\u00fd klid a panoramatick\u00e9 v\u00fdhledy na majest\u00e1tn\u00ed vrcholy, kter\u00e9 pohlad\u00ed va\u0161e smysly. Vyberte si ze \u0161irok\u00e9 \u0161k\u00e1ly wellness aktivit: Kontakty a otev\u00edrac\u00ed doba +420 499 469 113+420 499 469 111wellness@harmonyhotel.cz Otev\u00edrac\u00ed doba: [&hellip;]<\/p>\n","protected":false},"author":1,"featured_media":310,"parent":0,"menu_order":6,"comment_status":"closed","ping_status":"closed","template":"","meta":{"footnotes":""},"class_list":["post-15","page","type-page","status-publish","has-post-thumbnail","hentry"],"_links":{"self":[{"href":"https:\/\/harmonyhotel.cz\/pl\/wp-json\/wp\/v2\/pages\/15","targetHints":{"allow":["GET"]}}],"collection":[{"href":"https:\/\/harmonyhotel.cz\/pl\/wp-json\/wp\/v2\/pages"}],"about":[{"href":"https:\/\/harmonyhotel.cz\/pl\/wp-json\/wp\/v2\/types\/page"}],"author":[{"embeddable":true,"href":"https:\/\/harmonyhotel.cz\/pl\/wp-json\/wp\/v2\/users\/1"}],"replies":[{"embeddable":true,"href":"https:\/\/harmonyhotel.cz\/pl\/wp-json\/wp\/v2\/comments?post=15"}],"version-history":[{"count":20,"href":"https:\/\/harmonyhotel.cz\/pl\/wp-json\/wp\/v2\/pages\/15\/revisions"}],"predecessor-version":[{"id":2449,"href":"https:\/\/harmonyhotel.cz\/pl\/wp-json\/wp\/v2\/pages\/15\/revisions\/2449"}],"wp:featuredmedia":[{"embeddable":true,"href":"https:\/\/harmonyhotel.cz\/pl\/wp-json\/wp\/v2\/media\/310"}],"wp:attachment":[{"href":"https:\/\/harmonyhotel.cz\/pl\/wp-json\/wp\/v2\/media?parent=15"}],"curies":[{"name":"wp","href":"https:\/\/api.w.org\/{rel}","templated":true}]}}