{"id":144,"date":"2024-06-07T00:06:50","date_gmt":"2024-06-06T22:06:50","guid":{"rendered":"https:\/\/harmonyhotel.cz\/?page_id=144"},"modified":"2025-11-12T10:36:04","modified_gmt":"2025-11-12T09:36:04","slug":"apartament-krolewski","status":"publish","type":"page","link":"https:\/\/harmonyhotel.cz\/pl\/pokoje\/kralovske-apartma\/","title":{"rendered":"Apartament kr\u00f3lewski"},"content":{"rendered":"<p>Odkryj, co oznacza prawdziwy relaks i luksus w naszym kr\u00f3lewskim apartamencie, w kt\u00f3rym ka\u017cdy szczeg\u00f3\u0142 zosta\u0142 starannie przemy\u015blany, aby zapewni\u0107 Ci najwy\u017cszy komfort i satysfakcj\u0119.<\/p>\n\n\n\n<p>Kr\u00f3lewski apartament z majestatycznym widokiem na St. Peter's i Iron Mountain, szczyt wyj\u0105tkowo\u015bci i komfortu, roz\u0142o\u017cony na przestronnej powierzchni 105 m2. Apartament ten, b\u0119d\u0105cy symbolem ekskluzywno\u015bci i elegancji, oferuje nie tylko zapieraj\u0105ce dech w piersiach panoramiczne widoki, ale jest r\u00f3wnie\u017c wyposa\u017cony w najwy\u017cszej klasy meble i technologi\u0119. Ciesz si\u0119 wyj\u0105tkow\u0105 atmosfer\u0105 w salonie z wygodn\u0105 sof\u0105, idealnym miejscem do relaksu lub przyjmowania go\u015bci. St\u00f3\u0142 do pracy i st\u00f3\u0142 jadalny dodaj\u0105 przestrzeni praktyczno\u015bci i polotu.<\/p>\n\n\n\n<p>Ten przestronny, luksusowy apartament przeznaczony jest dla maksymalnie 5 os\u00f3b. Sypialnia wyposa\u017cona jest w \u0142\u00f3\u017cko Hastens o wymiarach 210 x 210. W salonie znajduj\u0105 si\u0119 dwie sofy, telewizor Smart TV, nag\u0142o\u015bnienie i biurko. W apartamencie znajduje si\u0119 \u0142azienka z wann\u0105, prysznicem, saun\u0105 i dwiema toaletami. Do dyspozycji Go\u015bci jest tak\u017ce ekspres do kawy z bezp\u0142atn\u0105 kaw\u0105 i wod\u0105. Dost\u0119pny jest bezp\u0142atny dost\u0119p do Internetu.<\/p>\n\n\n\n<ul class=\"wp-block-list vybaveni\">\n<li>105 m2<\/li>\n\n\n\n<li>Prywatna sauna z pokojem relaksacyjnym w apartamencie<\/li>\n\n\n\n<li>Nieograniczony dost\u0119p do hotelowego centrum odnowy biologicznej<\/li>\n\n\n\n<li>Widok na g\u00f3ry<\/li>\n\n\n\n<li>St\u00f3\u0142 konferencyjny i stacja kawowa<\/li>\n\n\n\n<li>\u0141\u00f3\u017cko 210 x 210 cm<\/li>\n\n\n\n<li>Minibar<\/li>\n\n\n\n<li>Sejf<\/li>\n\n\n\n<li>TV SAT<\/li>\n\n\n\n<li>Telefon<\/li>\n\n\n\n<li>Wifi<\/li>\n\n\n\n<li>\u015aniadanie<\/li>\n\n\n\n<li>Woda powitalna<\/li>\n\n\n\n<li>Za op\u0142at\u0105 dost\u0119pne s\u0105 maksymalnie dwa dodatkowe \u0142\u00f3\u017cka<\/li>\n\n\n\n<li>Zwierz\u0119ta domowe nie s\u0105 dozwolone w tym apartamencie.<\/li>\n<\/ul>\n\n\n\n<div class=\"wp-block-buttons is-layout-flex wp-block-buttons-is-layout-flex\">\n<div class=\"wp-block-button btnalt rezervovat\"><a class=\"wp-block-button__link wp-element-button\" href=\"https:\/\/hotelharmony.book-onlinenow.net\/index.aspx?lan_id=pl-PL&amp;cur=PLN\" target=\"_blank\" rel=\"noreferrer noopener\">Ksi\u0105\u017cka<\/a><\/div>\n<\/div>\n\n\n\n<div style=\"height:50px\" aria-hidden=\"true\" class=\"wp-block-spacer\"><\/div>\n\n\n\n<figure class=\"wp-block-gallery has-nested-images columns-default is-cropped wp-block-gallery-1 is-layout-flex wp-block-gallery-is-layout-flex\">\n<figure class=\"wp-block-image size-medium\"><a href=\"https:\/\/harmonyhotel.cz\/wp-content\/uploads\/2025\/07\/2024_06_24_9115_EOS_R5_LRN-1-scaled.jpg\"><img loading=\"lazy\" decoding=\"async\" width=\"800\" height=\"532\" data-id=\"1941\" src=\"https:\/\/harmonyhotel.cz\/wp-content\/uploads\/2025\/07\/2024_06_24_9115_EOS_R5_LRN-1-800x532.jpg\" alt=\"\" class=\"wp-image-1941\" srcset=\"https:\/\/harmonyhotel.cz\/wp-content\/uploads\/2025\/07\/2024_06_24_9115_EOS_R5_LRN-1-800x532.jpg 800w, https:\/\/harmonyhotel.cz\/wp-content\/uploads\/2025\/07\/2024_06_24_9115_EOS_R5_LRN-1-1600x1065.jpg 1600w, https:\/\/harmonyhotel.cz\/wp-content\/uploads\/2025\/07\/2024_06_24_9115_EOS_R5_LRN-1-18x12.jpg 18w\" sizes=\"auto, (max-width: 800px) 100vw, 800px\" \/><\/a><\/figure>\n\n\n\n<figure class=\"wp-block-image size-medium\"><a href=\"https:\/\/harmonyhotel.cz\/wp-content\/uploads\/2024\/06\/Harmony-Hotel-Spindleruv-Mlyn-Kralovske-apartma-02-scaled.jpg\"><img loading=\"lazy\" decoding=\"async\" width=\"800\" height=\"532\" data-id=\"193\" src=\"https:\/\/harmonyhotel.cz\/wp-content\/uploads\/2024\/06\/Harmony-Hotel-Spindleruv-Mlyn-Kralovske-apartma-02-800x532.jpg\" alt=\"Hotel Szpindlerowy M\u0142yn - Apartament kr\u00f3lewski\" class=\"wp-image-193\" srcset=\"https:\/\/harmonyhotel.cz\/wp-content\/uploads\/2024\/06\/Harmony-Hotel-Spindleruv-Mlyn-Kralovske-apartma-02-800x532.jpg 800w, https:\/\/harmonyhotel.cz\/wp-content\/uploads\/2024\/06\/Harmony-Hotel-Spindleruv-Mlyn-Kralovske-apartma-02-1600x1065.jpg 1600w\" sizes=\"auto, (max-width: 800px) 100vw, 800px\" \/><\/a><\/figure>\n\n\n\n<figure class=\"wp-block-image size-medium\"><a href=\"https:\/\/harmonyhotel.cz\/wp-content\/uploads\/2024\/06\/Harmony-Hotel-Spindleruv-Mlyn-Kralovske-apartma-01-1-scaled.jpg\"><img loading=\"lazy\" decoding=\"async\" width=\"800\" height=\"532\" data-id=\"192\" src=\"https:\/\/harmonyhotel.cz\/wp-content\/uploads\/2024\/06\/Harmony-Hotel-Spindleruv-Mlyn-Kralovske-apartma-01-1-800x532.jpg\" alt=\"Hotel Szpindlerowy M\u0142yn - Apartament kr\u00f3lewski\" class=\"wp-image-192\" srcset=\"https:\/\/harmonyhotel.cz\/wp-content\/uploads\/2024\/06\/Harmony-Hotel-Spindleruv-Mlyn-Kralovske-apartma-01-1-800x532.jpg 800w, https:\/\/harmonyhotel.cz\/wp-content\/uploads\/2024\/06\/Harmony-Hotel-Spindleruv-Mlyn-Kralovske-apartma-01-1-1600x1065.jpg 1600w\" sizes=\"auto, (max-width: 800px) 100vw, 800px\" \/><\/a><\/figure>\n\n\n\n<figure class=\"wp-block-image size-medium\"><a href=\"https:\/\/harmonyhotel.cz\/wp-content\/uploads\/2025\/07\/2024_12_19_8396_EOS_R5_MK_II_LRNL_crop-scaled.jpg\"><img loading=\"lazy\" decoding=\"async\" width=\"800\" height=\"543\" data-id=\"1979\" src=\"https:\/\/harmonyhotel.cz\/wp-content\/uploads\/2025\/07\/2024_12_19_8396_EOS_R5_MK_II_LRNL_crop-800x543.jpg\" alt=\"\" class=\"wp-image-1979\" srcset=\"https:\/\/harmonyhotel.cz\/wp-content\/uploads\/2025\/07\/2024_12_19_8396_EOS_R5_MK_II_LRNL_crop-800x543.jpg 800w, https:\/\/harmonyhotel.cz\/wp-content\/uploads\/2025\/07\/2024_12_19_8396_EOS_R5_MK_II_LRNL_crop-1600x1085.jpg 1600w, https:\/\/harmonyhotel.cz\/wp-content\/uploads\/2025\/07\/2024_12_19_8396_EOS_R5_MK_II_LRNL_crop-18x12.jpg 18w\" sizes=\"auto, (max-width: 800px) 100vw, 800px\" \/><\/a><\/figure>\n\n\n\n<figure class=\"wp-block-image size-medium\"><a href=\"https:\/\/harmonyhotel.cz\/wp-content\/uploads\/2025\/07\/2024_06_24_9142_EOS_R5_LRN-1-scaled.jpg\"><img loading=\"lazy\" decoding=\"async\" width=\"800\" height=\"522\" data-id=\"1948\" src=\"https:\/\/harmonyhotel.cz\/wp-content\/uploads\/2025\/07\/2024_06_24_9142_EOS_R5_LRN-1-800x522.jpg\" alt=\"\" class=\"wp-image-1948\" srcset=\"https:\/\/harmonyhotel.cz\/wp-content\/uploads\/2025\/07\/2024_06_24_9142_EOS_R5_LRN-1-800x522.jpg 800w, https:\/\/harmonyhotel.cz\/wp-content\/uploads\/2025\/07\/2024_06_24_9142_EOS_R5_LRN-1-1600x1044.jpg 1600w, https:\/\/harmonyhotel.cz\/wp-content\/uploads\/2025\/07\/2024_06_24_9142_EOS_R5_LRN-1-18x12.jpg 18w\" sizes=\"auto, (max-width: 800px) 100vw, 800px\" \/><\/a><\/figure>\n\n\n\n<figure class=\"wp-block-image size-medium\"><a href=\"https:\/\/harmonyhotel.cz\/wp-content\/uploads\/2024\/06\/Harmony-Hotel-Spindleruv-Mlyn-Kralovske-apartma-03-scaled.jpg\"><img loading=\"lazy\" decoding=\"async\" width=\"800\" height=\"532\" data-id=\"194\" src=\"https:\/\/harmonyhotel.cz\/wp-content\/uploads\/2024\/06\/Harmony-Hotel-Spindleruv-Mlyn-Kralovske-apartma-03-800x532.jpg\" alt=\"Hotel Szpindlerowy M\u0142yn - Apartament kr\u00f3lewski\" class=\"wp-image-194\" srcset=\"https:\/\/harmonyhotel.cz\/wp-content\/uploads\/2024\/06\/Harmony-Hotel-Spindleruv-Mlyn-Kralovske-apartma-03-800x532.jpg 800w, https:\/\/harmonyhotel.cz\/wp-content\/uploads\/2024\/06\/Harmony-Hotel-Spindleruv-Mlyn-Kralovske-apartma-03-1600x1065.jpg 1600w\" sizes=\"auto, (max-width: 800px) 100vw, 800px\" \/><\/a><\/figure>\n\n\n\n<figure class=\"wp-block-image size-medium\"><a href=\"https:\/\/harmonyhotel.cz\/wp-content\/uploads\/2024\/06\/Harmony-Hotel-Spindleruv-Mlyn-Kralovske-apartma-08-scaled.jpg\"><img loading=\"lazy\" decoding=\"async\" width=\"800\" height=\"532\" data-id=\"199\" src=\"https:\/\/harmonyhotel.cz\/wp-content\/uploads\/2024\/06\/Harmony-Hotel-Spindleruv-Mlyn-Kralovske-apartma-08-800x532.jpg\" alt=\"Hotel Szpindlerowy M\u0142yn - Apartament kr\u00f3lewski\" class=\"wp-image-199\" srcset=\"https:\/\/harmonyhotel.cz\/wp-content\/uploads\/2024\/06\/Harmony-Hotel-Spindleruv-Mlyn-Kralovske-apartma-08-800x532.jpg 800w, https:\/\/harmonyhotel.cz\/wp-content\/uploads\/2024\/06\/Harmony-Hotel-Spindleruv-Mlyn-Kralovske-apartma-08-1600x1065.jpg 1600w\" sizes=\"auto, (max-width: 800px) 100vw, 800px\" \/><\/a><\/figure>\n\n\n\n<figure class=\"wp-block-image size-medium\"><a href=\"https:\/\/harmonyhotel.cz\/wp-content\/uploads\/2025\/07\/2024_06_24_9194_EOS_R5_LRN_nigh_mode-2-scaled.jpg\"><img loading=\"lazy\" decoding=\"async\" width=\"800\" height=\"513\" data-id=\"1945\" src=\"https:\/\/harmonyhotel.cz\/wp-content\/uploads\/2025\/07\/2024_06_24_9194_EOS_R5_LRN_nigh_mode-2-800x513.jpg\" alt=\"\" class=\"wp-image-1945\" srcset=\"https:\/\/harmonyhotel.cz\/wp-content\/uploads\/2025\/07\/2024_06_24_9194_EOS_R5_LRN_nigh_mode-2-800x513.jpg 800w, https:\/\/harmonyhotel.cz\/wp-content\/uploads\/2025\/07\/2024_06_24_9194_EOS_R5_LRN_nigh_mode-2-1600x1026.jpg 1600w, https:\/\/harmonyhotel.cz\/wp-content\/uploads\/2025\/07\/2024_06_24_9194_EOS_R5_LRN_nigh_mode-2-18x12.jpg 18w\" sizes=\"auto, (max-width: 800px) 100vw, 800px\" \/><\/a><\/figure>\n\n\n\n<figure class=\"wp-block-image size-large\"><a href=\"https:\/\/harmonyhotel.cz\/wp-content\/uploads\/2025\/07\/2024_06_24_9206_EOS_R5_LRN-scaled.jpg\"><img loading=\"lazy\" decoding=\"async\" width=\"1600\" height=\"1052\" data-id=\"1944\" src=\"https:\/\/harmonyhotel.cz\/wp-content\/uploads\/2025\/07\/2024_06_24_9206_EOS_R5_LRN-1600x1052.jpg\" alt=\"\" class=\"wp-image-1944\" srcset=\"https:\/\/harmonyhotel.cz\/wp-content\/uploads\/2025\/07\/2024_06_24_9206_EOS_R5_LRN-1600x1052.jpg 1600w, https:\/\/harmonyhotel.cz\/wp-content\/uploads\/2025\/07\/2024_06_24_9206_EOS_R5_LRN-800x526.jpg 800w, https:\/\/harmonyhotel.cz\/wp-content\/uploads\/2025\/07\/2024_06_24_9206_EOS_R5_LRN-18x12.jpg 18w\" sizes=\"auto, (max-width: 1600px) 100vw, 1600px\" \/><\/a><\/figure>\n\n\n\n<figure class=\"wp-block-image size-medium\"><a href=\"https:\/\/harmonyhotel.cz\/wp-content\/uploads\/2024\/06\/Harmony-Hotel-Spindleruv-Mlyn-Kralovske-apartma-09-scaled.jpg\"><img loading=\"lazy\" decoding=\"async\" width=\"800\" height=\"532\" data-id=\"200\" src=\"https:\/\/harmonyhotel.cz\/wp-content\/uploads\/2024\/06\/Harmony-Hotel-Spindleruv-Mlyn-Kralovske-apartma-09-800x532.jpg\" alt=\"Hotel Szpindlerowy M\u0142yn - Apartament kr\u00f3lewski\" class=\"wp-image-200\" srcset=\"https:\/\/harmonyhotel.cz\/wp-content\/uploads\/2024\/06\/Harmony-Hotel-Spindleruv-Mlyn-Kralovske-apartma-09-800x532.jpg 800w, https:\/\/harmonyhotel.cz\/wp-content\/uploads\/2024\/06\/Harmony-Hotel-Spindleruv-Mlyn-Kralovske-apartma-09-1600x1065.jpg 1600w\" sizes=\"auto, (max-width: 800px) 100vw, 800px\" \/><\/a><\/figure>\n\n\n\n<figure class=\"wp-block-image size-medium\"><a href=\"https:\/\/harmonyhotel.cz\/wp-content\/uploads\/2024\/06\/Harmony-Hotel-Spindleruv-Mlyn-Kralovske-apartma-10-scaled.jpg\"><img loading=\"lazy\" decoding=\"async\" width=\"800\" height=\"532\" data-id=\"201\" src=\"https:\/\/harmonyhotel.cz\/wp-content\/uploads\/2024\/06\/Harmony-Hotel-Spindleruv-Mlyn-Kralovske-apartma-10-800x532.jpg\" alt=\"Hotel Szpindlerowy M\u0142yn - Apartament kr\u00f3lewski\" class=\"wp-image-201\" srcset=\"https:\/\/harmonyhotel.cz\/wp-content\/uploads\/2024\/06\/Harmony-Hotel-Spindleruv-Mlyn-Kralovske-apartma-10-800x532.jpg 800w, https:\/\/harmonyhotel.cz\/wp-content\/uploads\/2024\/06\/Harmony-Hotel-Spindleruv-Mlyn-Kralovske-apartma-10-1600x1065.jpg 1600w\" sizes=\"auto, (max-width: 800px) 100vw, 800px\" \/><\/a><\/figure>\n<\/figure>","protected":false},"excerpt":{"rendered":"<p>Poznejte, co znamen\u00e1 opravdov\u00fd odpo\u010dinek a luxus v na\u0161em kr\u00e1lovsk\u00e9m apartm\u00e1, kde ka\u017ed\u00fd detail je pe\u010dliv\u011b promy\u0161len pro va\u0161e maxim\u00e1ln\u00ed pohodl\u00ed a spokojenost. Kr\u00e1lovsk\u00e9 apartm\u00e1 s majest\u00e1tn\u00edm v\u00fdhledem na Sv. Petr a \u017deleznou horu, vrchol jedine\u010dnosti a komfortu, kter\u00e9 se rozkl\u00e1d\u00e1 na prostorn\u00fdch 105 m2. Toto apartm\u00e1, symbol v\u00fdjime\u010dnosti a elegance, nab\u00edz\u00ed nejen \u00fachvatn\u00e9 panoramatick\u00e9 [&hellip;]<\/p>\n","protected":false},"author":1,"featured_media":164,"parent":9,"menu_order":26,"comment_status":"closed","ping_status":"closed","template":"","meta":{"footnotes":""},"class_list":["post-144","page","type-page","status-publish","has-post-thumbnail","hentry"],"_links":{"self":[{"href":"https:\/\/harmonyhotel.cz\/pl\/wp-json\/wp\/v2\/pages\/144","targetHints":{"allow":["GET"]}}],"collection":[{"href":"https:\/\/harmonyhotel.cz\/pl\/wp-json\/wp\/v2\/pages"}],"about":[{"href":"https:\/\/harmonyhotel.cz\/pl\/wp-json\/wp\/v2\/types\/page"}],"author":[{"embeddable":true,"href":"https:\/\/harmonyhotel.cz\/pl\/wp-json\/wp\/v2\/users\/1"}],"replies":[{"embeddable":true,"href":"https:\/\/harmonyhotel.cz\/pl\/wp-json\/wp\/v2\/comments?post=144"}],"version-history":[{"count":8,"href":"https:\/\/harmonyhotel.cz\/pl\/wp-json\/wp\/v2\/pages\/144\/revisions"}],"predecessor-version":[{"id":2185,"href":"https:\/\/harmonyhotel.cz\/pl\/wp-json\/wp\/v2\/pages\/144\/revisions\/2185"}],"up":[{"embeddable":true,"href":"https:\/\/harmonyhotel.cz\/pl\/wp-json\/wp\/v2\/pages\/9"}],"wp:featuredmedia":[{"embeddable":true,"href":"https:\/\/harmonyhotel.cz\/pl\/wp-json\/wp\/v2\/media\/164"}],"wp:attachment":[{"href":"https:\/\/harmonyhotel.cz\/pl\/wp-json\/wp\/v2\/media?parent=144"}],"curies":[{"name":"wp","href":"https:\/\/api.w.org\/{rel}","templated":true}]}}