{"id":140,"date":"2024-06-07T00:06:10","date_gmt":"2024-06-06T22:06:10","guid":{"rendered":"https:\/\/harmonyhotel.cz\/?page_id=140"},"modified":"2025-07-31T13:24:22","modified_gmt":"2025-07-31T11:24:22","slug":"pokoj-typu-apartament-rodzinny","status":"publish","type":"page","link":"https:\/\/harmonyhotel.cz\/pl\/pokoje\/rodinny-pokoj-typu-suite\/","title":{"rendered":"Pok\u00f3j typu apartament rodzinny"},"content":{"rendered":"<p>Apartament o powierzchni 75-88 m2 jest przeznaczony dla maksymalnie 6 os\u00f3b (maksymalnie 5 os\u00f3b doros\u0142ych) i jest wyposa\u017cony w \u0142\u00f3\u017cko podw\u00f3jne, trzy \u0142\u00f3\u017cka pojedyncze i jedn\u0105 wygodn\u0105 rozk\u0142adan\u0105 sof\u0119. Apartamenty posiadaj\u0105 \u0142azienk\u0119 z prysznicem lub wann\u0105 oraz oddzieln\u0105 toalet\u0119. Pok\u00f3j wyposa\u017cony jest r\u00f3wnie\u017c w biurko i krzes\u0142o. W apartamencie znajduje si\u0119 TV\/SAT, radio, telefon i sejf. Wszystkie pokoje wyposa\u017cone s\u0105 w minibar. W ka\u017cdym pokoju mo\u017cna bezp\u0142atnie korzysta\u0107 z dost\u0119pu do Internetu.<\/p>\n\n\n\n<ul class=\"wp-block-list vybaveni\">\n<li>43 &#8211; 49 m2<\/li>\n\n\n\n<li>Minibar<\/li>\n\n\n\n<li>Sejf<\/li>\n\n\n\n<li>TV SAT<\/li>\n\n\n\n<li>Telefon<\/li>\n\n\n\n<li>Okno balkonowe<\/li>\n\n\n\n<li>Widok na g\u00f3ry<\/li>\n\n\n\n<li>Lobby<\/li>\n\n\n\n<li>Wifi<\/li>\n\n\n\n<li>\u015aniadanie<\/li>\n\n\n\n<li>Dost\u0119pne s\u0105 maksymalnie 2 dodatkowe \u0142\u00f3\u017cka<\/li>\n<\/ul>\n\n\n\n<div class=\"wp-block-buttons is-layout-flex wp-block-buttons-is-layout-flex\">\n<div class=\"wp-block-button btnalt rezervovat\"><a class=\"wp-block-button__link wp-element-button\" href=\"https:\/\/hotelharmony.book-onlinenow.net\/index.aspx?lan_id=pl-PL&amp;cur=PLN\" target=\"_blank\" rel=\"noreferrer noopener\">Ksi\u0105\u017cka<\/a><\/div>\n<\/div>\n\n\n\n<div style=\"height:50px\" aria-hidden=\"true\" class=\"wp-block-spacer\"><\/div>\n\n\n\n<figure class=\"wp-block-gallery has-nested-images columns-4 is-cropped wp-block-gallery-1 is-layout-flex wp-block-gallery-is-layout-flex\">\n<figure class=\"wp-block-image size-medium\"><a href=\"https:\/\/harmonyhotel.cz\/wp-content\/uploads\/2025\/07\/2024_12_18_7853_EOS_R5_MK_II_LRNR-scaled.jpg\"><img loading=\"lazy\" decoding=\"async\" width=\"800\" height=\"525\" data-id=\"1964\" src=\"https:\/\/harmonyhotel.cz\/wp-content\/uploads\/2025\/07\/2024_12_18_7853_EOS_R5_MK_II_LRNR-800x525.jpg\" alt=\"\" class=\"wp-image-1964\" srcset=\"https:\/\/harmonyhotel.cz\/wp-content\/uploads\/2025\/07\/2024_12_18_7853_EOS_R5_MK_II_LRNR-800x525.jpg 800w, https:\/\/harmonyhotel.cz\/wp-content\/uploads\/2025\/07\/2024_12_18_7853_EOS_R5_MK_II_LRNR-1600x1050.jpg 1600w, https:\/\/harmonyhotel.cz\/wp-content\/uploads\/2025\/07\/2024_12_18_7853_EOS_R5_MK_II_LRNR-18x12.jpg 18w\" sizes=\"auto, (max-width: 800px) 100vw, 800px\" \/><\/a><\/figure>\n\n\n\n<figure class=\"wp-block-image size-medium\"><a href=\"https:\/\/harmonyhotel.cz\/wp-content\/uploads\/2025\/07\/2024_06_25_9790_EOS_R5_LRN-scaled.jpg\"><img loading=\"lazy\" decoding=\"async\" width=\"800\" height=\"521\" data-id=\"1966\" src=\"https:\/\/harmonyhotel.cz\/wp-content\/uploads\/2025\/07\/2024_06_25_9790_EOS_R5_LRN-800x521.jpg\" alt=\"\" class=\"wp-image-1966\" srcset=\"https:\/\/harmonyhotel.cz\/wp-content\/uploads\/2025\/07\/2024_06_25_9790_EOS_R5_LRN-800x521.jpg 800w, https:\/\/harmonyhotel.cz\/wp-content\/uploads\/2025\/07\/2024_06_25_9790_EOS_R5_LRN-1600x1043.jpg 1600w, https:\/\/harmonyhotel.cz\/wp-content\/uploads\/2025\/07\/2024_06_25_9790_EOS_R5_LRN-18x12.jpg 18w\" sizes=\"auto, (max-width: 800px) 100vw, 800px\" \/><\/a><\/figure>\n\n\n\n<figure class=\"wp-block-image size-medium\"><a href=\"https:\/\/harmonyhotel.cz\/wp-content\/uploads\/2025\/07\/2024_06_25_9772_EOS_R5_LRN-1-scaled.jpg\"><img loading=\"lazy\" decoding=\"async\" width=\"800\" height=\"528\" data-id=\"1968\" src=\"https:\/\/harmonyhotel.cz\/wp-content\/uploads\/2025\/07\/2024_06_25_9772_EOS_R5_LRN-1-800x528.jpg\" alt=\"\" class=\"wp-image-1968\" srcset=\"https:\/\/harmonyhotel.cz\/wp-content\/uploads\/2025\/07\/2024_06_25_9772_EOS_R5_LRN-1-800x528.jpg 800w, https:\/\/harmonyhotel.cz\/wp-content\/uploads\/2025\/07\/2024_06_25_9772_EOS_R5_LRN-1-1600x1057.jpg 1600w, https:\/\/harmonyhotel.cz\/wp-content\/uploads\/2025\/07\/2024_06_25_9772_EOS_R5_LRN-1-18x12.jpg 18w\" sizes=\"auto, (max-width: 800px) 100vw, 800px\" \/><\/a><\/figure>\n\n\n\n<figure class=\"wp-block-image size-medium\"><a href=\"https:\/\/harmonyhotel.cz\/wp-content\/uploads\/2024\/06\/Harmony-Hotel-Spindleruv-Mlyn-Rodinny-pokoj-typu-Suite-04.jpg\"><img loading=\"lazy\" decoding=\"async\" width=\"800\" height=\"541\" data-id=\"396\" src=\"https:\/\/harmonyhotel.cz\/wp-content\/uploads\/2024\/06\/Harmony-Hotel-Spindleruv-Mlyn-Rodinny-pokoj-typu-Suite-04-800x541.jpg\" alt=\"Hotel Szpindlerowy M\u0142yn - Pok\u00f3j typu apartament rodzinny\" class=\"wp-image-396\" srcset=\"https:\/\/harmonyhotel.cz\/wp-content\/uploads\/2024\/06\/Harmony-Hotel-Spindleruv-Mlyn-Rodinny-pokoj-typu-Suite-04-800x541.jpg 800w, https:\/\/harmonyhotel.cz\/wp-content\/uploads\/2024\/06\/Harmony-Hotel-Spindleruv-Mlyn-Rodinny-pokoj-typu-Suite-04-1600x1082.jpg 1600w, https:\/\/harmonyhotel.cz\/wp-content\/uploads\/2024\/06\/Harmony-Hotel-Spindleruv-Mlyn-Rodinny-pokoj-typu-Suite-04.jpg 1920w\" sizes=\"auto, (max-width: 800px) 100vw, 800px\" \/><\/a><\/figure>\n\n\n\n<figure class=\"wp-block-image size-medium\"><a href=\"https:\/\/harmonyhotel.cz\/wp-content\/uploads\/2024\/06\/Harmony-Hotel-Spindleruv-Mlyn-Rodinny-pokoj-typu-Suite-05.jpg\"><img loading=\"lazy\" decoding=\"async\" width=\"800\" height=\"536\" data-id=\"397\" src=\"https:\/\/harmonyhotel.cz\/wp-content\/uploads\/2024\/06\/Harmony-Hotel-Spindleruv-Mlyn-Rodinny-pokoj-typu-Suite-05-800x536.jpg\" alt=\"Hotel Szpindlerowy M\u0142yn - Pok\u00f3j typu apartament rodzinny\" class=\"wp-image-397\" srcset=\"https:\/\/harmonyhotel.cz\/wp-content\/uploads\/2024\/06\/Harmony-Hotel-Spindleruv-Mlyn-Rodinny-pokoj-typu-Suite-05-800x536.jpg 800w, https:\/\/harmonyhotel.cz\/wp-content\/uploads\/2024\/06\/Harmony-Hotel-Spindleruv-Mlyn-Rodinny-pokoj-typu-Suite-05-1600x1073.jpg 1600w, https:\/\/harmonyhotel.cz\/wp-content\/uploads\/2024\/06\/Harmony-Hotel-Spindleruv-Mlyn-Rodinny-pokoj-typu-Suite-05.jpg 1920w\" sizes=\"auto, (max-width: 800px) 100vw, 800px\" \/><\/a><\/figure>\n\n\n\n<figure class=\"wp-block-image size-medium\"><a href=\"https:\/\/harmonyhotel.cz\/wp-content\/uploads\/2024\/06\/Harmony-Hotel-Spindleruv-Mlyn-Rodinny-pokoj-typu-Suite-06.jpg\"><img loading=\"lazy\" decoding=\"async\" width=\"800\" height=\"537\" data-id=\"398\" src=\"https:\/\/harmonyhotel.cz\/wp-content\/uploads\/2024\/06\/Harmony-Hotel-Spindleruv-Mlyn-Rodinny-pokoj-typu-Suite-06-800x537.jpg\" alt=\"Hotel Szpindlerowy M\u0142yn - Pok\u00f3j typu apartament rodzinny\" class=\"wp-image-398\" srcset=\"https:\/\/harmonyhotel.cz\/wp-content\/uploads\/2024\/06\/Harmony-Hotel-Spindleruv-Mlyn-Rodinny-pokoj-typu-Suite-06-800x537.jpg 800w, https:\/\/harmonyhotel.cz\/wp-content\/uploads\/2024\/06\/Harmony-Hotel-Spindleruv-Mlyn-Rodinny-pokoj-typu-Suite-06-1600x1073.jpg 1600w, https:\/\/harmonyhotel.cz\/wp-content\/uploads\/2024\/06\/Harmony-Hotel-Spindleruv-Mlyn-Rodinny-pokoj-typu-Suite-06.jpg 1920w\" sizes=\"auto, (max-width: 800px) 100vw, 800px\" \/><\/a><\/figure>\n\n\n\n<figure class=\"wp-block-image size-medium\"><a href=\"https:\/\/harmonyhotel.cz\/wp-content\/uploads\/2025\/07\/2024_06_25_9824_EOS_R5_LRN-scaled.jpg\"><img loading=\"lazy\" decoding=\"async\" width=\"800\" height=\"526\" data-id=\"1967\" src=\"https:\/\/harmonyhotel.cz\/wp-content\/uploads\/2025\/07\/2024_06_25_9824_EOS_R5_LRN-800x526.jpg\" alt=\"\" class=\"wp-image-1967\" srcset=\"https:\/\/harmonyhotel.cz\/wp-content\/uploads\/2025\/07\/2024_06_25_9824_EOS_R5_LRN-800x526.jpg 800w, https:\/\/harmonyhotel.cz\/wp-content\/uploads\/2025\/07\/2024_06_25_9824_EOS_R5_LRN-1600x1051.jpg 1600w, https:\/\/harmonyhotel.cz\/wp-content\/uploads\/2025\/07\/2024_06_25_9824_EOS_R5_LRN-18x12.jpg 18w\" sizes=\"auto, (max-width: 800px) 100vw, 800px\" \/><\/a><\/figure>\n\n\n\n<figure class=\"wp-block-image size-medium\"><a href=\"https:\/\/harmonyhotel.cz\/wp-content\/uploads\/2024\/06\/Harmony-Hotel-Spindleruv-Mlyn-Rodinny-pokoj-typu-Suite-03-scaled.jpg\"><img loading=\"lazy\" decoding=\"async\" width=\"800\" height=\"535\" data-id=\"395\" src=\"https:\/\/harmonyhotel.cz\/wp-content\/uploads\/2024\/06\/Harmony-Hotel-Spindleruv-Mlyn-Rodinny-pokoj-typu-Suite-03-800x535.jpg\" alt=\"Hotel Szpindlerowy M\u0142yn - Pok\u00f3j typu apartament rodzinny\" class=\"wp-image-395\" srcset=\"https:\/\/harmonyhotel.cz\/wp-content\/uploads\/2024\/06\/Harmony-Hotel-Spindleruv-Mlyn-Rodinny-pokoj-typu-Suite-03-800x535.jpg 800w, https:\/\/harmonyhotel.cz\/wp-content\/uploads\/2024\/06\/Harmony-Hotel-Spindleruv-Mlyn-Rodinny-pokoj-typu-Suite-03-1600x1070.jpg 1600w\" sizes=\"auto, (max-width: 800px) 100vw, 800px\" \/><\/a><\/figure>\n<\/figure>","protected":false},"excerpt":{"rendered":"<p>Tento pokoj je vhodn\u00fd pro 2 dosp\u011bl\u00e9 a 2 d\u011bti a je vybaven jednou man\u017eelskou postel\u00ed a jednou pohodlnou rozkl\u00e1dac\u00ed pohovkou. V\u0161echny pokoje maj\u00ed vlastn\u00ed koupelnu s vanou nebo sprchou. Je zde tak\u00e9 samostatn\u00e9 WC. Pokoj je vybaven stolem a \u017eidl\u00ed. V apartm\u00e1nu je TV\/SAT, r\u00e1dio, telefon a trezor. V\u0161echny pokoje jsou vybaveny minibarem. V [&hellip;]<\/p>\n","protected":false},"author":1,"featured_media":393,"parent":9,"menu_order":24,"comment_status":"closed","ping_status":"closed","template":"","meta":{"footnotes":""},"class_list":["post-140","page","type-page","status-publish","has-post-thumbnail","hentry"],"_links":{"self":[{"href":"https:\/\/harmonyhotel.cz\/pl\/wp-json\/wp\/v2\/pages\/140","targetHints":{"allow":["GET"]}}],"collection":[{"href":"https:\/\/harmonyhotel.cz\/pl\/wp-json\/wp\/v2\/pages"}],"about":[{"href":"https:\/\/harmonyhotel.cz\/pl\/wp-json\/wp\/v2\/types\/page"}],"author":[{"embeddable":true,"href":"https:\/\/harmonyhotel.cz\/pl\/wp-json\/wp\/v2\/users\/1"}],"replies":[{"embeddable":true,"href":"https:\/\/harmonyhotel.cz\/pl\/wp-json\/wp\/v2\/comments?post=140"}],"version-history":[{"count":2,"href":"https:\/\/harmonyhotel.cz\/pl\/wp-json\/wp\/v2\/pages\/140\/revisions"}],"predecessor-version":[{"id":1969,"href":"https:\/\/harmonyhotel.cz\/pl\/wp-json\/wp\/v2\/pages\/140\/revisions\/1969"}],"up":[{"embeddable":true,"href":"https:\/\/harmonyhotel.cz\/pl\/wp-json\/wp\/v2\/pages\/9"}],"wp:featuredmedia":[{"embeddable":true,"href":"https:\/\/harmonyhotel.cz\/pl\/wp-json\/wp\/v2\/media\/393"}],"wp:attachment":[{"href":"https:\/\/harmonyhotel.cz\/pl\/wp-json\/wp\/v2\/media?parent=140"}],"curies":[{"name":"wp","href":"https:\/\/api.w.org\/{rel}","templated":true}]}}