{"id":1373,"date":"2024-12-16T22:52:42","date_gmt":"2024-12-16T21:52:42","guid":{"rendered":"https:\/\/harmonyhotel.cz\/?page_id=1373"},"modified":"2026-02-01T23:49:36","modified_gmt":"2026-02-01T22:49:36","slug":"ski-award","status":"publish","type":"page","link":"https:\/\/harmonyhotel.cz\/pl\/hotel\/ski-award\/","title":{"rendered":"Ski Award"},"content":{"rendered":"<p class=\"translation-block\"><strong>Hotel Harmony<\/strong> szczyci si\u0119 nagrod\u0105 <strong>Najlepszego Hotelu Narciarskiego w Czechach<\/strong>, kt\u00f3r\u0105 wielokrotnie otrzymali\u015bmy w presti\u017cowym konkursie <strong>World Ski Awards<\/strong> \u2013 konkretnie w 2015, 2018, 2020, 2021, 2022, 2023, 2024 i 2025 roku. To wyr\u00f3\u017cnienie jest nie tylko dowodem na wysoki poziom naszych us\u0142ug, ale tak\u017ce potwierdzeniem naszej idealnej lokalizacji i wysokiej jako\u015bci udogodnie\u0144 dla narciarzy i mi\u0142o\u015bnik\u00f3w g\u00f3r.<\/p>\n\n\n\n<p class=\"translation-block\"><strong>World Ski Awards<\/strong> to najbardziej presti\u017cowy konkurs w turystyce narciarskiej, kt\u00f3ry co roku wyr\u00f3\u017cnia najlepsze hotele i us\u0142ugodawc\u00f3w na ca\u0142ym \u015bwiecie. W g\u0142osowaniu bior\u0105 udzia\u0142 profesjonali\u015bci z bran\u017cy oraz og\u00f3\u0142 spo\u0142ecze\u0144stwa, co czyni t\u0119 nagrod\u0119 szczeg\u00f3lnie presti\u017cow\u0105.<\/p>\n\n\n\n<p class=\"translation-block\"><strong>Zwyci\u0119stwo<\/strong>\u00a0w tym konkursie odzwierciedla nasze zaanga\u017cowanie w jako\u015b\u0107, komfort i wyj\u0105tkowe do\u015bwiadczenia, jakie zapewniamy naszym go\u015bciom. Od doskona\u0142ego zakwaterowania, najwy\u017cszej klasy gastronomii i relaksu wellness po doskona\u0142e warunki do uprawiania sport\u00f3w zimowych \u2013 <strong>Hotel Harmony<\/strong> to idealny wyb\u00f3r dla ka\u017cdego, kto szuka idealnego zimowego wypoczynku.<\/p>\n\n\n\n<p class=\"translation-block\">Przyjed\u017a do nas i przekonaj si\u0119, dlaczego wielokrotnie uznawano nas za <strong>najlepszy hotel narciarski w Czechach.<\/strong> Twoje idealne zimowe wakacje zaczynaj\u0105 si\u0119 w\u0142a\u015bnie tutaj!<\/p>\n\n\n\n<p>Hotel Harmony zdoby\u0142 t\u0119 presti\u017cow\u0105 nagrod\u0119 z nast\u0119puj\u0105cych powod\u00f3w:<\/p>\n\n\n\n<ol start=\"1\" class=\"wp-block-list\">\n<li class=\"translation-block\"><strong>Wyj\u0105tkowa lokalizacja<\/strong>: Po\u0142o\u017cona w bezpo\u015brednim s\u0105siedztwie najlepszych stok\u00f3w, z bezpo\u015brednim dost\u0119pem do stok\u00f3w.<\/li>\n\n\n\n<li class=\"translation-block\"><strong>Wysokiej klasy udogodnienia<\/strong>: Nowoczesne centrum wellness oferuj\u0105ce relaks po ci\u0119\u017ckim dniu na stokach oraz do dyspozycji go\u015bci najwy\u017cszej klasy sprz\u0119t narciarski.<\/li>\n\n\n\n<li class=\"translation-block\"><strong>Nowoczesne zakwaterowanie<\/strong>: Stylowe pokoje i apartamenty z widokiem na o\u015bnie\u017cone szczyty, zaprojektowane z naciskiem na wygod\u0119.<\/li>\n\n\n\n<li class=\"translation-block\"><strong>Do\u015bwiadczenia gastronomiczne<\/strong>: Restauracje oferuj\u0105ce nowoczesn\u0105 kuchni\u0119 i specja\u0142y, kt\u00f3re \u0142\u0105cz\u0105 lokalne sk\u0142adniki z mi\u0119dzynarodowymi trendami.<\/li>\n\n\n\n<li class=\"translation-block\"><strong>Doskona\u0142a obs\u0142uga klienta<\/strong>: profesjonalny zesp\u00f3\u0142, kt\u00f3ry z najwy\u017csz\u0105 staranno\u015bci\u0105 i uwag\u0105 spe\u0142nia ka\u017cde \u017cyczenie go\u015bci.<\/li>\n\n\n\n<li class=\"translation-block\"><strong>Tradycja i reputacja<\/strong>: Wieloletnie do\u015bwiadczenie w \u015bwiadczeniu najwy\u017cszej jako\u015bci us\u0142ug dla wymagaj\u0105cych narciarzy i mi\u0142o\u015bnik\u00f3w g\u00f3r.<\/li>\n<\/ol>\n\n\n\n<p><\/p>\n\n\n\n<p>\u00a0<\/p>\n\n\n<div class=\"wp-block-image\">\n<figure class=\"aligncenter size-medium is-resized\"><img loading=\"lazy\" decoding=\"async\" width=\"740\" height=\"800\" src=\"https:\/\/harmonyhotel.cz\/wp-content\/uploads\/2025\/11\/czech-republics-best-ski-hotel-2025-winner-shield-gold-740x800.png\" alt=\"czech-republics-best-ski-hotel-2025-winner-shield-gold\" class=\"wp-image-2162\" style=\"width:300px\" srcset=\"https:\/\/harmonyhotel.cz\/wp-content\/uploads\/2025\/11\/czech-republics-best-ski-hotel-2025-winner-shield-gold-740x800.png 740w, https:\/\/harmonyhotel.cz\/wp-content\/uploads\/2025\/11\/czech-republics-best-ski-hotel-2025-winner-shield-gold-1479x1600.png 1479w, https:\/\/harmonyhotel.cz\/wp-content\/uploads\/2025\/11\/czech-republics-best-ski-hotel-2025-winner-shield-gold-11x12.png 11w, https:\/\/harmonyhotel.cz\/wp-content\/uploads\/2025\/11\/czech-republics-best-ski-hotel-2025-winner-shield-gold.png 1960w\" sizes=\"auto, (max-width: 740px) 100vw, 740px\" \/><\/figure>\n<\/div>\n\n\n<div style=\"height:100px\" aria-hidden=\"true\" class=\"wp-block-spacer\"><\/div>\n\n\n\n<p><\/p>","protected":false},"excerpt":{"rendered":"<p>Hotel Harmony&nbsp;se py\u0161n\u00ed ocen\u011bn\u00edm&nbsp;Best Ski Hotel in the Czech Republic, kter\u00e9 jsme opakovan\u011b z\u00edskali v r\u00e1mci presti\u017en\u00edch&nbsp;World Ski Awards&nbsp;\u2013 konkr\u00e9tn\u011b v letech 2015, 2018, 2020, 2021, 2022, 2023, 2024 a 2025. Toto uzn\u00e1n\u00ed je nejen d\u016fkazem na\u0161\u00ed vysok\u00e9 \u00farovn\u011b slu\u017eeb, ale tak\u00e9 potvrzen\u00edm na\u0161\u00ed ide\u00e1ln\u00ed polohy a kvalitn\u00edho z\u00e1zem\u00ed pro ly\u017ea\u0159e i milovn\u00edky hor. World [&hellip;]<\/p>\n","protected":false},"author":1,"featured_media":2164,"parent":7,"menu_order":18,"comment_status":"closed","ping_status":"closed","template":"","meta":{"footnotes":""},"class_list":["post-1373","page","type-page","status-publish","has-post-thumbnail","hentry"],"_links":{"self":[{"href":"https:\/\/harmonyhotel.cz\/pl\/wp-json\/wp\/v2\/pages\/1373","targetHints":{"allow":["GET"]}}],"collection":[{"href":"https:\/\/harmonyhotel.cz\/pl\/wp-json\/wp\/v2\/pages"}],"about":[{"href":"https:\/\/harmonyhotel.cz\/pl\/wp-json\/wp\/v2\/types\/page"}],"author":[{"embeddable":true,"href":"https:\/\/harmonyhotel.cz\/pl\/wp-json\/wp\/v2\/users\/1"}],"replies":[{"embeddable":true,"href":"https:\/\/harmonyhotel.cz\/pl\/wp-json\/wp\/v2\/comments?post=1373"}],"version-history":[{"count":22,"href":"https:\/\/harmonyhotel.cz\/pl\/wp-json\/wp\/v2\/pages\/1373\/revisions"}],"predecessor-version":[{"id":2315,"href":"https:\/\/harmonyhotel.cz\/pl\/wp-json\/wp\/v2\/pages\/1373\/revisions\/2315"}],"up":[{"embeddable":true,"href":"https:\/\/harmonyhotel.cz\/pl\/wp-json\/wp\/v2\/pages\/7"}],"wp:featuredmedia":[{"embeddable":true,"href":"https:\/\/harmonyhotel.cz\/pl\/wp-json\/wp\/v2\/media\/2164"}],"wp:attachment":[{"href":"https:\/\/harmonyhotel.cz\/pl\/wp-json\/wp\/v2\/media?parent=1373"}],"curies":[{"name":"wp","href":"https:\/\/api.w.org\/{rel}","templated":true}]}}