{"id":128,"date":"2024-06-07T00:03:30","date_gmt":"2024-06-06T22:03:30","guid":{"rendered":"https:\/\/harmonyhotel.cz\/?page_id=128"},"modified":"2025-07-31T13:08:00","modified_gmt":"2025-07-31T11:08:00","slug":"komfortowy-pokoj-jednoosobowy-z-dodatkowym-lozkiem","status":"publish","type":"page","link":"https:\/\/harmonyhotel.cz\/pl\/pokoje\/jednoluzkovy-pokoj-comfort-s-pristylkou\/","title":{"rendered":"Komfortowy pok\u00f3j jednoosobowy z dodatkowym \u0142\u00f3\u017ckiem"},"content":{"rendered":"<p>Pok\u00f3j jednoosobowy typu Comfort z dodatkowym \u0142\u00f3\u017ckiem wyposa\u017cony jest w \u0142\u00f3\u017cko pojedyncze oraz wygodn\u0105 rozk\u0142adan\u0105 sof\u0119 i przeznaczony jest dla maksymalnie 2 os\u00f3b (1 osoby doros\u0142ej i 1 dziecka do 16. roku \u017cycia). W \u0142azience znajduje si\u0119 prysznic i toaleta. Wszystkie pokoje tego typu dysponuj\u0105 balkonem. Pok\u00f3j wyposa\u017cony jest w st\u00f3\u0142 i krzes\u0142o. W pokoju znajduje si\u0119 TV\/SAT, radio, telefon i sejf. Wszystkie pokoje wyposa\u017cone s\u0105 w minibar. Z ka\u017cdego pokoju mo\u017cna bezp\u0142atnie korzysta\u0107 z dost\u0119pu do Internetu. Powierzchnia pokoju wynosi 16 m2.<\/p>\n\n\n\n<ul class=\"wp-block-list vybaveni\">\n<li>16 m2<\/li>\n\n\n\n<li>Sejf<\/li>\n\n\n\n<li>TV SAT<\/li>\n\n\n\n<li>Telefon<\/li>\n\n\n\n<li>Balkon z widokiem na g\u00f3ry<\/li>\n\n\n\n<li>Prysznic<\/li>\n\n\n\n<li>Wifi<\/li>\n\n\n\n<li>\u015aniadanie<\/li>\n<\/ul>\n\n\n\n<div class=\"wp-block-buttons is-layout-flex wp-block-buttons-is-layout-flex\">\n<div class=\"wp-block-button btnalt rezervovat\"><a class=\"wp-block-button__link wp-element-button\" href=\"https:\/\/hotelharmony.book-onlinenow.net\/index.aspx?lan_id=pl-PL&amp;cur=PLN\" target=\"_blank\" rel=\"noreferrer noopener\">Ksi\u0105\u017cka<\/a><\/div>\n<\/div>\n\n\n\n<div style=\"height:50px\" aria-hidden=\"true\" class=\"wp-block-spacer\"><\/div>\n\n\n\n<figure class=\"wp-block-gallery has-nested-images columns-3 is-cropped wp-block-gallery-1 is-layout-flex wp-block-gallery-is-layout-flex\">\n<figure class=\"wp-block-image size-medium\"><a href=\"https:\/\/harmonyhotel.cz\/wp-content\/uploads\/2024\/06\/Harmony-Hotel-Spindleruv-Mlyn-Jednoluzkovy-pokoj-Comfort-s-pristylkou-2.jpg\"><img loading=\"lazy\" decoding=\"async\" width=\"800\" height=\"560\" data-id=\"168\" src=\"https:\/\/harmonyhotel.cz\/wp-content\/uploads\/2024\/06\/Harmony-Hotel-Spindleruv-Mlyn-Jednoluzkovy-pokoj-Comfort-s-pristylkou-2-800x560.jpg\" alt=\"Hotel Szpindlerowy M\u0142yn - Komfortowy pok\u00f3j jednoosobowy z dodatkowym \u0142\u00f3\u017ckiem\" class=\"wp-image-168\" srcset=\"https:\/\/harmonyhotel.cz\/wp-content\/uploads\/2024\/06\/Harmony-Hotel-Spindleruv-Mlyn-Jednoluzkovy-pokoj-Comfort-s-pristylkou-2-800x560.jpg 800w, https:\/\/harmonyhotel.cz\/wp-content\/uploads\/2024\/06\/Harmony-Hotel-Spindleruv-Mlyn-Jednoluzkovy-pokoj-Comfort-s-pristylkou-2-1600x1121.jpg 1600w, https:\/\/harmonyhotel.cz\/wp-content\/uploads\/2024\/06\/Harmony-Hotel-Spindleruv-Mlyn-Jednoluzkovy-pokoj-Comfort-s-pristylkou-2.jpg 1920w\" sizes=\"auto, (max-width: 800px) 100vw, 800px\" \/><\/a><\/figure>\n\n\n\n<figure class=\"wp-block-image size-medium\"><a href=\"https:\/\/harmonyhotel.cz\/wp-content\/uploads\/2024\/06\/Harmony-Hotel-Spindleruv-Mlyn-Jednoluzkovy-pokoj-Comfort-s-pristylkou-1.jpg\"><img loading=\"lazy\" decoding=\"async\" width=\"800\" height=\"542\" data-id=\"167\" src=\"https:\/\/harmonyhotel.cz\/wp-content\/uploads\/2024\/06\/Harmony-Hotel-Spindleruv-Mlyn-Jednoluzkovy-pokoj-Comfort-s-pristylkou-1-800x542.jpg\" alt=\"Hotel Szpindlerowy M\u0142yn - Komfortowy pok\u00f3j jednoosobowy z dodatkowym \u0142\u00f3\u017ckiem\" class=\"wp-image-167\" srcset=\"https:\/\/harmonyhotel.cz\/wp-content\/uploads\/2024\/06\/Harmony-Hotel-Spindleruv-Mlyn-Jednoluzkovy-pokoj-Comfort-s-pristylkou-1-800x542.jpg 800w, https:\/\/harmonyhotel.cz\/wp-content\/uploads\/2024\/06\/Harmony-Hotel-Spindleruv-Mlyn-Jednoluzkovy-pokoj-Comfort-s-pristylkou-1-1600x1083.jpg 1600w, https:\/\/harmonyhotel.cz\/wp-content\/uploads\/2024\/06\/Harmony-Hotel-Spindleruv-Mlyn-Jednoluzkovy-pokoj-Comfort-s-pristylkou-1.jpg 1920w\" sizes=\"auto, (max-width: 800px) 100vw, 800px\" \/><\/a><\/figure>\n\n\n\n<figure class=\"wp-block-image size-medium\"><a href=\"https:\/\/harmonyhotel.cz\/wp-content\/uploads\/2025\/07\/2024_06_24_9408_EOS_R5_LRN_pristylka-scaled.jpg\"><img loading=\"lazy\" decoding=\"async\" width=\"800\" height=\"516\" data-id=\"1904\" src=\"https:\/\/harmonyhotel.cz\/wp-content\/uploads\/2025\/07\/2024_06_24_9408_EOS_R5_LRN_pristylka-800x516.jpg\" alt=\"\" class=\"wp-image-1904\" srcset=\"https:\/\/harmonyhotel.cz\/wp-content\/uploads\/2025\/07\/2024_06_24_9408_EOS_R5_LRN_pristylka-800x516.jpg 800w, https:\/\/harmonyhotel.cz\/wp-content\/uploads\/2025\/07\/2024_06_24_9408_EOS_R5_LRN_pristylka-1600x1033.jpg 1600w, https:\/\/harmonyhotel.cz\/wp-content\/uploads\/2025\/07\/2024_06_24_9408_EOS_R5_LRN_pristylka-18x12.jpg 18w\" sizes=\"auto, (max-width: 800px) 100vw, 800px\" \/><\/a><\/figure>\n\n\n\n<figure class=\"wp-block-image size-medium\"><a href=\"https:\/\/harmonyhotel.cz\/wp-content\/uploads\/2024\/06\/Harmony-Hotel-Spindleruv-Mlyn-Jednoluzkovy-pokoj-Comfort-s-pristylkou-4.jpg\"><img loading=\"lazy\" decoding=\"async\" width=\"800\" height=\"537\" data-id=\"170\" src=\"https:\/\/harmonyhotel.cz\/wp-content\/uploads\/2024\/06\/Harmony-Hotel-Spindleruv-Mlyn-Jednoluzkovy-pokoj-Comfort-s-pristylkou-4-800x537.jpg\" alt=\"Harmony Hotel \u0160pindler\u016fv Ml\u00fdn - Jednol\u016f\u017ekov\u00fd pokoj Comfort s p\u0159ist\u00fdlkou 4\" class=\"wp-image-170\" srcset=\"https:\/\/harmonyhotel.cz\/wp-content\/uploads\/2024\/06\/Harmony-Hotel-Spindleruv-Mlyn-Jednoluzkovy-pokoj-Comfort-s-pristylkou-4-800x537.jpg 800w, https:\/\/harmonyhotel.cz\/wp-content\/uploads\/2024\/06\/Harmony-Hotel-Spindleruv-Mlyn-Jednoluzkovy-pokoj-Comfort-s-pristylkou-4-1600x1074.jpg 1600w, https:\/\/harmonyhotel.cz\/wp-content\/uploads\/2024\/06\/Harmony-Hotel-Spindleruv-Mlyn-Jednoluzkovy-pokoj-Comfort-s-pristylkou-4.jpg 1920w\" sizes=\"auto, (max-width: 800px) 100vw, 800px\" \/><\/a><\/figure>\n<\/figure>","protected":false},"excerpt":{"rendered":"<p>Jednol\u016f\u017ekov\u00fd pokoj typu Comfort s p\u0159ist\u00fdlkou \u200b\u200bje vybaven jednol\u016f\u017ekem a pohodlnou rozkl\u00e1dac\u00ed pohovkou a je vhodn\u00fd pro maxim\u00e1ln\u011b dv\u011b osoby (jedna dosp\u011bl\u00e1 osoba a jedno d\u00edt\u011b do 16 let). Koupelna je vybavena sprchov\u00fdm koutem a toaletou. V\u0161echny pokoje tohoto typu maj\u00ed balkon. Pokoj je vybaven stolem a \u017eidl\u00ed. Na pokoji je TV\/SAT, r\u00e1dio, telefon a [&hellip;]<\/p>\n","protected":false},"author":1,"featured_media":1956,"parent":9,"menu_order":18,"comment_status":"closed","ping_status":"closed","template":"","meta":{"footnotes":""},"class_list":["post-128","page","type-page","status-publish","has-post-thumbnail","hentry"],"_links":{"self":[{"href":"https:\/\/harmonyhotel.cz\/pl\/wp-json\/wp\/v2\/pages\/128","targetHints":{"allow":["GET"]}}],"collection":[{"href":"https:\/\/harmonyhotel.cz\/pl\/wp-json\/wp\/v2\/pages"}],"about":[{"href":"https:\/\/harmonyhotel.cz\/pl\/wp-json\/wp\/v2\/types\/page"}],"author":[{"embeddable":true,"href":"https:\/\/harmonyhotel.cz\/pl\/wp-json\/wp\/v2\/users\/1"}],"replies":[{"embeddable":true,"href":"https:\/\/harmonyhotel.cz\/pl\/wp-json\/wp\/v2\/comments?post=128"}],"version-history":[{"count":1,"href":"https:\/\/harmonyhotel.cz\/pl\/wp-json\/wp\/v2\/pages\/128\/revisions"}],"predecessor-version":[{"id":1905,"href":"https:\/\/harmonyhotel.cz\/pl\/wp-json\/wp\/v2\/pages\/128\/revisions\/1905"}],"up":[{"embeddable":true,"href":"https:\/\/harmonyhotel.cz\/pl\/wp-json\/wp\/v2\/pages\/9"}],"wp:featuredmedia":[{"embeddable":true,"href":"https:\/\/harmonyhotel.cz\/pl\/wp-json\/wp\/v2\/media\/1956"}],"wp:attachment":[{"href":"https:\/\/harmonyhotel.cz\/pl\/wp-json\/wp\/v2\/media?parent=128"}],"curies":[{"name":"wp","href":"https:\/\/api.w.org\/{rel}","templated":true}]}}