{"id":1271,"date":"2024-09-09T22:11:15","date_gmt":"2024-09-09T20:11:15","guid":{"rendered":"https:\/\/harmonyhotel.cz\/?page_id=1271"},"modified":"2025-01-12T19:58:24","modified_gmt":"2025-01-12T18:58:24","slug":"pakiet-z-wejsciem-do-centrum-wellness-i-obiadokolacja-na-7-nocy","status":"publish","type":"page","link":"https:\/\/harmonyhotel.cz\/pl\/specialni-nabidky\/balicek-se-vstupem-do-wellness-a-polopenzi-na-7-noci\/","title":{"rendered":"Pakiet z wej\u015bciem do centrum wellness i obiadokolacj\u0105 na 7 nocy"},"content":{"rendered":"<p>Chcesz prze\u017cy\u0107 zimow\u0105 bajk\u0119 w sercu Karkonoszy? Zatrzymaj si\u0119, aby odetchn\u0105\u0107 i odnale\u017a\u0107 w\u0142asn\u0105 harmoni\u0119. Zarezerwuj pobyt w hotelu Harmony bezpo\u015brednio na nartach.<\/p>\n\n\n\n<p><strong>Pakiet z wej\u015bciem do centrum wellness i obiadokolacj\u0105 na 7 nocy<\/strong><\/p>\n\n\n\n<p>&nbsp;<\/p>\n\n\n\n<h2 class=\"wp-block-heading\">Pakiet zawiera<\/h2>\n\n\n\n<ul class=\"wp-block-list\">\n<li>zatrzymaj si\u0119 w komfortowym pokoju na 7 nocy<\/li>\n\n\n\n<li>Buffet \u015bniadaniowy<\/li>\n\n\n\n<li>kolacja w formie bufetu<\/li>\n\n\n\n<li>1x wej\u015bcie do Wellness (<strong>basen i strefa wodna dla dzieci<\/strong>) na 120 minut ka\u017cdego dnia\u00a0<\/li>\n<\/ul>\n\n\n\n<p>i wszystkie obowi\u0105zuj\u0105ce podatki. <em>i wszystkie obowi\u0105zuj\u0105ce podatki.<\/em><\/p>\n\n\n\n<div class=\"wp-block-buttons is-layout-flex wp-block-buttons-is-layout-flex\">\n<div class=\"wp-block-button btnalt\"><a class=\"wp-block-button__link wp-element-button\" href=\"https:\/\/hotelharmony.book-onlinenow.net\/index.aspx?page=26\" target=\"_blank\" rel=\"noopener\">Ksi\u0105\u017cka<\/a><\/div>\n<\/div>\n\n\n\n<p>&nbsp;<\/p>\n\n\n\n<h3 class=\"wp-block-heading\">Warunki p\u0142atno\u015bci<\/h3>\n\n\n\n<ul class=\"wp-block-list\">\n<li><strong>50% kwoty&nbsp;<\/strong>W momencie rezerwacji z Twojej karty debetowej\/kredytowej zostanie pobrany depozyt w wysoko\u015bci&nbsp;<strong>s mo\u017enost\u00ed vr\u00e1cen\u00ed cel\u00e9 \u010d\u00e1stky v p\u0159\u00edpad\u011b zru\u0161en\u00ed&nbsp;30 nebo v\u00edce dn\u00ed p\u0159ed p\u0159\u00edjezdem. <\/strong><\/li>\n\n\n\n<li><strong>W przypadku anulowania rezerwacji na 29 lub mniej dni przed dat\u0105 przyjazdu, rezerwacja nie podlega zwrotowi.<\/strong><\/li>\n<\/ul>","protected":false},"excerpt":{"rendered":"<p>Chcete si u\u017e\u00edt zimn\u00ed poh\u00e1dku v sam\u00e9m srdci Krkono\u0161? Zastavte se nadechnout a najd\u011bte svou vlastn\u00ed harmonii. Rezervujte si pobyt ve ski-in ski-out Hotelu Harmony. Bal\u00ed\u010dek se vstupem do wellness a polopenz\u00ed na 7 noc\u00ed &nbsp; Bal\u00ed\u010dek obsahuje a v\u0161echny p\u0159\u00edslu\u0161n\u00e9 dan\u011b. M\u011bstsk\u00e1 da\u0148 ve v\u00fd\u0161i 40 CZK na osobu a noc nen\u00ed v cen\u011b. [&hellip;]<\/p>\n","protected":false},"author":1,"featured_media":1272,"parent":21,"menu_order":0,"comment_status":"closed","ping_status":"closed","template":"","meta":{"footnotes":""},"class_list":["post-1271","page","type-page","status-publish","has-post-thumbnail","hentry"],"_links":{"self":[{"href":"https:\/\/harmonyhotel.cz\/pl\/wp-json\/wp\/v2\/pages\/1271","targetHints":{"allow":["GET"]}}],"collection":[{"href":"https:\/\/harmonyhotel.cz\/pl\/wp-json\/wp\/v2\/pages"}],"about":[{"href":"https:\/\/harmonyhotel.cz\/pl\/wp-json\/wp\/v2\/types\/page"}],"author":[{"embeddable":true,"href":"https:\/\/harmonyhotel.cz\/pl\/wp-json\/wp\/v2\/users\/1"}],"replies":[{"embeddable":true,"href":"https:\/\/harmonyhotel.cz\/pl\/wp-json\/wp\/v2\/comments?post=1271"}],"version-history":[{"count":7,"href":"https:\/\/harmonyhotel.cz\/pl\/wp-json\/wp\/v2\/pages\/1271\/revisions"}],"predecessor-version":[{"id":1417,"href":"https:\/\/harmonyhotel.cz\/pl\/wp-json\/wp\/v2\/pages\/1271\/revisions\/1417"}],"up":[{"embeddable":true,"href":"https:\/\/harmonyhotel.cz\/pl\/wp-json\/wp\/v2\/pages\/21"}],"wp:featuredmedia":[{"embeddable":true,"href":"https:\/\/harmonyhotel.cz\/pl\/wp-json\/wp\/v2\/media\/1272"}],"wp:attachment":[{"href":"https:\/\/harmonyhotel.cz\/pl\/wp-json\/wp\/v2\/media?parent=1271"}],"curies":[{"name":"wp","href":"https:\/\/api.w.org\/{rel}","templated":true}]}}