{"id":1261,"date":"2024-09-03T22:50:26","date_gmt":"2024-09-03T20:50:26","guid":{"rendered":"https:\/\/harmonyhotel.cz\/?page_id=1261"},"modified":"2025-11-06T22:11:43","modified_gmt":"2025-11-06T21:11:43","slug":"balicek-s-wellness-a-polopenzi","status":"publish","type":"page","link":"https:\/\/harmonyhotel.cz\/pl\/specialni-nabidky\/balicek-s-wellness-a-polopenzi\/","title":{"rendered":"Pakiet z wellness i obiadokolacj\u0105"},"content":{"rendered":"<p>Chcesz cieszy\u0107 si\u0119 naturalnym pi\u0119knem Karkonoszy? Zatrzymaj si\u0119, aby odetchn\u0105\u0107 i znale\u017a\u0107 w\u0142asn\u0105 harmoni\u0119. Zarezerwuj przynajmniej jedn\u0105 noc w hotelu Harmony bezpo\u015brednio przy stoku narciarskim.&nbsp;<\/p>\n\n\n\n<h2 class=\"wp-block-heading\">Pakiet zawiera<\/h2>\n\n\n\n<ul class=\"wp-block-list\">\n<li>nocleg w komfortowym pokoju<\/li>\n\n\n\n<li>Buffet \u015bniadaniowy<\/li>\n\n\n\n<li>kolacja w formie bufetu<\/li>\n\n\n\n<li>1x wej\u015bcie do Wellness (<strong>basen i strefa wodna dla dzieci<\/strong>) na 120 minut ka\u017cdego dnia&nbsp;<\/li>\n<\/ul>\n\n\n\n<p><em>Podatek miejski w wysoko\u015bci 30 CZK za osob\u0119 za noc nie jest wliczony w cen\u0119.<br>i wszystkie obowi\u0105zuj\u0105ce podatki.<\/em><\/p>\n\n\n\n<div class=\"wp-block-buttons is-layout-flex wp-block-buttons-is-layout-flex\">\n<div class=\"wp-block-button btnalt\"><a class=\"wp-block-button__link wp-element-button\" href=\"https:\/\/hotelharmony.book-onlinenow.net\/index.aspx?lan_id=pl-PL&amp;cur=PLN\" target=\"_blank\" rel=\"noopener noreferrer noopener\">Zarezerwuj pakiet<\/a><\/div>\n<\/div>\n\n\n\n<p>&nbsp;<\/p>\n\n\n\n<h3 class=\"wp-block-heading\">Warunki p\u0142atno\u015bci<\/h3>\n\n\n\n<p><strong>Flexible Payment Policy:<\/strong><\/p>\n\n\n\n<ul class=\"wp-block-list\">\n<li class=\"translation-block\">Hotel wymaga danych karty kredytowej w celu zagwarantowania i preautoryzacji rezerwacji. Karta kredytowa nie zostanie obci\u0105\u017cona w zwi\u0105zku z rezerwacj\u0105.<\/li>\n\n\n\n<li class=\"translation-block\">Preautoryzacja = blokada pe\u0142nej kwoty = zostanie dokonana na  8 dni lub mniej przed dat\u0105 przyjazdu i je\u015bli preautoryzacja karty nie b\u0119dzie mo\u017cliwa, rezerwacja mo\u017ce zosta\u0107 odrzucona.<\/li>\n\n\n\n<li>Anulowanie jest bezp\u0142atne, pod warunkiem przestrzegania okresu powiadomienia okre\u015blonego w zasadach anulowania rezerwacji hotelu. Niepojawienie si\u0119 Go\u015bcia podlega op\u0142acie zgodnie z zasadami anulowania rezerwacji hotelu.<\/li>\n\n\n\n<li>Przedp\u0142ata: 0% (bez kaucji)<\/li>\n<\/ul>\n\n\n\n<p><\/p>","protected":false},"excerpt":{"rendered":"<p>Chcete si u\u017e\u00edt kr\u00e1sy p\u0159\u00edrody Krkono\u0161? Zastavte se vydechnout a nal\u00e9zt vlastn\u00ed harmonii. Rezervujte si alespo\u0148 jednu noc ve ski-in ski-out Hotelu Harmony.&nbsp; Bal\u00ed\u010dek obsahuje Cena zahrnuje sn\u00eddani, ve\u010de\u0159i, da\u0148 a v\u00fd\u0161e uveden\u00e9 slu\u017eby.M\u011bstsk\u00e1 da\u0148 ve v\u00fd\u0161i 40 CZK na osobu a noc nen\u00ed v cen\u011b. &nbsp; Platebn\u00ed podm\u00ednky S mo\u017enost\u00ed storna:<\/p>","protected":false},"author":1,"featured_media":310,"parent":21,"menu_order":0,"comment_status":"closed","ping_status":"closed","template":"","meta":{"footnotes":""},"class_list":["post-1261","page","type-page","status-publish","has-post-thumbnail","hentry"],"_links":{"self":[{"href":"https:\/\/harmonyhotel.cz\/pl\/wp-json\/wp\/v2\/pages\/1261","targetHints":{"allow":["GET"]}}],"collection":[{"href":"https:\/\/harmonyhotel.cz\/pl\/wp-json\/wp\/v2\/pages"}],"about":[{"href":"https:\/\/harmonyhotel.cz\/pl\/wp-json\/wp\/v2\/types\/page"}],"author":[{"embeddable":true,"href":"https:\/\/harmonyhotel.cz\/pl\/wp-json\/wp\/v2\/users\/1"}],"replies":[{"embeddable":true,"href":"https:\/\/harmonyhotel.cz\/pl\/wp-json\/wp\/v2\/comments?post=1261"}],"version-history":[{"count":8,"href":"https:\/\/harmonyhotel.cz\/pl\/wp-json\/wp\/v2\/pages\/1261\/revisions"}],"predecessor-version":[{"id":2182,"href":"https:\/\/harmonyhotel.cz\/pl\/wp-json\/wp\/v2\/pages\/1261\/revisions\/2182"}],"up":[{"embeddable":true,"href":"https:\/\/harmonyhotel.cz\/pl\/wp-json\/wp\/v2\/pages\/21"}],"wp:featuredmedia":[{"embeddable":true,"href":"https:\/\/harmonyhotel.cz\/pl\/wp-json\/wp\/v2\/media\/310"}],"wp:attachment":[{"href":"https:\/\/harmonyhotel.cz\/pl\/wp-json\/wp\/v2\/media?parent=1261"}],"curies":[{"name":"wp","href":"https:\/\/api.w.org\/{rel}","templated":true}]}}