{"id":97,"date":"2024-06-06T23:01:14","date_gmt":"2024-06-06T21:01:14","guid":{"rendered":"https:\/\/harmonyhotel.cz\/?page_id=97"},"modified":"2025-07-31T19:39:47","modified_gmt":"2025-07-31T17:39:47","slug":"parking","status":"publish","type":"page","link":"https:\/\/harmonyhotel.cz\/en\/hotel\/parkoviste\/","title":{"rendered":"Parking"},"content":{"rendered":"<div class=\"wp-block-media-text has-media-on-the-right is-stacked-on-mobile is-image-fill-element\"><div class=\"wp-block-media-text__content\">\n<h2 class=\"wp-block-heading\">Parking Spindleruv Mlyn<\/h2>\n\n\n\n<p>Own covered parking lot in Spindleruv Mlyn with 24-hour camera system. <strong>Parking capacity is up to 120 spaces<\/strong>, 1\/3 of which are covered. Additional parking areas are in the immediate vicinity of the hotel. We also reserve spaces for buses.<\/p>\n<\/div><figure class=\"wp-block-media-text__media\"><a href=\"https:\/\/harmonyhotel.cz\/wp-content\/uploads\/2024\/06\/Harmony-Hotel-Spindleruv-Mlyn-Parkovani-3.jpg\"><img loading=\"lazy\" decoding=\"async\" width=\"800\" height=\"550\" src=\"https:\/\/harmonyhotel.cz\/wp-content\/uploads\/2024\/06\/Harmony-Hotel-Spindleruv-Mlyn-Parkovani-3-800x550.jpg\" alt=\"Harmony Hotel \u0160pindler\u016fv Ml\u00fdn - Parking 3\" class=\"wp-image-99 size-medium\" style=\"object-position:50% 50%\" srcset=\"https:\/\/harmonyhotel.cz\/wp-content\/uploads\/2024\/06\/Harmony-Hotel-Spindleruv-Mlyn-Parkovani-3-800x550.jpg 800w, https:\/\/harmonyhotel.cz\/wp-content\/uploads\/2024\/06\/Harmony-Hotel-Spindleruv-Mlyn-Parkovani-3.jpg 1526w\" sizes=\"auto, (max-width: 800px) 100vw, 800px\" \/><\/a><\/figure><\/div>\n\n\n\n<div class=\"wp-block-media-text is-stacked-on-mobile is-image-fill-element\"><figure class=\"wp-block-media-text__media\"><a href=\"https:\/\/harmonyhotel.cz\/wp-content\/uploads\/2025\/07\/2024_12_19_0316_EOS_R5_MK_II_LRNR-scaled.jpg\"><img loading=\"lazy\" decoding=\"async\" width=\"1600\" height=\"1022\" src=\"https:\/\/harmonyhotel.cz\/wp-content\/uploads\/2025\/07\/2024_12_19_0316_EOS_R5_MK_II_LRNR-1600x1022.jpg\" alt=\"\" class=\"wp-image-2008 size-medium\" style=\"object-position:50% 50%\" srcset=\"https:\/\/harmonyhotel.cz\/wp-content\/uploads\/2025\/07\/2024_12_19_0316_EOS_R5_MK_II_LRNR-1600x1022.jpg 1600w, https:\/\/harmonyhotel.cz\/wp-content\/uploads\/2025\/07\/2024_12_19_0316_EOS_R5_MK_II_LRNR-800x511.jpg 800w, https:\/\/harmonyhotel.cz\/wp-content\/uploads\/2025\/07\/2024_12_19_0316_EOS_R5_MK_II_LRNR-18x12.jpg 18w\" sizes=\"auto, (max-width: 1600px) 100vw, 1600px\" \/><\/a><\/figure><div class=\"wp-block-media-text__content\">\n<h2 class=\"wp-block-heading\">Parking<\/h2>\n\n\n\n<p>The Harmony has its own car park, which is two-thirds covered and monitored by a 24-hour camera system.<\/p>\n\n\n\n<p>From the car park there is convenient lift access directly to the hotel reception. Hotel hotel trolleys and concierge services are available.<\/p>\n<\/div><\/div>\n\n\n\n<div class=\"wp-block-media-text has-media-on-the-right is-stacked-on-mobile is-image-fill-element\"><div class=\"wp-block-media-text__content\">\n<h2 class=\"wp-block-heading\">Price for parking<\/h2>\n\n\n\n<p>The price for parking per day and car is<\/p>\n\n\n\n<p><strong>350 CZK<\/strong><\/p>\n<\/div><figure class=\"wp-block-media-text__media\"><a href=\"https:\/\/harmonyhotel.cz\/wp-content\/uploads\/2024\/06\/Parkoviste-Spindleruv-Mlyn-Hotel-Spindleruv-Mlyn-01-scaled.jpg\"><img loading=\"lazy\" decoding=\"async\" width=\"1600\" height=\"1066\" src=\"https:\/\/harmonyhotel.cz\/wp-content\/uploads\/2024\/06\/Parkoviste-Spindleruv-Mlyn-Hotel-Spindleruv-Mlyn-01-1600x1066.jpg\" alt=\"\" class=\"wp-image-515 size-large\" style=\"object-position:50% 50%\" srcset=\"https:\/\/harmonyhotel.cz\/wp-content\/uploads\/2024\/06\/Parkoviste-Spindleruv-Mlyn-Hotel-Spindleruv-Mlyn-01-1600x1066.jpg 1600w, https:\/\/harmonyhotel.cz\/wp-content\/uploads\/2024\/06\/Parkoviste-Spindleruv-Mlyn-Hotel-Spindleruv-Mlyn-01-800x533.jpg 800w\" sizes=\"auto, (max-width: 1600px) 100vw, 1600px\" \/><\/a><\/figure><\/div>\n\n\n\n<div class=\"wp-block-media-text is-stacked-on-mobile is-image-fill-element\"><figure class=\"wp-block-media-text__media\"><a href=\"https:\/\/harmonyhotel.cz\/wp-content\/uploads\/2024\/06\/Harmony-Hotel-Spindleruv-Mlyn-Parkovani-1.jpg\"><img loading=\"lazy\" decoding=\"async\" width=\"800\" height=\"550\" src=\"https:\/\/harmonyhotel.cz\/wp-content\/uploads\/2024\/06\/Harmony-Hotel-Spindleruv-Mlyn-Parkovani-1-800x550.jpg\" alt=\"\" class=\"wp-image-101 size-medium\" style=\"object-position:50% 50%\" srcset=\"https:\/\/harmonyhotel.cz\/wp-content\/uploads\/2024\/06\/Harmony-Hotel-Spindleruv-Mlyn-Parkovani-1-800x550.jpg 800w, https:\/\/harmonyhotel.cz\/wp-content\/uploads\/2024\/06\/Harmony-Hotel-Spindleruv-Mlyn-Parkovani-1.jpg 1526w\" sizes=\"auto, (max-width: 800px) 100vw, 800px\" \/><\/a><\/figure><div class=\"wp-block-media-text__content\">\n<h2 class=\"wp-block-heading\">Parking capacity<\/h2>\n\n\n\n<p>Total of 95 parking spaces (64 of which are covered) 7 of the above number can be reserved.<\/p>\n\n\n\n<p>A further 25 cars can be parked on the roof of the car park, in case of parking requirements for a larger number of cars, it is possible to use the adjacent areas of the Harmony Hotel<\/p>\n\n\n\n<p>Up to 3 buses can be parked<\/p>\n\n\n\n<p>Guests will collect a parking ticket upon entering the car park, which they will then present at the hotel reception upon check-in.<\/p>\n<\/div><\/div>\n\n\n\n<div class=\"wp-block-media-text has-media-on-the-right is-stacked-on-mobile is-image-fill-element\"><div class=\"wp-block-media-text__content\">\n<h2 class=\"wp-block-heading\">Electric charger<\/h2>\n\n\n\n<p><strong>INCH DUO - this is a station with two charging outlets and is ready for continuous operation.<\/strong><\/p>\n\n\n\n<ul class=\"wp-block-list\">\n<li>The intuitive touch screen, ergonomic design and integrated payment terminal ensure convenience for all users<\/li>\n\n\n\n<li>Charging capacity 2 \u00d7 22 kW (2 sockets with lock)<\/li>\n\n\n\n<li>Colour touchscreen display<\/li>\n\n\n\n<li>Contactless payment up to 500 CZK (due to the limit set by the EU)<\/li>\n\n\n\n<li>Possibility of payment according to actual usage on the basis of a borrowed card from the hotel reception<\/li>\n\n\n\n<li>Electronic DC current detection 6 mA + type B current protector<\/li>\n\n\n\n<li>Charging price is 8 CZK per kWh<\/li>\n<\/ul>\n<\/div><figure class=\"wp-block-media-text__media\"><a href=\"https:\/\/harmonyhotel.cz\/wp-content\/uploads\/2024\/06\/Harmony-Hotel-Spindleruv-Mlyn-Elektronabijecka.jpg\"><img loading=\"lazy\" decoding=\"async\" width=\"800\" height=\"657\" src=\"https:\/\/harmonyhotel.cz\/wp-content\/uploads\/2024\/06\/Harmony-Hotel-Spindleruv-Mlyn-Elektronabijecka-800x657.jpg\" alt=\"Harmony Hotel \u0160pindler\u016fv Ml\u00fdn - Electric charger\" class=\"wp-image-109 size-medium\" style=\"object-position:50% 50%\" srcset=\"https:\/\/harmonyhotel.cz\/wp-content\/uploads\/2024\/06\/Harmony-Hotel-Spindleruv-Mlyn-Elektronabijecka-800x657.jpg 800w, https:\/\/harmonyhotel.cz\/wp-content\/uploads\/2024\/06\/Harmony-Hotel-Spindleruv-Mlyn-Elektronabijecka.jpg 1538w\" sizes=\"auto, (max-width: 800px) 100vw, 800px\" \/><\/a><\/figure><\/div>","protected":false},"excerpt":{"rendered":"<p>Parkovi\u0161t\u011b \u0160pindler\u016fv Ml\u00fdn Vlastn\u00ed zast\u0159e\u0161en\u00e9 parkovi\u0161t\u011b ve \u0160pindlerov\u011b Ml\u00fdn\u011b s 24 hodinov\u00fdm kamerov\u00fdm syst\u00e9m. Kapacita parkovac\u00edch st\u00e1n\u00ed je a\u017e 120 m\u00edst, z toho 1\/3 m\u00edst je zast\u0159e\u0161en\u00fdch. Dal\u0161\u00ed parkovac\u00ed plochy jsou v bezprost\u0159edn\u00ed bl\u00edzkosti hotelu. Vyhrazujeme m\u00edsta i pro autobusy. Parkov\u00e1n\u00ed U hotelu Harmony je vlastn\u00ed parkovi\u0161t\u011b, kter\u00e9 je ze sv\u00fdch dvou t\u0159etin zast\u0159e\u0161en\u00e9 a [&hellip;]<\/p>\n","protected":false},"author":1,"featured_media":517,"parent":7,"menu_order":17,"comment_status":"closed","ping_status":"closed","template":"","meta":{"footnotes":""},"class_list":["post-97","page","type-page","status-publish","has-post-thumbnail","hentry"],"_links":{"self":[{"href":"https:\/\/harmonyhotel.cz\/en\/wp-json\/wp\/v2\/pages\/97","targetHints":{"allow":["GET"]}}],"collection":[{"href":"https:\/\/harmonyhotel.cz\/en\/wp-json\/wp\/v2\/pages"}],"about":[{"href":"https:\/\/harmonyhotel.cz\/en\/wp-json\/wp\/v2\/types\/page"}],"author":[{"embeddable":true,"href":"https:\/\/harmonyhotel.cz\/en\/wp-json\/wp\/v2\/users\/1"}],"replies":[{"embeddable":true,"href":"https:\/\/harmonyhotel.cz\/en\/wp-json\/wp\/v2\/comments?post=97"}],"version-history":[{"count":3,"href":"https:\/\/harmonyhotel.cz\/en\/wp-json\/wp\/v2\/pages\/97\/revisions"}],"predecessor-version":[{"id":2010,"href":"https:\/\/harmonyhotel.cz\/en\/wp-json\/wp\/v2\/pages\/97\/revisions\/2010"}],"up":[{"embeddable":true,"href":"https:\/\/harmonyhotel.cz\/en\/wp-json\/wp\/v2\/pages\/7"}],"wp:featuredmedia":[{"embeddable":true,"href":"https:\/\/harmonyhotel.cz\/en\/wp-json\/wp\/v2\/media\/517"}],"wp:attachment":[{"href":"https:\/\/harmonyhotel.cz\/en\/wp-json\/wp\/v2\/media?parent=97"}],"curies":[{"name":"wp","href":"https:\/\/api.w.org\/{rel}","templated":true}]}}