{"id":779,"date":"2024-06-13T22:31:28","date_gmt":"2024-06-13T20:31:28","guid":{"rendered":"https:\/\/harmonyhotel.cz\/?page_id=779"},"modified":"2024-06-14T01:43:55","modified_gmt":"2024-06-13T23:43:55","slug":"spindleruv-mlyn","status":"publish","type":"page","link":"https:\/\/harmonyhotel.cz\/en\/aktivity\/spindleruv-mlyn\/","title":{"rendered":"\u0160pindler\u016fv Ml\u00fdn"},"content":{"rendered":"<div class=\"wp-block-media-text has-media-on-the-right is-stacked-on-mobile is-image-fill\"><div class=\"wp-block-media-text__content\">\n<p><strong>\u0160pindler\u016fv Ml\u00fdn<\/strong> is an important tourist resort in the Giant Mountains.<\/p>\n\n\n\n<p>A picturesque centre with a tourist atmosphere, an important centre for winter and summer sports. The town of \u0160pindler\u016fv Ml\u00fdn has about 1400 inhabitants and an area of \u200b\u200b7690.91 ha. In German, the town was formerly called Spindlerm\u00fchle.<\/p>\n<\/div><figure class=\"wp-block-media-text__media\" style=\"background-image:url(https:\/\/harmonyhotel.cz\/wp-content\/uploads\/2024\/06\/Harmony-Hotel-Spindleruv-Mlyn-Spindleruv-Mlyn-1-800x533.jpg);background-position:50% 50%\"><a href=\"https:\/\/harmonyhotel.cz\/wp-content\/uploads\/2024\/06\/Harmony-Hotel-Spindleruv-Mlyn-Spindleruv-Mlyn-1.jpg\"><img loading=\"lazy\" decoding=\"async\" width=\"800\" height=\"533\" src=\"https:\/\/harmonyhotel.cz\/wp-content\/uploads\/2024\/06\/Harmony-Hotel-Spindleruv-Mlyn-Spindleruv-Mlyn-1-800x533.jpg\" alt=\"Harmony Hotel \u0160pindler\u016fv Ml\u00fdn - \u0160pindler\u016fv Ml\u00fdn 1\" class=\"wp-image-883 size-medium\" srcset=\"https:\/\/harmonyhotel.cz\/wp-content\/uploads\/2024\/06\/Harmony-Hotel-Spindleruv-Mlyn-Spindleruv-Mlyn-1-800x533.jpg 800w, https:\/\/harmonyhotel.cz\/wp-content\/uploads\/2024\/06\/Harmony-Hotel-Spindleruv-Mlyn-Spindleruv-Mlyn-1.jpg 1600w\" sizes=\"auto, (max-width: 800px) 100vw, 800px\" \/><\/a><\/figure><\/div>\n\n\n\n<div class=\"wp-block-media-text is-stacked-on-mobile is-image-fill\"><figure class=\"wp-block-media-text__media\" style=\"background-image:url(https:\/\/harmonyhotel.cz\/wp-content\/uploads\/2024\/06\/Harmony-Hotel-Spindleruv-Mlyn-Spindleruv-Mlyn-2-800x533.jpg);background-position:50% 50%\"><a href=\"https:\/\/harmonyhotel.cz\/wp-content\/uploads\/2024\/06\/Harmony-Hotel-Spindleruv-Mlyn-Spindleruv-Mlyn-2.jpg\"><img loading=\"lazy\" decoding=\"async\" width=\"800\" height=\"533\" src=\"https:\/\/harmonyhotel.cz\/wp-content\/uploads\/2024\/06\/Harmony-Hotel-Spindleruv-Mlyn-Spindleruv-Mlyn-2-800x533.jpg\" alt=\"Harmony Hotel \u0160pindler\u016fv Ml\u00fdn - \u0160pindler\u016fv Ml\u00fdn 2\" class=\"wp-image-882 size-medium\" srcset=\"https:\/\/harmonyhotel.cz\/wp-content\/uploads\/2024\/06\/Harmony-Hotel-Spindleruv-Mlyn-Spindleruv-Mlyn-2-800x533.jpg 800w, https:\/\/harmonyhotel.cz\/wp-content\/uploads\/2024\/06\/Harmony-Hotel-Spindleruv-Mlyn-Spindleruv-Mlyn-2.jpg 1600w\" sizes=\"auto, (max-width: 800px) 100vw, 800px\" \/><\/a><\/figure><div class=\"wp-block-media-text__content\">\n<p>\u0160pindler\u016fv Ml\u00fdn is located at an altitude of 575 - 1555 m in the Giant Mountains. The highest point of the village is Lu\u010dn\u00ed hora - the second highest mountain in the Czech Republic. It is located at the confluence of the Elbe and Dolsk\u00fd streams.<\/p>\n<\/div><\/div>\n\n\n\n<div class=\"wp-block-media-text has-media-on-the-right is-stacked-on-mobile is-image-fill\"><div class=\"wp-block-media-text__content\">\n<p>The town is one of the most famous and most visited winter sports centres in the Czech Republic. The bed capacity is about 20 thousand beds. Spindleruv Mlyn has ideal conditions for winter sports. Ski trails and cross-country ski tracks are open up to 5 months a year. The professionally groomed downhill slopes of various difficulty levels have a total length of 25 km. A total of 14 lifts ensure a transport capacity of 20,000 skiers per hour. With one ski pass, you can ski on more than 25 km of groomed slopes in 4 different ski resorts (Svat\u00fd Petr, Medv\u011bd\u00edn, Horn\u00ed M\u00edse\u010dky, Labsk\u00e1). When there is little snow, most of the slopes are artificially snowed.<\/p>\n<\/div><figure class=\"wp-block-media-text__media\" style=\"background-image:url(https:\/\/harmonyhotel.cz\/wp-content\/uploads\/2024\/06\/Harmony-Hotel-Spindleruv-Mlyn-Spindleruv-Mlyn-3-800x533.jpg);background-position:50% 50%\"><a href=\"https:\/\/harmonyhotel.cz\/wp-content\/uploads\/2024\/06\/Harmony-Hotel-Spindleruv-Mlyn-Spindleruv-Mlyn-3.jpg\"><img loading=\"lazy\" decoding=\"async\" width=\"800\" height=\"533\" src=\"https:\/\/harmonyhotel.cz\/wp-content\/uploads\/2024\/06\/Harmony-Hotel-Spindleruv-Mlyn-Spindleruv-Mlyn-3-800x533.jpg\" alt=\"Harmony Hotel \u0160pindler\u016fv Ml\u00fdn - \u0160pindler\u016fv Ml\u00fdn 3\" class=\"wp-image-881 size-medium\" srcset=\"https:\/\/harmonyhotel.cz\/wp-content\/uploads\/2024\/06\/Harmony-Hotel-Spindleruv-Mlyn-Spindleruv-Mlyn-3-800x533.jpg 800w, https:\/\/harmonyhotel.cz\/wp-content\/uploads\/2024\/06\/Harmony-Hotel-Spindleruv-Mlyn-Spindleruv-Mlyn-3.jpg 1600w\" sizes=\"auto, (max-width: 800px) 100vw, 800px\" \/><\/a><\/figure><\/div>\n\n\n\n<div class=\"wp-block-media-text is-stacked-on-mobile is-image-fill\"><figure class=\"wp-block-media-text__media\" style=\"background-image:url(https:\/\/harmonyhotel.cz\/wp-content\/uploads\/2024\/06\/Harmony-Hotel-Spindleruv-Mlyn-Spindleruv-Mlyn-4-800x533.jpg);background-position:50% 50%\"><a href=\"https:\/\/harmonyhotel.cz\/wp-content\/uploads\/2024\/06\/Harmony-Hotel-Spindleruv-Mlyn-Spindleruv-Mlyn-4.jpg\"><img loading=\"lazy\" decoding=\"async\" width=\"800\" height=\"533\" src=\"https:\/\/harmonyhotel.cz\/wp-content\/uploads\/2024\/06\/Harmony-Hotel-Spindleruv-Mlyn-Spindleruv-Mlyn-4-800x533.jpg\" alt=\"Harmony Hotel \u0160pindler\u016fv Ml\u00fdn - \u0160pindler\u016fv Ml\u00fdn 4\" class=\"wp-image-880 size-medium\" srcset=\"https:\/\/harmonyhotel.cz\/wp-content\/uploads\/2024\/06\/Harmony-Hotel-Spindleruv-Mlyn-Spindleruv-Mlyn-4-800x533.jpg 800w, https:\/\/harmonyhotel.cz\/wp-content\/uploads\/2024\/06\/Harmony-Hotel-Spindleruv-Mlyn-Spindleruv-Mlyn-4.jpg 1600w\" sizes=\"auto, (max-width: 800px) 100vw, 800px\" \/><\/a><\/figure><div class=\"wp-block-media-text__content\">\n<p>\u0160pindler\u016fv Ml\u00fdn also offers many attractions in the summer season. During the summer months, conditions are ideal for hiking and mountain biking.<\/p>\n\n\n\n<p>Complete information can be found on the official website of the town of \u0160pindler\u016fv Ml\u00fdn<\/p>\n\n\n\n<div class=\"wp-block-buttons is-layout-flex wp-block-buttons-is-layout-flex\">\n<div class=\"wp-block-button\"><a class=\"wp-block-button__link wp-element-button\" href=\"https:\/\/www.mestospindleruvmlyn.cz\/cs\/\" target=\"_blank\" rel=\"noreferrer noopener\">WWW.MESTOSPINDLERUVMLYN.CZ<\/a><\/div>\n<\/div>\n<\/div><\/div>","protected":false},"excerpt":{"rendered":"<p>\u0160pindler\u016fv Ml\u00fdn je v\u00fdznamn\u00e9 turistick\u00e9 st\u0159edisko v Krkono\u0161\u00edch. Malebn\u00e9 centrum s turistickou atmosf\u00e9rou, v\u00fdznamn\u00e9 st\u0159edisko zimn\u00edch i letn\u00edch sport\u016f. M\u011bsto \u0160pindler\u016fv Ml\u00fdn m\u00e1 p\u0159ibli\u017en\u011b 1400 obyvatel a rozlohu 7690,91 ha. V n\u011bm\u010dine se m\u011bsto d\u0159\u00edve naz\u00fdvalo Spindlerm\u00fchle. \u0160pindler\u016fv Ml\u00fdn le\u017e\u00ed v nadmo\u0159sk\u00e9 v\u00fd\u0161ce 575 \u2013 1555 m v Krkono\u0161\u00edch . Nejvy\u0161\u0161\u00edm bodem obce je Lu\u010dn\u00ed [&hellip;]<\/p>\n","protected":false},"author":1,"featured_media":741,"parent":19,"menu_order":0,"comment_status":"closed","ping_status":"closed","template":"","meta":{"footnotes":""},"class_list":["post-779","page","type-page","status-publish","has-post-thumbnail","hentry"],"_links":{"self":[{"href":"https:\/\/harmonyhotel.cz\/en\/wp-json\/wp\/v2\/pages\/779","targetHints":{"allow":["GET"]}}],"collection":[{"href":"https:\/\/harmonyhotel.cz\/en\/wp-json\/wp\/v2\/pages"}],"about":[{"href":"https:\/\/harmonyhotel.cz\/en\/wp-json\/wp\/v2\/types\/page"}],"author":[{"embeddable":true,"href":"https:\/\/harmonyhotel.cz\/en\/wp-json\/wp\/v2\/users\/1"}],"replies":[{"embeddable":true,"href":"https:\/\/harmonyhotel.cz\/en\/wp-json\/wp\/v2\/comments?post=779"}],"version-history":[{"count":0,"href":"https:\/\/harmonyhotel.cz\/en\/wp-json\/wp\/v2\/pages\/779\/revisions"}],"up":[{"embeddable":true,"href":"https:\/\/harmonyhotel.cz\/en\/wp-json\/wp\/v2\/pages\/19"}],"wp:featuredmedia":[{"embeddable":true,"href":"https:\/\/harmonyhotel.cz\/en\/wp-json\/wp\/v2\/media\/741"}],"wp:attachment":[{"href":"https:\/\/harmonyhotel.cz\/en\/wp-json\/wp\/v2\/media?parent=779"}],"curies":[{"name":"wp","href":"https:\/\/api.w.org\/{rel}","templated":true}]}}