{"id":776,"date":"2024-06-13T22:31:09","date_gmt":"2024-06-13T20:31:09","guid":{"rendered":"https:\/\/harmonyhotel.cz\/?page_id=776"},"modified":"2026-02-18T16:33:29","modified_gmt":"2026-02-18T15:33:29","slug":"winter","status":"publish","type":"page","link":"https:\/\/harmonyhotel.cz\/en\/aktivity\/zima\/","title":{"rendered":"Winter"},"content":{"rendered":"<div class=\"wp-block-media-text has-media-on-the-right is-stacked-on-mobile is-image-fill-element\"><div class=\"wp-block-media-text__content\">\n<h2 class=\"wp-block-heading\">Winter vacation<\/h2>\n\n\n\n<p>Hotel directly on the slopes, convenient access to the slopes, modern ski storage and ski rental directly at the hotel. After skiing, straight away relax in the wellness area and recharge your energy with quality food and hanging out with friends.<\/p>\n<\/div><figure class=\"wp-block-media-text__media\"><a href=\"https:\/\/harmonyhotel.cz\/wp-content\/uploads\/2024\/06\/Zimni-dovolena-Harmony-Hotel-Spindleruv-Mlyn.jpg\"><img loading=\"lazy\" decoding=\"async\" width=\"800\" height=\"533\" src=\"https:\/\/harmonyhotel.cz\/wp-content\/uploads\/2024\/06\/Zimni-dovolena-Harmony-Hotel-Spindleruv-Mlyn-800x533.jpg\" alt=\"Winter vacation - Harmony Hotel \u0160pindler\u016fv Ml\u00fdn\" class=\"wp-image-978 size-medium\" style=\"object-position:50% 50%\" srcset=\"https:\/\/harmonyhotel.cz\/wp-content\/uploads\/2024\/06\/Zimni-dovolena-Harmony-Hotel-Spindleruv-Mlyn-800x533.jpg 800w, https:\/\/harmonyhotel.cz\/wp-content\/uploads\/2024\/06\/Zimni-dovolena-Harmony-Hotel-Spindleruv-Mlyn-1600x1067.jpg 1600w, https:\/\/harmonyhotel.cz\/wp-content\/uploads\/2024\/06\/Zimni-dovolena-Harmony-Hotel-Spindleruv-Mlyn.jpg 1620w\" sizes=\"auto, (max-width: 800px) 100vw, 800px\" \/><\/a><\/figure><\/div>\n\n\n\n<div class=\"wp-block-media-text is-stacked-on-mobile is-image-fill-element\"><figure class=\"wp-block-media-text__media\"><a href=\"https:\/\/harmonyhotel.cz\/wp-content\/uploads\/2024\/06\/Lyzovani-a-zimni-sporty-Harmony-Hotel-Spindleruv-Mlyn.jpg\"><img loading=\"lazy\" decoding=\"async\" width=\"800\" height=\"533\" src=\"https:\/\/harmonyhotel.cz\/wp-content\/uploads\/2024\/06\/Lyzovani-a-zimni-sporty-Harmony-Hotel-Spindleruv-Mlyn-800x533.jpg\" alt=\"Skiing and winter sports - Harmony Hotel \u0160pindler\u016fv Ml\u00fdn\" class=\"wp-image-977 size-medium\" style=\"object-position:50% 50%\" srcset=\"https:\/\/harmonyhotel.cz\/wp-content\/uploads\/2024\/06\/Lyzovani-a-zimni-sporty-Harmony-Hotel-Spindleruv-Mlyn-800x533.jpg 800w, https:\/\/harmonyhotel.cz\/wp-content\/uploads\/2024\/06\/Lyzovani-a-zimni-sporty-Harmony-Hotel-Spindleruv-Mlyn-1600x1067.jpg 1600w, https:\/\/harmonyhotel.cz\/wp-content\/uploads\/2024\/06\/Lyzovani-a-zimni-sporty-Harmony-Hotel-Spindleruv-Mlyn.jpg 1620w\" sizes=\"auto, (max-width: 800px) 100vw, 800px\" \/><\/a><\/figure><div class=\"wp-block-media-text__content\">\n<h2 class=\"wp-block-heading\">Skiing and winter sports<\/h2>\n\n\n\n<p>Harmony Hotel **** enjoys a truly exceptional location in the Krkono\u0161e Mountains.<\/p>\n\n\n\n<p>It is located at the foot of the Medv\u011bd\u00edn ski resort in \u0160pindler\u016fv Ml\u00fdn and you can practically drive right up to the hotel.<\/p>\n<\/div><\/div>\n\n\n\n<div class=\"wp-block-media-text has-media-on-the-right is-stacked-on-mobile is-image-fill-element\"><div class=\"wp-block-media-text__content\">\n<h2 class=\"wp-block-heading\">Hotel elevator<\/h2>\n\n\n\n<p>In the winter season there is a ski lift with a small ski slope, which is especially suitable for beginners.<\/p>\n\n\n\n<p>This little train at the hotel is completely free of charge for children under 6 years old.<\/p>\n\n\n\n<p>Thanks to the connecting ski lift, you can reach the main blue slope of the Medv\u011bd\u00edn ski area within 5 minutes.<\/p>\n\n\n\n<div class=\"wp-block-buttons is-layout-flex wp-block-buttons-is-layout-flex\">\n<div class=\"wp-block-button\"><a class=\"wp-block-button__link wp-element-button\" href=\"https:\/\/harmonyhotel.cz\/en\/activities\/childrens-lift-magic-carpet\/\">More about the elevator<\/a><\/div>\n<\/div>\n<\/div><figure class=\"wp-block-media-text__media\"><a href=\"https:\/\/harmonyhotel.cz\/wp-content\/uploads\/2026\/02\/260106_0521-Panorama-scaled.jpg\"><img loading=\"lazy\" decoding=\"async\" width=\"1600\" height=\"769\" src=\"https:\/\/harmonyhotel.cz\/wp-content\/uploads\/2026\/02\/260106_0521-Panorama-1600x769.jpg\" alt=\"\" class=\"wp-image-2327 size-medium\" style=\"object-position:50% 50%\" srcset=\"https:\/\/harmonyhotel.cz\/wp-content\/uploads\/2026\/02\/260106_0521-Panorama-1600x769.jpg 1600w, https:\/\/harmonyhotel.cz\/wp-content\/uploads\/2026\/02\/260106_0521-Panorama-800x384.jpg 800w, https:\/\/harmonyhotel.cz\/wp-content\/uploads\/2026\/02\/260106_0521-Panorama-18x9.jpg 18w\" sizes=\"auto, (max-width: 1600px) 100vw, 1600px\" \/><\/a><\/figure><\/div>\n\n\n\n<div class=\"wp-block-media-text is-stacked-on-mobile is-image-fill-element\"><figure class=\"wp-block-media-text__media\"><a href=\"https:\/\/harmonyhotel.cz\/wp-content\/uploads\/2024\/06\/Skiareal-Harmony-Hotel-Spindleruv-Mlyn.jpg\"><img loading=\"lazy\" decoding=\"async\" width=\"800\" height=\"533\" src=\"https:\/\/harmonyhotel.cz\/wp-content\/uploads\/2024\/06\/Skiareal-Harmony-Hotel-Spindleruv-Mlyn-800x533.jpg\" alt=\"Ski resort - Harmony Hotel \u0160pindler\u016fv Ml\u00fdn\" class=\"wp-image-975 size-medium\" style=\"object-position:50% 50%\" srcset=\"https:\/\/harmonyhotel.cz\/wp-content\/uploads\/2024\/06\/Skiareal-Harmony-Hotel-Spindleruv-Mlyn-800x533.jpg 800w, https:\/\/harmonyhotel.cz\/wp-content\/uploads\/2024\/06\/Skiareal-Harmony-Hotel-Spindleruv-Mlyn-1600x1067.jpg 1600w, https:\/\/harmonyhotel.cz\/wp-content\/uploads\/2024\/06\/Skiareal-Harmony-Hotel-Spindleruv-Mlyn.jpg 1620w\" sizes=\"auto, (max-width: 800px) 100vw, 800px\" \/><\/a><\/figure><div class=\"wp-block-media-text__content\">\n<h2 class=\"wp-block-heading\">Ski area<\/h2>\n\n\n\n<p>The pass, which is valid for the entire \u0160pindler\u016fv Ml\u00fdn ski resort, can also be used at our lift, or it is possible to buy only local tickets - prices can be found on the ski resort website.<\/p>\n\n\n\n<div class=\"wp-block-buttons is-layout-flex wp-block-buttons-is-layout-flex\">\n<div class=\"wp-block-button\"><a class=\"wp-block-button__link wp-element-button\" href=\"https:\/\/www.skiareal.cz\/\" target=\"_blank\" rel=\"noreferrer noopener\">Skiareal.cz<\/a><\/div>\n<\/div>\n<\/div><\/div>\n\n\n\n<div class=\"wp-block-media-text has-media-on-the-right is-stacked-on-mobile is-image-fill-element\"><div class=\"wp-block-media-text__content\">\n<h2 class=\"wp-block-heading\">Ski school<\/h2>\n\n\n\n<p>The Skolmax ski school is located directly in the hotel and offers group and private lessons for all ages.<\/p>\n\n\n\n<div class=\"wp-block-buttons is-layout-flex wp-block-buttons-is-layout-flex\">\n<div class=\"wp-block-button\"><a class=\"wp-block-button__link wp-element-button\" href=\"https:\/\/www.skiareal.cz\/en\/school-rentals\/ski-school-1\" target=\"_blank\" rel=\"noreferrer noopener\">Skolmax.cz<\/a><\/div>\n<\/div>\n<\/div><figure class=\"wp-block-media-text__media\"><a href=\"https:\/\/harmonyhotel.cz\/wp-content\/uploads\/2024\/06\/Lyzarska-skola-Harmony-Hotel-Spindleruv-Mlyn.jpg\"><img loading=\"lazy\" decoding=\"async\" width=\"800\" height=\"533\" src=\"https:\/\/harmonyhotel.cz\/wp-content\/uploads\/2024\/06\/Lyzarska-skola-Harmony-Hotel-Spindleruv-Mlyn-800x533.jpg\" alt=\"Ski school - Harmony Hotel \u0160pindler\u016fv Ml\u00fdn\" class=\"wp-image-974 size-medium\" style=\"object-position:50% 50%\" srcset=\"https:\/\/harmonyhotel.cz\/wp-content\/uploads\/2024\/06\/Lyzarska-skola-Harmony-Hotel-Spindleruv-Mlyn-800x533.jpg 800w, https:\/\/harmonyhotel.cz\/wp-content\/uploads\/2024\/06\/Lyzarska-skola-Harmony-Hotel-Spindleruv-Mlyn-1600x1067.jpg 1600w, https:\/\/harmonyhotel.cz\/wp-content\/uploads\/2024\/06\/Lyzarska-skola-Harmony-Hotel-Spindleruv-Mlyn.jpg 1620w\" sizes=\"auto, (max-width: 800px) 100vw, 800px\" \/><\/a><\/figure><\/div>\n\n\n\n<div class=\"wp-block-media-text is-stacked-on-mobile is-image-fill-element\"><figure class=\"wp-block-media-text__media\"><a href=\"https:\/\/harmonyhotel.cz\/wp-content\/uploads\/2024\/06\/Harmony-Hotel-Spindleruv-Mlyn-Detsky-vlek-Magic-carpet-3.jpg\"><img loading=\"lazy\" decoding=\"async\" width=\"800\" height=\"800\" src=\"https:\/\/harmonyhotel.cz\/wp-content\/uploads\/2024\/06\/Harmony-Hotel-Spindleruv-Mlyn-Detsky-vlek-Magic-carpet-3-800x800.jpg\" alt=\"Harmony Hotel \u0160pindler\u016fv Ml\u00fdn - Children&#039;s lift &amp; Magic carpet 3\" class=\"wp-image-794 size-medium\" style=\"object-position:50% 50%\" srcset=\"https:\/\/harmonyhotel.cz\/wp-content\/uploads\/2024\/06\/Harmony-Hotel-Spindleruv-Mlyn-Detsky-vlek-Magic-carpet-3-800x800.jpg 800w, https:\/\/harmonyhotel.cz\/wp-content\/uploads\/2024\/06\/Harmony-Hotel-Spindleruv-Mlyn-Detsky-vlek-Magic-carpet-3-200x200.jpg 200w, https:\/\/harmonyhotel.cz\/wp-content\/uploads\/2024\/06\/Harmony-Hotel-Spindleruv-Mlyn-Detsky-vlek-Magic-carpet-3.jpg 1080w\" sizes=\"auto, (max-width: 800px) 100vw, 800px\" \/><\/a><\/figure><div class=\"wp-block-media-text__content\">\n<h2 class=\"wp-block-heading\">Magic carpet<\/h2>\n\n\n\n<p>A movable carpet lift, equipped with a small slope behind the hotel by SKOLMAX, so that even the smallest skiers can enjoy a comfortable ride to the top.<\/p>\n\n\n\n<p>Only during ski school lessons.<\/p>\n\n\n\n<div class=\"wp-block-buttons is-layout-flex wp-block-buttons-is-layout-flex\">\n<div class=\"wp-block-button\"><a class=\"wp-block-button__link wp-element-button\" href=\"https:\/\/harmonyhotel.cz\/en\/activities\/childrens-lift-magic-carpet\/\">More about the elevator<\/a><\/div>\n<\/div>\n<\/div><\/div>\n\n\n\n<div class=\"wp-block-media-text has-media-on-the-right is-stacked-on-mobile is-image-fill-element\"><div class=\"wp-block-media-text__content\">\n<h2 class=\"wp-block-heading\">Snacks<\/h2>\n\n\n\n<p class=\"has-text-align-left\">There is also a small canteen where you can satisfy your hunger and continue skiing or snowboarding.<\/p>\n<\/div><figure class=\"wp-block-media-text__media\"><a href=\"https:\/\/harmonyhotel.cz\/wp-content\/uploads\/2024\/06\/APRES-SKI-pro-dospele-i-deti-Harmony-Hotel-Spindleruv-Mlyn.jpg\"><img loading=\"lazy\" decoding=\"async\" width=\"1600\" height=\"900\" src=\"https:\/\/harmonyhotel.cz\/wp-content\/uploads\/2024\/06\/APRES-SKI-pro-dospele-i-deti-Harmony-Hotel-Spindleruv-Mlyn-1600x900.jpg\" alt=\"APR\u00c9S SKI for adults and children - Harmony Hotel \u0160pindler\u016fv Ml\u00fdn\" class=\"wp-image-971 size-medium\" style=\"object-position:50% 50%\" srcset=\"https:\/\/harmonyhotel.cz\/wp-content\/uploads\/2024\/06\/APRES-SKI-pro-dospele-i-deti-Harmony-Hotel-Spindleruv-Mlyn-1600x900.jpg 1600w, https:\/\/harmonyhotel.cz\/wp-content\/uploads\/2024\/06\/APRES-SKI-pro-dospele-i-deti-Harmony-Hotel-Spindleruv-Mlyn-800x450.jpg 800w, https:\/\/harmonyhotel.cz\/wp-content\/uploads\/2024\/06\/APRES-SKI-pro-dospele-i-deti-Harmony-Hotel-Spindleruv-Mlyn.jpg 1920w\" sizes=\"auto, (max-width: 1600px) 100vw, 1600px\" \/><\/a><\/figure><\/div>\n\n\n\n<div class=\"wp-block-media-text is-stacked-on-mobile is-image-fill-element\"><figure class=\"wp-block-media-text__media\"><a href=\"https:\/\/harmonyhotel.cz\/wp-content\/uploads\/2024\/06\/Harmony-Hotel-Spindleruv-Mlyn-Skipasy-a-skiareal-2.jpg\"><img loading=\"lazy\" decoding=\"async\" width=\"800\" height=\"533\" src=\"https:\/\/harmonyhotel.cz\/wp-content\/uploads\/2024\/06\/Harmony-Hotel-Spindleruv-Mlyn-Skipasy-a-skiareal-2-800x533.jpg\" alt=\"Harmony Hotel \u0160pindler\u016fv Ml\u00fdn - Ski passes and ski area 2\" class=\"wp-image-790 size-medium\" style=\"object-position:50% 50%\" srcset=\"https:\/\/harmonyhotel.cz\/wp-content\/uploads\/2024\/06\/Harmony-Hotel-Spindleruv-Mlyn-Skipasy-a-skiareal-2-800x533.jpg 800w, https:\/\/harmonyhotel.cz\/wp-content\/uploads\/2024\/06\/Harmony-Hotel-Spindleruv-Mlyn-Skipasy-a-skiareal-2-1600x1067.jpg 1600w, https:\/\/harmonyhotel.cz\/wp-content\/uploads\/2024\/06\/Harmony-Hotel-Spindleruv-Mlyn-Skipasy-a-skiareal-2.jpg 1620w\" sizes=\"auto, (max-width: 800px) 100vw, 800px\" \/><\/a><\/figure><div class=\"wp-block-media-text__content\">\n<p>If you decide to use the ski slopes in the Sv. Petr ski resort opposite, use the free SKIBUS, which regularly transports guests and whose stop is located in the immediate vicinity of the hotel.<\/p>\n\n\n\n<p>Or you can drive your own car to the P1 HROMOVKA car park, which is free in the winter season, and reach the new connection to St. Peter with the help of the chairlift on Hromovka.<\/p>\n<\/div><\/div>\n\n\n\n<div class=\"wp-block-media-text has-media-on-the-right is-stacked-on-mobile is-image-fill-element\"><div class=\"wp-block-media-text__content\">\n<h2 class=\"wp-block-heading\">Toboggan run<\/h2>\n\n\n\n<p><strong>RECOMMENDED<\/strong>&nbsp;3 km long toboggan run<\/p>\n\n\n\n<div class=\"wp-block-buttons is-layout-flex wp-block-buttons-is-layout-flex\">\n<div class=\"wp-block-button\"><a class=\"wp-block-button__link wp-element-button\" href=\"https:\/\/www.sankarska-draha.cz\/\" target=\"_blank\" rel=\"noreferrer noopener\">Sankarska-draha.cz<\/a><\/div>\n<\/div>\n<\/div><figure class=\"wp-block-media-text__media\"><a href=\"https:\/\/harmonyhotel.cz\/wp-content\/uploads\/2024\/06\/Sankarska-draha-Harmony-Hotel-Spindleruv-Mlyn.jpg\"><img loading=\"lazy\" decoding=\"async\" width=\"800\" height=\"600\" src=\"https:\/\/harmonyhotel.cz\/wp-content\/uploads\/2024\/06\/Sankarska-draha-Harmony-Hotel-Spindleruv-Mlyn-800x600.jpg\" alt=\"Toboggan run - Harmony Hotel \u0160pindler\u016fv Ml\u00fdn\" class=\"wp-image-969 size-medium\" style=\"object-position:50% 50%\" srcset=\"https:\/\/harmonyhotel.cz\/wp-content\/uploads\/2024\/06\/Sankarska-draha-Harmony-Hotel-Spindleruv-Mlyn-800x600.jpg 800w, https:\/\/harmonyhotel.cz\/wp-content\/uploads\/2024\/06\/Sankarska-draha-Harmony-Hotel-Spindleruv-Mlyn.jpg 1024w\" sizes=\"auto, (max-width: 800px) 100vw, 800px\" \/><\/a><\/figure><\/div>\n\n\n\n<div class=\"wp-block-media-text is-stacked-on-mobile is-image-fill-element\"><figure class=\"wp-block-media-text__media\"><a href=\"https:\/\/harmonyhotel.cz\/wp-content\/uploads\/2024\/06\/Harmony-Hotel-Spindleruv-Mlyn-Pujcovna-a-uschovna-lyzi-a-kol-2-scaled.jpg\"><img loading=\"lazy\" decoding=\"async\" width=\"800\" height=\"533\" src=\"https:\/\/harmonyhotel.cz\/wp-content\/uploads\/2024\/06\/Harmony-Hotel-Spindleruv-Mlyn-Pujcovna-a-uschovna-lyzi-a-kol-2-800x533.jpg\" alt=\"Harmony Hotel \u0160pindler\u016fv Ml\u00fdn - Ski and bike rental and storage 2\" class=\"wp-image-800 size-medium\" style=\"object-position:50% 50%\" srcset=\"https:\/\/harmonyhotel.cz\/wp-content\/uploads\/2024\/06\/Harmony-Hotel-Spindleruv-Mlyn-Pujcovna-a-uschovna-lyzi-a-kol-2-800x533.jpg 800w, https:\/\/harmonyhotel.cz\/wp-content\/uploads\/2024\/06\/Harmony-Hotel-Spindleruv-Mlyn-Pujcovna-a-uschovna-lyzi-a-kol-2-1600x1066.jpg 1600w\" sizes=\"auto, (max-width: 800px) 100vw, 800px\" \/><\/a><\/figure><div class=\"wp-block-media-text__content\">\n<h2 class=\"wp-block-heading\">Harmony Ski Rental<\/h2>\n\n\n\n<p>There is also a fully functional ski storage room and ski and snowboard rental.<\/p>\n\n\n\n<div class=\"wp-block-buttons is-layout-flex wp-block-buttons-is-layout-flex\">\n<div class=\"wp-block-button\"><a class=\"wp-block-button__link wp-element-button\" href=\"https:\/\/pujcovna.harmonyhotel.cz\/rezervace?_gl=1*1gv7df3*_gcl_aw*R0NMLjE3NjA5NTYyMDIuRUFJYUlRb2JDaE1Jbk9fUnNwbThpd01WTGFPREJ4M3BtUldXRUFBWUFTQUFFZ0s0enZEX0J3RQ..*_gcl_au*MTg0NTYzODgzOC4xNzYzMDIxODU3*_ga*MzU0NDI2ODQzLjE3Mzc2MzM0OTY.*_ga_N2V8QSPJ5S*czE3NjM0NTg1OTYkbzE4OCRnMSR0MTc2MzQ2MDExNCRqMiRsMCRoMTQxMDczMDE2\">Rental \/ Ski storage<\/a><\/div>\n<\/div>\n<\/div><\/div>\n\n\n\n<p><\/p>","protected":false},"excerpt":{"rendered":"<p>Zimn\u00ed dovolen\u00e1 Hotel p\u0159\u00edmo na sjezdovce, pohodln\u00fd p\u0159\u00edstup ke sjezdovce, modern\u00ed ly\u017e\u00e1rna i p\u016fj\u010dovna ly\u017e\u00ed p\u0159\u00edmo na hotelu. Po ly\u017e\u00edch rovnou relax ve wellnessu a dob\u00edt energii kvalitn\u00edm j\u00eddlem a posezen\u00edm s p\u0159\u00e1teli. Ly\u017eov\u00e1n\u00ed a zimn\u00ed sporty Harmony Hotel **** m\u00e1 v Krkono\u0161\u00edch velmi v\u00fdjime\u010dnou polohu. Le\u017e\u00ed na \u00fapat\u00ed skiare\u00e1lu Medv\u011bd\u00edn ve \u0160pindlerov\u011b Ml\u00fdn\u011b a [&hellip;]<\/p>\n","protected":false},"author":1,"featured_media":742,"parent":19,"menu_order":0,"comment_status":"closed","ping_status":"closed","template":"","meta":{"footnotes":""},"class_list":["post-776","page","type-page","status-publish","has-post-thumbnail","hentry"],"_links":{"self":[{"href":"https:\/\/harmonyhotel.cz\/en\/wp-json\/wp\/v2\/pages\/776","targetHints":{"allow":["GET"]}}],"collection":[{"href":"https:\/\/harmonyhotel.cz\/en\/wp-json\/wp\/v2\/pages"}],"about":[{"href":"https:\/\/harmonyhotel.cz\/en\/wp-json\/wp\/v2\/types\/page"}],"author":[{"embeddable":true,"href":"https:\/\/harmonyhotel.cz\/en\/wp-json\/wp\/v2\/users\/1"}],"replies":[{"embeddable":true,"href":"https:\/\/harmonyhotel.cz\/en\/wp-json\/wp\/v2\/comments?post=776"}],"version-history":[{"count":9,"href":"https:\/\/harmonyhotel.cz\/en\/wp-json\/wp\/v2\/pages\/776\/revisions"}],"predecessor-version":[{"id":2335,"href":"https:\/\/harmonyhotel.cz\/en\/wp-json\/wp\/v2\/pages\/776\/revisions\/2335"}],"up":[{"embeddable":true,"href":"https:\/\/harmonyhotel.cz\/en\/wp-json\/wp\/v2\/pages\/19"}],"wp:featuredmedia":[{"embeddable":true,"href":"https:\/\/harmonyhotel.cz\/en\/wp-json\/wp\/v2\/media\/742"}],"wp:attachment":[{"href":"https:\/\/harmonyhotel.cz\/en\/wp-json\/wp\/v2\/media?parent=776"}],"curies":[{"name":"wp","href":"https:\/\/api.w.org\/{rel}","templated":true}]}}