{"id":772,"date":"2024-06-13T22:30:40","date_gmt":"2024-06-13T20:30:40","guid":{"rendered":"https:\/\/harmonyhotel.cz\/?page_id=772"},"modified":"2025-10-03T14:48:40","modified_gmt":"2025-10-03T12:48:40","slug":"teambuilding-activities","status":"publish","type":"page","link":"https:\/\/harmonyhotel.cz\/en\/aktivity\/teambuildingove-aktivity\/","title":{"rendered":"Team building activities"},"content":{"rendered":"<div class=\"wp-block-media-text has-media-on-the-right is-stacked-on-mobile is-image-fill-element\"><div class=\"wp-block-media-text__content\">\n<p>After demanding meetings and programs, it is necessary not to waste free time and use it as much as possible for relaxation, outdoor, sports, knowledge, adrenaline or unusual experiences. Thanks to our broad sports background, experience and knowledge of local conditions, we are able to plan and arrange really everything.<\/p>\n<\/div><figure class=\"wp-block-media-text__media\"><a href=\"https:\/\/harmonyhotel.cz\/wp-content\/uploads\/2024\/06\/Harmony-Hotel-Spindleruv-Mlyn-Teambuildingove-aktivity-1.jpg\"><img loading=\"lazy\" decoding=\"async\" width=\"800\" height=\"533\" src=\"https:\/\/harmonyhotel.cz\/wp-content\/uploads\/2024\/06\/Harmony-Hotel-Spindleruv-Mlyn-Teambuildingove-aktivity-1-800x533.jpg\" alt=\"Team building activities - Harmony Hotel \u0160pindler\u016fv Ml\u00fdn 1\" class=\"wp-image-861 size-medium\" style=\"object-position:50% 50%\" srcset=\"https:\/\/harmonyhotel.cz\/wp-content\/uploads\/2024\/06\/Harmony-Hotel-Spindleruv-Mlyn-Teambuildingove-aktivity-1-800x533.jpg 800w, https:\/\/harmonyhotel.cz\/wp-content\/uploads\/2024\/06\/Harmony-Hotel-Spindleruv-Mlyn-Teambuildingove-aktivity-1.jpg 1600w\" sizes=\"auto, (max-width: 800px) 100vw, 800px\" \/><\/a><\/figure><\/div>\n\n\n\n<div class=\"wp-block-media-text is-stacked-on-mobile is-image-fill-element\"><figure class=\"wp-block-media-text__media\"><a href=\"https:\/\/harmonyhotel.cz\/wp-content\/uploads\/2025\/10\/virnik-scaled.jpg\"><img loading=\"lazy\" decoding=\"async\" width=\"1600\" height=\"1071\" src=\"https:\/\/harmonyhotel.cz\/wp-content\/uploads\/2025\/10\/virnik-1600x1071.jpg\" alt=\"\" class=\"wp-image-2083 size-medium\" style=\"object-position:50% 50%\" srcset=\"https:\/\/harmonyhotel.cz\/wp-content\/uploads\/2025\/10\/virnik-1600x1071.jpg 1600w, https:\/\/harmonyhotel.cz\/wp-content\/uploads\/2025\/10\/virnik-800x535.jpg 800w, https:\/\/harmonyhotel.cz\/wp-content\/uploads\/2025\/10\/virnik-18x12.jpg 18w\" sizes=\"auto, (max-width: 1600px) 100vw, 1600px\" \/><\/a><\/figure><div class=\"wp-block-media-text__content\">\n<p>Thanks to our many years of experience in organizing numerous events, we will be happy to help you organize cultural or sporting events or other additional services.<\/p>\n<\/div><\/div>\n\n\n\n<div class=\"wp-block-media-text alignwide has-media-on-the-right is-stacked-on-mobile is-image-fill-element\" style=\"grid-template-columns:auto 38%\"><div class=\"wp-block-media-text__content\">\n<p>Outdoor opportunities in Spindleruv Mlyn<\/p>\n\n\n\n<div class=\"wp-block-buttons is-layout-flex wp-block-buttons-is-layout-flex\">\n<div class=\"wp-block-button\"><a class=\"wp-block-button__link wp-element-button\" href=\"https:\/\/www.yellow-point.cz\/sportovni-aktivity\/spindleruv-mlyn\/\" target=\"_blank\" rel=\"noreferrer noopener\">WWW.YELLOW-POINT.CZ<\/a><\/div>\n<\/div>\n<\/div><figure class=\"wp-block-media-text__media\"><a href=\"https:\/\/harmonyhotel.cz\/wp-content\/uploads\/2025\/10\/kolobezky2.jpg\"><img loading=\"lazy\" decoding=\"async\" width=\"1500\" height=\"1000\" src=\"https:\/\/harmonyhotel.cz\/wp-content\/uploads\/2025\/10\/kolobezky2.jpg\" alt=\"\" class=\"wp-image-2081 size-medium\" style=\"object-position:50% 50%\" srcset=\"https:\/\/harmonyhotel.cz\/wp-content\/uploads\/2025\/10\/kolobezky2.jpg 1500w, https:\/\/harmonyhotel.cz\/wp-content\/uploads\/2025\/10\/kolobezky2-800x533.jpg 800w, https:\/\/harmonyhotel.cz\/wp-content\/uploads\/2025\/10\/kolobezky2-18x12.jpg 18w\" sizes=\"auto, (max-width: 1500px) 100vw, 1500px\" \/><\/a><\/figure><\/div>\n\n\n\n<div class=\"wp-block-media-text is-stacked-on-mobile is-image-fill-element\"><figure class=\"wp-block-media-text__media\"><a href=\"https:\/\/harmonyhotel.cz\/wp-content\/uploads\/2024\/06\/Harmony-Hotel-Spindleruv-Mlyn-Teambuildingove-aktivity-4.jpg\"><img loading=\"lazy\" decoding=\"async\" width=\"800\" height=\"533\" src=\"https:\/\/harmonyhotel.cz\/wp-content\/uploads\/2024\/06\/Harmony-Hotel-Spindleruv-Mlyn-Teambuildingove-aktivity-4-800x533.jpg\" alt=\"Team building activities - Harmony Hotel \u0160pindler\u016fv Ml\u00fdn 4\" class=\"wp-image-858 size-medium\" style=\"object-position:50% 50%\" srcset=\"https:\/\/harmonyhotel.cz\/wp-content\/uploads\/2024\/06\/Harmony-Hotel-Spindleruv-Mlyn-Teambuildingove-aktivity-4-800x533.jpg 800w, https:\/\/harmonyhotel.cz\/wp-content\/uploads\/2024\/06\/Harmony-Hotel-Spindleruv-Mlyn-Teambuildingove-aktivity-4.jpg 1600w\" sizes=\"auto, (max-width: 800px) 100vw, 800px\" \/><\/a><\/figure><div class=\"wp-block-media-text__content\">\n<p>If you are interested, we can provide interpreting equipment, the rooms have good sound systems, projection equipment, flipcharts, laser pointers, lecterns, overhead projectors, internet connection, etc.<\/p>\n<\/div><\/div>","protected":false},"excerpt":{"rendered":"<p>Po n\u00e1ro\u010dn\u00fdch jedn\u00e1n\u00edch, programech je pot\u0159eba neztr\u00e1cet voln\u00fd \u010das a vyu\u017e\u00edt ho maxim\u00e1ln\u011b pro relax, outdoor, sport, pozn\u00e1n\u00ed, adrenalin \u010di nev\u0161edn\u00ed z\u00e1\u017eitky. D\u00edky \u0161irok\u00e9mu sportovn\u00edmu z\u00e1zem\u00ed, zku\u0161enostem a znalostem m\u00edstn\u00edch podm\u00ednek, jsme schopni V\u00e1m napl\u00e1novat a zajistit opravdu cokoliv. D\u00edky na\u0161im bohat\u00fdm zku\u0161enostem z po\u0159\u00e1d\u00e1n\u00ed mnoha akc\u00ed V\u00e1m r\u00e1di pom\u016f\u017eeme zabezp\u011b\u010dit kulturn\u00ed \u010di jin\u00e9 sportovn\u00ed [&hellip;]<\/p>\n","protected":false},"author":1,"featured_media":744,"parent":19,"menu_order":0,"comment_status":"closed","ping_status":"closed","template":"","meta":{"footnotes":""},"class_list":["post-772","page","type-page","status-publish","has-post-thumbnail","hentry"],"_links":{"self":[{"href":"https:\/\/harmonyhotel.cz\/en\/wp-json\/wp\/v2\/pages\/772","targetHints":{"allow":["GET"]}}],"collection":[{"href":"https:\/\/harmonyhotel.cz\/en\/wp-json\/wp\/v2\/pages"}],"about":[{"href":"https:\/\/harmonyhotel.cz\/en\/wp-json\/wp\/v2\/types\/page"}],"author":[{"embeddable":true,"href":"https:\/\/harmonyhotel.cz\/en\/wp-json\/wp\/v2\/users\/1"}],"replies":[{"embeddable":true,"href":"https:\/\/harmonyhotel.cz\/en\/wp-json\/wp\/v2\/comments?post=772"}],"version-history":[{"count":2,"href":"https:\/\/harmonyhotel.cz\/en\/wp-json\/wp\/v2\/pages\/772\/revisions"}],"predecessor-version":[{"id":2086,"href":"https:\/\/harmonyhotel.cz\/en\/wp-json\/wp\/v2\/pages\/772\/revisions\/2086"}],"up":[{"embeddable":true,"href":"https:\/\/harmonyhotel.cz\/en\/wp-json\/wp\/v2\/pages\/19"}],"wp:featuredmedia":[{"embeddable":true,"href":"https:\/\/harmonyhotel.cz\/en\/wp-json\/wp\/v2\/media\/744"}],"wp:attachment":[{"href":"https:\/\/harmonyhotel.cz\/en\/wp-json\/wp\/v2\/media?parent=772"}],"curies":[{"name":"wp","href":"https:\/\/api.w.org\/{rel}","templated":true}]}}