{"id":759,"date":"2024-06-13T22:28:43","date_gmt":"2024-06-13T20:28:43","guid":{"rendered":"https:\/\/harmonyhotel.cz\/?page_id=759"},"modified":"2024-06-13T23:09:44","modified_gmt":"2024-06-13T21:09:44","slug":"ski-school","status":"publish","type":"page","link":"https:\/\/harmonyhotel.cz\/en\/aktivity\/lyzarska-skola\/","title":{"rendered":"Ski school"},"content":{"rendered":"<div class=\"wp-block-media-text has-media-on-the-right is-stacked-on-mobile is-image-fill\"><div class=\"wp-block-media-text__content\">\n<p>Ski, snowboard and cross-country skiing courses can be organized directly at the hotel. There is a Skolmax ski school. Hotel guests have various advantages when booking private and group lessons.<\/p>\n<\/div><figure class=\"wp-block-media-text__media\" style=\"background-image:url(https:\/\/harmonyhotel.cz\/wp-content\/uploads\/2024\/06\/Harmony-Hotel-Spindleruv-Mlyn-Lyzarska-skola-1-800x533.jpg);background-position:50% 50%\"><a href=\"https:\/\/harmonyhotel.cz\/wp-content\/uploads\/2024\/06\/Harmony-Hotel-Spindleruv-Mlyn-Lyzarska-skola-1.jpg\"><img loading=\"lazy\" decoding=\"async\" width=\"800\" height=\"533\" src=\"https:\/\/harmonyhotel.cz\/wp-content\/uploads\/2024\/06\/Harmony-Hotel-Spindleruv-Mlyn-Lyzarska-skola-1-800x533.jpg\" alt=\"Harmony Hotel \u0160pindler\u016fv Ml\u00fdn - Ski school 2\" class=\"wp-image-808 size-medium\" srcset=\"https:\/\/harmonyhotel.cz\/wp-content\/uploads\/2024\/06\/Harmony-Hotel-Spindleruv-Mlyn-Lyzarska-skola-1-800x533.jpg 800w, https:\/\/harmonyhotel.cz\/wp-content\/uploads\/2024\/06\/Harmony-Hotel-Spindleruv-Mlyn-Lyzarska-skola-1-1600x1067.jpg 1600w, https:\/\/harmonyhotel.cz\/wp-content\/uploads\/2024\/06\/Harmony-Hotel-Spindleruv-Mlyn-Lyzarska-skola-1.jpg 1620w\" sizes=\"auto, (max-width: 800px) 100vw, 800px\" \/><\/a><\/figure><\/div>\n\n\n\n<div class=\"wp-block-media-text is-stacked-on-mobile is-image-fill\"><figure class=\"wp-block-media-text__media\" style=\"background-image:url(https:\/\/harmonyhotel.cz\/wp-content\/uploads\/2024\/06\/Harmony-Hotel-Spindleruv-Mlyn-Lyzarska-skola-2-800x533.jpg);background-position:50% 50%\"><a href=\"https:\/\/harmonyhotel.cz\/wp-content\/uploads\/2024\/06\/Harmony-Hotel-Spindleruv-Mlyn-Lyzarska-skola-2.jpg\"><img loading=\"lazy\" decoding=\"async\" width=\"800\" height=\"533\" src=\"https:\/\/harmonyhotel.cz\/wp-content\/uploads\/2024\/06\/Harmony-Hotel-Spindleruv-Mlyn-Lyzarska-skola-2-800x533.jpg\" alt=\"Harmony Hotel \u0160pindler\u016fv Ml\u00fdn - Ski school 2\" class=\"wp-image-807 size-medium\" srcset=\"https:\/\/harmonyhotel.cz\/wp-content\/uploads\/2024\/06\/Harmony-Hotel-Spindleruv-Mlyn-Lyzarska-skola-2-800x533.jpg 800w, https:\/\/harmonyhotel.cz\/wp-content\/uploads\/2024\/06\/Harmony-Hotel-Spindleruv-Mlyn-Lyzarska-skola-2-1600x1067.jpg 1600w, https:\/\/harmonyhotel.cz\/wp-content\/uploads\/2024\/06\/Harmony-Hotel-Spindleruv-Mlyn-Lyzarska-skola-2.jpg 1620w\" sizes=\"auto, (max-width: 800px) 100vw, 800px\" \/><\/a><\/figure><div class=\"wp-block-media-text__content\">\n<p>The Skolmax ski school is located directly in the hotel and offers group and private lessons for all ages.<\/p>\n\n\n\n<h3 class=\"wp-block-heading\">Discount for our guests<\/h3>\n\n\n\n<p>Guests of the Harmony Hotel are entitled to a 10% discount on site upon confirmation on their Gopass<\/p>\n\n\n\n<div class=\"wp-block-buttons is-layout-flex wp-block-buttons-is-layout-flex\">\n<div class=\"wp-block-button\"><a class=\"wp-block-button__link wp-element-button\" href=\"https:\/\/www.skiareal.cz\/lyzarska-skola\" target=\"_blank\" rel=\"noreferrer noopener\">SKOLMAX.CZ<\/a><\/div>\n<\/div>\n<\/div><\/div>\n\n\n\n<div class=\"wp-block-media-text has-media-on-the-right is-stacked-on-mobile is-image-fill\"><div class=\"wp-block-media-text__content\">\n<p>Book your lessons by email:\u00a0<a href=\"mailto:rezervace@skiareal.cz\">rezervace@skiareal.cz<\/a>\u00a0or by phone: <a href=\"tel:+420\u00a0734\u00a0130\u00a0624\">+420\u00a0734\u00a0130\u00a0624<\/a>, further information on the <a href=\"https:\/\/www.skiareal.cz\/lyzarska-skola\/info\/cenik\/\" data-type=\"link\" data-id=\"https:\/\/www.skiareal.cz\/lyzarska-skola\/info\/cenik\/\" target=\"_blank\" rel=\"noreferrer noopener\">Website skiareal.cz.<\/a><a href=\"https:\/\/www.skiareal.cz\/lyzarska-skola\/info\/cenik\" target=\"_blank\" rel=\"noreferrer noopener\">.<\/a><\/p>\n\n\n\n<p>Otherwise, lessons take place on site - directly at the Harmony lift area.<\/p>\n<\/div><figure class=\"wp-block-media-text__media\" style=\"background-image:url(https:\/\/harmonyhotel.cz\/wp-content\/uploads\/2024\/06\/Harmony-Hotel-Spindleruv-Mlyn-Lyzarska-skola-3-800x533.jpg);background-position:50% 50%\"><a href=\"https:\/\/harmonyhotel.cz\/wp-content\/uploads\/2024\/06\/Harmony-Hotel-Spindleruv-Mlyn-Lyzarska-skola-3.jpg\"><img loading=\"lazy\" decoding=\"async\" width=\"800\" height=\"533\" src=\"https:\/\/harmonyhotel.cz\/wp-content\/uploads\/2024\/06\/Harmony-Hotel-Spindleruv-Mlyn-Lyzarska-skola-3-800x533.jpg\" alt=\"Ski school - Harmony Hotel \u0160pindler\u016fv Ml\u00fdn 3\" class=\"wp-image-806 size-medium\" srcset=\"https:\/\/harmonyhotel.cz\/wp-content\/uploads\/2024\/06\/Harmony-Hotel-Spindleruv-Mlyn-Lyzarska-skola-3-800x533.jpg 800w, https:\/\/harmonyhotel.cz\/wp-content\/uploads\/2024\/06\/Harmony-Hotel-Spindleruv-Mlyn-Lyzarska-skola-3-1600x1067.jpg 1600w, https:\/\/harmonyhotel.cz\/wp-content\/uploads\/2024\/06\/Harmony-Hotel-Spindleruv-Mlyn-Lyzarska-skola-3.jpg 1620w\" sizes=\"auto, (max-width: 800px) 100vw, 800px\" \/><\/a><\/figure><\/div>","protected":false},"excerpt":{"rendered":"<p>P\u0159\u00edmo u hotelu si dohodnete v\u00fduku na ly\u017e\u00edch, snowboardu, b\u011b\u017ek\u00e1ch. Funguje zde ly\u017ea\u0159sk\u00e1 \u0161kola Skolmax. Hotelov\u00ed host\u00e9 maj\u00ed p\u0159i rezervaci priv\u00e1tn\u00ed i skupinov\u00e9 v\u00fduky r\u016fzn\u00e1 zv\u00fdhodn\u011bn\u00ed. Rezervujte si v\u00fduku na e-mailu:\u00a0rezervace@skiareal.cz\u00a0nebo na tel.: +420\u00a0734\u00a0130\u00a0624, vice info na webu skiareal.cz. V\u00fduka se domlouv\u00e1 jinak na m\u00edst\u011b \u2013 p\u0159\u00edmo v m\u00edst\u011b vleku Harmony.<\/p>","protected":false},"author":1,"featured_media":732,"parent":19,"menu_order":0,"comment_status":"closed","ping_status":"closed","template":"","meta":{"footnotes":""},"class_list":["post-759","page","type-page","status-publish","has-post-thumbnail","hentry"],"_links":{"self":[{"href":"https:\/\/harmonyhotel.cz\/en\/wp-json\/wp\/v2\/pages\/759","targetHints":{"allow":["GET"]}}],"collection":[{"href":"https:\/\/harmonyhotel.cz\/en\/wp-json\/wp\/v2\/pages"}],"about":[{"href":"https:\/\/harmonyhotel.cz\/en\/wp-json\/wp\/v2\/types\/page"}],"author":[{"embeddable":true,"href":"https:\/\/harmonyhotel.cz\/en\/wp-json\/wp\/v2\/users\/1"}],"replies":[{"embeddable":true,"href":"https:\/\/harmonyhotel.cz\/en\/wp-json\/wp\/v2\/comments?post=759"}],"version-history":[{"count":0,"href":"https:\/\/harmonyhotel.cz\/en\/wp-json\/wp\/v2\/pages\/759\/revisions"}],"up":[{"embeddable":true,"href":"https:\/\/harmonyhotel.cz\/en\/wp-json\/wp\/v2\/pages\/19"}],"wp:featuredmedia":[{"embeddable":true,"href":"https:\/\/harmonyhotel.cz\/en\/wp-json\/wp\/v2\/media\/732"}],"wp:attachment":[{"href":"https:\/\/harmonyhotel.cz\/en\/wp-json\/wp\/v2\/media?parent=759"}],"curies":[{"name":"wp","href":"https:\/\/api.w.org\/{rel}","templated":true}]}}