{"id":755,"date":"2024-06-13T22:27:32","date_gmt":"2024-06-13T20:27:32","guid":{"rendered":"https:\/\/harmonyhotel.cz\/?page_id=755"},"modified":"2025-01-03T09:58:21","modified_gmt":"2025-01-03T08:58:21","slug":"childrens-lift-magic-carpet","status":"publish","type":"page","link":"https:\/\/harmonyhotel.cz\/en\/aktivity\/detsky-vlek-magic-carpet\/","title":{"rendered":"Children's lift &amp; Magic carpet"},"content":{"rendered":"<div class=\"wp-block-media-text has-media-on-the-right is-stacked-on-mobile is-image-fill-element\"><div class=\"wp-block-media-text__content\">\n<p>Directly behind the hotel is the best practice slope in Spindlerm\u00fchle for your children's first skiing steps and their first carving turns.<\/p>\n\n\n\n<p>Elevator operating hours:<br><strong>8.15 \u2013 16.00<\/strong><\/p>\n<\/div><figure class=\"wp-block-media-text__media\"><a href=\"https:\/\/harmonyhotel.cz\/wp-content\/uploads\/2024\/06\/Harmony-Hotel-Spindleruv-Mlyn-Detsky-vlek-Magic-carpet-1.jpg\"><img loading=\"lazy\" decoding=\"async\" width=\"800\" height=\"600\" src=\"https:\/\/harmonyhotel.cz\/wp-content\/uploads\/2024\/06\/Harmony-Hotel-Spindleruv-Mlyn-Detsky-vlek-Magic-carpet-1-800x600.jpg\" alt=\"Harmony Hotel \u0160pindler\u016fv Ml\u00fdn - Children&#039;s lift &amp; Magic carpet 1\" class=\"wp-image-796 size-medium\" style=\"object-position:50% 50%\" srcset=\"https:\/\/harmonyhotel.cz\/wp-content\/uploads\/2024\/06\/Harmony-Hotel-Spindleruv-Mlyn-Detsky-vlek-Magic-carpet-1-800x600.jpg 800w, https:\/\/harmonyhotel.cz\/wp-content\/uploads\/2024\/06\/Harmony-Hotel-Spindleruv-Mlyn-Detsky-vlek-Magic-carpet-1.jpg 1440w\" sizes=\"auto, (max-width: 800px) 100vw, 800px\" \/><\/a><\/figure><\/div>\n\n\n\n<div class=\"wp-block-media-text is-stacked-on-mobile is-image-fill-element\"><figure class=\"wp-block-media-text__media\"><a href=\"https:\/\/harmonyhotel.cz\/wp-content\/uploads\/2024\/06\/Harmony-Hotel-Spindleruv-Mlyn-Detsky-vlek-Magic-carpet-2.jpg\"><img loading=\"lazy\" decoding=\"async\" width=\"800\" height=\"600\" src=\"https:\/\/harmonyhotel.cz\/wp-content\/uploads\/2024\/06\/Harmony-Hotel-Spindleruv-Mlyn-Detsky-vlek-Magic-carpet-2-800x600.jpg\" alt=\"Harmony Hotel \u0160pindler\u016fv Ml\u00fdn - Children&#039;s lift &amp; Magic carpet 2\" class=\"wp-image-795 size-medium\" style=\"object-position:50% 50%\" srcset=\"https:\/\/harmonyhotel.cz\/wp-content\/uploads\/2024\/06\/Harmony-Hotel-Spindleruv-Mlyn-Detsky-vlek-Magic-carpet-2-800x600.jpg 800w, https:\/\/harmonyhotel.cz\/wp-content\/uploads\/2024\/06\/Harmony-Hotel-Spindleruv-Mlyn-Detsky-vlek-Magic-carpet-2.jpg 1440w\" sizes=\"auto, (max-width: 800px) 100vw, 800px\" \/><\/a><\/figure><div class=\"wp-block-media-text__content\">\n<p>The lift at the hotel (poma) is part of the system of lifts and cable cars in the \u0160pindler\u016fv Ml\u00fdn ski resort. Children up to the age of 5.9 can use this lift for free. This lift is valid for a ski pass\/gopass that is valid for the entire ski resort. If you only want to use this lift, you can buy a regional ticket for this lift only (pomu).<\/p>\n<\/div><\/div>\n\n\n\n<div class=\"wp-block-media-text has-media-on-the-right is-stacked-on-mobile is-image-fill-element\"><div class=\"wp-block-media-text__content\">\n<p>There is also a magic carpet on the ski slope, which is specially designed for the little ones and for ski school and lessons.<\/p>\n\n\n\n<p>Please ask at the hotel reception about the possibilities and times for using this carpet if you are not using the ski school.<\/p>\n<\/div><figure class=\"wp-block-media-text__media\"><a href=\"https:\/\/harmonyhotel.cz\/wp-content\/uploads\/2024\/06\/Harmony-Hotel-Spindleruv-Mlyn-Detsky-vlek-Magic-carpet-3.jpg\"><img loading=\"lazy\" decoding=\"async\" width=\"800\" height=\"800\" src=\"https:\/\/harmonyhotel.cz\/wp-content\/uploads\/2024\/06\/Harmony-Hotel-Spindleruv-Mlyn-Detsky-vlek-Magic-carpet-3-800x800.jpg\" alt=\"Harmony Hotel \u0160pindler\u016fv Ml\u00fdn - Children&#039;s lift &amp; Magic carpet 3\" class=\"wp-image-794 size-medium\" style=\"object-position:50% 50%\" srcset=\"https:\/\/harmonyhotel.cz\/wp-content\/uploads\/2024\/06\/Harmony-Hotel-Spindleruv-Mlyn-Detsky-vlek-Magic-carpet-3-800x800.jpg 800w, https:\/\/harmonyhotel.cz\/wp-content\/uploads\/2024\/06\/Harmony-Hotel-Spindleruv-Mlyn-Detsky-vlek-Magic-carpet-3-200x200.jpg 200w, https:\/\/harmonyhotel.cz\/wp-content\/uploads\/2024\/06\/Harmony-Hotel-Spindleruv-Mlyn-Detsky-vlek-Magic-carpet-3.jpg 1080w\" sizes=\"auto, (max-width: 800px) 100vw, 800px\" \/><\/a><\/figure><\/div>","protected":false},"excerpt":{"rendered":"<p>P\u0159\u00edmo za hotelem je ta nejlep\u0161\u00ed cvi\u010dn\u00e1 louka ve \u0160pindlerov\u011b Ml\u00fdn\u011b pro prvn\u00ed ly\u017ea\u0159sk\u00e9 kroky Va\u0161ich d\u00edtek a pro prvn\u00ed carvingov\u00e9 oblou\u010dky. Provozn\u00ed doba vleku:8.15 \u2013 16.00 Vlek u hotelu (poma) je sou\u010d\u00e1st\u00ed syst\u00e9mu vlek\u016f a lanov\u00fdch drah Skiare\u00e1lu \u0160pindler\u016fv Ml\u00fdn. Na tomto vleku ly\u017euj\u00ed d\u011bti do v\u011bku 5,9 let gratis. Je na n\u011bj platn\u00fd [&hellip;]<\/p>\n","protected":false},"author":1,"featured_media":734,"parent":19,"menu_order":0,"comment_status":"closed","ping_status":"closed","template":"","meta":{"footnotes":""},"class_list":["post-755","page","type-page","status-publish","has-post-thumbnail","hentry"],"_links":{"self":[{"href":"https:\/\/harmonyhotel.cz\/en\/wp-json\/wp\/v2\/pages\/755","targetHints":{"allow":["GET"]}}],"collection":[{"href":"https:\/\/harmonyhotel.cz\/en\/wp-json\/wp\/v2\/pages"}],"about":[{"href":"https:\/\/harmonyhotel.cz\/en\/wp-json\/wp\/v2\/types\/page"}],"author":[{"embeddable":true,"href":"https:\/\/harmonyhotel.cz\/en\/wp-json\/wp\/v2\/users\/1"}],"replies":[{"embeddable":true,"href":"https:\/\/harmonyhotel.cz\/en\/wp-json\/wp\/v2\/comments?post=755"}],"version-history":[{"count":1,"href":"https:\/\/harmonyhotel.cz\/en\/wp-json\/wp\/v2\/pages\/755\/revisions"}],"predecessor-version":[{"id":1404,"href":"https:\/\/harmonyhotel.cz\/en\/wp-json\/wp\/v2\/pages\/755\/revisions\/1404"}],"up":[{"embeddable":true,"href":"https:\/\/harmonyhotel.cz\/en\/wp-json\/wp\/v2\/pages\/19"}],"wp:featuredmedia":[{"embeddable":true,"href":"https:\/\/harmonyhotel.cz\/en\/wp-json\/wp\/v2\/media\/734"}],"wp:attachment":[{"href":"https:\/\/harmonyhotel.cz\/en\/wp-json\/wp\/v2\/media?parent=755"}],"curies":[{"name":"wp","href":"https:\/\/api.w.org\/{rel}","templated":true}]}}