{"id":362,"date":"2024-06-08T21:33:53","date_gmt":"2024-06-08T19:33:53","guid":{"rendered":"https:\/\/harmonyhotel.cz\/?page_id=362"},"modified":"2025-07-31T13:37:11","modified_gmt":"2025-07-31T11:37:11","slug":"deluxe-family-studio","status":"publish","type":"page","link":"https:\/\/harmonyhotel.cz\/en\/pokoje\/rodinne-studio-typu-deluxe\/","title":{"rendered":"Deluxe Family Studio"},"content":{"rendered":"<p>Suitable for up to 4 adult guests, the Deluxe Family Studio is equipped with two double beds. The sleeping area is separated from the living area by curtains and the two beds are also separated by curtains for privacy.<\/p>\n\n\n\n<p>&nbsp;In the living area there is a comfortable sofa (not suitable as a bed), a dining table with chairs and a TV\/SAT. There is a radio, telephone and safe in the room. All rooms are equipped with a minibar. There is a dressing room in the spacious corridor. The bathroom is equipped with a shower and a toilet. The studio has an additional separate toilet. Internet access is available from each room.<\/p>\n\n\n\n<ul class=\"wp-block-list vybaveni\">\n<li>68 m2<\/li>\n\n\n\n<li>2 x double bed<\/li>\n\n\n\n<li>Minibar<\/li>\n\n\n\n<li>Safe<\/li>\n\n\n\n<li>TV SAT<\/li>\n\n\n\n<li>Telephone<\/li>\n\n\n\n<li>Balcony window<\/li>\n\n\n\n<li>View of the ski slope<\/li>\n\n\n\n<li>Wifi<\/li>\n\n\n\n<li>Breakfast<\/li>\n<\/ul>\n\n\n\n<div class=\"wp-block-buttons is-layout-flex wp-block-buttons-is-layout-flex\">\n<div class=\"wp-block-button btnalt rezervovat\"><a class=\"wp-block-button__link wp-element-button\" href=\"https:\/\/hotelharmony.book-onlinenow.net\/index.aspx?lan_id=en-US&amp;cur=EUR\" target=\"_blank\" rel=\"noreferrer noopener\">Book now<\/a><\/div>\n<\/div>\n\n\n\n<div style=\"height:50px\" aria-hidden=\"true\" class=\"wp-block-spacer\"><\/div>\n\n\n\n<figure class=\"wp-block-gallery has-nested-images columns-4 is-cropped wp-block-gallery-1 is-layout-flex wp-block-gallery-is-layout-flex\">\n<figure class=\"wp-block-image size-medium\"><a href=\"https:\/\/harmonyhotel.cz\/wp-content\/uploads\/2024\/06\/Harmony-Hotel-Spindleruv-Mlyn-Rodinne-studio-typu-Deluxe-01-scaled.jpg\"><img loading=\"lazy\" decoding=\"async\" width=\"800\" height=\"533\" data-id=\"366\" src=\"https:\/\/harmonyhotel.cz\/wp-content\/uploads\/2024\/06\/Harmony-Hotel-Spindleruv-Mlyn-Rodinne-studio-typu-Deluxe-01-800x533.jpg\" alt=\"Harmony Hotel \u0160pindler\u016fv Ml\u00fdn - Deluxe Family Studio\" class=\"wp-image-366\" srcset=\"https:\/\/harmonyhotel.cz\/wp-content\/uploads\/2024\/06\/Harmony-Hotel-Spindleruv-Mlyn-Rodinne-studio-typu-Deluxe-01-800x533.jpg 800w, https:\/\/harmonyhotel.cz\/wp-content\/uploads\/2024\/06\/Harmony-Hotel-Spindleruv-Mlyn-Rodinne-studio-typu-Deluxe-01-1600x1067.jpg 1600w\" sizes=\"auto, (max-width: 800px) 100vw, 800px\" \/><\/a><\/figure>\n\n\n\n<figure class=\"wp-block-image size-medium\"><a href=\"https:\/\/harmonyhotel.cz\/wp-content\/uploads\/2025\/07\/2024_06_24_9221_EOS_R5_LRN_prehozy-1-scaled.jpg\"><img loading=\"lazy\" decoding=\"async\" width=\"800\" height=\"516\" data-id=\"1974\" src=\"https:\/\/harmonyhotel.cz\/wp-content\/uploads\/2025\/07\/2024_06_24_9221_EOS_R5_LRN_prehozy-1-800x516.jpg\" alt=\"\" class=\"wp-image-1974\" srcset=\"https:\/\/harmonyhotel.cz\/wp-content\/uploads\/2025\/07\/2024_06_24_9221_EOS_R5_LRN_prehozy-1-800x516.jpg 800w, https:\/\/harmonyhotel.cz\/wp-content\/uploads\/2025\/07\/2024_06_24_9221_EOS_R5_LRN_prehozy-1-1600x1031.jpg 1600w, https:\/\/harmonyhotel.cz\/wp-content\/uploads\/2025\/07\/2024_06_24_9221_EOS_R5_LRN_prehozy-1-18x12.jpg 18w\" sizes=\"auto, (max-width: 800px) 100vw, 800px\" \/><\/a><\/figure>\n\n\n\n<figure class=\"wp-block-image size-medium\"><a href=\"https:\/\/harmonyhotel.cz\/wp-content\/uploads\/2025\/07\/2024_06_24_9266_EOS_R5_LRN-2-scaled.jpg\"><img loading=\"lazy\" decoding=\"async\" width=\"800\" height=\"534\" data-id=\"1975\" src=\"https:\/\/harmonyhotel.cz\/wp-content\/uploads\/2025\/07\/2024_06_24_9266_EOS_R5_LRN-2-800x534.jpg\" alt=\"\" class=\"wp-image-1975\" srcset=\"https:\/\/harmonyhotel.cz\/wp-content\/uploads\/2025\/07\/2024_06_24_9266_EOS_R5_LRN-2-800x534.jpg 800w, https:\/\/harmonyhotel.cz\/wp-content\/uploads\/2025\/07\/2024_06_24_9266_EOS_R5_LRN-2-1600x1067.jpg 1600w, https:\/\/harmonyhotel.cz\/wp-content\/uploads\/2025\/07\/2024_06_24_9266_EOS_R5_LRN-2-18x12.jpg 18w\" sizes=\"auto, (max-width: 800px) 100vw, 800px\" \/><\/a><\/figure>\n\n\n\n<figure class=\"wp-block-image size-medium\"><a href=\"https:\/\/harmonyhotel.cz\/wp-content\/uploads\/2024\/06\/Harmony-Hotel-Spindleruv-Mlyn-Rodinne-studio-typu-Deluxe-05.jpg\"><img loading=\"lazy\" decoding=\"async\" width=\"800\" height=\"600\" data-id=\"370\" src=\"https:\/\/harmonyhotel.cz\/wp-content\/uploads\/2024\/06\/Harmony-Hotel-Spindleruv-Mlyn-Rodinne-studio-typu-Deluxe-05-800x600.jpg\" alt=\"Harmony Hotel \u0160pindler\u016fv Ml\u00fdn - Deluxe Family Studio\" class=\"wp-image-370\" srcset=\"https:\/\/harmonyhotel.cz\/wp-content\/uploads\/2024\/06\/Harmony-Hotel-Spindleruv-Mlyn-Rodinne-studio-typu-Deluxe-05-800x600.jpg 800w, https:\/\/harmonyhotel.cz\/wp-content\/uploads\/2024\/06\/Harmony-Hotel-Spindleruv-Mlyn-Rodinne-studio-typu-Deluxe-05-1600x1200.jpg 1600w, https:\/\/harmonyhotel.cz\/wp-content\/uploads\/2024\/06\/Harmony-Hotel-Spindleruv-Mlyn-Rodinne-studio-typu-Deluxe-05.jpg 2016w\" sizes=\"auto, (max-width: 800px) 100vw, 800px\" \/><\/a><\/figure>\n\n\n\n<figure class=\"wp-block-image size-medium\"><a href=\"https:\/\/harmonyhotel.cz\/wp-content\/uploads\/2024\/06\/Harmony-Hotel-Spindleruv-Mlyn-Rodinne-studio-typu-Deluxe-06.jpg\"><img loading=\"lazy\" decoding=\"async\" width=\"800\" height=\"600\" data-id=\"371\" src=\"https:\/\/harmonyhotel.cz\/wp-content\/uploads\/2024\/06\/Harmony-Hotel-Spindleruv-Mlyn-Rodinne-studio-typu-Deluxe-06-800x600.jpg\" alt=\"Harmony Hotel \u0160pindler\u016fv Ml\u00fdn - Deluxe Family Studio\" class=\"wp-image-371\" srcset=\"https:\/\/harmonyhotel.cz\/wp-content\/uploads\/2024\/06\/Harmony-Hotel-Spindleruv-Mlyn-Rodinne-studio-typu-Deluxe-06-800x600.jpg 800w, https:\/\/harmonyhotel.cz\/wp-content\/uploads\/2024\/06\/Harmony-Hotel-Spindleruv-Mlyn-Rodinne-studio-typu-Deluxe-06-1600x1200.jpg 1600w, https:\/\/harmonyhotel.cz\/wp-content\/uploads\/2024\/06\/Harmony-Hotel-Spindleruv-Mlyn-Rodinne-studio-typu-Deluxe-06.jpg 2016w\" sizes=\"auto, (max-width: 800px) 100vw, 800px\" \/><\/a><\/figure>\n\n\n\n<figure class=\"wp-block-image size-medium\"><a href=\"https:\/\/harmonyhotel.cz\/wp-content\/uploads\/2024\/06\/Harmony-Hotel-Spindleruv-Mlyn-Rodinne-studio-typu-Deluxe-07.jpg\"><img loading=\"lazy\" decoding=\"async\" width=\"800\" height=\"600\" data-id=\"372\" src=\"https:\/\/harmonyhotel.cz\/wp-content\/uploads\/2024\/06\/Harmony-Hotel-Spindleruv-Mlyn-Rodinne-studio-typu-Deluxe-07-800x600.jpg\" alt=\"Harmony Hotel \u0160pindler\u016fv Ml\u00fdn - Deluxe Family Studio\" class=\"wp-image-372\" srcset=\"https:\/\/harmonyhotel.cz\/wp-content\/uploads\/2024\/06\/Harmony-Hotel-Spindleruv-Mlyn-Rodinne-studio-typu-Deluxe-07-800x600.jpg 800w, https:\/\/harmonyhotel.cz\/wp-content\/uploads\/2024\/06\/Harmony-Hotel-Spindleruv-Mlyn-Rodinne-studio-typu-Deluxe-07-1600x1200.jpg 1600w, https:\/\/harmonyhotel.cz\/wp-content\/uploads\/2024\/06\/Harmony-Hotel-Spindleruv-Mlyn-Rodinne-studio-typu-Deluxe-07.jpg 2016w\" sizes=\"auto, (max-width: 800px) 100vw, 800px\" \/><\/a><\/figure>\n\n\n\n<figure class=\"wp-block-image size-medium\"><a href=\"https:\/\/harmonyhotel.cz\/wp-content\/uploads\/2025\/07\/2024_06_24_9280_EOS_R5_LRN-scaled.jpg\"><img loading=\"lazy\" decoding=\"async\" width=\"800\" height=\"533\" data-id=\"1977\" src=\"https:\/\/harmonyhotel.cz\/wp-content\/uploads\/2025\/07\/2024_06_24_9280_EOS_R5_LRN-800x533.jpg\" alt=\"\" class=\"wp-image-1977\" srcset=\"https:\/\/harmonyhotel.cz\/wp-content\/uploads\/2025\/07\/2024_06_24_9280_EOS_R5_LRN-800x533.jpg 800w, https:\/\/harmonyhotel.cz\/wp-content\/uploads\/2025\/07\/2024_06_24_9280_EOS_R5_LRN-1600x1065.jpg 1600w, https:\/\/harmonyhotel.cz\/wp-content\/uploads\/2025\/07\/2024_06_24_9280_EOS_R5_LRN-18x12.jpg 18w\" sizes=\"auto, (max-width: 800px) 100vw, 800px\" \/><\/a><\/figure>\n\n\n\n<figure class=\"wp-block-image size-medium\"><a href=\"https:\/\/harmonyhotel.cz\/wp-content\/uploads\/2024\/06\/Harmony-Hotel-Spindleruv-Mlyn-Rodinne-studio-typu-Deluxe-04.jpg\"><img loading=\"lazy\" decoding=\"async\" width=\"800\" height=\"600\" data-id=\"369\" src=\"https:\/\/harmonyhotel.cz\/wp-content\/uploads\/2024\/06\/Harmony-Hotel-Spindleruv-Mlyn-Rodinne-studio-typu-Deluxe-04-800x600.jpg\" alt=\"Harmony Hotel \u0160pindler\u016fv Ml\u00fdn - Deluxe Family Studio\" class=\"wp-image-369\" srcset=\"https:\/\/harmonyhotel.cz\/wp-content\/uploads\/2024\/06\/Harmony-Hotel-Spindleruv-Mlyn-Rodinne-studio-typu-Deluxe-04-800x600.jpg 800w, https:\/\/harmonyhotel.cz\/wp-content\/uploads\/2024\/06\/Harmony-Hotel-Spindleruv-Mlyn-Rodinne-studio-typu-Deluxe-04-1600x1200.jpg 1600w, https:\/\/harmonyhotel.cz\/wp-content\/uploads\/2024\/06\/Harmony-Hotel-Spindleruv-Mlyn-Rodinne-studio-typu-Deluxe-04.jpg 2016w\" sizes=\"auto, (max-width: 800px) 100vw, 800px\" \/><\/a><\/figure>\n\n\n\n<figure class=\"wp-block-image size-medium\"><a href=\"https:\/\/harmonyhotel.cz\/wp-content\/uploads\/2024\/06\/Harmony-Hotel-Spindleruv-Mlyn-Rodinne-studio-typu-Deluxe-10-scaled.jpg\"><img loading=\"lazy\" decoding=\"async\" width=\"800\" height=\"533\" data-id=\"375\" src=\"https:\/\/harmonyhotel.cz\/wp-content\/uploads\/2024\/06\/Harmony-Hotel-Spindleruv-Mlyn-Rodinne-studio-typu-Deluxe-10-800x533.jpg\" alt=\"Harmony Hotel \u0160pindler\u016fv Ml\u00fdn - Deluxe Family Studio\" class=\"wp-image-375\" srcset=\"https:\/\/harmonyhotel.cz\/wp-content\/uploads\/2024\/06\/Harmony-Hotel-Spindleruv-Mlyn-Rodinne-studio-typu-Deluxe-10-800x533.jpg 800w, https:\/\/harmonyhotel.cz\/wp-content\/uploads\/2024\/06\/Harmony-Hotel-Spindleruv-Mlyn-Rodinne-studio-typu-Deluxe-10-1600x1067.jpg 1600w\" sizes=\"auto, (max-width: 800px) 100vw, 800px\" \/><\/a><\/figure>\n\n\n\n<figure class=\"wp-block-image size-medium\"><a href=\"https:\/\/harmonyhotel.cz\/wp-content\/uploads\/2024\/06\/Harmony-Hotel-Spindleruv-Mlyn-Rodinne-studio-typu-Deluxe-11-scaled.jpg\"><img loading=\"lazy\" decoding=\"async\" width=\"800\" height=\"533\" data-id=\"376\" src=\"https:\/\/harmonyhotel.cz\/wp-content\/uploads\/2024\/06\/Harmony-Hotel-Spindleruv-Mlyn-Rodinne-studio-typu-Deluxe-11-800x533.jpg\" alt=\"Harmony Hotel \u0160pindler\u016fv Ml\u00fdn - Deluxe Family Studio\" class=\"wp-image-376\" srcset=\"https:\/\/harmonyhotel.cz\/wp-content\/uploads\/2024\/06\/Harmony-Hotel-Spindleruv-Mlyn-Rodinne-studio-typu-Deluxe-11-800x533.jpg 800w, https:\/\/harmonyhotel.cz\/wp-content\/uploads\/2024\/06\/Harmony-Hotel-Spindleruv-Mlyn-Rodinne-studio-typu-Deluxe-11-1600x1067.jpg 1600w\" sizes=\"auto, (max-width: 800px) 100vw, 800px\" \/><\/a><\/figure>\n<\/figure>\n\n\n\n<p><\/p>","protected":false},"excerpt":{"rendered":"<p>Rodinn\u00e9 studio typu Deluxe vhodn\u00e9 a\u017e pro 4 dosp\u011bl\u00e9 hosty je vybaveno dv\u011bma man\u017eelsk\u00fdmi postelemi. L\u016f\u017ekov\u00e1 \u010d\u00e1st je odd\u011blena od ob\u00fdvac\u00ed \u010d\u00e1sti z\u00e1v\u011bsy a ob\u011b postele jsou pro v\u011bt\u0161\u00ed soukrom\u00ed odd\u011blen\u00e9 tak\u00e9 z\u00e1v\u011bsy. &nbsp;V ob\u00fdvac\u00ed \u010d\u00e1sti je um\u00edst\u011bna pohodln\u00e1 pohovka (nevhodn\u00e1 jako postel), j\u00eddeln\u00ed st\u016fl se \u017eidlemi a TV\/SAT. Na pokoji je r\u00e1dio, telefon a [&hellip;]<\/p>\n","protected":false},"author":1,"featured_media":367,"parent":9,"menu_order":30,"comment_status":"closed","ping_status":"closed","template":"","meta":{"footnotes":""},"class_list":["post-362","page","type-page","status-publish","has-post-thumbnail","hentry"],"_links":{"self":[{"href":"https:\/\/harmonyhotel.cz\/en\/wp-json\/wp\/v2\/pages\/362","targetHints":{"allow":["GET"]}}],"collection":[{"href":"https:\/\/harmonyhotel.cz\/en\/wp-json\/wp\/v2\/pages"}],"about":[{"href":"https:\/\/harmonyhotel.cz\/en\/wp-json\/wp\/v2\/types\/page"}],"author":[{"embeddable":true,"href":"https:\/\/harmonyhotel.cz\/en\/wp-json\/wp\/v2\/users\/1"}],"replies":[{"embeddable":true,"href":"https:\/\/harmonyhotel.cz\/en\/wp-json\/wp\/v2\/comments?post=362"}],"version-history":[{"count":8,"href":"https:\/\/harmonyhotel.cz\/en\/wp-json\/wp\/v2\/pages\/362\/revisions"}],"predecessor-version":[{"id":1978,"href":"https:\/\/harmonyhotel.cz\/en\/wp-json\/wp\/v2\/pages\/362\/revisions\/1978"}],"up":[{"embeddable":true,"href":"https:\/\/harmonyhotel.cz\/en\/wp-json\/wp\/v2\/pages\/9"}],"wp:featuredmedia":[{"embeddable":true,"href":"https:\/\/harmonyhotel.cz\/en\/wp-json\/wp\/v2\/media\/367"}],"wp:attachment":[{"href":"https:\/\/harmonyhotel.cz\/en\/wp-json\/wp\/v2\/media?parent=362"}],"curies":[{"name":"wp","href":"https:\/\/api.w.org\/{rel}","templated":true}]}}