{"id":25,"date":"2024-05-29T00:54:25","date_gmt":"2024-05-28T22:54:25","guid":{"rendered":"https:\/\/harmonyhotel.cz\/?page_id=25"},"modified":"2025-07-31T14:10:58","modified_gmt":"2025-07-31T12:10:58","slug":"contacts","status":"publish","type":"page","link":"https:\/\/harmonyhotel.cz\/en\/kontakty\/","title":{"rendered":"Contacts"},"content":{"rendered":"<div class=\"wp-block-columns is-layout-flex wp-container-core-columns-is-layout-9d6595d7 wp-block-columns-is-layout-flex\">\n<div class=\"wp-block-column is-layout-flow wp-block-column-is-layout-flow\">\n<h2 class=\"wp-block-heading\">Harmony Hotel<\/h2>\n\n\n\n<p>Bed\u0159ichov 106<br>\u0160pindler\u016fv Ml\u00fdn 543 51<br>Czech republic<\/p>\n<\/div>\n\n\n\n<div class=\"wp-block-column is-layout-flow wp-block-column-is-layout-flow\">\n<h2 class=\"wp-block-heading\">Reception<\/h2>\n\n\n\n<p>Tel: <a href=\"https:\/\/harmonyhotel.cz\/en\/?page_id=437\" data-type=\"page\" data-id=\"437\">+420 499 469 111<\/a><\/p>\n\n\n\n<p>Email:&nbsp;<a href=\"mailto:hotel@harmonyhotel.cz\">hotel@harmonyhotel.cz<\/a><\/p>\n<\/div>\n\n\n\n<div class=\"wp-block-column is-layout-flow wp-block-column-is-layout-flow\">\n<h2 class=\"wp-block-heading\">Sales department<\/h2>\n\n\n\n<p>Tel: <a href=\"https:\/\/harmonyhotel.cz\/en\/?page_id=439\" data-type=\"page\" data-id=\"439\">+420 499 469 553<\/a><\/p>\n\n\n\n<p>Email:&nbsp;<a href=\"mailto:sales@harmonyhotel.cz\">sales@harmonyhotel.cz<\/a><\/p>\n<\/div>\n<\/div>\n\n\n\n<div style=\"height:50px\" aria-hidden=\"true\" class=\"wp-block-spacer\"><\/div>\n\n\n\n<iframe src=\"https:\/\/www.google.com\/maps\/embed?pb=!1m14!1m8!1m3!1d2525.436205152776!2d15.602185!3d50.730398!3m2!1i1024!2i768!4f13.1!3m3!1m2!1s0x470ec2304f1ce789%3A0x83f77b9696fcd171!2sHarmony%20Club%20Hotel%20%C5%A0pindler%C5%AFv%20Ml%C3%BDn!5e0!3m2!1scs!2scz!4v1717884695616!5m2!1scs!2scz\" width=\"100%\" height=\"800\" style=\"border:0;\" allowfullscreen=\"\" loading=\"lazy\" referrerpolicy=\"no-referrer-when-downgrade\"><\/iframe>","protected":false},"excerpt":{"rendered":"<p>Harmony Hotel Bed\u0159ichov 106\u0160pindler\u016fv Ml\u00fdn 543 51\u010cesk\u00e1 republika Recepce Tel: +420 499 469 111 E-mail:&nbsp;hotel@harmonyhotel.cz Obchodn\u00ed odd\u011blen\u00ed Tel: +420 499 469 553 E-mail:&nbsp;sales@harmonyhotel.cz<\/p>","protected":false},"author":1,"featured_media":1856,"parent":0,"menu_order":11,"comment_status":"closed","ping_status":"closed","template":"","meta":{"footnotes":""},"class_list":["post-25","page","type-page","status-publish","has-post-thumbnail","hentry"],"_links":{"self":[{"href":"https:\/\/harmonyhotel.cz\/en\/wp-json\/wp\/v2\/pages\/25","targetHints":{"allow":["GET"]}}],"collection":[{"href":"https:\/\/harmonyhotel.cz\/en\/wp-json\/wp\/v2\/pages"}],"about":[{"href":"https:\/\/harmonyhotel.cz\/en\/wp-json\/wp\/v2\/types\/page"}],"author":[{"embeddable":true,"href":"https:\/\/harmonyhotel.cz\/en\/wp-json\/wp\/v2\/users\/1"}],"replies":[{"embeddable":true,"href":"https:\/\/harmonyhotel.cz\/en\/wp-json\/wp\/v2\/comments?post=25"}],"version-history":[{"count":2,"href":"https:\/\/harmonyhotel.cz\/en\/wp-json\/wp\/v2\/pages\/25\/revisions"}],"predecessor-version":[{"id":2089,"href":"https:\/\/harmonyhotel.cz\/en\/wp-json\/wp\/v2\/pages\/25\/revisions\/2089"}],"wp:featuredmedia":[{"embeddable":true,"href":"https:\/\/harmonyhotel.cz\/en\/wp-json\/wp\/v2\/media\/1856"}],"wp:attachment":[{"href":"https:\/\/harmonyhotel.cz\/en\/wp-json\/wp\/v2\/media?parent=25"}],"curies":[{"name":"wp","href":"https:\/\/api.w.org\/{rel}","templated":true}]}}