{"id":2378,"date":"2026-03-18T23:55:55","date_gmt":"2026-03-18T22:55:55","guid":{"rendered":"https:\/\/harmonyhotel.cz\/?page_id=2378"},"modified":"2026-03-19T13:30:16","modified_gmt":"2026-03-19T12:30:16","slug":"kulecnik-stolni-tenis","status":"publish","type":"page","link":"https:\/\/harmonyhotel.cz\/en\/aktivity\/kulecnik-stolni-tenis\/","title":{"rendered":"Billiards \/ Table tennis"},"content":{"rendered":"<div class=\"wp-block-media-text has-media-on-the-right is-stacked-on-mobile is-image-fill-element\"><div class=\"wp-block-media-text__content\">\n<p><\/p>\n\n\n\n<h3 class=\"wp-block-heading\">Billiards<\/h3>\n\n\n\n<p class=\"translation-block\">Billiards at the Harmony Hotel \u0160pindler\u016fv Ml\u00fdn offers a stylish and more relaxed leisure activity during your stay. On the 2nd floor of the hotel, you will find a pleasant environment for both friendly and competitive games that will test your accuracy and strategy. This popular hotel activity is ideal for families, couples, and groups of friends, and perfectly complements your active stay in \u0160pindler\u016fv Ml\u00fdn.<\/p>\n<\/div><figure class=\"wp-block-media-text__media\"><a href=\"https:\/\/harmonyhotel.cz\/wp-content\/uploads\/2026\/03\/kulecnik.png\"><img loading=\"lazy\" decoding=\"async\" width=\"1600\" height=\"900\" src=\"https:\/\/harmonyhotel.cz\/wp-content\/uploads\/2026\/03\/kulecnik-1600x900.png\" alt=\"Billiards\" class=\"wp-image-2346 size-medium\" style=\"object-position:50% 50%\" srcset=\"https:\/\/harmonyhotel.cz\/wp-content\/uploads\/2026\/03\/kulecnik-1600x900.png 1600w, https:\/\/harmonyhotel.cz\/wp-content\/uploads\/2026\/03\/kulecnik-800x450.png 800w, https:\/\/harmonyhotel.cz\/wp-content\/uploads\/2026\/03\/kulecnik-18x10.png 18w, https:\/\/harmonyhotel.cz\/wp-content\/uploads\/2026\/03\/kulecnik.png 1920w\" sizes=\"auto, (max-width: 1600px) 100vw, 1600px\" \/><\/a><\/figure><\/div>\n\n\n\n<div class=\"wp-block-media-text is-stacked-on-mobile is-image-fill-element\"><figure class=\"wp-block-media-text__media\"><a href=\"https:\/\/harmonyhotel.cz\/wp-content\/uploads\/2026\/03\/pingpong.png\"><img loading=\"lazy\" decoding=\"async\" width=\"1600\" height=\"900\" src=\"https:\/\/harmonyhotel.cz\/wp-content\/uploads\/2026\/03\/pingpong-1600x900.png\" alt=\"\" class=\"wp-image-2345 size-medium\" style=\"object-position:50% 50%\" srcset=\"https:\/\/harmonyhotel.cz\/wp-content\/uploads\/2026\/03\/pingpong-1600x900.png 1600w, https:\/\/harmonyhotel.cz\/wp-content\/uploads\/2026\/03\/pingpong-800x450.png 800w, https:\/\/harmonyhotel.cz\/wp-content\/uploads\/2026\/03\/pingpong-18x10.png 18w, https:\/\/harmonyhotel.cz\/wp-content\/uploads\/2026\/03\/pingpong.png 1920w\" sizes=\"auto, (max-width: 1600px) 100vw, 1600px\" \/><\/a><\/figure><div class=\"wp-block-media-text__content\">\n<h3 class=\"wp-block-heading\">Table tennis<\/h3>\n\n\n\n<p class=\"translation-block\">Table tennis at the Harmony Hotel \u0160pindler\u016fv Ml\u00fdn is a popular sports activity for guests of all ages. You can play in the unique setting of an underground bunker opposite the bouldering wall, which gives the game a special atmosphere. Whether you want to compete with friends during your stay in the Krkono\u0161e Mountains, enjoy family fun, or add some active movement to your day, table tennis is the perfect choice. Paddles and balls are available for loan.<\/p>\n\n\n\n<hr class=\"wp-block-separator has-alpha-channel-opacity\"\/>\n<\/div><\/div>","protected":false},"excerpt":{"rendered":"<p>Kule\u010dn\u00edk Kule\u010dn\u00edk v\u00a0Harmony Hotelu \u0160pindler\u016fv Ml\u00fdn\u00a0nab\u00edz\u00ed stylov\u00e9 a klidn\u011bj\u0161\u00ed volno\u010dasov\u00e9 vy\u017eit\u00ed b\u011bhem va\u0161eho pobytu. Ve 2. pat\u0159e hotelu najdete p\u0159\u00edjemn\u00e9 prost\u0159ed\u00ed pro p\u0159\u00e1telsk\u00e9 i sout\u011b\u017en\u00ed partie, kter\u00e9 prov\u011b\u0159\u00ed va\u0161i p\u0159esnost i strategii. Tato obl\u00edben\u00e1 hotelov\u00e1 aktivita je ide\u00e1ln\u00ed pro rodiny, p\u00e1ry i skupiny p\u0159\u00e1tel a skv\u011ble dopln\u00ed v\u00e1\u0161 aktivn\u00ed pobyt ve \u0160pindlerov\u011b Ml\u00fdn\u011b.<\/p>","protected":false},"author":3,"featured_media":2383,"parent":19,"menu_order":0,"comment_status":"closed","ping_status":"closed","template":"","meta":{"footnotes":""},"class_list":["post-2378","page","type-page","status-publish","has-post-thumbnail","hentry"],"_links":{"self":[{"href":"https:\/\/harmonyhotel.cz\/en\/wp-json\/wp\/v2\/pages\/2378","targetHints":{"allow":["GET"]}}],"collection":[{"href":"https:\/\/harmonyhotel.cz\/en\/wp-json\/wp\/v2\/pages"}],"about":[{"href":"https:\/\/harmonyhotel.cz\/en\/wp-json\/wp\/v2\/types\/page"}],"author":[{"embeddable":true,"href":"https:\/\/harmonyhotel.cz\/en\/wp-json\/wp\/v2\/users\/3"}],"replies":[{"embeddable":true,"href":"https:\/\/harmonyhotel.cz\/en\/wp-json\/wp\/v2\/comments?post=2378"}],"version-history":[{"count":4,"href":"https:\/\/harmonyhotel.cz\/en\/wp-json\/wp\/v2\/pages\/2378\/revisions"}],"predecessor-version":[{"id":2427,"href":"https:\/\/harmonyhotel.cz\/en\/wp-json\/wp\/v2\/pages\/2378\/revisions\/2427"}],"up":[{"embeddable":true,"href":"https:\/\/harmonyhotel.cz\/en\/wp-json\/wp\/v2\/pages\/19"}],"wp:featuredmedia":[{"embeddable":true,"href":"https:\/\/harmonyhotel.cz\/en\/wp-json\/wp\/v2\/media\/2383"}],"wp:attachment":[{"href":"https:\/\/harmonyhotel.cz\/en\/wp-json\/wp\/v2\/media?parent=2378"}],"curies":[{"name":"wp","href":"https:\/\/api.w.org\/{rel}","templated":true}]}}