{"id":21,"date":"2024-05-29T00:53:55","date_gmt":"2024-05-28T22:53:55","guid":{"rendered":"https:\/\/harmonyhotel.cz\/?page_id=21"},"modified":"2026-04-12T22:37:21","modified_gmt":"2026-04-12T20:37:21","slug":"special-offers","status":"publish","type":"page","link":"https:\/\/harmonyhotel.cz\/en\/specialni-nabidky\/","title":{"rendered":"Special offers"},"content":{"rendered":"<div class=\"wp-block-media-text has-media-on-the-right is-stacked-on-mobile is-image-fill-element\"><div class=\"wp-block-media-text__content\">\n<h2 class=\"wp-block-heading\">Stay with wellness and half board<\/h2>\n\n\n\n<ul class=\"wp-block-list\">\n<li>Accommodation in a comfortable room<\/li>\n\n\n\n<li>Halfboard during your stay (breakfast and dinner)<\/li>\n\n\n\n<li>Every day 1x entry to wellness (<strong>swimming pool and children's Aqua zone<\/strong>) for 120 minutes<\/li>\n<\/ul>\n\n\n\n<div class=\"wp-block-buttons is-layout-flex wp-block-buttons-is-layout-flex\">\n<div class=\"wp-block-button\"><a class=\"wp-block-button__link wp-element-button\" href=\"https:\/\/harmonyhotel.cz\/en\/special-offers\/balicek-s-wellness-a-polopenzi\/\">More information<\/a><\/div>\n\n\n\n<div class=\"wp-block-button btnalt rezervovat\"><a class=\"wp-block-button__link wp-element-button\" href=\"https:\/\/hotelharmony.book-onlinenow.net\/index.aspx?Page=26&amp;lan_id=en-US&amp;cur=EUR\" target=\"_blank\" rel=\"noopener noreferrer noopener\">Book package<\/a><\/div>\n<\/div>\n<\/div><figure class=\"wp-block-media-text__media\"><a href=\"https:\/\/harmonyhotel.cz\/wp-content\/uploads\/2024\/06\/Wellness-Spindleruv-Mlyn-Harmony-Hotel-Spindleruv-Mlyn-01-scaled.jpg\"><img loading=\"lazy\" decoding=\"async\" width=\"1600\" height=\"1065\" src=\"https:\/\/harmonyhotel.cz\/wp-content\/uploads\/2024\/06\/Wellness-Spindleruv-Mlyn-Harmony-Hotel-Spindleruv-Mlyn-01-1600x1065.jpg\" alt=\"Wellness \u0160pindler\u016fv Ml\u00fdn - Harmony Hotel \u0160pindler\u016fv Ml\u00fdn\" class=\"wp-image-310 size-medium\" style=\"object-position:50% 50%\" srcset=\"https:\/\/harmonyhotel.cz\/wp-content\/uploads\/2024\/06\/Wellness-Spindleruv-Mlyn-Harmony-Hotel-Spindleruv-Mlyn-01-1600x1065.jpg 1600w, https:\/\/harmonyhotel.cz\/wp-content\/uploads\/2024\/06\/Wellness-Spindleruv-Mlyn-Harmony-Hotel-Spindleruv-Mlyn-01-800x532.jpg 800w\" sizes=\"auto, (max-width: 1600px) 100vw, 1600px\" \/><\/a><\/figure><\/div>\n\n\n\n<div class=\"wp-block-media-text is-stacked-on-mobile is-image-fill-element\"><figure class=\"wp-block-media-text__media\"><a href=\"https:\/\/harmonyhotel.cz\/en\/special-offers\/zimni-balicek-na-5-az-7-noci\/\"><img loading=\"lazy\" decoding=\"async\" width=\"1600\" height=\"1066\" src=\"https:\/\/harmonyhotel.cz\/wp-content\/uploads\/2026\/01\/Web_balicky_1920x1280_05-1600x1066.png\" alt=\"\" class=\"wp-image-2272 size-medium\" style=\"object-position:50% 50%\" srcset=\"https:\/\/harmonyhotel.cz\/wp-content\/uploads\/2026\/01\/Web_balicky_1920x1280_05-1600x1066.png 1600w, https:\/\/harmonyhotel.cz\/wp-content\/uploads\/2026\/01\/Web_balicky_1920x1280_05-800x533.png 800w, https:\/\/harmonyhotel.cz\/wp-content\/uploads\/2026\/01\/Web_balicky_1920x1280_05-18x12.png 18w, https:\/\/harmonyhotel.cz\/wp-content\/uploads\/2026\/01\/Web_balicky_1920x1280_05.png 1921w\" sizes=\"auto, (max-width: 1600px) 100vw, 1600px\" \/><\/a><\/figure><div class=\"wp-block-media-text__content\">\n<h2 class=\"wp-block-heading\"><strong>Summer package with breakfast, wellness and sauna<\/strong><\/h2>\n\n\n\n<ol class=\"wp-block-list\">\n<li>Stay in a comfort room with breakfast for 2\u20134 nights or 5\u20138 nights<\/li>\n\n\n\n<li>One daily entry to the wellness area (pool, sauna world, and Babie\u2019s Aqua zone) for 120 minutes<\/li>\n\n\n\n<li><strong>Animation program<\/strong> for children<\/li>\n\n\n\n<li>Cable car tickets<\/li>\n<\/ol>\n\n\n\n<div class=\"wp-block-buttons is-layout-flex wp-block-buttons-is-layout-flex\">\n<div class=\"wp-block-button\"><a class=\"wp-block-button__link wp-element-button\" href=\"https:\/\/hotelharmony.book-onlinenow.net\/index.aspx?Page=26&amp;lan_id=cs-CZ&amp;cur=CZK&amp;_gl=1*fhyp3v*_gcl_aw*R0NMLjE3NjA5NTYyMDIuRUFJYUlRb2JDaE1Jbk9fUnNwbThpd01WTGFPREJ4M3BtUldXRUFBWUFTQUFFZ0s0enZEX0J3RQ..*_gcl_au*MTg0NTYzODgzOC4xNzYzMDIxODU3*_ga*MzU0NDI2ODQzLjE3Mzc2MzM0OTY.*_ga_N2V8QSPJ5S*czE3Njc2OTA0NzEkbzIxMSRnMSR0MTc2NzY5MjE2MCRqNjAkbDAkaDExNDAxMjUyMjg.\">More information<\/a><\/div>\n\n\n\n<div class=\"wp-block-button btnalt rezervovat\"><a class=\"wp-block-button__link wp-element-button\" href=\"https:\/\/hotelharmony.book-onlinenow.net\/index.aspx?Page=26&amp;lan_id=en-US&amp;cur=EUR\">Book package<\/a><\/div>\n<\/div>\n<\/div><\/div>\n\n\n\n<div class=\"wp-block-media-text has-media-on-the-right is-stacked-on-mobile is-image-fill-element\"><div class=\"wp-block-media-text__content\">\n<h2 class=\"wp-block-heading\"><strong><strong>Summer package with half board, wellness and sauna<\/strong><\/strong><\/h2>\n\n\n\n<ol class=\"wp-block-list\">\n<li>Stay in a comfort room with breakfast for 2\u20134 nights or 5\u20138 nights<\/li>\n\n\n\n<li><strong>Half board<\/strong> (breakfast and dinner)<\/li>\n\n\n\n<li>Once a day <strong>Entry to the wellness area \/ Wellness access<\/strong> (pool, sauna world, and children\u2019s Aqua zone) for 120 minutes<\/li>\n\n\n\n<li><strong>Animation program<\/strong> for children<\/li>\n\n\n\n<li>Cable car tickets<\/li>\n<\/ol>\n\n\n\n<div class=\"wp-block-buttons is-layout-flex wp-block-buttons-is-layout-flex\">\n<div class=\"wp-block-button\"><a class=\"wp-block-button__link wp-element-button\" href=\"https:\/\/hotelharmony.book-onlinenow.net\/index.aspx?Page=26&amp;lan_id=cs-CZ&amp;cur=CZK&amp;_gl=1*fhyp3v*_gcl_aw*R0NMLjE3NjA5NTYyMDIuRUFJYUlRb2JDaE1Jbk9fUnNwbThpd01WTGFPREJ4M3BtUldXRUFBWUFTQUFFZ0s0enZEX0J3RQ..*_gcl_au*MTg0NTYzODgzOC4xNzYzMDIxODU3*_ga*MzU0NDI2ODQzLjE3Mzc2MzM0OTY.*_ga_N2V8QSPJ5S*czE3Njc2OTA0NzEkbzIxMSRnMSR0MTc2NzY5MjE2MCRqNjAkbDAkaDExNDAxMjUyMjg.\">More information<\/a><\/div>\n\n\n\n<div class=\"wp-block-button btnalt rezervovat\"><a class=\"wp-block-button__link wp-element-button\" href=\"https:\/\/hotelharmony.book-onlinenow.net\/index.aspx?Page=26&amp;lan_id=en-US&amp;cur=EUR\">Book package<\/a><\/div>\n<\/div>\n<\/div><figure class=\"wp-block-media-text__media\"><a href=\"https:\/\/harmonyhotel.cz\/en\/special-offers\/zimni-balicek-na-5-az-7-noci\/\"><img loading=\"lazy\" decoding=\"async\" width=\"1600\" height=\"1066\" src=\"https:\/\/harmonyhotel.cz\/wp-content\/uploads\/2025\/03\/Specialni-letni-balicek-na-3-noci-1600x1066.jpg\" alt=\"Special summer package for 3 nights\" class=\"wp-image-1500 size-medium\" style=\"object-position:50% 50%\" srcset=\"https:\/\/harmonyhotel.cz\/wp-content\/uploads\/2025\/03\/Specialni-letni-balicek-na-3-noci-1600x1066.jpg 1600w, https:\/\/harmonyhotel.cz\/wp-content\/uploads\/2025\/03\/Specialni-letni-balicek-na-3-noci-800x533.jpg 800w, https:\/\/harmonyhotel.cz\/wp-content\/uploads\/2025\/03\/Specialni-letni-balicek-na-3-noci-18x12.jpg 18w, https:\/\/harmonyhotel.cz\/wp-content\/uploads\/2025\/03\/Specialni-letni-balicek-na-3-noci.jpg 2000w\" sizes=\"auto, (max-width: 1600px) 100vw, 1600px\" \/><\/a><\/figure><\/div>\n\n\n\n<div class=\"wp-block-media-text is-stacked-on-mobile is-image-fill-element\"><figure class=\"wp-block-media-text__media\"><a href=\"https:\/\/harmonyhotel.cz\/wp-content\/uploads\/2026\/01\/Harmony_darkovy-poukaz_1600x800-07-scaled.png\"><img loading=\"lazy\" decoding=\"async\" width=\"1600\" height=\"800\" src=\"https:\/\/harmonyhotel.cz\/wp-content\/uploads\/2026\/01\/Harmony_darkovy-poukaz_1600x800-07-1600x800.png\" alt=\"\" class=\"wp-image-2305 size-medium\" style=\"object-position:50% 50%\" srcset=\"https:\/\/harmonyhotel.cz\/wp-content\/uploads\/2026\/01\/Harmony_darkovy-poukaz_1600x800-07-1600x800.png 1600w, https:\/\/harmonyhotel.cz\/wp-content\/uploads\/2026\/01\/Harmony_darkovy-poukaz_1600x800-07-800x400.png 800w, https:\/\/harmonyhotel.cz\/wp-content\/uploads\/2026\/01\/Harmony_darkovy-poukaz_1600x800-07-18x9.png 18w\" sizes=\"auto, (max-width: 1600px) 100vw, 1600px\" \/><\/a><\/figure><div class=\"wp-block-media-text__content\">\n<h2 class=\"wp-block-heading\">Stay longer and save 10%<\/h2>\n\n\n\n<p>Length of stay from 3 nights - no cancellation possible<\/p>\n\n\n\n<div class=\"wp-block-buttons is-layout-flex wp-block-buttons-is-layout-flex\">\n<div class=\"wp-block-button btnalt rezervovat\"><a class=\"wp-block-button__link wp-element-button\" href=\"https:\/\/hotelharmony.book-onlinenow.net\/index.aspx?Page=26&amp;lan_id=en-US&amp;cur=EUR\" target=\"_blank\" rel=\"noopener\">Book package<\/a><\/div>\n<\/div>\n<\/div><\/div>\n\n\n\n<div class=\"wp-block-media-text has-media-on-the-right is-stacked-on-mobile is-image-fill-element\"><div class=\"wp-block-media-text__content\">\n<h2 class=\"wp-block-heading\">Special offer with 5% discount<\/h2>\n\n\n\n<p>Length of stay 1 - 2 nights - no possibility of cancellation<\/p>\n\n\n\n<div class=\"wp-block-buttons is-layout-flex wp-block-buttons-is-layout-flex\">\n<div class=\"wp-block-button btnalt rezervovat\"><a class=\"wp-block-button__link wp-element-button\" href=\"https:\/\/hotelharmony.book-onlinenow.net\/index.aspx?Page=26&amp;lan_id=en-US&amp;cur=EUR\" target=\"_blank\" rel=\"noopener\">Book package<\/a><\/div>\n<\/div>\n<\/div><figure class=\"wp-block-media-text__media\"><a href=\"https:\/\/harmonyhotel.cz\/wp-content\/uploads\/2026\/01\/Harmony_darkovy-poukaz_1600x800-06-scaled.png\"><img loading=\"lazy\" decoding=\"async\" width=\"1600\" height=\"800\" src=\"https:\/\/harmonyhotel.cz\/wp-content\/uploads\/2026\/01\/Harmony_darkovy-poukaz_1600x800-06-1600x800.png\" alt=\"\" class=\"wp-image-2304 size-medium\" style=\"object-position:50% 50%\" srcset=\"https:\/\/harmonyhotel.cz\/wp-content\/uploads\/2026\/01\/Harmony_darkovy-poukaz_1600x800-06-1600x800.png 1600w, https:\/\/harmonyhotel.cz\/wp-content\/uploads\/2026\/01\/Harmony_darkovy-poukaz_1600x800-06-800x400.png 800w, https:\/\/harmonyhotel.cz\/wp-content\/uploads\/2026\/01\/Harmony_darkovy-poukaz_1600x800-06-18x9.png 18w\" sizes=\"auto, (max-width: 1600px) 100vw, 1600px\" \/><\/a><\/figure><\/div>\n\n\n\n<div class=\"wp-block-media-text is-stacked-on-mobile is-image-fill-element\"><figure class=\"wp-block-media-text__media\"><a href=\"https:\/\/harmonyhotel.cz\/wp-content\/uploads\/2026\/01\/Harmony_darkovy-poukaz_1600x800-05-scaled.png\"><img loading=\"lazy\" decoding=\"async\" width=\"1600\" height=\"800\" src=\"https:\/\/harmonyhotel.cz\/wp-content\/uploads\/2026\/01\/Harmony_darkovy-poukaz_1600x800-05-1600x800.png\" alt=\"\" class=\"wp-image-2303 size-medium\" style=\"object-position:50% 50%\" srcset=\"https:\/\/harmonyhotel.cz\/wp-content\/uploads\/2026\/01\/Harmony_darkovy-poukaz_1600x800-05-1600x800.png 1600w, https:\/\/harmonyhotel.cz\/wp-content\/uploads\/2026\/01\/Harmony_darkovy-poukaz_1600x800-05-800x400.png 800w, https:\/\/harmonyhotel.cz\/wp-content\/uploads\/2026\/01\/Harmony_darkovy-poukaz_1600x800-05-18x9.png 18w\" sizes=\"auto, (max-width: 1600px) 100vw, 1600px\" \/><\/a><\/figure><div class=\"wp-block-media-text__content\">\n<h2 class=\"wp-block-heading\">Stay 3 or more nights and save 5%<\/h2>\n\n\n\n<p>The minimum length of stay is 3 nights - with the possibility of cancellation<\/p>\n\n\n\n<div class=\"wp-block-buttons is-layout-flex wp-block-buttons-is-layout-flex\">\n<div class=\"wp-block-button btnalt rezervovat\"><a class=\"wp-block-button__link wp-element-button\" href=\"https:\/\/hotelharmony.book-onlinenow.net\/index.aspx?Page=26&amp;lan_id=en-US&amp;cur=EUR\" target=\"_blank\" rel=\"noopener\">Book package<\/a><\/div>\n<\/div>\n<\/div><\/div>\n\n\n\n<div class=\"wp-block-media-text has-media-on-the-right is-stacked-on-mobile\"><div class=\"wp-block-media-text__content\">\n<h2 class=\"wp-block-heading\">Gift voucher<\/h2>\n\n\n\n<p>Gift voucher for all hotel services<\/p>\n\n\n\n<div class=\"wp-block-buttons is-layout-flex wp-block-buttons-is-layout-flex\">\n<div class=\"wp-block-button btnalt rezervovat\"><a class=\"wp-block-button__link wp-element-button\" href=\"https:\/\/harmonyhotel.cz\/en\/darkovy-poukaz\/\">Gift voucher<\/a><\/div>\n<\/div>\n<\/div><figure class=\"wp-block-media-text__media\"><a href=\"https:\/\/harmonyhotel.cz\/wp-content\/uploads\/2026\/01\/Harmony_darkovy-poukaz_1600x800-01-scaled.png\"><img loading=\"lazy\" decoding=\"async\" width=\"1600\" height=\"800\" src=\"https:\/\/harmonyhotel.cz\/wp-content\/uploads\/2026\/01\/Harmony_darkovy-poukaz_1600x800-01-1600x800.png\" alt=\"\" class=\"wp-image-2299 size-medium\" srcset=\"https:\/\/harmonyhotel.cz\/wp-content\/uploads\/2026\/01\/Harmony_darkovy-poukaz_1600x800-01-1600x800.png 1600w, https:\/\/harmonyhotel.cz\/wp-content\/uploads\/2026\/01\/Harmony_darkovy-poukaz_1600x800-01-800x400.png 800w, https:\/\/harmonyhotel.cz\/wp-content\/uploads\/2026\/01\/Harmony_darkovy-poukaz_1600x800-01-18x9.png 18w\" sizes=\"auto, (max-width: 1600px) 100vw, 1600px\" \/><\/a><\/figure><\/div>\n\n\n\n<div class=\"wp-block-media-text is-stacked-on-mobile\"><figure class=\"wp-block-media-text__media\"><a href=\"https:\/\/harmonyhotel.cz\/en\/special-offers\/darkovy-poukaz-na-romanticke-wellness-odpoledne-pro-dva\/\"><img loading=\"lazy\" decoding=\"async\" width=\"1600\" height=\"800\" src=\"https:\/\/harmonyhotel.cz\/wp-content\/uploads\/2026\/01\/Harmony_darkovy-poukaz_1600x800-02-1600x800.png\" alt=\"\" class=\"wp-image-2300 size-medium\" srcset=\"https:\/\/harmonyhotel.cz\/wp-content\/uploads\/2026\/01\/Harmony_darkovy-poukaz_1600x800-02-1600x800.png 1600w, https:\/\/harmonyhotel.cz\/wp-content\/uploads\/2026\/01\/Harmony_darkovy-poukaz_1600x800-02-800x400.png 800w, https:\/\/harmonyhotel.cz\/wp-content\/uploads\/2026\/01\/Harmony_darkovy-poukaz_1600x800-02-18x9.png 18w\" sizes=\"auto, (max-width: 1600px) 100vw, 1600px\" \/><\/a><\/figure><div class=\"wp-block-media-text__content\">\n<h2 class=\"wp-block-heading\">Gift voucher for a Romantic wellness afternoon for two<\/h2>\n\n\n\n<p>Gift voucher for all hotel services<\/p>\n\n\n\n<div class=\"wp-block-buttons is-layout-flex wp-block-buttons-is-layout-flex\">\n<div class=\"wp-block-button btnalt rezervovat\"><a class=\"wp-block-button__link wp-element-button\" href=\"https:\/\/harmonyhotel.cz\/en\/special-offers\/darkovy-poukaz-na-romanticke-wellness-odpoledne-pro-dva\/\">Gift voucher for two<\/a><\/div>\n<\/div>\n<\/div><\/div>\n\n\n\n<p><\/p>","protected":false},"excerpt":{"rendered":"","protected":false},"author":1,"featured_media":432,"parent":0,"menu_order":9,"comment_status":"closed","ping_status":"closed","template":"","meta":{"footnotes":""},"class_list":["post-21","page","type-page","status-publish","has-post-thumbnail","hentry"],"_links":{"self":[{"href":"https:\/\/harmonyhotel.cz\/en\/wp-json\/wp\/v2\/pages\/21","targetHints":{"allow":["GET"]}}],"collection":[{"href":"https:\/\/harmonyhotel.cz\/en\/wp-json\/wp\/v2\/pages"}],"about":[{"href":"https:\/\/harmonyhotel.cz\/en\/wp-json\/wp\/v2\/types\/page"}],"author":[{"embeddable":true,"href":"https:\/\/harmonyhotel.cz\/en\/wp-json\/wp\/v2\/users\/1"}],"replies":[{"embeddable":true,"href":"https:\/\/harmonyhotel.cz\/en\/wp-json\/wp\/v2\/comments?post=21"}],"version-history":[{"count":89,"href":"https:\/\/harmonyhotel.cz\/en\/wp-json\/wp\/v2\/pages\/21\/revisions"}],"predecessor-version":[{"id":2451,"href":"https:\/\/harmonyhotel.cz\/en\/wp-json\/wp\/v2\/pages\/21\/revisions\/2451"}],"wp:featuredmedia":[{"embeddable":true,"href":"https:\/\/harmonyhotel.cz\/en\/wp-json\/wp\/v2\/media\/432"}],"wp:attachment":[{"href":"https:\/\/harmonyhotel.cz\/en\/wp-json\/wp\/v2\/media?parent=21"}],"curies":[{"name":"wp","href":"https:\/\/api.w.org\/{rel}","templated":true}]}}