{"id":2068,"date":"2025-09-10T00:16:47","date_gmt":"2025-09-09T22:16:47","guid":{"rendered":"https:\/\/harmonyhotel.cz\/?page_id=2068"},"modified":"2026-01-06T10:10:55","modified_gmt":"2026-01-06T09:10:55","slug":"zimni-balicek-na-5-az-7-noci","status":"publish","type":"page","link":"https:\/\/harmonyhotel.cz\/en\/specialni-nabidky\/zimni-balicek-na-5-az-7-noci\/","title":{"rendered":"Winter package for 5 and 7 nights"},"content":{"rendered":"<p>Treat yourself to the perfect winter getaway to the mountains and let yourself be pampered! Enjoy the fresh mountain air, breathtaking views and top-notch wellness services at our hotel.<br>Stop breathing and find your own harmony. Book a stay at Hotel Harmony.<\/p>\n\n\n\n<p><strong>Package with wellness access and breakfast for 5 or 7 nights<\/strong><\/p>\n\n\n\n<p>&nbsp;<\/p>\n\n\n\n<h2 class=\"wp-block-heading\">The package includes<\/h2>\n\n\n\n<ul class=\"wp-block-list\">\n<li>Stay in a comfortable room for 5 or 7 nights<\/li>\n\n\n\n<li class=\"translation-block\"><strong>Half board<\/strong> during your stay (breakfast and dinner)<\/li>\n\n\n\n<li>Once a day <strong>Entry to the wellness area \/ Wellness access<\/strong> (swimming pool and children\u2019s aqua zone) for 120 minutes<\/li>\n\n\n\n<li>Animation program for children<\/li>\n<\/ul>\n\n\n\n<p><em>City tax of 40 CZK per person per night is not included.<\/em> <br>Prices are in CZK and include breakfast, buffet dinner, wellness and all applicable taxes.<\/p>\n\n\n\n<p><\/p>\n\n\n\n<div class=\"wp-block-buttons is-layout-flex wp-block-buttons-is-layout-flex\">\n<div class=\"wp-block-button btnalt\"><a class=\"wp-block-button__link wp-element-button\" href=\"https:\/\/hotelharmony.book-onlinenow.net\/index.aspx?Page=26&amp;lan_id=en-US&amp;cur=EUR\" target=\"_blank\" rel=\"noopener noreferrer noopener\">Book package<\/a><\/div>\n<\/div>\n\n\n\n<p>&nbsp;<\/p>\n\n\n\n<h3 class=\"wp-block-heading\">Payment terms<\/h3>\n\n\n\n<ul class=\"wp-block-list\">\n<li class=\"translation-block\">This offer requires <strong>100% prepayment.<\/strong><\/li>\n\n\n\n<li class=\"translation-block\">When booking, the full amount will be charged to your credit card\u00a0<strong>(full prepayment)<\/strong> if you choose to pay by card.<\/li>\n\n\n\n<li>For payment by bank transfer, the full amount must be sent.<\/li>\n\n\n\n<li class=\"translation-block\">In case of cancellation or no-show, the subscription is <strong>non-refundable<\/strong>.<\/li>\n<\/ul>\n\n\n\n<h3 class=\"wp-block-heading\">Cancellation policy with the possibility of cancellation<\/h3>\n\n\n\n<p><strong><strong>This offer is available on a non-refundable payment basis only.<\/strong><\/strong><br>This special offer requires a 100% prepayment. The full amount will be charged to your credit card upon booking.<br>The reservation is non-changeable and in case of cancellation, change or no-show, the prepayment is non-refundable.<\/p>\n\n\n\n<p><\/p>","protected":false},"excerpt":{"rendered":"<p>Dop\u0159ejte si dokonal\u00fd zimn\u00ed \u00fat\u011bk na hory a nechte se h\u00fd\u010dkat! U\u017eijte si \u010derstv\u00fd horsk\u00fd vzduch, dechberouc\u00ed v\u00fdhledy a \u0161pi\u010dkov\u00e9 wellness slu\u017eby v na\u0161em hotelu.P\u0159esta\u0148te d\u00fdchat a najd\u011bte svou vlastn\u00ed harmonii. Rezervujte si pobyt v Hotel Harmony. Bal\u00ed\u010dek se vstupem do wellness a sn\u00eddan\u011b na 5 nebo 7 noc\u00ed &nbsp; Bal\u00ed\u010dek obsahuje M\u011bstsk\u00e1 da\u0148 ve [&hellip;]<\/p>\n","protected":false},"author":1,"featured_media":1272,"parent":21,"menu_order":0,"comment_status":"closed","ping_status":"closed","template":"","meta":{"footnotes":""},"class_list":["post-2068","page","type-page","status-publish","has-post-thumbnail","hentry"],"_links":{"self":[{"href":"https:\/\/harmonyhotel.cz\/en\/wp-json\/wp\/v2\/pages\/2068","targetHints":{"allow":["GET"]}}],"collection":[{"href":"https:\/\/harmonyhotel.cz\/en\/wp-json\/wp\/v2\/pages"}],"about":[{"href":"https:\/\/harmonyhotel.cz\/en\/wp-json\/wp\/v2\/types\/page"}],"author":[{"embeddable":true,"href":"https:\/\/harmonyhotel.cz\/en\/wp-json\/wp\/v2\/users\/1"}],"replies":[{"embeddable":true,"href":"https:\/\/harmonyhotel.cz\/en\/wp-json\/wp\/v2\/comments?post=2068"}],"version-history":[{"count":6,"href":"https:\/\/harmonyhotel.cz\/en\/wp-json\/wp\/v2\/pages\/2068\/revisions"}],"predecessor-version":[{"id":2253,"href":"https:\/\/harmonyhotel.cz\/en\/wp-json\/wp\/v2\/pages\/2068\/revisions\/2253"}],"up":[{"embeddable":true,"href":"https:\/\/harmonyhotel.cz\/en\/wp-json\/wp\/v2\/pages\/21"}],"wp:featuredmedia":[{"embeddable":true,"href":"https:\/\/harmonyhotel.cz\/en\/wp-json\/wp\/v2\/media\/1272"}],"wp:attachment":[{"href":"https:\/\/harmonyhotel.cz\/en\/wp-json\/wp\/v2\/media?parent=2068"}],"curies":[{"name":"wp","href":"https:\/\/api.w.org\/{rel}","templated":true}]}}