{"id":1659,"date":"2025-06-06T18:18:17","date_gmt":"2025-06-06T16:18:17","guid":{"rendered":"https:\/\/harmonyhotel.cz\/?page_id=1659"},"modified":"2025-11-26T23:18:54","modified_gmt":"2025-11-26T22:18:54","slug":"petanque","status":"publish","type":"page","link":"https:\/\/harmonyhotel.cz\/en\/aktivity\/petanque\/","title":{"rendered":"P\u00e9tanque"},"content":{"rendered":"<h2 class=\"wp-block-heading\">P\u00e9tanque <\/h2>\n\n\n\n<div class=\"wp-block-media-text is-stacked-on-mobile is-image-fill-element\"><figure class=\"wp-block-media-text__media\"><a href=\"https:\/\/harmonyhotel.cz\/wp-content\/uploads\/2025\/06\/3.jpg\"><img loading=\"lazy\" decoding=\"async\" width=\"1600\" height=\"900\" src=\"https:\/\/harmonyhotel.cz\/wp-content\/uploads\/2025\/06\/3-1600x900.jpg\" alt=\"P\u00e9tanque\" class=\"wp-image-1665 size-medium\" style=\"object-position:50% 50%\" srcset=\"https:\/\/harmonyhotel.cz\/wp-content\/uploads\/2025\/06\/3-1600x900.jpg 1600w, https:\/\/harmonyhotel.cz\/wp-content\/uploads\/2025\/06\/3-800x450.jpg 800w, https:\/\/harmonyhotel.cz\/wp-content\/uploads\/2025\/06\/3-18x10.jpg 18w, https:\/\/harmonyhotel.cz\/wp-content\/uploads\/2025\/06\/3.jpg 1920w\" sizes=\"auto, (max-width: 1600px) 100vw, 1600px\" \/><\/a><\/figure><div class=\"wp-block-media-text__content\">\n<p><strong>A popular French game for two to six players divided into teams. The objective is to throw metal balls as close as possible to a small wooden target ball \u2013 known as the cochonnet (or \u201cpiglet\u201d).\n\n.<\/strong><\/p>\n\n\n\n<p>The rules are simple, but the combination of strategy and throwing accuracy makes the game exciting and enjoyable for all age groups.<\/p>\n<\/div><\/div>\n\n\n\n<div class=\"wp-block-media-text has-media-on-the-right is-stacked-on-mobile is-image-fill-element\"><div class=\"wp-block-media-text__content\">\n<h2 class=\"wp-block-heading\">Brief rules<\/h2>\n\n\n\n<ul class=\"wp-block-list\">\n<li>Each team has 6 balls. A circle is drawn on the ground, where the player stands during their throw.<\/li>\n\n\n\n<li>The player throws the cochonnet to a distance of 6 to 10 meters and then tries to place their ball as close to it as possible.<\/li>\n\n\n\n<li>The team whose ball is farther from the cochonnet plays next, trying to get closer or to knock the opponent\u2019s ball away.<\/li>\n\n\n\n<li>The round ends when all players have thrown all their balls.<\/li>\n\n\n\n<li>Points are awarded to the team whose balls are closer to the cochonnet.<\/li>\n\n\n\n<li>The winning team is the first to reach 13 points.<\/li>\n<\/ul>\n<\/div><figure class=\"wp-block-media-text__media\"><a href=\"https:\/\/harmonyhotel.cz\/wp-content\/uploads\/2025\/06\/4.jpg\"><img loading=\"lazy\" decoding=\"async\" width=\"800\" height=\"450\" src=\"https:\/\/harmonyhotel.cz\/wp-content\/uploads\/2025\/06\/4-800x450.jpg\" alt=\"P\u00e9tanque\" class=\"wp-image-1661 size-medium\" style=\"object-position:50% 50%\" srcset=\"https:\/\/harmonyhotel.cz\/wp-content\/uploads\/2025\/06\/4-800x450.jpg 800w, https:\/\/harmonyhotel.cz\/wp-content\/uploads\/2025\/06\/4-1600x900.jpg 1600w, https:\/\/harmonyhotel.cz\/wp-content\/uploads\/2025\/06\/4-18x10.jpg 18w, https:\/\/harmonyhotel.cz\/wp-content\/uploads\/2025\/06\/4.jpg 1920w\" sizes=\"auto, (max-width: 800px) 100vw, 800px\" \/><\/a><\/figure><\/div>\n\n\n\n<div class=\"wp-block-media-text is-stacked-on-mobile is-image-fill-element\"><figure class=\"wp-block-media-text__media\"><a href=\"https:\/\/harmonyhotel.cz\/wp-content\/uploads\/2025\/06\/2.jpg\"><img loading=\"lazy\" decoding=\"async\" width=\"800\" height=\"450\" src=\"https:\/\/harmonyhotel.cz\/wp-content\/uploads\/2025\/06\/2-800x450.jpg\" alt=\"P\u00e9tanque\" class=\"wp-image-1677 size-medium\" style=\"object-position:50% 50%\" srcset=\"https:\/\/harmonyhotel.cz\/wp-content\/uploads\/2025\/06\/2-800x450.jpg 800w, https:\/\/harmonyhotel.cz\/wp-content\/uploads\/2025\/06\/2-1600x900.jpg 1600w, https:\/\/harmonyhotel.cz\/wp-content\/uploads\/2025\/06\/2-18x10.jpg 18w, https:\/\/harmonyhotel.cz\/wp-content\/uploads\/2025\/06\/2.jpg 1920w\" sizes=\"auto, (max-width: 800px) 100vw, 800px\" \/><\/a><\/figure><div class=\"wp-block-media-text__content\">\n<p><strong>You can play on our regularly maintained p\u00e9tanque court, located by the rear exit to the ski slope.<\/strong><\/p>\n\n\n\n<p>Ideal for an afternoon tournament with friends or family. We are happy to lend you the game set at the wellness reception.<\/p>\n<\/div><\/div>\n\n\n\n<p><\/p>","protected":false},"excerpt":{"rendered":"<p>P\u00e9tanque Obl\u00edben\u00e1 francouzsk\u00e1 hra pro dva a\u017e \u0161est hr\u00e1\u010d\u016f rozd\u011blen\u00fdch do t\u00fdm\u016f. C\u00edlem je um\u00edstit kovov\u00e9 koule co nejbl\u00ed\u017ee k mal\u00e9 d\u0159ev\u011bn\u00e9 kuli\u010dce \u2013 tzv. ko\u0161onku (neboli \u201epras\u00e1tku\u201c). Pravidla jsou jednoduch\u00e1, ale d\u00edky taktice a p\u0159esnosti hod\u016f je hra nap\u00ednav\u00e1 a z\u00e1bavn\u00e1 pro v\u0161echny v\u011bkov\u00e9 kategorie. Hr\u00e1t m\u016f\u017eete na na\u0161em pravideln\u011b upravovan\u00e9m h\u0159i\u0161ti, kter\u00e9 se [&hellip;]<\/p>\n","protected":false},"author":3,"featured_media":2222,"parent":19,"menu_order":1,"comment_status":"closed","ping_status":"closed","template":"","meta":{"footnotes":""},"class_list":["post-1659","page","type-page","status-publish","has-post-thumbnail","hentry"],"_links":{"self":[{"href":"https:\/\/harmonyhotel.cz\/en\/wp-json\/wp\/v2\/pages\/1659","targetHints":{"allow":["GET"]}}],"collection":[{"href":"https:\/\/harmonyhotel.cz\/en\/wp-json\/wp\/v2\/pages"}],"about":[{"href":"https:\/\/harmonyhotel.cz\/en\/wp-json\/wp\/v2\/types\/page"}],"author":[{"embeddable":true,"href":"https:\/\/harmonyhotel.cz\/en\/wp-json\/wp\/v2\/users\/3"}],"replies":[{"embeddable":true,"href":"https:\/\/harmonyhotel.cz\/en\/wp-json\/wp\/v2\/comments?post=1659"}],"version-history":[{"count":11,"href":"https:\/\/harmonyhotel.cz\/en\/wp-json\/wp\/v2\/pages\/1659\/revisions"}],"predecessor-version":[{"id":1718,"href":"https:\/\/harmonyhotel.cz\/en\/wp-json\/wp\/v2\/pages\/1659\/revisions\/1718"}],"up":[{"embeddable":true,"href":"https:\/\/harmonyhotel.cz\/en\/wp-json\/wp\/v2\/pages\/19"}],"wp:featuredmedia":[{"embeddable":true,"href":"https:\/\/harmonyhotel.cz\/en\/wp-json\/wp\/v2\/media\/2222"}],"wp:attachment":[{"href":"https:\/\/harmonyhotel.cz\/en\/wp-json\/wp\/v2\/media?parent=1659"}],"curies":[{"name":"wp","href":"https:\/\/api.w.org\/{rel}","templated":true}]}}