{"id":130,"date":"2024-06-07T00:04:05","date_gmt":"2024-06-06T22:04:05","guid":{"rendered":"https:\/\/harmonyhotel.cz\/?page_id=130"},"modified":"2026-01-05T16:20:08","modified_gmt":"2026-01-05T15:20:08","slug":"comfort-double-room-with-double-bed","status":"publish","type":"page","link":"https:\/\/harmonyhotel.cz\/en\/pokoje\/dvouluzkovy-pokoj-typu-comfort-s-manzelskou-posteli\/","title":{"rendered":"Comfort Double Room with Double Bed"},"content":{"rendered":"<p>This 22 m2 room features a double bed. Some rooms also have a small sofa bed, which can sleep a child up to 16 years old at an extra cost (must be booked in advance). This room is suitable for 2 guests or 2 guests and 1 child. Rooms have a private bathroom with a bath or shower. The room is also equipped with a table and chair. The room has a TV\/SAT, radio, telephone and safe. All rooms are equipped with a minibar. Free internet access is available.<\/p>\n\n\n\n<ul class=\"wp-block-list vybaveni\">\n<li>22 m2<\/li>\n\n\n\n<li>Minibar<\/li>\n\n\n\n<li>Safe<\/li>\n\n\n\n<li>TV SAT \/ Telephone<\/li>\n\n\n\n<li>Shower or bath<\/li>\n\n\n\n<li>Balcony window<\/li>\n\n\n\n<li>Mountain view<\/li>\n\n\n\n<li>Free Wifi<\/li>\n\n\n\n<li>Breakfast<\/li>\n\n\n\n<li>Extra bed available<\/li>\n<\/ul>\n\n\n\n<div class=\"wp-block-buttons is-layout-flex wp-block-buttons-is-layout-flex\">\n<div class=\"wp-block-button btnalt rezervovat\"><a class=\"wp-block-button__link wp-element-button\" href=\"https:\/\/hotelharmony.book-onlinenow.net\/index.aspx?lan_id=en-US&amp;cur=EUR\" target=\"_blank\" rel=\"noreferrer noopener\">Book now<\/a><\/div>\n<\/div>\n\n\n\n<div style=\"height:50px\" aria-hidden=\"true\" class=\"wp-block-spacer\"><\/div>\n\n\n\n<figure class=\"wp-block-gallery has-nested-images columns-default is-cropped wp-block-gallery-1 is-layout-flex wp-block-gallery-is-layout-flex\">\n<figure class=\"wp-block-image size-medium\"><a href=\"https:\/\/harmonyhotel.cz\/wp-content\/uploads\/2025\/07\/2024_06_25_9842_EOS_R5_LRN-1-scaled.jpg\"><img loading=\"lazy\" decoding=\"async\" width=\"800\" height=\"540\" data-id=\"1915\" src=\"https:\/\/harmonyhotel.cz\/wp-content\/uploads\/2025\/07\/2024_06_25_9842_EOS_R5_LRN-1-800x540.jpg\" alt=\"\" class=\"wp-image-1915\" srcset=\"https:\/\/harmonyhotel.cz\/wp-content\/uploads\/2025\/07\/2024_06_25_9842_EOS_R5_LRN-1-800x540.jpg 800w, https:\/\/harmonyhotel.cz\/wp-content\/uploads\/2025\/07\/2024_06_25_9842_EOS_R5_LRN-1-1600x1080.jpg 1600w, https:\/\/harmonyhotel.cz\/wp-content\/uploads\/2025\/07\/2024_06_25_9842_EOS_R5_LRN-1-18x12.jpg 18w\" sizes=\"auto, (max-width: 800px) 100vw, 800px\" \/><\/a><\/figure>\n\n\n\n<figure class=\"wp-block-image size-medium\"><a href=\"https:\/\/harmonyhotel.cz\/wp-content\/uploads\/2024\/06\/Harmony-Hotel-Spindleruv-Mlyn-Dvouluzkovy-pokoj-typu-Comfort-s-manzelskou-posteli-1-scaled.jpg\"><img loading=\"lazy\" decoding=\"async\" width=\"800\" height=\"536\" data-id=\"180\" src=\"https:\/\/harmonyhotel.cz\/wp-content\/uploads\/2024\/06\/Harmony-Hotel-Spindleruv-Mlyn-Dvouluzkovy-pokoj-typu-Comfort-s-manzelskou-posteli-1-800x536.jpg\" alt=\"Harmony Hotel \u0160pindler\u016fv Ml\u00fdn - Comfort Double Room with Double Bed\" class=\"wp-image-180\" srcset=\"https:\/\/harmonyhotel.cz\/wp-content\/uploads\/2024\/06\/Harmony-Hotel-Spindleruv-Mlyn-Dvouluzkovy-pokoj-typu-Comfort-s-manzelskou-posteli-1-800x536.jpg 800w, https:\/\/harmonyhotel.cz\/wp-content\/uploads\/2024\/06\/Harmony-Hotel-Spindleruv-Mlyn-Dvouluzkovy-pokoj-typu-Comfort-s-manzelskou-posteli-1-1600x1071.jpg 1600w\" sizes=\"auto, (max-width: 800px) 100vw, 800px\" \/><\/a><\/figure>\n\n\n\n<figure class=\"wp-block-image size-medium\"><a href=\"https:\/\/harmonyhotel.cz\/wp-content\/uploads\/2024\/06\/Harmony-Hotel-Spindleruv-Mlyn-Dvouluzkovy-pokoj-typu-Comfort-s-manzelskou-posteli-3-scaled.jpg\"><img loading=\"lazy\" decoding=\"async\" width=\"800\" height=\"536\" data-id=\"182\" src=\"https:\/\/harmonyhotel.cz\/wp-content\/uploads\/2024\/06\/Harmony-Hotel-Spindleruv-Mlyn-Dvouluzkovy-pokoj-typu-Comfort-s-manzelskou-posteli-3-800x536.jpg\" alt=\"Harmony Hotel \u0160pindler\u016fv Ml\u00fdn - Comfort Double Room with Double Bed\" class=\"wp-image-182\" srcset=\"https:\/\/harmonyhotel.cz\/wp-content\/uploads\/2024\/06\/Harmony-Hotel-Spindleruv-Mlyn-Dvouluzkovy-pokoj-typu-Comfort-s-manzelskou-posteli-3-800x536.jpg 800w, https:\/\/harmonyhotel.cz\/wp-content\/uploads\/2024\/06\/Harmony-Hotel-Spindleruv-Mlyn-Dvouluzkovy-pokoj-typu-Comfort-s-manzelskou-posteli-3-1600x1071.jpg 1600w\" sizes=\"auto, (max-width: 800px) 100vw, 800px\" \/><\/a><\/figure>\n\n\n\n<figure class=\"wp-block-image size-medium\"><a href=\"https:\/\/harmonyhotel.cz\/wp-content\/uploads\/2024\/06\/Harmony-Hotel-Spindleruv-Mlyn-Dvouluzkovy-pokoj-typu-Comfort-s-manzelskou-posteli-6-scaled.jpg\"><img loading=\"lazy\" decoding=\"async\" width=\"800\" height=\"536\" data-id=\"185\" src=\"https:\/\/harmonyhotel.cz\/wp-content\/uploads\/2024\/06\/Harmony-Hotel-Spindleruv-Mlyn-Dvouluzkovy-pokoj-typu-Comfort-s-manzelskou-posteli-6-800x536.jpg\" alt=\"Harmony Hotel \u0160pindler\u016fv Ml\u00fdn - Comfort Double Room with Double Bed\" class=\"wp-image-185\" srcset=\"https:\/\/harmonyhotel.cz\/wp-content\/uploads\/2024\/06\/Harmony-Hotel-Spindleruv-Mlyn-Dvouluzkovy-pokoj-typu-Comfort-s-manzelskou-posteli-6-800x536.jpg 800w, https:\/\/harmonyhotel.cz\/wp-content\/uploads\/2024\/06\/Harmony-Hotel-Spindleruv-Mlyn-Dvouluzkovy-pokoj-typu-Comfort-s-manzelskou-posteli-6-1600x1071.jpg 1600w\" sizes=\"auto, (max-width: 800px) 100vw, 800px\" \/><\/a><\/figure>\n\n\n\n<figure class=\"wp-block-image size-medium\"><a href=\"https:\/\/harmonyhotel.cz\/wp-content\/uploads\/2024\/06\/Harmony-Hotel-Spindleruv-Mlyn-Dvouluzkovy-pokoj-typu-Comfort-s-manzelskou-posteli-2-scaled.jpg\"><img loading=\"lazy\" decoding=\"async\" width=\"800\" height=\"536\" data-id=\"181\" src=\"https:\/\/harmonyhotel.cz\/wp-content\/uploads\/2024\/06\/Harmony-Hotel-Spindleruv-Mlyn-Dvouluzkovy-pokoj-typu-Comfort-s-manzelskou-posteli-2-800x536.jpg\" alt=\"Harmony Hotel \u0160pindler\u016fv Ml\u00fdn - Comfort Double Room with Double Bed\" class=\"wp-image-181\" srcset=\"https:\/\/harmonyhotel.cz\/wp-content\/uploads\/2024\/06\/Harmony-Hotel-Spindleruv-Mlyn-Dvouluzkovy-pokoj-typu-Comfort-s-manzelskou-posteli-2-800x536.jpg 800w, https:\/\/harmonyhotel.cz\/wp-content\/uploads\/2024\/06\/Harmony-Hotel-Spindleruv-Mlyn-Dvouluzkovy-pokoj-typu-Comfort-s-manzelskou-posteli-2-1600x1071.jpg 1600w\" sizes=\"auto, (max-width: 800px) 100vw, 800px\" \/><\/a><\/figure>\n\n\n\n<figure class=\"wp-block-image size-medium\"><a href=\"https:\/\/harmonyhotel.cz\/wp-content\/uploads\/2024\/06\/Harmony-Hotel-Spindleruv-Mlyn-Dvouluzkovy-pokoj-typu-Comfort-s-manzelskou-posteli-7-scaled.jpg\"><img loading=\"lazy\" decoding=\"async\" width=\"800\" height=\"536\" data-id=\"186\" src=\"https:\/\/harmonyhotel.cz\/wp-content\/uploads\/2024\/06\/Harmony-Hotel-Spindleruv-Mlyn-Dvouluzkovy-pokoj-typu-Comfort-s-manzelskou-posteli-7-800x536.jpg\" alt=\"Harmony Hotel \u0160pindler\u016fv Ml\u00fdn - Comfort Double Room with Double Bed\" class=\"wp-image-186\" srcset=\"https:\/\/harmonyhotel.cz\/wp-content\/uploads\/2024\/06\/Harmony-Hotel-Spindleruv-Mlyn-Dvouluzkovy-pokoj-typu-Comfort-s-manzelskou-posteli-7-800x536.jpg 800w, https:\/\/harmonyhotel.cz\/wp-content\/uploads\/2024\/06\/Harmony-Hotel-Spindleruv-Mlyn-Dvouluzkovy-pokoj-typu-Comfort-s-manzelskou-posteli-7-1600x1071.jpg 1600w\" sizes=\"auto, (max-width: 800px) 100vw, 800px\" \/><\/a><\/figure>\n\n\n\n<figure class=\"wp-block-image size-medium\"><a href=\"https:\/\/harmonyhotel.cz\/wp-content\/uploads\/2024\/06\/Harmony-Hotel-Spindleruv-Mlyn-Dvouluzkovy-pokoj-typu-Comfort-s-manzelskou-posteli-8-scaled.jpg\"><img loading=\"lazy\" decoding=\"async\" width=\"574\" height=\"800\" data-id=\"187\" src=\"https:\/\/harmonyhotel.cz\/wp-content\/uploads\/2024\/06\/Harmony-Hotel-Spindleruv-Mlyn-Dvouluzkovy-pokoj-typu-Comfort-s-manzelskou-posteli-8-574x800.jpg\" alt=\"Harmony Hotel \u0160pindler\u016fv Ml\u00fdn - Comfort Double Room with Double Bed\" class=\"wp-image-187\" srcset=\"https:\/\/harmonyhotel.cz\/wp-content\/uploads\/2024\/06\/Harmony-Hotel-Spindleruv-Mlyn-Dvouluzkovy-pokoj-typu-Comfort-s-manzelskou-posteli-8-574x800.jpg 574w, https:\/\/harmonyhotel.cz\/wp-content\/uploads\/2024\/06\/Harmony-Hotel-Spindleruv-Mlyn-Dvouluzkovy-pokoj-typu-Comfort-s-manzelskou-posteli-8-1148x1600.jpg 1148w, https:\/\/harmonyhotel.cz\/wp-content\/uploads\/2024\/06\/Harmony-Hotel-Spindleruv-Mlyn-Dvouluzkovy-pokoj-typu-Comfort-s-manzelskou-posteli-8-scaled.jpg 1837w\" sizes=\"auto, (max-width: 574px) 100vw, 574px\" \/><\/a><\/figure>\n\n\n\n<figure class=\"wp-block-image size-medium\"><a href=\"https:\/\/harmonyhotel.cz\/wp-content\/uploads\/2024\/06\/Harmony-Hotel-Spindleruv-Mlyn-Dvouluzkovy-pokoj-typu-Comfort-s-manzelskou-posteli-9-scaled.jpg\"><img loading=\"lazy\" decoding=\"async\" width=\"580\" height=\"800\" data-id=\"188\" src=\"https:\/\/harmonyhotel.cz\/wp-content\/uploads\/2024\/06\/Harmony-Hotel-Spindleruv-Mlyn-Dvouluzkovy-pokoj-typu-Comfort-s-manzelskou-posteli-9-580x800.jpg\" alt=\"Harmony Hotel \u0160pindler\u016fv Ml\u00fdn - Comfort Double Room with Double Bed\" class=\"wp-image-188\" srcset=\"https:\/\/harmonyhotel.cz\/wp-content\/uploads\/2024\/06\/Harmony-Hotel-Spindleruv-Mlyn-Dvouluzkovy-pokoj-typu-Comfort-s-manzelskou-posteli-9-580x800.jpg 580w, https:\/\/harmonyhotel.cz\/wp-content\/uploads\/2024\/06\/Harmony-Hotel-Spindleruv-Mlyn-Dvouluzkovy-pokoj-typu-Comfort-s-manzelskou-posteli-9-1159x1600.jpg 1159w, https:\/\/harmonyhotel.cz\/wp-content\/uploads\/2024\/06\/Harmony-Hotel-Spindleruv-Mlyn-Dvouluzkovy-pokoj-typu-Comfort-s-manzelskou-posteli-9-scaled.jpg 1855w\" sizes=\"auto, (max-width: 580px) 100vw, 580px\" \/><\/a><\/figure>\n<\/figure>","protected":false},"excerpt":{"rendered":"<p>Tento pokoj o velikosti 22 m2 je vybaven man\u017eelskou postel\u00ed. N\u011bkter\u00e9 pokoje maj\u00ed tak\u00e9 malou rozkl\u00e1dac\u00ed pohovku, na kter\u00e9 m\u016f\u017ee sp\u00e1t d\u00edt\u011b do 16 let za p\u0159\u00edplatek (nutno rezervovat p\u0159edem). Pokoj je vhodn\u00fd pro 2 hosty nebo 2 hosty a 1 d\u00edt\u011b. Pokoje maj\u00ed vlastn\u00ed koupelnu s vanou nebo sprchov\u00fdm koutem. Pokoj je tak\u00e9 vybaven [&hellip;]<\/p>\n","protected":false},"author":1,"featured_media":180,"parent":9,"menu_order":19,"comment_status":"closed","ping_status":"closed","template":"","meta":{"footnotes":""},"class_list":["post-130","page","type-page","status-publish","has-post-thumbnail","hentry"],"_links":{"self":[{"href":"https:\/\/harmonyhotel.cz\/en\/wp-json\/wp\/v2\/pages\/130","targetHints":{"allow":["GET"]}}],"collection":[{"href":"https:\/\/harmonyhotel.cz\/en\/wp-json\/wp\/v2\/pages"}],"about":[{"href":"https:\/\/harmonyhotel.cz\/en\/wp-json\/wp\/v2\/types\/page"}],"author":[{"embeddable":true,"href":"https:\/\/harmonyhotel.cz\/en\/wp-json\/wp\/v2\/users\/1"}],"replies":[{"embeddable":true,"href":"https:\/\/harmonyhotel.cz\/en\/wp-json\/wp\/v2\/comments?post=130"}],"version-history":[{"count":4,"href":"https:\/\/harmonyhotel.cz\/en\/wp-json\/wp\/v2\/pages\/130\/revisions"}],"predecessor-version":[{"id":2249,"href":"https:\/\/harmonyhotel.cz\/en\/wp-json\/wp\/v2\/pages\/130\/revisions\/2249"}],"up":[{"embeddable":true,"href":"https:\/\/harmonyhotel.cz\/en\/wp-json\/wp\/v2\/pages\/9"}],"wp:featuredmedia":[{"embeddable":true,"href":"https:\/\/harmonyhotel.cz\/en\/wp-json\/wp\/v2\/media\/180"}],"wp:attachment":[{"href":"https:\/\/harmonyhotel.cz\/en\/wp-json\/wp\/v2\/media?parent=130"}],"curies":[{"name":"wp","href":"https:\/\/api.w.org\/{rel}","templated":true}]}}