{"id":1271,"date":"2024-09-09T22:11:15","date_gmt":"2024-09-09T20:11:15","guid":{"rendered":"https:\/\/harmonyhotel.cz\/?page_id=1271"},"modified":"2025-01-12T19:58:24","modified_gmt":"2025-01-12T18:58:24","slug":"package-with-wellness-and-halfboard-for-7-nights","status":"publish","type":"page","link":"https:\/\/harmonyhotel.cz\/en\/specialni-nabidky\/balicek-se-vstupem-do-wellness-a-polopenzi-na-7-noci\/","title":{"rendered":"Package with Wellness and Halfboard for 7 nights"},"content":{"rendered":"<p>Do you want to enjoy the natural beauty of the Krkono\u0161e Mountains? Stop to breathe and find your own harmony. Book at least one night at the ski-in ski-out Harmony Hotel.<\/p>\n\n\n\n<p><strong>Package with Wellness and Halfboard for 7 nights<\/strong><\/p>\n\n\n\n<p>&nbsp;<\/p>\n\n\n\n<h2 class=\"wp-block-heading\">The package includes<\/h2>\n\n\n\n<ul class=\"wp-block-list\">\n<li>stay in the comfortable room for 7 nights<\/li>\n\n\n\n<li>buffet breakfast<\/li>\n\n\n\n<li>buffet dinner<\/li>\n\n\n\n<li>1x access to the wellness area (<strong>Swimming Pool and Babie`s aqua zone<\/strong>) daily from 7:00 do 22:00) for 120 minutes every day\u00a0<\/li>\n<\/ul>\n\n\n\n<p>and all applicable taxes. <em>City tax of 40 CZK per person per night is not included.<\/em><\/p>\n\n\n\n<div class=\"wp-block-buttons is-layout-flex wp-block-buttons-is-layout-flex\">\n<div class=\"wp-block-button btnalt\"><a class=\"wp-block-button__link wp-element-button\" href=\"https:\/\/hotelharmony.book-onlinenow.net\/index.aspx?page=26\" target=\"_blank\" rel=\"noopener\">Book now<\/a><\/div>\n<\/div>\n\n\n\n<p>&nbsp;<\/p>\n\n\n\n<h3 class=\"wp-block-heading\">Payment terms<\/h3>\n\n\n\n<ul class=\"wp-block-list\">\n<li><strong>50% deposit&nbsp;<\/strong>will be charged to your debet\/credit card upon reservation with option of&nbsp;<strong>s mo\u017enost\u00ed vr\u00e1cen\u00ed cel\u00e9 \u010d\u00e1stky v p\u0159\u00edpad\u011b zru\u0161en\u00ed&nbsp;30 nebo v\u00edce dn\u00ed p\u0159ed p\u0159\u00edjezdem. <\/strong><\/li>\n\n\n\n<li><strong>When cancelled 29 and less days before the date of arrival, the reservation becomes non-refundable.<\/strong><\/li>\n<\/ul>","protected":false},"excerpt":{"rendered":"<p>Chcete si u\u017e\u00edt zimn\u00ed poh\u00e1dku v sam\u00e9m srdci Krkono\u0161? Zastavte se nadechnout a najd\u011bte svou vlastn\u00ed harmonii. Rezervujte si pobyt ve ski-in ski-out Hotelu Harmony. Bal\u00ed\u010dek se vstupem do wellness a polopenz\u00ed na 7 noc\u00ed &nbsp; Bal\u00ed\u010dek obsahuje a v\u0161echny p\u0159\u00edslu\u0161n\u00e9 dan\u011b. M\u011bstsk\u00e1 da\u0148 ve v\u00fd\u0161i 40 CZK na osobu a noc nen\u00ed v cen\u011b. [&hellip;]<\/p>\n","protected":false},"author":1,"featured_media":1272,"parent":21,"menu_order":0,"comment_status":"closed","ping_status":"closed","template":"","meta":{"footnotes":""},"class_list":["post-1271","page","type-page","status-publish","has-post-thumbnail","hentry"],"_links":{"self":[{"href":"https:\/\/harmonyhotel.cz\/en\/wp-json\/wp\/v2\/pages\/1271","targetHints":{"allow":["GET"]}}],"collection":[{"href":"https:\/\/harmonyhotel.cz\/en\/wp-json\/wp\/v2\/pages"}],"about":[{"href":"https:\/\/harmonyhotel.cz\/en\/wp-json\/wp\/v2\/types\/page"}],"author":[{"embeddable":true,"href":"https:\/\/harmonyhotel.cz\/en\/wp-json\/wp\/v2\/users\/1"}],"replies":[{"embeddable":true,"href":"https:\/\/harmonyhotel.cz\/en\/wp-json\/wp\/v2\/comments?post=1271"}],"version-history":[{"count":7,"href":"https:\/\/harmonyhotel.cz\/en\/wp-json\/wp\/v2\/pages\/1271\/revisions"}],"predecessor-version":[{"id":1417,"href":"https:\/\/harmonyhotel.cz\/en\/wp-json\/wp\/v2\/pages\/1271\/revisions\/1417"}],"up":[{"embeddable":true,"href":"https:\/\/harmonyhotel.cz\/en\/wp-json\/wp\/v2\/pages\/21"}],"wp:featuredmedia":[{"embeddable":true,"href":"https:\/\/harmonyhotel.cz\/en\/wp-json\/wp\/v2\/media\/1272"}],"wp:attachment":[{"href":"https:\/\/harmonyhotel.cz\/en\/wp-json\/wp\/v2\/media?parent=1271"}],"curies":[{"name":"wp","href":"https:\/\/api.w.org\/{rel}","templated":true}]}}