{"id":1261,"date":"2024-09-03T22:50:26","date_gmt":"2024-09-03T20:50:26","guid":{"rendered":"https:\/\/harmonyhotel.cz\/?page_id=1261"},"modified":"2025-11-06T22:11:43","modified_gmt":"2025-11-06T21:11:43","slug":"balicek-s-wellness-a-polopenzi","status":"publish","type":"page","link":"https:\/\/harmonyhotel.cz\/en\/specialni-nabidky\/balicek-s-wellness-a-polopenzi\/","title":{"rendered":"Package with Wellness and Halfboard"},"content":{"rendered":"<p>Do you want to enjoy the natural beauty of the Krkono\u0161e Mountains? Stop to breathe and find your own harmony. Book at least one night at the ski-in ski-out Harmony Hotel.&nbsp;<\/p>\n\n\n\n<h2 class=\"wp-block-heading\">The package includes<\/h2>\n\n\n\n<ul class=\"wp-block-list\">\n<li>stay in the comfortable room<\/li>\n\n\n\n<li>buffet breakfast<\/li>\n\n\n\n<li>buffet dinner<\/li>\n\n\n\n<li>1x access to the wellness area (<strong>Swimming Pool and Babie`s aqua zone<\/strong>) daily from 7:00 until 11:30, and again from 14:00 do 22:00) for 120 minutes every day&nbsp;<\/li>\n<\/ul>\n\n\n\n<p><em>The rate includes breakfast, dinner, tax and the services mentioned above.<br>City tax of 40 CZK per person per night is not included.<\/em><\/p>\n\n\n\n<div class=\"wp-block-buttons is-layout-flex wp-block-buttons-is-layout-flex\">\n<div class=\"wp-block-button btnalt\"><a class=\"wp-block-button__link wp-element-button\" href=\"https:\/\/hotelharmony.book-onlinenow.net\/index.aspx?lan_id=en-US&amp;cur=EUR\" target=\"_blank\" rel=\"noopener noreferrer noopener\">Book package<\/a><\/div>\n<\/div>\n\n\n\n<p>&nbsp;<\/p>\n\n\n\n<h3 class=\"wp-block-heading\">Payment terms<\/h3>\n\n\n\n<p><strong>Flexible Payment Policy:<\/strong><\/p>\n\n\n\n<ul class=\"wp-block-list\">\n<li class=\"translation-block\">The hotel requires credit card information only to <strong>guarantee and pre-authorize<\/strong> your reservation.No reservation fee will be charged to your credit card.<\/li>\n\n\n\n<li class=\"translation-block\"><strong>Pre-authorization = full blocking of funds = will be done<\/strong>\u00a0<strong>8<\/strong>\u00a0<strong>or less days before the arrival date and if the card cannot be pre-authorized, the reservation may be refused.<\/strong><\/li>\n\n\n\n<li>Cancellation is free of charge if the cancellation conditions of the reservation are observed. No show is charged according to the hotel's valid cancellation conditions.<\/li>\n\n\n\n<li>Advance payment: 0% (no fee will be charged)<\/li>\n<\/ul>\n\n\n\n<p><\/p>","protected":false},"excerpt":{"rendered":"<p>Chcete si u\u017e\u00edt kr\u00e1sy p\u0159\u00edrody Krkono\u0161? Zastavte se vydechnout a nal\u00e9zt vlastn\u00ed harmonii. Rezervujte si alespo\u0148 jednu noc ve ski-in ski-out Hotelu Harmony.&nbsp; Bal\u00ed\u010dek obsahuje Cena zahrnuje sn\u00eddani, ve\u010de\u0159i, da\u0148 a v\u00fd\u0161e uveden\u00e9 slu\u017eby.M\u011bstsk\u00e1 da\u0148 ve v\u00fd\u0161i 40 CZK na osobu a noc nen\u00ed v cen\u011b. &nbsp; Platebn\u00ed podm\u00ednky S mo\u017enost\u00ed storna:<\/p>","protected":false},"author":1,"featured_media":310,"parent":21,"menu_order":0,"comment_status":"closed","ping_status":"closed","template":"","meta":{"footnotes":""},"class_list":["post-1261","page","type-page","status-publish","has-post-thumbnail","hentry"],"_links":{"self":[{"href":"https:\/\/harmonyhotel.cz\/en\/wp-json\/wp\/v2\/pages\/1261","targetHints":{"allow":["GET"]}}],"collection":[{"href":"https:\/\/harmonyhotel.cz\/en\/wp-json\/wp\/v2\/pages"}],"about":[{"href":"https:\/\/harmonyhotel.cz\/en\/wp-json\/wp\/v2\/types\/page"}],"author":[{"embeddable":true,"href":"https:\/\/harmonyhotel.cz\/en\/wp-json\/wp\/v2\/users\/1"}],"replies":[{"embeddable":true,"href":"https:\/\/harmonyhotel.cz\/en\/wp-json\/wp\/v2\/comments?post=1261"}],"version-history":[{"count":8,"href":"https:\/\/harmonyhotel.cz\/en\/wp-json\/wp\/v2\/pages\/1261\/revisions"}],"predecessor-version":[{"id":2182,"href":"https:\/\/harmonyhotel.cz\/en\/wp-json\/wp\/v2\/pages\/1261\/revisions\/2182"}],"up":[{"embeddable":true,"href":"https:\/\/harmonyhotel.cz\/en\/wp-json\/wp\/v2\/pages\/21"}],"wp:featuredmedia":[{"embeddable":true,"href":"https:\/\/harmonyhotel.cz\/en\/wp-json\/wp\/v2\/media\/310"}],"wp:attachment":[{"href":"https:\/\/harmonyhotel.cz\/en\/wp-json\/wp\/v2\/media?parent=1261"}],"curies":[{"name":"wp","href":"https:\/\/api.w.org\/{rel}","templated":true}]}}