{"id":1090,"date":"2024-06-16T21:19:37","date_gmt":"2024-06-16T19:19:37","guid":{"rendered":"https:\/\/harmonyhotel.cz\/?page_id=1090"},"modified":"2025-09-12T14:41:03","modified_gmt":"2025-09-12T12:41:03","slug":"shooting-range","status":"publish","type":"page","link":"https:\/\/harmonyhotel.cz\/en\/aktivity\/strelnice\/","title":{"rendered":"Shooting range"},"content":{"rendered":"<div class=\"wp-block-media-text has-media-on-the-right is-stacked-on-mobile is-image-fill-element\"><div class=\"wp-block-media-text__content\">\n<p>The hotel also has a unique shooting range<\/p>\n\n\n\n<p><strong>Price list<\/strong><\/p>\n\n\n\n<ul class=\"wp-block-list\">\n<li>1 pistol + 10 cartridges 500 CZK excl. VAT.<\/li>\n\n\n\n<li>2 weapons + 10 drinks 800 CZK excl. VAT.<\/li>\n\n\n\n<li>3 weapons + 10 drinks 1100 CZK excl. VAT.<\/li>\n\n\n\n<li>4 weapons + 10 drinks 1400 CZK excl. VAT.<\/li>\n<\/ul>\n\n\n\n<p>When shooting with a rifle, shotgun or submachine gun, only 5 bullets are included, more can be purchased for 200 CZK.<\/p>\n\n\n\n<p>The contact for the gunner is +420 602 163 444<br>Email:\u00a0<a href=\"mailto:info@heli-spindl.cz\">info@heli-spindl.cz<\/a><\/p>\n\n\n\n<p><em>If you do not come to the shooting range after your previous order, a cancellation fee will be charged.<\/em><\/p>\n<\/div><figure class=\"wp-block-media-text__media\"><a href=\"https:\/\/harmonyhotel.cz\/wp-content\/uploads\/2024\/06\/Strelnice-Harmony-Hotel-Spindleruv-Mlyn-2.jpg\"><img loading=\"lazy\" decoding=\"async\" width=\"800\" height=\"500\" src=\"https:\/\/harmonyhotel.cz\/wp-content\/uploads\/2024\/06\/Strelnice-Harmony-Hotel-Spindleruv-Mlyn-2-800x500.jpg\" alt=\"Shooting range \u2013 Harmony Hotel \u0160pindler\u016fv Ml\u00fdn 2\" class=\"wp-image-1093 size-medium\" style=\"object-position:50% 50%\" srcset=\"https:\/\/harmonyhotel.cz\/wp-content\/uploads\/2024\/06\/Strelnice-Harmony-Hotel-Spindleruv-Mlyn-2-800x500.jpg 800w, https:\/\/harmonyhotel.cz\/wp-content\/uploads\/2024\/06\/Strelnice-Harmony-Hotel-Spindleruv-Mlyn-2-1600x1000.jpg 1600w, https:\/\/harmonyhotel.cz\/wp-content\/uploads\/2024\/06\/Strelnice-Harmony-Hotel-Spindleruv-Mlyn-2-18x12.jpg 18w, https:\/\/harmonyhotel.cz\/wp-content\/uploads\/2024\/06\/Strelnice-Harmony-Hotel-Spindleruv-Mlyn-2.jpg 1920w\" sizes=\"auto, (max-width: 800px) 100vw, 800px\" \/><\/a><\/figure><\/div>\n\n\n\n<p><\/p>","protected":false},"excerpt":{"rendered":"","protected":false},"author":1,"featured_media":1096,"parent":19,"menu_order":0,"comment_status":"closed","ping_status":"closed","template":"","meta":{"footnotes":""},"class_list":["post-1090","page","type-page","status-publish","has-post-thumbnail","hentry"],"_links":{"self":[{"href":"https:\/\/harmonyhotel.cz\/en\/wp-json\/wp\/v2\/pages\/1090","targetHints":{"allow":["GET"]}}],"collection":[{"href":"https:\/\/harmonyhotel.cz\/en\/wp-json\/wp\/v2\/pages"}],"about":[{"href":"https:\/\/harmonyhotel.cz\/en\/wp-json\/wp\/v2\/types\/page"}],"author":[{"embeddable":true,"href":"https:\/\/harmonyhotel.cz\/en\/wp-json\/wp\/v2\/users\/1"}],"replies":[{"embeddable":true,"href":"https:\/\/harmonyhotel.cz\/en\/wp-json\/wp\/v2\/comments?post=1090"}],"version-history":[{"count":2,"href":"https:\/\/harmonyhotel.cz\/en\/wp-json\/wp\/v2\/pages\/1090\/revisions"}],"predecessor-version":[{"id":2077,"href":"https:\/\/harmonyhotel.cz\/en\/wp-json\/wp\/v2\/pages\/1090\/revisions\/2077"}],"up":[{"embeddable":true,"href":"https:\/\/harmonyhotel.cz\/en\/wp-json\/wp\/v2\/pages\/19"}],"wp:featuredmedia":[{"embeddable":true,"href":"https:\/\/harmonyhotel.cz\/en\/wp-json\/wp\/v2\/media\/1096"}],"wp:attachment":[{"href":"https:\/\/harmonyhotel.cz\/en\/wp-json\/wp\/v2\/media?parent=1090"}],"curies":[{"name":"wp","href":"https:\/\/api.w.org\/{rel}","templated":true}]}}