{"id":1001,"date":"2024-06-15T23:01:23","date_gmt":"2024-06-15T21:01:23","guid":{"rendered":"https:\/\/harmonyhotel.cz\/?page_id=1001"},"modified":"2025-10-27T23:02:22","modified_gmt":"2025-10-27T22:02:22","slug":"darkovy-poukaz","status":"publish","type":"page","link":"https:\/\/harmonyhotel.cz\/en\/darkovy-poukaz\/","title":{"rendered":"Gift voucher"},"content":{"rendered":"<ul class=\"wp-block-list\">\n<li><strong>Gift Voucher 3.000 CZK<\/strong><\/li>\n\n\n\n<li><strong>Gift Voucher 5.000 CZK<\/strong><\/li>\n\n\n\n<li><strong>Gift Voucher 10.000 CZK<\/strong><\/li>\n\n\n\n<li><strong>Gift Voucher 15.00O CZK<\/strong><\/li>\n<\/ul>\n\n\n\n<p><strong>The gift voucher can be used for all services at Hotel Harmony and is valid for one year from the date of purchase.<\/strong><\/p>\n\n\n\n<div style=\"height:50px\" aria-hidden=\"true\" class=\"wp-block-spacer\"><\/div>\n\n\n\n<div class=\"wp-block-columns is-layout-flex wp-container-core-columns-is-layout-9d6595d7 wp-block-columns-is-layout-flex\">\n<div class=\"wp-block-column is-layout-flow wp-block-column-is-layout-flow\" style=\"flex-basis:25%\">\n<figure class=\"wp-block-image size-medium\"><a href=\"https:\/\/hotelharmony.book-onlinenow.net\/gift\/gift.aspx?Page=0&amp;lan_id=en-US\" target=\"_blank\" rel=\"noopener\"><img loading=\"lazy\" decoding=\"async\" width=\"800\" height=\"400\" src=\"https:\/\/harmonyhotel.cz\/wp-content\/uploads\/2025\/10\/Harmony_3000-800x400.webp\" alt=\"Harmony - D\u00e1rkov\u00fd poukaz - 3000\" class=\"wp-image-2139\" srcset=\"https:\/\/harmonyhotel.cz\/wp-content\/uploads\/2025\/10\/Harmony_3000-800x400.webp 800w, https:\/\/harmonyhotel.cz\/wp-content\/uploads\/2025\/10\/Harmony_3000-1600x800.webp 1600w, https:\/\/harmonyhotel.cz\/wp-content\/uploads\/2025\/10\/Harmony_3000-18x9.webp 18w\" sizes=\"auto, (max-width: 800px) 100vw, 800px\" \/><\/a><\/figure>\n\n\n\n<div class=\"wp-block-buttons is-layout-flex wp-block-buttons-is-layout-flex\">\n<div class=\"wp-block-button\"><a class=\"wp-block-button__link wp-element-button\" href=\"https:\/\/hotelharmony.book-onlinenow.net\/gift\/gift.aspx?Page=0&amp;lan_id=en-US\" target=\"_blank\" rel=\"noreferrer noopener\">Buy a voucher<\/a><\/div>\n<\/div>\n<\/div>\n\n\n\n<div class=\"wp-block-column is-layout-flow wp-block-column-is-layout-flow\" style=\"flex-basis:25%\">\n<figure class=\"wp-block-image size-medium\"><a href=\"https:\/\/hotelharmony.book-onlinenow.net\/gift\/gift.aspx?Page=0&amp;lan_id=en-US\" target=\"_blank\" rel=\"noopener\"><img loading=\"lazy\" decoding=\"async\" width=\"800\" height=\"400\" src=\"https:\/\/harmonyhotel.cz\/wp-content\/uploads\/2025\/10\/Harmony_5000-800x400.webp\" alt=\"Harmony - D\u00e1rkov\u00fd poukaz - 5000\" class=\"wp-image-2142\" srcset=\"https:\/\/harmonyhotel.cz\/wp-content\/uploads\/2025\/10\/Harmony_5000-800x400.webp 800w, https:\/\/harmonyhotel.cz\/wp-content\/uploads\/2025\/10\/Harmony_5000-1600x800.webp 1600w, https:\/\/harmonyhotel.cz\/wp-content\/uploads\/2025\/10\/Harmony_5000-18x9.webp 18w\" sizes=\"auto, (max-width: 800px) 100vw, 800px\" \/><\/a><\/figure>\n\n\n\n<div class=\"wp-block-buttons is-layout-flex wp-block-buttons-is-layout-flex\">\n<div class=\"wp-block-button\"><a class=\"wp-block-button__link wp-element-button\" href=\"https:\/\/hotelharmony.book-onlinenow.net\/gift\/gift.aspx?Page=0&amp;lan_id=en-US\" target=\"_blank\" rel=\"noreferrer noopener\">Buy a voucher<\/a><\/div>\n<\/div>\n<\/div>\n\n\n\n<div class=\"wp-block-column is-layout-flow wp-block-column-is-layout-flow\" style=\"flex-basis:25%\">\n<figure class=\"wp-block-image size-medium\"><a href=\"https:\/\/hotelharmony.book-onlinenow.net\/gift\/gift.aspx?Page=0&amp;lan_id=en-US\" target=\"_blank\" rel=\"noopener\"><img loading=\"lazy\" decoding=\"async\" width=\"800\" height=\"400\" src=\"https:\/\/harmonyhotel.cz\/wp-content\/uploads\/2025\/10\/Harmony_10000-800x400.webp\" alt=\"Harmony - D\u00e1rkov\u00fd poukaz - 10000\" class=\"wp-image-2141\" srcset=\"https:\/\/harmonyhotel.cz\/wp-content\/uploads\/2025\/10\/Harmony_10000-800x400.webp 800w, https:\/\/harmonyhotel.cz\/wp-content\/uploads\/2025\/10\/Harmony_10000-1600x800.webp 1600w, https:\/\/harmonyhotel.cz\/wp-content\/uploads\/2025\/10\/Harmony_10000-18x9.webp 18w\" sizes=\"auto, (max-width: 800px) 100vw, 800px\" \/><\/a><\/figure>\n\n\n\n<div class=\"wp-block-buttons is-layout-flex wp-block-buttons-is-layout-flex\">\n<div class=\"wp-block-button\"><a class=\"wp-block-button__link wp-element-button\" href=\"https:\/\/hotelharmony.book-onlinenow.net\/gift\/gift.aspx?Page=0&amp;lan_id=en-US\" target=\"_blank\" rel=\"noreferrer noopener\">Buy a voucher<\/a><\/div>\n<\/div>\n<\/div>\n\n\n\n<div class=\"wp-block-column is-layout-flow wp-block-column-is-layout-flow\" style=\"flex-basis:25%\">\n<figure class=\"wp-block-image size-medium\"><a href=\"https:\/\/hotelharmony.book-onlinenow.net\/gift\/gift.aspx?Page=0&amp;lan_id=cs-CZhttps:\/\/hotelharmony.book-onlinenow.net\/gift\/gift.aspx?Page=0&amp;lan_id=cs-CZ\" target=\"_blank\" rel=\"noopener\"><img loading=\"lazy\" decoding=\"async\" width=\"800\" height=\"400\" src=\"https:\/\/harmonyhotel.cz\/wp-content\/uploads\/2025\/10\/Harmony_15000-800x400.webp\" alt=\"Harmony - D\u00e1rkov\u00fd poukaz - 15000\" class=\"wp-image-2140\" srcset=\"https:\/\/harmonyhotel.cz\/wp-content\/uploads\/2025\/10\/Harmony_15000-800x400.webp 800w, https:\/\/harmonyhotel.cz\/wp-content\/uploads\/2025\/10\/Harmony_15000-1600x800.webp 1600w, https:\/\/harmonyhotel.cz\/wp-content\/uploads\/2025\/10\/Harmony_15000-18x9.webp 18w\" sizes=\"auto, (max-width: 800px) 100vw, 800px\" \/><\/a><\/figure>\n\n\n\n<div class=\"wp-block-buttons is-layout-flex wp-block-buttons-is-layout-flex\">\n<div class=\"wp-block-button\"><a class=\"wp-block-button__link wp-element-button\" href=\"https:\/\/hotelharmony.book-onlinenow.net\/gift\/gift.aspx?Page=0&amp;lan_id=en-US\" target=\"_blank\" rel=\"noreferrer noopener\">Buy a voucher<\/a><\/div>\n<\/div>\n<\/div>\n<\/div>\n\n\n\n<div style=\"height:50px\" aria-hidden=\"true\" class=\"wp-block-spacer\"><\/div>\n\n\n\n<h2 class=\"wp-block-heading\">You can choose from the following services:<\/h2>\n\n\n\n<ul class=\"wp-block-list\">\n<li>Accommodation including a rich breakfast buffet<\/li>\n\n\n\n<li>Entrance to the wellness area<\/li>\n\n\n\n<li>Massage<\/li>\n\n\n\n<li>consumption in the restaurant<\/li>\n<\/ul>\n\n\n\n<p>Make your loved ones happy and give them an unforgettable experience at Harmony Hotel.<\/p>\n\n\n\n<div style=\"height:50px\" aria-hidden=\"true\" class=\"wp-block-spacer\"><\/div>\n\n\n\n<h2 class=\"wp-block-heading\">Gift voucher \u2013 payment conditions<\/h2>\n\n\n\n<ul class=\"wp-block-list\">\n<li>The total amount of vouchers purchased will be deducted from your credit card upon completion of the online booking.<\/li>\n\n\n\n<li>If you choose the bank transfer option, the voucher will be sent to you after the payment has been credited to our account.<\/li>\n\n\n\n<li>Cancellation is not possible.<\/li>\n\n\n\n<li>We will send you the gift voucher according to your wishes: by post or by e-mail.<\/li>\n\n\n\n<li>If you have any questions, please, do not hesitate to contact us.<\/li>\n<\/ul>\n\n\n\n<div style=\"height:50px\" aria-hidden=\"true\" class=\"wp-block-spacer\"><\/div>\n\n\n\n<h2 class=\"wp-block-heading\">Gift voucher \u2013 payment conditions<\/h2>\n\n\n\n<ul class=\"wp-block-list\">\n<li>The gift voucher is valid until <strong>rok od data zakoupen\u00ed<\/strong><\/li>\n\n\n\n<li>If the gift voucher is not used up by the end of its validity, it will be forfeited without any compensation (cancellation is not possible).<\/li>\n\n\n\n<li>If you have any questions, please, do not hesitate to contact us.<\/li>\n<\/ul>\n\n\n\n<div style=\"height:50px\" aria-hidden=\"true\" class=\"wp-block-spacer\"><\/div>\n\n\n\n<p><a href=\"mailto:hotel@harmonyhotel.cz\" target=\"_blank\" rel=\"noreferrer noopener\"><strong>hotel@harmonyhotel.cz<\/strong><\/a> \/ <strong><a href=\"https:\/\/gmitter.eu\/?page_id=437\" target=\"_blank\" rel=\"noreferrer noopener\">+420 499 469 111<\/a><\/strong><\/p>\n\n\n\n<p>&nbsp;<\/p>\n\n\n<div class=\"wp-block-image\">\n<figure class=\"aligncenter size-medium\"><img loading=\"lazy\" decoding=\"async\" width=\"800\" height=\"534\" src=\"https:\/\/harmonyhotel.cz\/wp-content\/uploads\/2025\/02\/Harmony_darkovy-poukaz_1600x1067-800x534.jpg\" alt=\"D\u00e1rkov\u00fd poukaz - voucher\" class=\"wp-image-1457\" style=\"object-fit:cover\" srcset=\"https:\/\/harmonyhotel.cz\/wp-content\/uploads\/2025\/02\/Harmony_darkovy-poukaz_1600x1067-800x534.jpg 800w, https:\/\/harmonyhotel.cz\/wp-content\/uploads\/2025\/02\/Harmony_darkovy-poukaz_1600x1067-18x12.jpg 18w, https:\/\/harmonyhotel.cz\/wp-content\/uploads\/2025\/02\/Harmony_darkovy-poukaz_1600x1067.jpg 1600w\" sizes=\"auto, (max-width: 800px) 100vw, 800px\" \/><\/figure>\n<\/div>","protected":false},"excerpt":{"rendered":"<p>D\u00e1rkov\u00fd poukaz je mo\u017en\u00e9 uplatnit na v\u0161echny slu\u017eby Hotelu Harmony s platnost\u00ed rok od data zakoupen\u00ed Vyb\u00edrat m\u016f\u017eete z&nbsp;n\u00e1sleduj\u00edc\u00edch slu\u017eeb Ud\u011blejte radost sv\u00fdm bl\u00edzk\u00fdm a darujte jim nezapomenuteln\u00fd z\u00e1\u017eitek v&nbsp;Hotelu Harmony. D\u00e1rkov\u00fd poukaz \u2013 platebn\u00ed podm\u00ednky D\u00e1rkov\u00e9 poukazy \u2013 platnost a storno podm\u00ednky hotel@harmonyhotel.cz \/ +420 499 469 111 &nbsp;<\/p>","protected":false},"author":1,"featured_media":1457,"parent":0,"menu_order":0,"comment_status":"closed","ping_status":"closed","template":"","meta":{"footnotes":""},"class_list":["post-1001","page","type-page","status-publish","has-post-thumbnail","hentry"],"_links":{"self":[{"href":"https:\/\/harmonyhotel.cz\/en\/wp-json\/wp\/v2\/pages\/1001","targetHints":{"allow":["GET"]}}],"collection":[{"href":"https:\/\/harmonyhotel.cz\/en\/wp-json\/wp\/v2\/pages"}],"about":[{"href":"https:\/\/harmonyhotel.cz\/en\/wp-json\/wp\/v2\/types\/page"}],"author":[{"embeddable":true,"href":"https:\/\/harmonyhotel.cz\/en\/wp-json\/wp\/v2\/users\/1"}],"replies":[{"embeddable":true,"href":"https:\/\/harmonyhotel.cz\/en\/wp-json\/wp\/v2\/comments?post=1001"}],"version-history":[{"count":14,"href":"https:\/\/harmonyhotel.cz\/en\/wp-json\/wp\/v2\/pages\/1001\/revisions"}],"predecessor-version":[{"id":2144,"href":"https:\/\/harmonyhotel.cz\/en\/wp-json\/wp\/v2\/pages\/1001\/revisions\/2144"}],"wp:featuredmedia":[{"embeddable":true,"href":"https:\/\/harmonyhotel.cz\/en\/wp-json\/wp\/v2\/media\/1457"}],"wp:attachment":[{"href":"https:\/\/harmonyhotel.cz\/en\/wp-json\/wp\/v2\/media?parent=1001"}],"curies":[{"name":"wp","href":"https:\/\/api.w.org\/{rel}","templated":true}]}}