{"id":844,"date":"2024-06-14T01:10:25","date_gmt":"2024-06-13T23:10:25","guid":{"rendered":"https:\/\/harmonyhotel.cz\/?page_id=844"},"modified":"2024-06-16T20:03:56","modified_gmt":"2024-06-16T18:03:56","slug":"aktivzone-fur-kinder","status":"publish","type":"page","link":"https:\/\/harmonyhotel.cz\/de\/aktivity\/aktivni-zona-pro-deti\/","title":{"rendered":"Aktivzone f\u00fcr Kinder"},"content":{"rendered":"<div class=\"wp-block-media-text has-media-on-the-right is-stacked-on-mobile is-image-fill\"><div class=\"wp-block-media-text__content\">\n<p>Spektakul\u00e4res Kinderspielzimmer mit Rutsche<\/p>\n\n\n\n<p>Das Kinderspielzimmer wurde zur Jahreswende 2019 gebaut - die Spielzimmerfl\u00e4che betr\u00e4gt etwa 70 Quadratmeter.<\/p>\n\n\n\n<p>Kostenlos f\u00fcr Hotelg\u00e4ste mit der Hotelzimmerkarte<\/p>\n<\/div><figure class=\"wp-block-media-text__media\" style=\"background-image:url(https:\/\/harmonyhotel.cz\/wp-content\/uploads\/2024\/06\/Harmony-Hotel-Spindleruv-Mlyn-Kids-play-area-3-800x450.jpg);background-position:50% 50%\"><a href=\"https:\/\/harmonyhotel.cz\/wp-content\/uploads\/2024\/06\/Harmony-Hotel-Spindleruv-Mlyn-Kids-play-area-3.jpg\"><img loading=\"lazy\" decoding=\"async\" width=\"800\" height=\"450\" src=\"https:\/\/harmonyhotel.cz\/wp-content\/uploads\/2024\/06\/Harmony-Hotel-Spindleruv-Mlyn-Kids-play-area-3-800x450.jpg\" alt=\"Harmony Hotel \u0160pindler\u016fv Ml\u00fdn - Kinderspielplatz 2\" class=\"wp-image-852 size-medium\" srcset=\"https:\/\/harmonyhotel.cz\/wp-content\/uploads\/2024\/06\/Harmony-Hotel-Spindleruv-Mlyn-Kids-play-area-3-800x450.jpg 800w, https:\/\/harmonyhotel.cz\/wp-content\/uploads\/2024\/06\/Harmony-Hotel-Spindleruv-Mlyn-Kids-play-area-3-1600x900.jpg 1600w, https:\/\/harmonyhotel.cz\/wp-content\/uploads\/2024\/06\/Harmony-Hotel-Spindleruv-Mlyn-Kids-play-area-3.jpg 1920w\" sizes=\"auto, (max-width: 800px) 100vw, 800px\" \/><\/a><\/figure><\/div>\n\n\n\n<div class=\"wp-block-media-text is-stacked-on-mobile is-image-fill\"><figure class=\"wp-block-media-text__media\" style=\"background-image:url(https:\/\/harmonyhotel.cz\/wp-content\/uploads\/2024\/06\/Harmony-Hotel-Spindleruv-Mlyn-Kids-play-area-1-800x450.jpg);background-position:50% 50%\"><a href=\"https:\/\/harmonyhotel.cz\/wp-content\/uploads\/2024\/06\/Harmony-Hotel-Spindleruv-Mlyn-Kids-play-area-1.jpg\"><img loading=\"lazy\" decoding=\"async\" width=\"800\" height=\"450\" src=\"Harmony Hotel Spindlerm\u00fchle \u2013 Kinderspielplatz 1\" alt=\"Harmony Hotel \u0160pindler\u016fv Ml\u00fdn - Kids play area 1\" class=\"wp-image-854 size-medium\" srcset=\"\" sizes=\"auto, (max-width: 800px) 100vw, 800px\" data-srcset=\"\" \/><\/a><\/figure><div class=\"wp-block-media-text__content\">\n<p>Zentrales Spielelement ist ein netzgesichertes Kletterger\u00fcst mit einer H\u00f6he von bis zu 3,8 Metern und eine Abfahrtsrutsche. F\u00fcr die Kinder gibt es Boxs\u00e4cke, interessante Kletterger\u00fcste, Schlagl\u00f6cher, Matten und der gesamte Bereich wird durch Spielmodule aus weichen Materialien f\u00fcr die Kleinsten erg\u00e4nzt. <\/p>\n<\/div><\/div>\n\n\n\n<div class=\"wp-block-media-text has-media-on-the-right is-stacked-on-mobile is-image-fill\"><div class=\"wp-block-media-text__content\">\n<p>In der Zeit von Mitte Dezember bis M\u00e4rz und w\u00e4hrend der Sommerferien werden im Kinderspielzimmer und au\u00dferhalb des Kinderspielzimmers unter der Leitung von erfahrenen Animateuren Animationsprogramme durchgef\u00fchrt.<\/p>\n<\/div><figure class=\"wp-block-media-text__media\" style=\"background-image:url(https:\/\/harmonyhotel.cz\/wp-content\/uploads\/2024\/06\/Harmony-Hotel-Spindleruv-Mlyn-Lyzarska-skola-3-800x533.jpg);background-position:50% 50%\"><a href=\"https:\/\/harmonyhotel.cz\/wp-content\/uploads\/2024\/06\/Harmony-Hotel-Spindleruv-Mlyn-Lyzarska-skola-3.jpg\"><img loading=\"lazy\" decoding=\"async\" width=\"800\" height=\"533\" src=\"https:\/\/harmonyhotel.cz\/wp-content\/uploads\/2024\/06\/Harmony-Hotel-Spindleruv-Mlyn-Lyzarska-skola-3-800x533.jpg\" alt=\"Skischule - Harmony Hotel Spindlerm\u00fchle 3\" class=\"wp-image-806 size-medium\" srcset=\"https:\/\/harmonyhotel.cz\/wp-content\/uploads\/2024\/06\/Harmony-Hotel-Spindleruv-Mlyn-Lyzarska-skola-3-800x533.jpg 800w, https:\/\/harmonyhotel.cz\/wp-content\/uploads\/2024\/06\/Harmony-Hotel-Spindleruv-Mlyn-Lyzarska-skola-3-1600x1067.jpg 1600w, https:\/\/harmonyhotel.cz\/wp-content\/uploads\/2024\/06\/Harmony-Hotel-Spindleruv-Mlyn-Lyzarska-skola-3.jpg 1620w\" sizes=\"auto, (max-width: 800px) 100vw, 800px\" \/><\/a><\/figure><\/div>","protected":false},"excerpt":{"rendered":"<p>Velkolep\u00e1 d\u011btsk\u00e1 herna s tobog\u00e1nem D\u011btsk\u00e1 herna byla vybudov\u00e1na na p\u0159elomu roku 2019 \u2013 prostor herny je cca 70 metr\u016f \u010dtvere\u010dn\u00edch. Zdarma pro hotelov\u00e9 hosty na hotelovou kartu od pokoje Hlavn\u00edm hern\u00edm prvkem je zas\u00ed\u0165ovan\u00e1 bezpe\u010dn\u00e1 prol\u00e9za\u010dka s\u00a0v\u00fd\u0161kou a\u017e 3,8 metr\u016f dopln\u011bn\u00e1 odjezdov\u00fdm tobog\u00e1nem. D\u011bti zde naleznou boxovac\u00ed pytle, zaj\u00edmav\u00e9 prol\u00e9za\u010dky, d\u011brov\u00e9 pr\u016flezy, \u017e\u00edn\u011bnky a [&hellip;]<\/p>\n","protected":false},"author":1,"featured_media":737,"parent":19,"menu_order":0,"comment_status":"closed","ping_status":"closed","template":"","meta":{"footnotes":""},"class_list":["post-844","page","type-page","status-publish","has-post-thumbnail","hentry"],"_links":{"self":[{"href":"https:\/\/harmonyhotel.cz\/de\/wp-json\/wp\/v2\/pages\/844","targetHints":{"allow":["GET"]}}],"collection":[{"href":"https:\/\/harmonyhotel.cz\/de\/wp-json\/wp\/v2\/pages"}],"about":[{"href":"https:\/\/harmonyhotel.cz\/de\/wp-json\/wp\/v2\/types\/page"}],"author":[{"embeddable":true,"href":"https:\/\/harmonyhotel.cz\/de\/wp-json\/wp\/v2\/users\/1"}],"replies":[{"embeddable":true,"href":"https:\/\/harmonyhotel.cz\/de\/wp-json\/wp\/v2\/comments?post=844"}],"version-history":[{"count":0,"href":"https:\/\/harmonyhotel.cz\/de\/wp-json\/wp\/v2\/pages\/844\/revisions"}],"up":[{"embeddable":true,"href":"https:\/\/harmonyhotel.cz\/de\/wp-json\/wp\/v2\/pages\/19"}],"wp:featuredmedia":[{"embeddable":true,"href":"https:\/\/harmonyhotel.cz\/de\/wp-json\/wp\/v2\/media\/737"}],"wp:attachment":[{"href":"https:\/\/harmonyhotel.cz\/de\/wp-json\/wp\/v2\/media?parent=844"}],"curies":[{"name":"wp","href":"https:\/\/api.w.org\/{rel}","templated":true}]}}