{"id":783,"date":"2024-06-13T22:32:05","date_gmt":"2024-06-13T20:32:05","guid":{"rendered":"https:\/\/harmonyhotel.cz\/?page_id=783"},"modified":"2025-06-08T12:22:35","modified_gmt":"2025-06-08T10:22:35","slug":"bunkerausstellung","status":"publish","type":"page","link":"https:\/\/harmonyhotel.cz\/de\/aktivity\/bunkr-expozice\/","title":{"rendered":"Bunkerausstellung"},"content":{"rendered":"<div class=\"wp-block-media-text has-media-on-the-right is-stacked-on-mobile is-image-fill-element\"><div class=\"wp-block-media-text__content\">\n<p><strong>Harmonie Bunker Exposition<\/strong><\/p>\n\n\n\n<p>Die Geschichte des Hotels ist eines der geheimsten Projekte in der Tschechischen Republik. Besuchen Sie unser Museum und reisen Sie zur\u00fcck ins Jahr 1984\u2026<\/p>\n\n\n\n<p><strong>T\u00e4glich ge\u00f6ffnet von 14:00 bis 18:00 Uhr<\/strong><\/p>\n<\/div><figure class=\"wp-block-media-text__media\"><a href=\"https:\/\/harmonyhotel.cz\/wp-content\/uploads\/2024\/06\/Harmony-Hotel-Spindleruv-Mlyn-BUNKR-\u2013-protiatomovy-kryt-1.jpg\"><img loading=\"lazy\" decoding=\"async\" width=\"800\" height=\"550\" src=\"https:\/\/harmonyhotel.cz\/wp-content\/uploads\/2024\/06\/Harmony-Hotel-Spindleruv-Mlyn-BUNKR-\u2013-protiatomovy-kryt-1-800x550.jpg\" alt=\"Harmony Hotel \u0160pindler\u016fv Ml\u00fdn - BUNKR - Atomschutzbunker 1\" class=\"wp-image-891 size-medium\" style=\"object-position:50% 50%\" srcset=\"https:\/\/harmonyhotel.cz\/wp-content\/uploads\/2024\/06\/Harmony-Hotel-Spindleruv-Mlyn-BUNKR-\u2013-protiatomovy-kryt-1-800x550.jpg 800w, https:\/\/harmonyhotel.cz\/wp-content\/uploads\/2024\/06\/Harmony-Hotel-Spindleruv-Mlyn-BUNKR-\u2013-protiatomovy-kryt-1.jpg 1526w\" sizes=\"auto, (max-width: 800px) 100vw, 800px\" \/><\/a><\/figure><\/div>\n\n\n\n<div class=\"wp-block-media-text is-stacked-on-mobile is-image-fill-element\"><figure class=\"wp-block-media-text__media\"><a href=\"https:\/\/harmonyhotel.cz\/wp-content\/uploads\/2024\/06\/Harmony-Hotel-Spindleruv-Mlyn-BUNKR-\u2013-protiatomovy-kryt-2.jpg\"><img loading=\"lazy\" decoding=\"async\" width=\"800\" height=\"550\" src=\"https:\/\/harmonyhotel.cz\/wp-content\/uploads\/2024\/06\/Harmony-Hotel-Spindleruv-Mlyn-BUNKR-\u2013-protiatomovy-kryt-2-800x550.jpg\" alt=\"Harmony Hotel \u0160pindler\u016fv Ml\u00fdn - BUNKR - Atomschutzbunker 2\" class=\"wp-image-890 size-medium\" style=\"object-position:50% 50%\" srcset=\"https:\/\/harmonyhotel.cz\/wp-content\/uploads\/2024\/06\/Harmony-Hotel-Spindleruv-Mlyn-BUNKR-\u2013-protiatomovy-kryt-2-800x550.jpg 800w, https:\/\/harmonyhotel.cz\/wp-content\/uploads\/2024\/06\/Harmony-Hotel-Spindleruv-Mlyn-BUNKR-\u2013-protiatomovy-kryt-2.jpg 1526w\" sizes=\"auto, (max-width: 800px) 100vw, 800px\" \/><\/a><\/figure><div class=\"wp-block-media-text__content\">\n<p>Im Jahr 1984 begann auf dem Gel\u00e4nde eines ehemaligen milit\u00e4rischen \u00dcbungsschie\u00dfplatzes am Hang des Medv\u011bd\u00edn der Bau eines einzigartigen Bauwerks \u2013 eines atomaren Schutzbunkers f\u00fcr 200 Personen, konzipiert als \u201eArbeitsplatz der Regierung im Verteidigungsfall des Staates\u201c.\n\nUnter dem heutigen Harmony Hotel befindet sich ein weitl\u00e4ufiges unterirdisches Labyrinth. Teil des Hotels war n\u00e4mlich ein riesiger Bunker, der f\u00fcr den Generalstab der damaligen Armee bestimmt war. Es handelte sich um eines der geheimsten Projekte in der Tschechischen Republik.<\/p>\n<\/div><\/div>\n\n\n\n<div class=\"wp-block-media-text has-media-on-the-right is-stacked-on-mobile is-image-fill-element\"><div class=\"wp-block-media-text__content\">\n<p>F\u00fchrungen ohne F\u00fchrer - 50 CZK \/ Person<br>Organisierte F\u00fchrungen (f\u00fcr Gruppen von 10 oder mehr Personen) - 80 CZK \/ Person<\/p>\n\n\n\n<p><em><strong>Kostenlos f\u00fcr Hotelg\u00e4ste<\/strong><\/em><\/p>\n<\/div><figure class=\"wp-block-media-text__media\"><a href=\"https:\/\/harmonyhotel.cz\/wp-content\/uploads\/2024\/06\/Harmony-Hotel-Spindleruv-Mlyn-BUNKR-\u2013-protiatomovy-kryt-3.jpg\"><img loading=\"lazy\" decoding=\"async\" width=\"800\" height=\"550\" src=\"https:\/\/harmonyhotel.cz\/wp-content\/uploads\/2024\/06\/Harmony-Hotel-Spindleruv-Mlyn-BUNKR-\u2013-protiatomovy-kryt-3-800x550.jpg\" alt=\"Harmony Hotel \u0160pindler\u016fv Ml\u00fdn - BUNKR - Atomschutzbunker 3\" class=\"wp-image-889 size-medium\" style=\"object-position:50% 50%\" srcset=\"https:\/\/harmonyhotel.cz\/wp-content\/uploads\/2024\/06\/Harmony-Hotel-Spindleruv-Mlyn-BUNKR-\u2013-protiatomovy-kryt-3-800x550.jpg 800w, https:\/\/harmonyhotel.cz\/wp-content\/uploads\/2024\/06\/Harmony-Hotel-Spindleruv-Mlyn-BUNKR-\u2013-protiatomovy-kryt-3.jpg 1526w\" sizes=\"auto, (max-width: 800px) 100vw, 800px\" \/><\/a><\/figure><\/div>\n\n\n\n<div class=\"wp-block-media-text is-stacked-on-mobile is-image-fill-element\"><figure class=\"wp-block-media-text__media\"><a href=\"https:\/\/harmonyhotel.cz\/wp-content\/uploads\/2024\/06\/Harmony-Hotel-Spindleruv-Mlyn-BUNKR-\u2013-protiatomovy-kryt-4.jpg\"><img loading=\"lazy\" decoding=\"async\" width=\"800\" height=\"550\" src=\"https:\/\/harmonyhotel.cz\/wp-content\/uploads\/2024\/06\/Harmony-Hotel-Spindleruv-Mlyn-BUNKR-\u2013-protiatomovy-kryt-4-800x550.jpg\" alt=\"Harmony Hotel \u0160pindler\u016fv Ml\u00fdn - BUNKR - Atomschutzbunker 4\" class=\"wp-image-888 size-medium\" style=\"object-position:50% 50%\" srcset=\"https:\/\/harmonyhotel.cz\/wp-content\/uploads\/2024\/06\/Harmony-Hotel-Spindleruv-Mlyn-BUNKR-\u2013-protiatomovy-kryt-4-800x550.jpg 800w, https:\/\/harmonyhotel.cz\/wp-content\/uploads\/2024\/06\/Harmony-Hotel-Spindleruv-Mlyn-BUNKR-\u2013-protiatomovy-kryt-4.jpg 1526w\" sizes=\"auto, (max-width: 800px) 100vw, 800px\" \/><\/a><\/figure><div class=\"wp-block-media-text__content\">\n<p>Die f\u00fcnf oberirdischen Etagen bieten neben zahlreichen Zimmern auch ein zw\u00f6lf Meter langes Schwimmbecken, mehrere Konferenzr\u00e4ume und Salons \u2013 sowie eine Vielzahl geheimer G\u00e4nge und R\u00e4ume, nicht nur im Untergrund.\n\nDas unterste Stockwerk liegt 15,6 Meter unter der Erde, vom Hotel selbst durch eine zwei Meter dicke Betonschicht getrennt. Zum Bunker f\u00fchren f\u00fcnf gepanzerte T\u00fcren, die ihn im Falle eines biologischen oder atomaren Angriffs hermetisch abriegeln k\u00f6nnten.\n\nVon den urspr\u00fcnglichen R\u00e4umen und G\u00e4ngen des Bunkers ist heute nur ein Torso erhalten. Die Gr\u00f6\u00dfe des vierst\u00f6ckigen unterirdischen Labyrinths entsprach genau der Kapazit\u00e4t des Hotels. F\u00fcr zweihundert Personen entwarfen die Planer Schlafr\u00e4ume, eine K\u00fcche und sogar einen Kinosaal. Die Soldaten hatten hier eine vollst\u00e4ndige Infrastruktur, um im Ernstfall mehrere Wochen zu leben und milit\u00e4rische Operationen zu leiten.<\/p>\n<\/div><\/div>\n\n\n\n<div class=\"wp-block-media-text has-media-on-the-right is-stacked-on-mobile is-image-fill-element\"><div class=\"wp-block-media-text__content\">\n<p>Der Raum mit den Reinigungsduschen und der Kontrollraum, von dem aus das Wartungspersonal noch immer die Klimaanlage, den Strom oder die Wasseraufbereitungsanlage steuert, sind original erhalten. Ebenso ist ein voll funktionsf\u00e4higer Dieselgenerator erhalten geblieben, der das Hotel bei gelegentlichen Stromausf\u00e4llen immer noch mit Strom versorgt. In einem anderen Raum k\u00f6nnen die Besucher ein Muster des ehemaligen Schlafzimmers besichtigen. In der bestehenden Schie\u00dfanlage gab es wieder einen Fluchtkorridor, der zum geplanten Hubschrauberlandeplatz f\u00fchrte, der jetzt durch Tennispl\u00e4tze ersetzt wurde. Auch ein unterirdisches Krankenhaus gibt es nicht mehr.<\/p>\n<\/div><figure class=\"wp-block-media-text__media\"><a href=\"https:\/\/harmonyhotel.cz\/wp-content\/uploads\/2024\/06\/Harmony-Hotel-Spindleruv-Mlyn-BUNKR-\u2013-protiatomovy-kryt-5.jpg\"><img loading=\"lazy\" decoding=\"async\" width=\"800\" height=\"550\" src=\"https:\/\/harmonyhotel.cz\/wp-content\/uploads\/2024\/06\/Harmony-Hotel-Spindleruv-Mlyn-BUNKR-\u2013-protiatomovy-kryt-5-800x550.jpg\" alt=\"Harmony Hotel \u0160pindler\u016fv Ml\u00fdn - BUNKR - Atomschutzbunker 5\" class=\"wp-image-887 size-medium\" style=\"object-position:50% 50%\" srcset=\"https:\/\/harmonyhotel.cz\/wp-content\/uploads\/2024\/06\/Harmony-Hotel-Spindleruv-Mlyn-BUNKR-\u2013-protiatomovy-kryt-5-800x550.jpg 800w, https:\/\/harmonyhotel.cz\/wp-content\/uploads\/2024\/06\/Harmony-Hotel-Spindleruv-Mlyn-BUNKR-\u2013-protiatomovy-kryt-5.jpg 1526w\" sizes=\"auto, (max-width: 800px) 100vw, 800px\" \/><\/a><\/figure><\/div>\n\n\n\n<div class=\"wp-block-media-text is-stacked-on-mobile is-image-fill-element\"><figure class=\"wp-block-media-text__media\"><a href=\"https:\/\/harmonyhotel.cz\/wp-content\/uploads\/2024\/06\/Harmony-Hotel-Spindleruv-Mlyn-BUNKR-\u2013-protiatomovy-kryt-6.jpg\"><img loading=\"lazy\" decoding=\"async\" width=\"800\" height=\"550\" src=\"https:\/\/harmonyhotel.cz\/wp-content\/uploads\/2024\/06\/Harmony-Hotel-Spindleruv-Mlyn-BUNKR-\u2013-protiatomovy-kryt-6-800x550.jpg\" alt=\"Harmony Hotel \u0160pindler\u016fv Ml\u00fdn - BUNKR - Atomschutzbunker 6\" class=\"wp-image-886 size-medium\" style=\"object-position:50% 50%\" srcset=\"https:\/\/harmonyhotel.cz\/wp-content\/uploads\/2024\/06\/Harmony-Hotel-Spindleruv-Mlyn-BUNKR-\u2013-protiatomovy-kryt-6-800x550.jpg 800w, https:\/\/harmonyhotel.cz\/wp-content\/uploads\/2024\/06\/Harmony-Hotel-Spindleruv-Mlyn-BUNKR-\u2013-protiatomovy-kryt-6.jpg 1526w\" sizes=\"auto, (max-width: 800px) 100vw, 800px\" \/><\/a><\/figure><div class=\"wp-block-media-text__content\">\n<p>Der gr\u00f6\u00dfte Stolz der U-Bahn ist das Kino f\u00fcr zweihundert Personen. Es wurde f\u00fcr Notfallkommandositzungen konzipiert. Obwohl es vor fast drei\u00dfig Jahren gebaut wurde, w\u00fcrden seine bequemen Sitze und seine Ausstattung viele moderne Kinobetreiber vor Neid erblassen lassen.<\/p>\n<\/div><\/div>","protected":false},"excerpt":{"rendered":"<p>Harmony Bunker Exposition Historie hotelu je jedn\u00edm z nejutajovan\u011bj\u0161\u00edch projekt\u016f v \u010cesk\u00e9 republice. Nav\u0161tivte na\u0161e Muzeum a vra\u0165te se zp\u011bt do roku 1984&#8230; Otev\u0159eno denn\u011b&nbsp;14.00 \u2013 18.00 V roce 1984 se v prostor\u00e1ch b\u00fdval\u00e9 vojensk\u00e9 cvi\u010dn\u00e9 st\u0159elnice, ve svahu Medv\u011bd\u00edna za\u010dala stav\u011bt unik\u00e1tn\u00ed stavba \u2013 protiatomov\u00fd kryt pro 200 osob, navr\u017een jako \u201epracovi\u0161t\u011b vl\u00e1dy za [&hellip;]<\/p>\n","protected":false},"author":1,"featured_media":750,"parent":19,"menu_order":0,"comment_status":"closed","ping_status":"closed","template":"","meta":{"footnotes":""},"class_list":["post-783","page","type-page","status-publish","has-post-thumbnail","hentry"],"_links":{"self":[{"href":"https:\/\/harmonyhotel.cz\/de\/wp-json\/wp\/v2\/pages\/783","targetHints":{"allow":["GET"]}}],"collection":[{"href":"https:\/\/harmonyhotel.cz\/de\/wp-json\/wp\/v2\/pages"}],"about":[{"href":"https:\/\/harmonyhotel.cz\/de\/wp-json\/wp\/v2\/types\/page"}],"author":[{"embeddable":true,"href":"https:\/\/harmonyhotel.cz\/de\/wp-json\/wp\/v2\/users\/1"}],"replies":[{"embeddable":true,"href":"https:\/\/harmonyhotel.cz\/de\/wp-json\/wp\/v2\/comments?post=783"}],"version-history":[{"count":3,"href":"https:\/\/harmonyhotel.cz\/de\/wp-json\/wp\/v2\/pages\/783\/revisions"}],"predecessor-version":[{"id":1726,"href":"https:\/\/harmonyhotel.cz\/de\/wp-json\/wp\/v2\/pages\/783\/revisions\/1726"}],"up":[{"embeddable":true,"href":"https:\/\/harmonyhotel.cz\/de\/wp-json\/wp\/v2\/pages\/19"}],"wp:featuredmedia":[{"embeddable":true,"href":"https:\/\/harmonyhotel.cz\/de\/wp-json\/wp\/v2\/media\/750"}],"wp:attachment":[{"href":"https:\/\/harmonyhotel.cz\/de\/wp-json\/wp\/v2\/media?parent=783"}],"curies":[{"name":"wp","href":"https:\/\/api.w.org\/{rel}","templated":true}]}}