{"id":779,"date":"2024-06-13T22:31:28","date_gmt":"2024-06-13T20:31:28","guid":{"rendered":"https:\/\/harmonyhotel.cz\/?page_id=779"},"modified":"2024-06-14T01:43:55","modified_gmt":"2024-06-13T23:43:55","slug":"spindelmuhle","status":"publish","type":"page","link":"https:\/\/harmonyhotel.cz\/de\/aktivity\/spindleruv-mlyn\/","title":{"rendered":"Spindleruv Mlyn"},"content":{"rendered":"<div class=\"wp-block-media-text has-media-on-the-right is-stacked-on-mobile is-image-fill\"><div class=\"wp-block-media-text__content\">\n<p><strong>Spindleruv Mlyn<\/strong> ist ein wichtiger Fremdenverkehrsort im Riesengebirge.<\/p>\n\n\n\n<p>Ein malerisches Zentrum mit einer touristischen Atmosph\u00e4re, ein wichtiges Zentrum f\u00fcr Winter- und Sommersport. Die Stadt \u0160pindler\u016fv Ml\u00fdn hat etwa 1400 Einwohner und eine Fl\u00e4che von 7690,91 ha. Auf Deutsch wurde die Stadt fr\u00fcher Spindlerm\u00fchle genannt.<\/p>\n<\/div><figure class=\"wp-block-media-text__media\" style=\"background-image:url(https:\/\/harmonyhotel.cz\/wp-content\/uploads\/2024\/06\/Harmony-Hotel-Spindleruv-Mlyn-Spindleruv-Mlyn-1-800x533.jpg);background-position:50% 50%\"><a href=\"https:\/\/harmonyhotel.cz\/wp-content\/uploads\/2024\/06\/Harmony-Hotel-Spindleruv-Mlyn-Spindleruv-Mlyn-1.jpg\"><img loading=\"lazy\" decoding=\"async\" width=\"800\" height=\"533\" src=\"https:\/\/harmonyhotel.cz\/wp-content\/uploads\/2024\/06\/Harmony-Hotel-Spindleruv-Mlyn-Spindleruv-Mlyn-1-800x533.jpg\" alt=\"Harmony Hotel Spindlerm\u00fchle - Spindlerm\u00fchle 1\" class=\"wp-image-883 size-medium\" srcset=\"https:\/\/harmonyhotel.cz\/wp-content\/uploads\/2024\/06\/Harmony-Hotel-Spindleruv-Mlyn-Spindleruv-Mlyn-1-800x533.jpg 800w, https:\/\/harmonyhotel.cz\/wp-content\/uploads\/2024\/06\/Harmony-Hotel-Spindleruv-Mlyn-Spindleruv-Mlyn-1.jpg 1600w\" sizes=\"auto, (max-width: 800px) 100vw, 800px\" \/><\/a><\/figure><\/div>\n\n\n\n<div class=\"wp-block-media-text is-stacked-on-mobile is-image-fill\"><figure class=\"wp-block-media-text__media\" style=\"background-image:url(https:\/\/harmonyhotel.cz\/wp-content\/uploads\/2024\/06\/Harmony-Hotel-Spindleruv-Mlyn-Spindleruv-Mlyn-2-800x533.jpg);background-position:50% 50%\"><a href=\"https:\/\/harmonyhotel.cz\/wp-content\/uploads\/2024\/06\/Harmony-Hotel-Spindleruv-Mlyn-Spindleruv-Mlyn-2.jpg\"><img loading=\"lazy\" decoding=\"async\" width=\"800\" height=\"533\" src=\"https:\/\/harmonyhotel.cz\/wp-content\/uploads\/2024\/06\/Harmony-Hotel-Spindleruv-Mlyn-Spindleruv-Mlyn-2-800x533.jpg\" alt=\"Harmony Hotel Spindlerm\u00fchle - Spindlerm\u00fchle 2\" class=\"wp-image-882 size-medium\" srcset=\"https:\/\/harmonyhotel.cz\/wp-content\/uploads\/2024\/06\/Harmony-Hotel-Spindleruv-Mlyn-Spindleruv-Mlyn-2-800x533.jpg 800w, https:\/\/harmonyhotel.cz\/wp-content\/uploads\/2024\/06\/Harmony-Hotel-Spindleruv-Mlyn-Spindleruv-Mlyn-2.jpg 1600w\" sizes=\"auto, (max-width: 800px) 100vw, 800px\" \/><\/a><\/figure><div class=\"wp-block-media-text__content\">\n<p>\u0160pindler\u016fv Ml\u00fdn liegt auf einer H\u00f6he von 575 - 1555 m im Riesengebirge. Der h\u00f6chste Punkt des Dorfes ist der Lu\u010dn\u00ed hora - der zweith\u00f6chste Berg in der Tschechischen Republik. Es liegt am Zusammenfluss der Elbe und des Dolsk\u00fd Baches.<\/p>\n<\/div><\/div>\n\n\n\n<div class=\"wp-block-media-text has-media-on-the-right is-stacked-on-mobile is-image-fill\"><div class=\"wp-block-media-text__content\">\n<p>Die Stadt ist eines der bekanntesten und meistbesuchten Wintersportzentren in der Tschechischen Republik. Die Bettenkapazit\u00e4t betr\u00e4gt etwa 20 Tausend Betten. Spindleruv Mlyn hat ideale Bedingungen f\u00fcr den Wintersport. Skiloipen und Langlaufloipen sind bis zu 5 Monate im Jahr ge\u00f6ffnet. Die professionell pr\u00e4parierten Abfahrtspisten verschiedener Schwierigkeitsgrade haben eine Gesamtl\u00e4nge von 25 km. Insgesamt 14 Lifte sorgen f\u00fcr eine Bef\u00f6rderungskapazit\u00e4t von 20.000 Skifahrern pro Stunde. Mit einem Skipass k\u00f6nnen mehr als 25 km pr\u00e4parierte Pisten in 4 verschiedenen Skigebieten (Svat\u00fd Petr, Medv\u011bd\u00edn, Horn\u00ed M\u00edse\u010dky, Labsk\u00e1 ) befahren werden. Bei geringer Schneelage werden die meisten Pisten k\u00fcnstlich beschneit.<\/p>\n<\/div><figure class=\"wp-block-media-text__media\" style=\"background-image:url(https:\/\/harmonyhotel.cz\/wp-content\/uploads\/2024\/06\/Harmony-Hotel-Spindleruv-Mlyn-Spindleruv-Mlyn-3-800x533.jpg);background-position:50% 50%\"><a href=\"https:\/\/harmonyhotel.cz\/wp-content\/uploads\/2024\/06\/Harmony-Hotel-Spindleruv-Mlyn-Spindleruv-Mlyn-3.jpg\"><img loading=\"lazy\" decoding=\"async\" width=\"800\" height=\"533\" src=\"https:\/\/harmonyhotel.cz\/wp-content\/uploads\/2024\/06\/Harmony-Hotel-Spindleruv-Mlyn-Spindleruv-Mlyn-3-800x533.jpg\" alt=\"Harmony Hotel Spindlerm\u00fchle - Spindlerm\u00fchle 3\" class=\"wp-image-881 size-medium\" srcset=\"https:\/\/harmonyhotel.cz\/wp-content\/uploads\/2024\/06\/Harmony-Hotel-Spindleruv-Mlyn-Spindleruv-Mlyn-3-800x533.jpg 800w, https:\/\/harmonyhotel.cz\/wp-content\/uploads\/2024\/06\/Harmony-Hotel-Spindleruv-Mlyn-Spindleruv-Mlyn-3.jpg 1600w\" sizes=\"auto, (max-width: 800px) 100vw, 800px\" \/><\/a><\/figure><\/div>\n\n\n\n<div class=\"wp-block-media-text is-stacked-on-mobile is-image-fill\"><figure class=\"wp-block-media-text__media\" style=\"background-image:url(https:\/\/harmonyhotel.cz\/wp-content\/uploads\/2024\/06\/Harmony-Hotel-Spindleruv-Mlyn-Spindleruv-Mlyn-4-800x533.jpg);background-position:50% 50%\"><a href=\"https:\/\/harmonyhotel.cz\/wp-content\/uploads\/2024\/06\/Harmony-Hotel-Spindleruv-Mlyn-Spindleruv-Mlyn-4.jpg\"><img loading=\"lazy\" decoding=\"async\" width=\"800\" height=\"533\" src=\"https:\/\/harmonyhotel.cz\/wp-content\/uploads\/2024\/06\/Harmony-Hotel-Spindleruv-Mlyn-Spindleruv-Mlyn-4-800x533.jpg\" alt=\"Harmony Hotel Spindlerm\u00fchle - Spindlerm\u00fchle 4\" class=\"wp-image-880 size-medium\" srcset=\"https:\/\/harmonyhotel.cz\/wp-content\/uploads\/2024\/06\/Harmony-Hotel-Spindleruv-Mlyn-Spindleruv-Mlyn-4-800x533.jpg 800w, https:\/\/harmonyhotel.cz\/wp-content\/uploads\/2024\/06\/Harmony-Hotel-Spindleruv-Mlyn-Spindleruv-Mlyn-4.jpg 1600w\" sizes=\"auto, (max-width: 800px) 100vw, 800px\" \/><\/a><\/figure><div class=\"wp-block-media-text__content\">\n<p>\u0160pindler\u016fv Ml\u00fdn bietet auch in der Sommersaison viele Attraktionen. In den Sommermonaten herrschen ideale Bedingungen zum Wandern und Mountainbiken.<\/p>\n\n\n\n<p>Vollst\u00e4ndige Informationen finden Sie auf der offiziellen Website der Stadt \u0160pindler\u016fv Ml\u00fdn<\/p>\n\n\n\n<div class=\"wp-block-buttons is-layout-flex wp-block-buttons-is-layout-flex\">\n<div class=\"wp-block-button\"><a class=\"wp-block-button__link wp-element-button\" href=\"https:\/\/www.mestospindleruvmlyn.cz\/cs\/\" target=\"_blank\" rel=\"noreferrer noopener\">WWW.MESTOSPINDLERUVMLYN.CZ<\/a><\/div>\n<\/div>\n<\/div><\/div>","protected":false},"excerpt":{"rendered":"<p>\u0160pindler\u016fv Ml\u00fdn je v\u00fdznamn\u00e9 turistick\u00e9 st\u0159edisko v Krkono\u0161\u00edch. Malebn\u00e9 centrum s turistickou atmosf\u00e9rou, v\u00fdznamn\u00e9 st\u0159edisko zimn\u00edch i letn\u00edch sport\u016f. M\u011bsto \u0160pindler\u016fv Ml\u00fdn m\u00e1 p\u0159ibli\u017en\u011b 1400 obyvatel a rozlohu 7690,91 ha. V n\u011bm\u010dine se m\u011bsto d\u0159\u00edve naz\u00fdvalo Spindlerm\u00fchle. \u0160pindler\u016fv Ml\u00fdn le\u017e\u00ed v nadmo\u0159sk\u00e9 v\u00fd\u0161ce 575 \u2013 1555 m v Krkono\u0161\u00edch . Nejvy\u0161\u0161\u00edm bodem obce je Lu\u010dn\u00ed [&hellip;]<\/p>\n","protected":false},"author":1,"featured_media":741,"parent":19,"menu_order":0,"comment_status":"closed","ping_status":"closed","template":"","meta":{"footnotes":""},"class_list":["post-779","page","type-page","status-publish","has-post-thumbnail","hentry"],"_links":{"self":[{"href":"https:\/\/harmonyhotel.cz\/de\/wp-json\/wp\/v2\/pages\/779","targetHints":{"allow":["GET"]}}],"collection":[{"href":"https:\/\/harmonyhotel.cz\/de\/wp-json\/wp\/v2\/pages"}],"about":[{"href":"https:\/\/harmonyhotel.cz\/de\/wp-json\/wp\/v2\/types\/page"}],"author":[{"embeddable":true,"href":"https:\/\/harmonyhotel.cz\/de\/wp-json\/wp\/v2\/users\/1"}],"replies":[{"embeddable":true,"href":"https:\/\/harmonyhotel.cz\/de\/wp-json\/wp\/v2\/comments?post=779"}],"version-history":[{"count":0,"href":"https:\/\/harmonyhotel.cz\/de\/wp-json\/wp\/v2\/pages\/779\/revisions"}],"up":[{"embeddable":true,"href":"https:\/\/harmonyhotel.cz\/de\/wp-json\/wp\/v2\/pages\/19"}],"wp:featuredmedia":[{"embeddable":true,"href":"https:\/\/harmonyhotel.cz\/de\/wp-json\/wp\/v2\/media\/741"}],"wp:attachment":[{"href":"https:\/\/harmonyhotel.cz\/de\/wp-json\/wp\/v2\/media?parent=779"}],"curies":[{"name":"wp","href":"https:\/\/api.w.org\/{rel}","templated":true}]}}