{"id":776,"date":"2024-06-13T22:31:09","date_gmt":"2024-06-13T20:31:09","guid":{"rendered":"https:\/\/harmonyhotel.cz\/?page_id=776"},"modified":"2026-02-18T16:33:29","modified_gmt":"2026-02-18T15:33:29","slug":"winter","status":"publish","type":"page","link":"https:\/\/harmonyhotel.cz\/de\/aktivity\/zima\/","title":{"rendered":"Winter"},"content":{"rendered":"<div class=\"wp-block-media-text has-media-on-the-right is-stacked-on-mobile is-image-fill-element\"><div class=\"wp-block-media-text__content\">\n<h2 class=\"wp-block-heading\">Winterferien<\/h2>\n\n\n\n<p>Hotel direkt an der Skipiste, bequemer Zugang zur Skipiste, moderner Skiraum und Skiverleih vor Ort. Nach dem Skifahren k\u00f6nnen Sie sich im Wellnessbereich entspannen und bei einem guten Essen und einem gem\u00fctlichen Beisammensein mit Freunden neue Energie tanken.<\/p>\n<\/div><figure class=\"wp-block-media-text__media\"><a href=\"https:\/\/harmonyhotel.cz\/wp-content\/uploads\/2024\/06\/Zimni-dovolena-Harmony-Hotel-Spindleruv-Mlyn.jpg\"><img loading=\"lazy\" decoding=\"async\" width=\"800\" height=\"533\" src=\"https:\/\/harmonyhotel.cz\/wp-content\/uploads\/2024\/06\/Zimni-dovolena-Harmony-Hotel-Spindleruv-Mlyn-800x533.jpg\" alt=\"Winterurlaub - Harmony Hotel Spindlerm\u00fchle\" class=\"wp-image-978 size-medium\" style=\"object-position:50% 50%\" srcset=\"https:\/\/harmonyhotel.cz\/wp-content\/uploads\/2024\/06\/Zimni-dovolena-Harmony-Hotel-Spindleruv-Mlyn-800x533.jpg 800w, https:\/\/harmonyhotel.cz\/wp-content\/uploads\/2024\/06\/Zimni-dovolena-Harmony-Hotel-Spindleruv-Mlyn-1600x1067.jpg 1600w, https:\/\/harmonyhotel.cz\/wp-content\/uploads\/2024\/06\/Zimni-dovolena-Harmony-Hotel-Spindleruv-Mlyn.jpg 1620w\" sizes=\"auto, (max-width: 800px) 100vw, 800px\" \/><\/a><\/figure><\/div>\n\n\n\n<div class=\"wp-block-media-text is-stacked-on-mobile is-image-fill-element\"><figure class=\"wp-block-media-text__media\"><a href=\"https:\/\/harmonyhotel.cz\/wp-content\/uploads\/2024\/06\/Lyzovani-a-zimni-sporty-Harmony-Hotel-Spindleruv-Mlyn.jpg\"><img loading=\"lazy\" decoding=\"async\" width=\"800\" height=\"533\" src=\"https:\/\/harmonyhotel.cz\/wp-content\/uploads\/2024\/06\/Lyzovani-a-zimni-sporty-Harmony-Hotel-Spindleruv-Mlyn-800x533.jpg\" alt=\"Skifahren und Wintersport - Harmony Hotel Spindlerm\u00fchle\" class=\"wp-image-977 size-medium\" style=\"object-position:50% 50%\" srcset=\"https:\/\/harmonyhotel.cz\/wp-content\/uploads\/2024\/06\/Lyzovani-a-zimni-sporty-Harmony-Hotel-Spindleruv-Mlyn-800x533.jpg 800w, https:\/\/harmonyhotel.cz\/wp-content\/uploads\/2024\/06\/Lyzovani-a-zimni-sporty-Harmony-Hotel-Spindleruv-Mlyn-1600x1067.jpg 1600w, https:\/\/harmonyhotel.cz\/wp-content\/uploads\/2024\/06\/Lyzovani-a-zimni-sporty-Harmony-Hotel-Spindleruv-Mlyn.jpg 1620w\" sizes=\"auto, (max-width: 800px) 100vw, 800px\" \/><\/a><\/figure><div class=\"wp-block-media-text__content\">\n<h2 class=\"wp-block-heading\">Skifahren und Wintersport<\/h2>\n\n\n\n<p>Das Harmony Hotel **** verf\u00fcgt \u00fcber eine au\u00dfergew\u00f6hnliche Lage im Riesengebirge.<\/p>\n\n\n\n<p>Es liegt am Fu\u00dfe des Skigebietes Medv\u011bd\u00edn in \u0160pindler\u016fv Ml\u00fdn und man kann praktisch bis zum Hotel fahren.<\/p>\n<\/div><\/div>\n\n\n\n<div class=\"wp-block-media-text has-media-on-the-right is-stacked-on-mobile is-image-fill-element\"><div class=\"wp-block-media-text__content\">\n<h2 class=\"wp-block-heading\">Hotelaufzug<\/h2>\n\n\n\n<p>In der Wintersaison gibt es einen Skilift mit einer kleinen Skipiste, die vor allem f\u00fcr Anf\u00e4nger geeignet ist.<\/p>\n\n\n\n<p>Diese kleine Bahn am Hotel ist f\u00fcr Kinder unter 6 Jahren komplett kostenlos.<\/p>\n\n\n\n<p>Dank des Zubringerlifts erreichen Sie die Haupt-Blaue Piste des Skigebiets Medv\u011bd\u00edn in nur 5 Minuten.<\/p>\n\n\n\n<div class=\"wp-block-buttons is-layout-flex wp-block-buttons-is-layout-flex\">\n<div class=\"wp-block-button\"><a class=\"wp-block-button__link wp-element-button\" href=\"https:\/\/harmonyhotel.cz\/de\/aktivitaten\/kinderlift-zauberteppich\/\">Mehr \u00fcber den Aufzug<\/a><\/div>\n<\/div>\n<\/div><figure class=\"wp-block-media-text__media\"><a href=\"https:\/\/harmonyhotel.cz\/wp-content\/uploads\/2026\/02\/260106_0521-Panorama-scaled.jpg\"><img loading=\"lazy\" decoding=\"async\" width=\"1600\" height=\"769\" src=\"https:\/\/harmonyhotel.cz\/wp-content\/uploads\/2026\/02\/260106_0521-Panorama-1600x769.jpg\" alt=\"\" class=\"wp-image-2327 size-medium\" style=\"object-position:50% 50%\" srcset=\"https:\/\/harmonyhotel.cz\/wp-content\/uploads\/2026\/02\/260106_0521-Panorama-1600x769.jpg 1600w, https:\/\/harmonyhotel.cz\/wp-content\/uploads\/2026\/02\/260106_0521-Panorama-800x384.jpg 800w, https:\/\/harmonyhotel.cz\/wp-content\/uploads\/2026\/02\/260106_0521-Panorama-18x9.jpg 18w\" sizes=\"auto, (max-width: 1600px) 100vw, 1600px\" \/><\/a><\/figure><\/div>\n\n\n\n<div class=\"wp-block-media-text is-stacked-on-mobile is-image-fill-element\"><figure class=\"wp-block-media-text__media\"><a href=\"https:\/\/harmonyhotel.cz\/wp-content\/uploads\/2024\/06\/Skiareal-Harmony-Hotel-Spindleruv-Mlyn.jpg\"><img loading=\"lazy\" decoding=\"async\" width=\"800\" height=\"533\" src=\"https:\/\/harmonyhotel.cz\/wp-content\/uploads\/2024\/06\/Skiareal-Harmony-Hotel-Spindleruv-Mlyn-800x533.jpg\" alt=\"Skigebiet - Harmony Hotel Spindlerm\u00fchle\" class=\"wp-image-975 size-medium\" style=\"object-position:50% 50%\" srcset=\"https:\/\/harmonyhotel.cz\/wp-content\/uploads\/2024\/06\/Skiareal-Harmony-Hotel-Spindleruv-Mlyn-800x533.jpg 800w, https:\/\/harmonyhotel.cz\/wp-content\/uploads\/2024\/06\/Skiareal-Harmony-Hotel-Spindleruv-Mlyn-1600x1067.jpg 1600w, https:\/\/harmonyhotel.cz\/wp-content\/uploads\/2024\/06\/Skiareal-Harmony-Hotel-Spindleruv-Mlyn.jpg 1620w\" sizes=\"auto, (max-width: 800px) 100vw, 800px\" \/><\/a><\/figure><div class=\"wp-block-media-text__content\">\n<h2 class=\"wp-block-heading\">Skigebiet<\/h2>\n\n\n\n<p>Der Pass, der f\u00fcr das gesamte Skigebiet \u0160pindler\u016fv Ml\u00fdn g\u00fcltig ist, kann auch an unserem Lift benutzt werden, oder es ist m\u00f6glich, nur lokale Tickets zu kaufen - die Preise finden Sie auf der Website des Skigebiets.<\/p>\n\n\n\n<div class=\"wp-block-buttons is-layout-flex wp-block-buttons-is-layout-flex\">\n<div class=\"wp-block-button\"><a class=\"wp-block-button__link wp-element-button\" href=\"https:\/\/www.skiareal.cz\/\" target=\"_blank\" rel=\"noreferrer noopener\">Skiareal.cz<\/a><\/div>\n<\/div>\n<\/div><\/div>\n\n\n\n<div class=\"wp-block-media-text has-media-on-the-right is-stacked-on-mobile is-image-fill-element\"><div class=\"wp-block-media-text__content\">\n<h2 class=\"wp-block-heading\">Skischule<\/h2>\n\n\n\n<p>Die Skolmax-Skischule befindet sich direkt im Hotel und bietet Gruppen- und Privatunterricht f\u00fcr alle Altersgruppen an.<\/p>\n\n\n\n<div class=\"wp-block-buttons is-layout-flex wp-block-buttons-is-layout-flex\">\n<div class=\"wp-block-button\"><a class=\"wp-block-button__link wp-element-button\" href=\"https:\/\/www.skiareal.cz\/de\/skischule-verleih\/skischule-1\" target=\"_blank\" rel=\"noreferrer noopener\">Skolmax.cz<\/a><\/div>\n<\/div>\n<\/div><figure class=\"wp-block-media-text__media\"><a href=\"https:\/\/harmonyhotel.cz\/wp-content\/uploads\/2024\/06\/Lyzarska-skola-Harmony-Hotel-Spindleruv-Mlyn.jpg\"><img loading=\"lazy\" decoding=\"async\" width=\"800\" height=\"533\" src=\"https:\/\/harmonyhotel.cz\/wp-content\/uploads\/2024\/06\/Lyzarska-skola-Harmony-Hotel-Spindleruv-Mlyn-800x533.jpg\" alt=\"Skischule - Harmony Hotel Spindlerm\u00fchle\" class=\"wp-image-974 size-medium\" style=\"object-position:50% 50%\" srcset=\"https:\/\/harmonyhotel.cz\/wp-content\/uploads\/2024\/06\/Lyzarska-skola-Harmony-Hotel-Spindleruv-Mlyn-800x533.jpg 800w, https:\/\/harmonyhotel.cz\/wp-content\/uploads\/2024\/06\/Lyzarska-skola-Harmony-Hotel-Spindleruv-Mlyn-1600x1067.jpg 1600w, https:\/\/harmonyhotel.cz\/wp-content\/uploads\/2024\/06\/Lyzarska-skola-Harmony-Hotel-Spindleruv-Mlyn.jpg 1620w\" sizes=\"auto, (max-width: 800px) 100vw, 800px\" \/><\/a><\/figure><\/div>\n\n\n\n<div class=\"wp-block-media-text is-stacked-on-mobile is-image-fill-element\"><figure class=\"wp-block-media-text__media\"><a href=\"https:\/\/harmonyhotel.cz\/wp-content\/uploads\/2024\/06\/Harmony-Hotel-Spindleruv-Mlyn-Detsky-vlek-Magic-carpet-3.jpg\"><img loading=\"lazy\" decoding=\"async\" width=\"800\" height=\"800\" src=\"https:\/\/harmonyhotel.cz\/wp-content\/uploads\/2024\/06\/Harmony-Hotel-Spindleruv-Mlyn-Detsky-vlek-Magic-carpet-3-800x800.jpg\" alt=\"Harmony Hotel \u0160pindler\u016fv Ml\u00fdn - Kinderlift &amp; Zauberteppich 3\" class=\"wp-image-794 size-medium\" style=\"object-position:50% 50%\" srcset=\"https:\/\/harmonyhotel.cz\/wp-content\/uploads\/2024\/06\/Harmony-Hotel-Spindleruv-Mlyn-Detsky-vlek-Magic-carpet-3-800x800.jpg 800w, https:\/\/harmonyhotel.cz\/wp-content\/uploads\/2024\/06\/Harmony-Hotel-Spindleruv-Mlyn-Detsky-vlek-Magic-carpet-3-200x200.jpg 200w, https:\/\/harmonyhotel.cz\/wp-content\/uploads\/2024\/06\/Harmony-Hotel-Spindleruv-Mlyn-Detsky-vlek-Magic-carpet-3.jpg 1080w\" sizes=\"auto, (max-width: 800px) 100vw, 800px\" \/><\/a><\/figure><div class=\"wp-block-media-text__content\">\n<h2 class=\"wp-block-heading\">Fliegender Teppich<\/h2>\n\n\n\n<p>Ein beweglicher Teppichlift, ausgestattet mit einer kleinen Piste hinter dem Hotel von SKOLMAX, so dass auch die kleinsten Skifahrer eine bequeme Fahrt nach oben genie\u00dfen k\u00f6nnen.<\/p>\n\n\n\n<p>Immer nur w\u00e4hrend des Skischulunterrichts.<\/p>\n\n\n\n<div class=\"wp-block-buttons is-layout-flex wp-block-buttons-is-layout-flex\">\n<div class=\"wp-block-button\"><a class=\"wp-block-button__link wp-element-button\" href=\"https:\/\/harmonyhotel.cz\/de\/aktivitaten\/kinderlift-zauberteppich\/\">Mehr \u00fcber den Aufzug<\/a><\/div>\n<\/div>\n<\/div><\/div>\n\n\n\n<div class=\"wp-block-media-text has-media-on-the-right is-stacked-on-mobile is-image-fill-element\"><div class=\"wp-block-media-text__content\">\n<h2 class=\"wp-block-heading\">Erfrischungen<\/h2>\n\n\n\n<p class=\"has-text-align-left\">Es gibt auch eine kleine Kantine, in der Sie Ihren Hunger stillen und weiter Skifahren oder Snowboarden k\u00f6nnen.<\/p>\n<\/div><figure class=\"wp-block-media-text__media\"><a href=\"https:\/\/harmonyhotel.cz\/wp-content\/uploads\/2024\/06\/APRES-SKI-pro-dospele-i-deti-Harmony-Hotel-Spindleruv-Mlyn.jpg\"><img loading=\"lazy\" decoding=\"async\" width=\"1600\" height=\"900\" src=\"https:\/\/harmonyhotel.cz\/wp-content\/uploads\/2024\/06\/APRES-SKI-pro-dospele-i-deti-Harmony-Hotel-Spindleruv-Mlyn-1600x900.jpg\" alt=\"APR\u00c9S SKI f\u00fcr Erwachsene und Kinder - Harmony Hotel Spindlerm\u00fchle\" class=\"wp-image-971 size-medium\" style=\"object-position:50% 50%\" srcset=\"https:\/\/harmonyhotel.cz\/wp-content\/uploads\/2024\/06\/APRES-SKI-pro-dospele-i-deti-Harmony-Hotel-Spindleruv-Mlyn-1600x900.jpg 1600w, https:\/\/harmonyhotel.cz\/wp-content\/uploads\/2024\/06\/APRES-SKI-pro-dospele-i-deti-Harmony-Hotel-Spindleruv-Mlyn-800x450.jpg 800w, https:\/\/harmonyhotel.cz\/wp-content\/uploads\/2024\/06\/APRES-SKI-pro-dospele-i-deti-Harmony-Hotel-Spindleruv-Mlyn.jpg 1920w\" sizes=\"auto, (max-width: 1600px) 100vw, 1600px\" \/><\/a><\/figure><\/div>\n\n\n\n<div class=\"wp-block-media-text is-stacked-on-mobile is-image-fill-element\"><figure class=\"wp-block-media-text__media\"><a href=\"https:\/\/harmonyhotel.cz\/wp-content\/uploads\/2024\/06\/Harmony-Hotel-Spindleruv-Mlyn-Skipasy-a-skiareal-2.jpg\"><img loading=\"lazy\" decoding=\"async\" width=\"800\" height=\"533\" src=\"https:\/\/harmonyhotel.cz\/wp-content\/uploads\/2024\/06\/Harmony-Hotel-Spindleruv-Mlyn-Skipasy-a-skiareal-2-800x533.jpg\" alt=\"Harmony Hotel \u0160pindler\u016fv Ml\u00fdn - Skip\u00e4sse und Skigebiet 2\" class=\"wp-image-790 size-medium\" style=\"object-position:50% 50%\" srcset=\"https:\/\/harmonyhotel.cz\/wp-content\/uploads\/2024\/06\/Harmony-Hotel-Spindleruv-Mlyn-Skipasy-a-skiareal-2-800x533.jpg 800w, https:\/\/harmonyhotel.cz\/wp-content\/uploads\/2024\/06\/Harmony-Hotel-Spindleruv-Mlyn-Skipasy-a-skiareal-2-1600x1067.jpg 1600w, https:\/\/harmonyhotel.cz\/wp-content\/uploads\/2024\/06\/Harmony-Hotel-Spindleruv-Mlyn-Skipasy-a-skiareal-2.jpg 1620w\" sizes=\"auto, (max-width: 800px) 100vw, 800px\" \/><\/a><\/figure><div class=\"wp-block-media-text__content\">\n<p>Wenn Sie sich entscheiden, die Skipisten im gegen\u00fcberliegenden Skigebiet Sv. Petr zu benutzen, nutzen Sie den kostenlosen SKIBUS, der die G\u00e4ste regelm\u00e4\u00dfig bef\u00f6rdert und dessen Haltestelle sich in unmittelbarer N\u00e4he des Hotels befindet.<\/p>\n\n\n\n<p>Oder Sie k\u00f6nnen mit dem eigenen Auto zum Parkplatz P1 HROMOVKA fahren, der in der Wintersaison kostenlos ist und mit Hilfe des Sessellifts auf der Hromovka die neue Verbindung nach St. Peter erreicht.<\/p>\n<\/div><\/div>\n\n\n\n<div class=\"wp-block-media-text has-media-on-the-right is-stacked-on-mobile is-image-fill-element\"><div class=\"wp-block-media-text__content\">\n<h2 class=\"wp-block-heading\">Rodelbahn<\/h2>\n\n\n\n<p><strong>EMPFOHLEN<\/strong>&nbsp;3 km lange Rodelbahn<\/p>\n\n\n\n<div class=\"wp-block-buttons is-layout-flex wp-block-buttons-is-layout-flex\">\n<div class=\"wp-block-button\"><a class=\"wp-block-button__link wp-element-button\" href=\"https:\/\/www.sankarska-draha.cz\/\" target=\"_blank\" rel=\"noreferrer noopener\">Sankarska-draha.cz<\/a><\/div>\n<\/div>\n<\/div><figure class=\"wp-block-media-text__media\"><a href=\"https:\/\/harmonyhotel.cz\/wp-content\/uploads\/2024\/06\/Sankarska-draha-Harmony-Hotel-Spindleruv-Mlyn.jpg\"><img loading=\"lazy\" decoding=\"async\" width=\"800\" height=\"600\" src=\"https:\/\/harmonyhotel.cz\/wp-content\/uploads\/2024\/06\/Sankarska-draha-Harmony-Hotel-Spindleruv-Mlyn-800x600.jpg\" alt=\"Rodelbahn - Harmony Hotel Spindlerm\u00fchle\" class=\"wp-image-969 size-medium\" style=\"object-position:50% 50%\" srcset=\"https:\/\/harmonyhotel.cz\/wp-content\/uploads\/2024\/06\/Sankarska-draha-Harmony-Hotel-Spindleruv-Mlyn-800x600.jpg 800w, https:\/\/harmonyhotel.cz\/wp-content\/uploads\/2024\/06\/Sankarska-draha-Harmony-Hotel-Spindleruv-Mlyn.jpg 1024w\" sizes=\"auto, (max-width: 800px) 100vw, 800px\" \/><\/a><\/figure><\/div>\n\n\n\n<div class=\"wp-block-media-text is-stacked-on-mobile is-image-fill-element\"><figure class=\"wp-block-media-text__media\"><a href=\"https:\/\/harmonyhotel.cz\/wp-content\/uploads\/2024\/06\/Harmony-Hotel-Spindleruv-Mlyn-Pujcovna-a-uschovna-lyzi-a-kol-2-scaled.jpg\"><img loading=\"lazy\" decoding=\"async\" width=\"800\" height=\"533\" src=\"https:\/\/harmonyhotel.cz\/wp-content\/uploads\/2024\/06\/Harmony-Hotel-Spindleruv-Mlyn-Pujcovna-a-uschovna-lyzi-a-kol-2-800x533.jpg\" alt=\"Harmony Hotel \u0160pindler\u016fv Ml\u00fdn - Ski- und Fahrradverleih und -aufbewahrung 2\" class=\"wp-image-800 size-medium\" style=\"object-position:50% 50%\" srcset=\"https:\/\/harmonyhotel.cz\/wp-content\/uploads\/2024\/06\/Harmony-Hotel-Spindleruv-Mlyn-Pujcovna-a-uschovna-lyzi-a-kol-2-800x533.jpg 800w, https:\/\/harmonyhotel.cz\/wp-content\/uploads\/2024\/06\/Harmony-Hotel-Spindleruv-Mlyn-Pujcovna-a-uschovna-lyzi-a-kol-2-1600x1066.jpg 1600w\" sizes=\"auto, (max-width: 800px) 100vw, 800px\" \/><\/a><\/figure><div class=\"wp-block-media-text__content\">\n<h2 class=\"wp-block-heading\">Harmony Skiverleih<\/h2>\n\n\n\n<p>Au\u00dferdem gibt es einen voll funktionsf\u00e4higen Skiaufbewahrungsraum und einen Ski- und Snowboardverleih.<\/p>\n\n\n\n<div class=\"wp-block-buttons is-layout-flex wp-block-buttons-is-layout-flex\">\n<div class=\"wp-block-button\"><a class=\"wp-block-button__link wp-element-button\" href=\"https:\/\/pujcovna.harmonyhotel.cz\/rezervace?_gl=1*1gv7df3*_gcl_aw*R0NMLjE3NjA5NTYyMDIuRUFJYUlRb2JDaE1Jbk9fUnNwbThpd01WTGFPREJ4M3BtUldXRUFBWUFTQUFFZ0s0enZEX0J3RQ..*_gcl_au*MTg0NTYzODgzOC4xNzYzMDIxODU3*_ga*MzU0NDI2ODQzLjE3Mzc2MzM0OTY.*_ga_N2V8QSPJ5S*czE3NjM0NTg1OTYkbzE4OCRnMSR0MTc2MzQ2MDExNCRqMiRsMCRoMTQxMDczMDE2\">Verleih \/ Skiaufbewahrung<\/a><\/div>\n<\/div>\n<\/div><\/div>\n\n\n\n<p><\/p>","protected":false},"excerpt":{"rendered":"<p>Zimn\u00ed dovolen\u00e1 Hotel p\u0159\u00edmo na sjezdovce, pohodln\u00fd p\u0159\u00edstup ke sjezdovce, modern\u00ed ly\u017e\u00e1rna i p\u016fj\u010dovna ly\u017e\u00ed p\u0159\u00edmo na hotelu. Po ly\u017e\u00edch rovnou relax ve wellnessu a dob\u00edt energii kvalitn\u00edm j\u00eddlem a posezen\u00edm s p\u0159\u00e1teli. Ly\u017eov\u00e1n\u00ed a zimn\u00ed sporty Harmony Hotel **** m\u00e1 v Krkono\u0161\u00edch velmi v\u00fdjime\u010dnou polohu. Le\u017e\u00ed na \u00fapat\u00ed skiare\u00e1lu Medv\u011bd\u00edn ve \u0160pindlerov\u011b Ml\u00fdn\u011b a [&hellip;]<\/p>\n","protected":false},"author":1,"featured_media":742,"parent":19,"menu_order":0,"comment_status":"closed","ping_status":"closed","template":"","meta":{"footnotes":""},"class_list":["post-776","page","type-page","status-publish","has-post-thumbnail","hentry"],"_links":{"self":[{"href":"https:\/\/harmonyhotel.cz\/de\/wp-json\/wp\/v2\/pages\/776","targetHints":{"allow":["GET"]}}],"collection":[{"href":"https:\/\/harmonyhotel.cz\/de\/wp-json\/wp\/v2\/pages"}],"about":[{"href":"https:\/\/harmonyhotel.cz\/de\/wp-json\/wp\/v2\/types\/page"}],"author":[{"embeddable":true,"href":"https:\/\/harmonyhotel.cz\/de\/wp-json\/wp\/v2\/users\/1"}],"replies":[{"embeddable":true,"href":"https:\/\/harmonyhotel.cz\/de\/wp-json\/wp\/v2\/comments?post=776"}],"version-history":[{"count":9,"href":"https:\/\/harmonyhotel.cz\/de\/wp-json\/wp\/v2\/pages\/776\/revisions"}],"predecessor-version":[{"id":2335,"href":"https:\/\/harmonyhotel.cz\/de\/wp-json\/wp\/v2\/pages\/776\/revisions\/2335"}],"up":[{"embeddable":true,"href":"https:\/\/harmonyhotel.cz\/de\/wp-json\/wp\/v2\/pages\/19"}],"wp:featuredmedia":[{"embeddable":true,"href":"https:\/\/harmonyhotel.cz\/de\/wp-json\/wp\/v2\/media\/742"}],"wp:attachment":[{"href":"https:\/\/harmonyhotel.cz\/de\/wp-json\/wp\/v2\/media?parent=776"}],"curies":[{"name":"wp","href":"https:\/\/api.w.org\/{rel}","templated":true}]}}