{"id":774,"date":"2024-06-13T22:30:54","date_gmt":"2024-06-13T20:30:54","guid":{"rendered":"https:\/\/harmonyhotel.cz\/?page_id=774"},"modified":"2024-09-24T00:13:05","modified_gmt":"2024-09-23T22:13:05","slug":"sommer","status":"publish","type":"page","link":"https:\/\/harmonyhotel.cz\/de\/aktivity\/leto\/","title":{"rendered":"Sommer"},"content":{"rendered":"<div class=\"wp-block-media-text has-media-on-the-right is-stacked-on-mobile is-image-fill\"><div class=\"wp-block-media-text__content\">\n<p>Der Sommer in den Bergen ist gro\u00dfartig, die frische Luft der Natur des Riesengebirges und dazu eine Berg- und Talfahrt mit der Seilbahn f\u00fcr jede Nacht im Hotel.<\/p>\n<\/div><figure class=\"wp-block-media-text__media\" style=\"background-image:url(https:\/\/harmonyhotel.cz\/wp-content\/uploads\/2024\/06\/Harmony-Hotel-Spindleruv-Mlyn-Letni-dovolena-3-800x600.jpg);background-position:50% 50%\"><a href=\"https:\/\/harmonyhotel.cz\/wp-content\/uploads\/2024\/06\/Harmony-Hotel-Spindleruv-Mlyn-Letni-dovolena-3.jpg\"><img loading=\"lazy\" decoding=\"async\" width=\"800\" height=\"600\" src=\"https:\/\/harmonyhotel.cz\/wp-content\/uploads\/2024\/06\/Harmony-Hotel-Spindleruv-Mlyn-Letni-dovolena-3-800x600.jpg\" alt=\"Harmony Hotel Spindlerm\u00fchle - Sommerurlaub 3\" class=\"wp-image-877 size-medium\" srcset=\"https:\/\/harmonyhotel.cz\/wp-content\/uploads\/2024\/06\/Harmony-Hotel-Spindleruv-Mlyn-Letni-dovolena-3-800x600.jpg 800w, https:\/\/harmonyhotel.cz\/wp-content\/uploads\/2024\/06\/Harmony-Hotel-Spindleruv-Mlyn-Letni-dovolena-3.jpg 1440w\" sizes=\"auto, (max-width: 800px) 100vw, 800px\" \/><\/a><\/figure><\/div>\n\n\n\n<div class=\"wp-block-media-text is-stacked-on-mobile is-image-fill\"><figure class=\"wp-block-media-text__media\" style=\"background-image:url(https:\/\/harmonyhotel.cz\/wp-content\/uploads\/2024\/06\/Harmony-Hotel-Spindleruv-Mlyn-Letni-dovolena-1-800x533.jpg);background-position:50% 50%\"><a href=\"https:\/\/harmonyhotel.cz\/wp-content\/uploads\/2024\/06\/Harmony-Hotel-Spindleruv-Mlyn-Letni-dovolena-1.jpg\"><img loading=\"lazy\" decoding=\"async\" width=\"800\" height=\"533\" src=\"https:\/\/harmonyhotel.cz\/wp-content\/uploads\/2024\/06\/Harmony-Hotel-Spindleruv-Mlyn-Letni-dovolena-1-800x533.jpg\" alt=\"Harmony Hotel Spindlerm\u00fchle - Sommerurlaub 1\" class=\"wp-image-876 size-medium\" srcset=\"https:\/\/harmonyhotel.cz\/wp-content\/uploads\/2024\/06\/Harmony-Hotel-Spindleruv-Mlyn-Letni-dovolena-1-800x533.jpg 800w, https:\/\/harmonyhotel.cz\/wp-content\/uploads\/2024\/06\/Harmony-Hotel-Spindleruv-Mlyn-Letni-dovolena-1.jpg 1600w\" sizes=\"auto, (max-width: 800px) 100vw, 800px\" \/><\/a><\/figure><div class=\"wp-block-media-text__content\">\n<h2 class=\"wp-block-heading\">Fr\u00fchling, Sommer oder Herbst in den Bergen<\/h2>\n\n\n\n<p><strong>Ein Urlaub in Spindleruv Mlyn<\/strong>&nbsp;in der Nebensaison (Fr\u00fchling, Sommer, Herbst) bietet eine Vielzahl von Aktivit\u00e4ten f\u00fcr die ganze Familie oder einen Raum, um der Gro\u00dfstadt zu entfliehen und an der frischen Luft im Riesengebirge zu wandern.<\/p>\n<\/div><\/div>\n\n\n\n<div class=\"wp-block-media-text has-media-on-the-right is-stacked-on-mobile is-image-fill\"><div class=\"wp-block-media-text__content\">\n<p>Im Juli und August, wenn auch ein Animationsprogramm im Hotel stattfindet (5x pro Woche), ist f\u00fcr Unterhaltung im Hotel gesorgt.<\/p>\n<\/div><figure class=\"wp-block-media-text__media\" style=\"background-image:url(https:\/\/harmonyhotel.cz\/wp-content\/uploads\/2024\/06\/Harmony-Hotel-Spindleruv-Mlyn-Letni-dovolena-2-800x534.jpg);background-position:50% 50%\"><a href=\"https:\/\/harmonyhotel.cz\/wp-content\/uploads\/2024\/06\/Harmony-Hotel-Spindleruv-Mlyn-Letni-dovolena-2.jpg\"><img loading=\"lazy\" decoding=\"async\" width=\"800\" height=\"534\" src=\"https:\/\/harmonyhotel.cz\/wp-content\/uploads\/2024\/06\/Harmony-Hotel-Spindleruv-Mlyn-Letni-dovolena-2-800x534.jpg\" alt=\"Harmony Hotel Spindlerm\u00fchle - Sommerurlaub 2\" class=\"wp-image-875 size-medium\" srcset=\"https:\/\/harmonyhotel.cz\/wp-content\/uploads\/2024\/06\/Harmony-Hotel-Spindleruv-Mlyn-Letni-dovolena-2-800x534.jpg 800w, https:\/\/harmonyhotel.cz\/wp-content\/uploads\/2024\/06\/Harmony-Hotel-Spindleruv-Mlyn-Letni-dovolena-2-1600x1068.jpg 1600w, https:\/\/harmonyhotel.cz\/wp-content\/uploads\/2024\/06\/Harmony-Hotel-Spindleruv-Mlyn-Letni-dovolena-2.jpg 1618w\" sizes=\"auto, (max-width: 800px) 100vw, 800px\" \/><\/a><\/figure><\/div>\n\n\n\n<div class=\"wp-block-media-text is-stacked-on-mobile is-image-fill\"><figure class=\"wp-block-media-text__media\" style=\"background-image:url(https:\/\/harmonyhotel.cz\/wp-content\/uploads\/2024\/06\/Harmony-Hotel-Spindleruv-Mlyn-Pesi-turistika-1-800x533.jpg);background-position:50% 50%\"><a href=\"https:\/\/harmonyhotel.cz\/wp-content\/uploads\/2024\/06\/Harmony-Hotel-Spindleruv-Mlyn-Pesi-turistika-1.jpg\"><img loading=\"lazy\" decoding=\"async\" width=\"800\" height=\"533\" src=\"https:\/\/harmonyhotel.cz\/wp-content\/uploads\/2024\/06\/Harmony-Hotel-Spindleruv-Mlyn-Pesi-turistika-1-800x533.jpg\" alt=\"Harmony Hotel Spindlerm\u00fchle - Wandern 1\" class=\"wp-image-874 size-medium\" srcset=\"https:\/\/harmonyhotel.cz\/wp-content\/uploads\/2024\/06\/Harmony-Hotel-Spindleruv-Mlyn-Pesi-turistika-1-800x533.jpg 800w, https:\/\/harmonyhotel.cz\/wp-content\/uploads\/2024\/06\/Harmony-Hotel-Spindleruv-Mlyn-Pesi-turistika-1.jpg 1600w\" sizes=\"auto, (max-width: 800px) 100vw, 800px\" \/><\/a><\/figure><div class=\"wp-block-media-text__content\">\n<h2 class=\"wp-block-heading\">Wandern<\/h2>\n\n\n\n<p>In der Umgebung von \u0160pindler\u016fv Ml\u00fdn gibt es bis zu 180 km markierte Wanderwege, die bequem durch die vom Stadtzentrum ausgehenden leichten Wanderwege \"Mlyn\u00e1\u0159s Rundwege\" oder die unterhaltsamen und informativen Strecken des Skigebiets \u0160pindler\u016fv Ml\u00fdn erg\u00e4nzt werden.<\/p>\n<\/div><\/div>\n\n\n\n<div class=\"wp-block-media-text has-media-on-the-right is-stacked-on-mobile is-image-fill\"><div class=\"wp-block-media-text__content\">\n<p>Sie beginnen an den Bergstationen der Seilbahnen \"Medv\u011bd\u00edn (1235 m)\" und \"Sv.Petr (1182 m)\" mit angenehmen, gro\u00dfz\u00fcgig angelegten Kinderspielpl\u00e4tzen und Wanderungen mit Puzzles und Schminken. Die Wanderung zum Sn\u011b\u017eka (1603 m), dem h\u00f6chsten Berg der Tschechischen Republik, von \u0160pindler\u016fv Ml\u00fdn aus ist eine der l\u00e4ngeren, aber sicherlich eine der interessantesten. Die h\u00e4ufigste Wanderung ist die zur Elbquelle.<\/p>\n<\/div><figure class=\"wp-block-media-text__media\" style=\"background-image:url(https:\/\/harmonyhotel.cz\/wp-content\/uploads\/2024\/06\/Harmony-Hotel-Spindleruv-Mlyn-Pesi-turistika-2-800x533.jpg);background-position:50% 50%\"><a href=\"https:\/\/harmonyhotel.cz\/wp-content\/uploads\/2024\/06\/Harmony-Hotel-Spindleruv-Mlyn-Pesi-turistika-2.jpg\"><img loading=\"lazy\" decoding=\"async\" width=\"800\" height=\"533\" src=\"https:\/\/harmonyhotel.cz\/wp-content\/uploads\/2024\/06\/Harmony-Hotel-Spindleruv-Mlyn-Pesi-turistika-2-800x533.jpg\" alt=\"Harmony Hotel \u0160pindler\u016fv Ml\u00fdn - Wandern 2\" class=\"wp-image-873 size-medium\" srcset=\"https:\/\/harmonyhotel.cz\/wp-content\/uploads\/2024\/06\/Harmony-Hotel-Spindleruv-Mlyn-Pesi-turistika-2-800x533.jpg 800w, https:\/\/harmonyhotel.cz\/wp-content\/uploads\/2024\/06\/Harmony-Hotel-Spindleruv-Mlyn-Pesi-turistika-2-1600x1067.jpg 1600w, https:\/\/harmonyhotel.cz\/wp-content\/uploads\/2024\/06\/Harmony-Hotel-Spindleruv-Mlyn-Pesi-turistika-2.jpg 1620w\" sizes=\"auto, (max-width: 800px) 100vw, 800px\" \/><\/a><\/figure><\/div>\n\n\n\n<div class=\"wp-block-media-text is-stacked-on-mobile is-image-fill\"><figure class=\"wp-block-media-text__media\" style=\"background-image:url(https:\/\/harmonyhotel.cz\/wp-content\/uploads\/2024\/06\/Harmony-Hotel-Spindleruv-Mlyn-Vykloturistika-1-800x533.jpg);background-position:50% 50%\"><a href=\"https:\/\/harmonyhotel.cz\/wp-content\/uploads\/2024\/06\/Harmony-Hotel-Spindleruv-Mlyn-Vykloturistika-1.jpg\"><img loading=\"lazy\" decoding=\"async\" width=\"800\" height=\"533\" src=\"https:\/\/harmonyhotel.cz\/wp-content\/uploads\/2024\/06\/Harmony-Hotel-Spindleruv-Mlyn-Vykloturistika-1-800x533.jpg\" alt=\"Harmony Hotel Spindlerm\u00fchle - Radfahren 1\" class=\"wp-image-872 size-medium\" srcset=\"https:\/\/harmonyhotel.cz\/wp-content\/uploads\/2024\/06\/Harmony-Hotel-Spindleruv-Mlyn-Vykloturistika-1-800x533.jpg 800w, https:\/\/harmonyhotel.cz\/wp-content\/uploads\/2024\/06\/Harmony-Hotel-Spindleruv-Mlyn-Vykloturistika-1.jpg 1600w\" sizes=\"auto, (max-width: 800px) 100vw, 800px\" \/><\/a><\/figure><div class=\"wp-block-media-text__content\">\n<h2 class=\"wp-block-heading\">Radfahren<\/h2>\n\n\n\n<p>In den letzten Jahren hat sich der Radsport im Riesengebirge intensiv entwickelt. Hunderte von Kilometern komfortabler Wege im Riesengebirge (es k\u00f6nnen auch Fahrradbusse benutzt werden) oder Bergwege f\u00fcr k\u00f6rperlich fitte Personen in den oberen Teilen des Riesengebirges mit unvergesslichen Landschaften<\/p>\n<\/div><\/div>\n\n\n\n<div class=\"wp-block-media-text has-media-on-the-right is-stacked-on-mobile is-image-fill\"><div class=\"wp-block-media-text__content\">\n<p>F\u00fcr radelnde \"Naturisten\", aber auch f\u00fcr Downhill-Fahrer gibt es von Juni bis September ein vielf\u00e4ltiges MTB-Angebot im Skigebiet Sv. Petr und jetzt auch einen \"Pumptrack\" in der Talstation der Seilbahn, f\u00fcr das Geschicklichkeitstraining. Gerne leihen wir auch Ihr Fahrrad aus oder stellen es kostenlos zur Verf\u00fcgung.<\/p>\n<\/div><figure class=\"wp-block-media-text__media\" style=\"background-image:url(https:\/\/harmonyhotel.cz\/wp-content\/uploads\/2024\/06\/Harmony-Hotel-Spindleruv-Mlyn-Vykloturistika-2-800x533.jpg);background-position:50% 50%\"><a href=\"https:\/\/harmonyhotel.cz\/wp-content\/uploads\/2024\/06\/Harmony-Hotel-Spindleruv-Mlyn-Vykloturistika-2.jpg\"><img loading=\"lazy\" decoding=\"async\" width=\"800\" height=\"533\" src=\"https:\/\/harmonyhotel.cz\/wp-content\/uploads\/2024\/06\/Harmony-Hotel-Spindleruv-Mlyn-Vykloturistika-2-800x533.jpg\" alt=\"Harmony Hotel Spindlerm\u00fchle - Radfahren 2\" class=\"wp-image-871 size-medium\" srcset=\"https:\/\/harmonyhotel.cz\/wp-content\/uploads\/2024\/06\/Harmony-Hotel-Spindleruv-Mlyn-Vykloturistika-2-800x533.jpg 800w, https:\/\/harmonyhotel.cz\/wp-content\/uploads\/2024\/06\/Harmony-Hotel-Spindleruv-Mlyn-Vykloturistika-2.jpg 1600w\" sizes=\"auto, (max-width: 800px) 100vw, 800px\" \/><\/a><\/figure><\/div>\n\n\n\n<div class=\"wp-block-media-text is-stacked-on-mobile is-image-fill\"><figure class=\"wp-block-media-text__media\" style=\"background-image:url(https:\/\/harmonyhotel.cz\/wp-content\/uploads\/2024\/06\/Harmony-Hotel-Spindleruv-Mlyn-Lanove-drahy-Medvedin-a-Plane-1-800x533.jpg);background-position:50% 50%\"><a href=\"https:\/\/harmonyhotel.cz\/wp-content\/uploads\/2024\/06\/Harmony-Hotel-Spindleruv-Mlyn-Lanove-drahy-Medvedin-a-Plane-1.jpg\"><img loading=\"lazy\" decoding=\"async\" width=\"800\" height=\"533\" src=\"https:\/\/harmonyhotel.cz\/wp-content\/uploads\/2024\/06\/Harmony-Hotel-Spindleruv-Mlyn-Lanove-drahy-Medvedin-a-Plane-1-800x533.jpg\" alt=\"Harmony Hotel \u0160pindler\u016fv Ml\u00fdn - Seilbahnen Medv\u011bd\u00edn und Pl\u00e1n\u011b 1\" class=\"wp-image-870 size-medium\" srcset=\"https:\/\/harmonyhotel.cz\/wp-content\/uploads\/2024\/06\/Harmony-Hotel-Spindleruv-Mlyn-Lanove-drahy-Medvedin-a-Plane-1-800x533.jpg 800w, https:\/\/harmonyhotel.cz\/wp-content\/uploads\/2024\/06\/Harmony-Hotel-Spindleruv-Mlyn-Lanove-drahy-Medvedin-a-Plane-1-1600x1067.jpg 1600w, https:\/\/harmonyhotel.cz\/wp-content\/uploads\/2024\/06\/Harmony-Hotel-Spindleruv-Mlyn-Lanove-drahy-Medvedin-a-Plane-1.jpg 1620w\" sizes=\"auto, (max-width: 800px) 100vw, 800px\" \/><\/a><\/figure><div class=\"wp-block-media-text__content\">\n<h2 class=\"wp-block-heading\">Seilbahnen Medv\u011bd\u00edn und Pl\u00e1n\u011b<\/h2>\n\n\n\n<p>Der fast ganzj\u00e4hrige Betrieb der Seilbahnen sorgt f\u00fcr Leben im Kurort \u0160pindler\u016fv Ml\u00fdn und macht den Aufenthalt auch f\u00fcr weniger fitte Touristen oder Familien mit Kindern attraktiv, die auch die Aussicht auf die Riesengebirgspanoramen genie\u00dfen wollen. Der Lettering-Spielplatz auf der Medv\u011bdina mit einem gro\u00dfen Schild MEDVEDIN und einem Spielplatz in der Bergstation der Seilbahn ist einzigartig und Ihre Kinder werden sich dort sicher nicht langweilen. Die G\u00e4ste des Harmony Club Hotels erhalten zwischen Mai und Oktober f\u00fcr jede \u00dcbernachtung im Hotel eine Fahrt mit der Seilbahn.<\/p>\n<\/div><\/div>\n\n\n\n<div class=\"wp-block-media-text has-media-on-the-right is-stacked-on-mobile is-image-fill\"><div class=\"wp-block-media-text__content\">\n<p>Seilbahnen erm\u00f6glichen den Transport von Kinderwagen, Hunden und sogar Fahrr\u00e4dern (Seilbahn nach Pl\u00e1n\u011b), von der Bergstation Medv\u011bdina aus kann man Paragliding ausprobieren oder eine Wandertour unternehmen.<\/p>\n\n\n\n<p>In der Talstation der Seilbahn Pl\u00e1n\u011b gibt es in der Sommersaison 1 Tennisplatz, wo man auch Volleyball oder Netzball spielen kann. An der Bergstation Medv\u011bd\u00edn k\u00f6nnen Sie Gel\u00e4ndescooter mieten (\u00e1 270 CZK) und das Bergabfahren anders als auf Skiern ausprobieren.<\/p>\n<\/div><figure class=\"wp-block-media-text__media\" style=\"background-image:url(https:\/\/harmonyhotel.cz\/wp-content\/uploads\/2024\/06\/Harmony-Hotel-Spindleruv-Mlyn-Lanove-drahy-Medvedin-a-Plane-2-800x533.jpg);background-position:50% 50%\"><a href=\"https:\/\/harmonyhotel.cz\/wp-content\/uploads\/2024\/06\/Harmony-Hotel-Spindleruv-Mlyn-Lanove-drahy-Medvedin-a-Plane-2.jpg\"><img loading=\"lazy\" decoding=\"async\" width=\"800\" height=\"533\" src=\"https:\/\/harmonyhotel.cz\/wp-content\/uploads\/2024\/06\/Harmony-Hotel-Spindleruv-Mlyn-Lanove-drahy-Medvedin-a-Plane-2-800x533.jpg\" alt=\"Harmony Hotel \u0160pindler\u016fv Ml\u00fdn - Seilbahnen Medv\u011bd\u00edn und Pl\u00e1n\u011b 2\" class=\"wp-image-869 size-medium\" srcset=\"https:\/\/harmonyhotel.cz\/wp-content\/uploads\/2024\/06\/Harmony-Hotel-Spindleruv-Mlyn-Lanove-drahy-Medvedin-a-Plane-2-800x533.jpg 800w, https:\/\/harmonyhotel.cz\/wp-content\/uploads\/2024\/06\/Harmony-Hotel-Spindleruv-Mlyn-Lanove-drahy-Medvedin-a-Plane-2.jpg 1600w\" sizes=\"auto, (max-width: 800px) 100vw, 800px\" \/><\/a><\/figure><\/div>\n\n\n\n<div class=\"wp-block-media-text is-stacked-on-mobile is-image-fill\"><figure class=\"wp-block-media-text__media\" style=\"background-image:url(https:\/\/harmonyhotel.cz\/wp-content\/uploads\/2024\/06\/Harmony-Hotel-Spindleruv-Mlyn-Labska-prehrada-1-800x533.jpg);background-position:50% 50%\"><a href=\"https:\/\/harmonyhotel.cz\/wp-content\/uploads\/2024\/06\/Harmony-Hotel-Spindleruv-Mlyn-Labska-prehrada-1.jpg\"><img loading=\"lazy\" decoding=\"async\" width=\"800\" height=\"533\" src=\"https:\/\/harmonyhotel.cz\/wp-content\/uploads\/2024\/06\/Harmony-Hotel-Spindleruv-Mlyn-Labska-prehrada-1-800x533.jpg\" alt=\"Harmony Hotel \u0160pindler\u016fv Ml\u00fdn -Labsk\u00e1 p\u0159ehrada 1\" class=\"wp-image-868 size-medium\" srcset=\"https:\/\/harmonyhotel.cz\/wp-content\/uploads\/2024\/06\/Harmony-Hotel-Spindleruv-Mlyn-Labska-prehrada-1-800x533.jpg 800w, https:\/\/harmonyhotel.cz\/wp-content\/uploads\/2024\/06\/Harmony-Hotel-Spindleruv-Mlyn-Labska-prehrada-1-1600x1067.jpg 1600w, https:\/\/harmonyhotel.cz\/wp-content\/uploads\/2024\/06\/Harmony-Hotel-Spindleruv-Mlyn-Labska-prehrada-1.jpg 1620w\" sizes=\"auto, (max-width: 800px) 100vw, 800px\" \/><\/a><\/figure><div class=\"wp-block-media-text__content\">\n<h2 class=\"wp-block-heading\">Elbtalsperre<\/h2>\n\n\n\n<p>Labsk\u00e1-Talsperre - technisches Denkmal von \u0160pindler\u016fv Ml\u00fdn - die erste Talsperre an der Elbe. Vom Stadtzentrum aus kann man sie \u00fcber einen Wanderweg erreichen, so dass man nicht auf der Stra\u00dfe gehen muss. In der N\u00e4he der Talsperre gibt es auch einen praktischen Kurzzeitparkplatz. Kinder k\u00f6nnen an der Talsperre Br\u00fccken bauen oder sich abseilen, was vom Gelben Punkt betrieben wird und etwa 200 CZK pro Person kostet.<\/p>\n<\/div><\/div>\n\n\n\n<div class=\"wp-block-media-text has-media-on-the-right is-stacked-on-mobile is-image-fill\"><div class=\"wp-block-media-text__content\">\n<p>Sie k\u00f6nnen auch in der Talsperre schwimmen, aber es stimmt - nur f\u00fcr die Mutigeren unter Ihnen. Aber eine Fahrt mit den roten Booten (200 CZK f\u00fcr 45 Minuten) lohnt sich auf jeden Fall und er\u00f6ffnet Ihnen einen ganz anderen Blick auf Spindlerm\u00fchle. An der Talsperre k\u00f6nnen Sie auch angeln. Der Preis f\u00fcr eine Tageserlaubnis betr\u00e4gt 400 CZK.<\/p>\n<\/div><figure class=\"wp-block-media-text__media\" style=\"background-image:url(https:\/\/harmonyhotel.cz\/wp-content\/uploads\/2024\/06\/Harmony-Hotel-Spindleruv-Mlyn-Labska-prehrada-2-800x533.jpg);background-position:50% 50%\"><a href=\"https:\/\/harmonyhotel.cz\/wp-content\/uploads\/2024\/06\/Harmony-Hotel-Spindleruv-Mlyn-Labska-prehrada-2.jpg\"><img loading=\"lazy\" decoding=\"async\" width=\"800\" height=\"533\" src=\"https:\/\/harmonyhotel.cz\/wp-content\/uploads\/2024\/06\/Harmony-Hotel-Spindleruv-Mlyn-Labska-prehrada-2-800x533.jpg\" alt=\"Harmony Hotel \u0160pindler\u016fv Ml\u00fdn -Labsk\u00e1 p\u0159ehrada 2\" class=\"wp-image-867 size-medium\" srcset=\"https:\/\/harmonyhotel.cz\/wp-content\/uploads\/2024\/06\/Harmony-Hotel-Spindleruv-Mlyn-Labska-prehrada-2-800x533.jpg 800w, https:\/\/harmonyhotel.cz\/wp-content\/uploads\/2024\/06\/Harmony-Hotel-Spindleruv-Mlyn-Labska-prehrada-2-1600x1067.jpg 1600w, https:\/\/harmonyhotel.cz\/wp-content\/uploads\/2024\/06\/Harmony-Hotel-Spindleruv-Mlyn-Labska-prehrada-2.jpg 1620w\" sizes=\"auto, (max-width: 800px) 100vw, 800px\" \/><\/a><\/figure><\/div>\n\n\n\n<div class=\"wp-block-media-text is-stacked-on-mobile is-image-fill\"><figure class=\"wp-block-media-text__media\" style=\"background-image:url(https:\/\/harmonyhotel.cz\/wp-content\/uploads\/2024\/06\/Harmony-Hotel-Spindleruv-Mlyn-Adrenalinove-aktivity-1-800x533.jpg);background-position:50% 50%\"><a href=\"https:\/\/harmonyhotel.cz\/wp-content\/uploads\/2024\/06\/Harmony-Hotel-Spindleruv-Mlyn-Adrenalinove-aktivity-1.jpg\"><img loading=\"lazy\" decoding=\"async\" width=\"800\" height=\"533\" src=\"https:\/\/harmonyhotel.cz\/wp-content\/uploads\/2024\/06\/Harmony-Hotel-Spindleruv-Mlyn-Adrenalinove-aktivity-1-800x533.jpg\" alt=\"Harmony Hotel \u0160pindler\u016fv Ml\u00fdn -Adrenalinov\u00e9 aktivity 1\" class=\"wp-image-866 size-medium\" srcset=\"https:\/\/harmonyhotel.cz\/wp-content\/uploads\/2024\/06\/Harmony-Hotel-Spindleruv-Mlyn-Adrenalinove-aktivity-1-800x533.jpg 800w, https:\/\/harmonyhotel.cz\/wp-content\/uploads\/2024\/06\/Harmony-Hotel-Spindleruv-Mlyn-Adrenalinove-aktivity-1.jpg 1600w\" sizes=\"auto, (max-width: 800px) 100vw, 800px\" \/><\/a><\/figure><div class=\"wp-block-media-text__content\">\n<h2 class=\"wp-block-heading\">Adrenalin-Aktivit\u00e4ten<\/h2>\n\n\n\n<p>In \u0160pindler\u016fv Ml\u00fdn gibt es jede Menge Andrenalin-Aktivit\u00e4ten: Der Seil-Abenteuerpark - ein Sprung von einer Riesenschaukel, ein gro\u00dfes Trampolin, die Jakobsleiter - befindet sich auf dem Weg vom Stadtzentrum in Richtung Medvedin, Gel\u00e4ndescooter oder Quads k\u00f6nnen gemietet werden.<\/p>\n<\/div><\/div>\n\n\n\n<div class=\"wp-block-media-text has-media-on-the-right is-stacked-on-mobile is-image-fill\"><div class=\"wp-block-media-text__content\">\n<p>Was Sie auf keinen Fall verpassen d\u00fcrfen, ist der Bob- und Affenpark, der sich direkt neben dem Hotel befindet.<\/p>\n\n\n\n<p>Hotelg\u00e4ste haben auch die M\u00f6glichkeit, direkt an der Hotelrezeption eine Saisonkarte f\u00fcr die Bobbahn mit <strong>10% Rabatt zu erwerben<\/strong>.<\/p>\n<\/div><figure class=\"wp-block-media-text__media\" style=\"background-image:url(https:\/\/harmonyhotel.cz\/wp-content\/uploads\/2024\/06\/Harmony-Hotel-Spindleruv-Mlyn-Adrenalinove-aktivity-2-800x533.jpg);background-position:50% 50%\"><a href=\"https:\/\/harmonyhotel.cz\/wp-content\/uploads\/2024\/06\/Harmony-Hotel-Spindleruv-Mlyn-Adrenalinove-aktivity-2.jpg\"><img loading=\"lazy\" decoding=\"async\" width=\"800\" height=\"533\" src=\"https:\/\/harmonyhotel.cz\/wp-content\/uploads\/2024\/06\/Harmony-Hotel-Spindleruv-Mlyn-Adrenalinove-aktivity-2-800x533.jpg\" alt=\"Harmony Hotel \u0160pindler\u016fv Ml\u00fdn -Adrenalinov\u00e9 aktivity 2\" class=\"wp-image-865 size-medium\" srcset=\"https:\/\/harmonyhotel.cz\/wp-content\/uploads\/2024\/06\/Harmony-Hotel-Spindleruv-Mlyn-Adrenalinove-aktivity-2-800x533.jpg 800w, https:\/\/harmonyhotel.cz\/wp-content\/uploads\/2024\/06\/Harmony-Hotel-Spindleruv-Mlyn-Adrenalinove-aktivity-2.jpg 1600w\" sizes=\"auto, (max-width: 800px) 100vw, 800px\" \/><\/a><\/figure><\/div>","protected":false},"excerpt":{"rendered":"<p>L\u00e9to na hor\u00e1ch je super, sv\u011b\u017e\u00ed vzduch krkono\u0161sk\u00e9 p\u0159\u00edrody a nav\u00edc j\u00edzdu lanovkou nahoru i dol\u016f za ka\u017edou noc str\u00e1venou na hotelu. Jaro, l\u00e9to \u010di podzim na hor\u00e1ch Dovolen\u00e1 pro \u0160pindler\u016fv Ml\u00fdn&nbsp;v mimo sezonn\u00edm obdob\u00ed (jaro, l\u00e9to, podzim) nab\u00edz\u00ed r\u016fznorod\u00e9 aktivity pro celou rodinu nebo prostor \u00fanik z velkom\u011bsta na \u010derstv\u00fd vzduch za kr\u00e1snou turistikou [&hellip;]<\/p>\n","protected":false},"author":1,"featured_media":743,"parent":19,"menu_order":0,"comment_status":"closed","ping_status":"closed","template":"","meta":{"footnotes":""},"class_list":["post-774","page","type-page","status-publish","has-post-thumbnail","hentry"],"_links":{"self":[{"href":"https:\/\/harmonyhotel.cz\/de\/wp-json\/wp\/v2\/pages\/774","targetHints":{"allow":["GET"]}}],"collection":[{"href":"https:\/\/harmonyhotel.cz\/de\/wp-json\/wp\/v2\/pages"}],"about":[{"href":"https:\/\/harmonyhotel.cz\/de\/wp-json\/wp\/v2\/types\/page"}],"author":[{"embeddable":true,"href":"https:\/\/harmonyhotel.cz\/de\/wp-json\/wp\/v2\/users\/1"}],"replies":[{"embeddable":true,"href":"https:\/\/harmonyhotel.cz\/de\/wp-json\/wp\/v2\/comments?post=774"}],"version-history":[{"count":5,"href":"https:\/\/harmonyhotel.cz\/de\/wp-json\/wp\/v2\/pages\/774\/revisions"}],"predecessor-version":[{"id":1300,"href":"https:\/\/harmonyhotel.cz\/de\/wp-json\/wp\/v2\/pages\/774\/revisions\/1300"}],"up":[{"embeddable":true,"href":"https:\/\/harmonyhotel.cz\/de\/wp-json\/wp\/v2\/pages\/19"}],"wp:featuredmedia":[{"embeddable":true,"href":"https:\/\/harmonyhotel.cz\/de\/wp-json\/wp\/v2\/media\/743"}],"wp:attachment":[{"href":"https:\/\/harmonyhotel.cz\/de\/wp-json\/wp\/v2\/media?parent=774"}],"curies":[{"name":"wp","href":"https:\/\/api.w.org\/{rel}","templated":true}]}}