{"id":770,"date":"2024-06-13T22:30:24","date_gmt":"2024-06-13T20:30:24","guid":{"rendered":"https:\/\/harmonyhotel.cz\/?page_id=770"},"modified":"2025-06-08T01:13:31","modified_gmt":"2025-06-07T23:13:31","slug":"kinderecke","status":"publish","type":"page","link":"https:\/\/harmonyhotel.cz\/de\/aktivity\/detsky-koutek\/","title":{"rendered":"Kinderecke"},"content":{"rendered":"<div class=\"wp-block-media-text is-stacked-on-mobile\"><figure class=\"wp-block-media-text__media\"><a href=\"https:\/\/harmonyhotel.cz\/wp-content\/uploads\/2024\/06\/Harmony-Hotel-Spindleruv-Mlyn-Detsky-koutek-7.jpg\"><img loading=\"lazy\" decoding=\"async\" width=\"1600\" height=\"1066\" src=\"https:\/\/harmonyhotel.cz\/wp-content\/uploads\/2024\/06\/Harmony-Hotel-Spindleruv-Mlyn-Detsky-koutek-7-1600x1066.jpg\" alt=\"Kinderecke - Harmony Hotel Spindlerm\u00fchle 7\" class=\"wp-image-843 size-full\" srcset=\"https:\/\/harmonyhotel.cz\/wp-content\/uploads\/2024\/06\/Harmony-Hotel-Spindleruv-Mlyn-Detsky-koutek-7-1600x1066.jpg 1600w, https:\/\/harmonyhotel.cz\/wp-content\/uploads\/2024\/06\/Harmony-Hotel-Spindleruv-Mlyn-Detsky-koutek-7-800x533.jpg 800w, https:\/\/harmonyhotel.cz\/wp-content\/uploads\/2024\/06\/Harmony-Hotel-Spindleruv-Mlyn-Detsky-koutek-7.jpg 2048w\" sizes=\"auto, (max-width: 1600px) 100vw, 1600px\" \/><\/a><\/figure><div class=\"wp-block-media-text__content\">\n<p>M\u00f6chten Sie einen schnellen, guten Kaffee trinken und dabei Ihre Kleinen unter Kontrolle haben?<\/p>\n<\/div><\/div>\n\n\n\n<div class=\"wp-block-media-text has-media-on-the-right is-stacked-on-mobile\"><div class=\"wp-block-media-text__content\">\n<p>Unsere Lobby Bar bietet \u00fcber eine eingebaute Kamera einen Blick in die Kinder-TV-Ecke. Dieser Bereich ist mit einem Kinderteppich, Kuscheltieren und an der Wand befestigten didaktischen Spielzeugen f\u00fcr die Kleinen ausgestattet. Es gibt auch einen Fernseher mit einem Kinderprogramm.<\/p>\n<\/div><figure class=\"wp-block-media-text__media\"><a href=\"https:\/\/harmonyhotel.cz\/wp-content\/uploads\/2024\/06\/Harmony-Hotel-Spindleruv-Mlyn-Detsky-koutek-1.jpg\"><img loading=\"lazy\" decoding=\"async\" width=\"1600\" height=\"1200\" src=\"https:\/\/harmonyhotel.cz\/wp-content\/uploads\/2024\/06\/Harmony-Hotel-Spindleruv-Mlyn-Detsky-koutek-1-1600x1200.jpg\" alt=\"Kinderecke - Harmony Hotel Spindlerm\u00fchle 1\" class=\"wp-image-838 size-full\" srcset=\"https:\/\/harmonyhotel.cz\/wp-content\/uploads\/2024\/06\/Harmony-Hotel-Spindleruv-Mlyn-Detsky-koutek-1-1600x1200.jpg 1600w, https:\/\/harmonyhotel.cz\/wp-content\/uploads\/2024\/06\/Harmony-Hotel-Spindleruv-Mlyn-Detsky-koutek-1-800x600.jpg 800w, https:\/\/harmonyhotel.cz\/wp-content\/uploads\/2024\/06\/Harmony-Hotel-Spindleruv-Mlyn-Detsky-koutek-1.jpg 2016w\" sizes=\"auto, (max-width: 1600px) 100vw, 1600px\" \/><\/a><\/figure><\/div>\n\n\n\n<div class=\"wp-block-media-text is-stacked-on-mobile\"><figure class=\"wp-block-media-text__media\"><a href=\"https:\/\/harmonyhotel.cz\/wp-content\/uploads\/2024\/06\/Harmony-Hotel-Spindleruv-Mlyn-Detsky-koutek-3.jpg\"><img loading=\"lazy\" decoding=\"async\" width=\"1600\" height=\"1200\" src=\"https:\/\/harmonyhotel.cz\/wp-content\/uploads\/2024\/06\/Harmony-Hotel-Spindleruv-Mlyn-Detsky-koutek-3-1600x1200.jpg\" alt=\"Harmony Hotel \u0160pindler\u016fv Ml\u00fdn - D\u011btsk\u00fd koutek 3\" class=\"wp-image-836 size-full\" srcset=\"https:\/\/harmonyhotel.cz\/wp-content\/uploads\/2024\/06\/Harmony-Hotel-Spindleruv-Mlyn-Detsky-koutek-3-1600x1200.jpg 1600w, https:\/\/harmonyhotel.cz\/wp-content\/uploads\/2024\/06\/Harmony-Hotel-Spindleruv-Mlyn-Detsky-koutek-3-800x600.jpg 800w, https:\/\/harmonyhotel.cz\/wp-content\/uploads\/2024\/06\/Harmony-Hotel-Spindleruv-Mlyn-Detsky-koutek-3.jpg 2048w\" sizes=\"auto, (max-width: 1600px) 100vw, 1600px\" \/><\/a><\/figure><div class=\"wp-block-media-text__content\">\n<p>Es gibt auch einen gro\u00dfen Spiegel an der Wand des Zimmers mit Blick auf die Skipiste hinter dem Hotel.<\/p>\n<\/div><\/div>\n\n\n\n<div class=\"wp-block-media-text has-media-on-the-right is-stacked-on-mobile\"><div class=\"wp-block-media-text__content\">\n<h3 class=\"wp-block-heading\">Die \u00d6ffnungszeiten<\/h3>\n\n\n\n<p>T\u00e4glich ge\u00f6ffnet<\/p>\n<\/div><figure class=\"wp-block-media-text__media\"><a href=\"https:\/\/harmonyhotel.cz\/wp-content\/uploads\/2024\/06\/Harmony-Hotel-Spindleruv-Mlyn-Detsky-koutek-5.jpg\"><img loading=\"lazy\" decoding=\"async\" width=\"1600\" height=\"1200\" src=\"https:\/\/harmonyhotel.cz\/wp-content\/uploads\/2024\/06\/Harmony-Hotel-Spindleruv-Mlyn-Detsky-koutek-5-1600x1200.jpg\" alt=\"Kinderecke - Harmony Hotel Spindlerm\u00fchle 5\" class=\"wp-image-834 size-full\" srcset=\"https:\/\/harmonyhotel.cz\/wp-content\/uploads\/2024\/06\/Harmony-Hotel-Spindleruv-Mlyn-Detsky-koutek-5-1600x1200.jpg 1600w, https:\/\/harmonyhotel.cz\/wp-content\/uploads\/2024\/06\/Harmony-Hotel-Spindleruv-Mlyn-Detsky-koutek-5-800x600.jpg 800w, https:\/\/harmonyhotel.cz\/wp-content\/uploads\/2024\/06\/Harmony-Hotel-Spindleruv-Mlyn-Detsky-koutek-5.jpg 2016w\" sizes=\"auto, (max-width: 1600px) 100vw, 1600px\" \/><\/a><\/figure><\/div>","protected":false},"excerpt":{"rendered":"<p>Chcete si d\u00e1t rychlou dobrou k\u00e1vu a p\u0159itom m\u00edt sv\u00e9 nejmen\u0161\u00ed ratolesti pod dozorem? N\u00e1\u0161 Lobby bar nab\u00edz\u00ed vhled do D\u011btsk\u00e9ho TV koutku p\u0159es zabudovanou kamerku. Tento prostor je vybaven d\u011btsk\u00fdm kobercem, m\u011bkk\u00fdmi hra\u010dkami, didaktick\u00fdmi hra\u010dkami p\u0159ipevn\u011bn\u00fdmi na zdi pro ty nejmen\u0161\u00ed. D\u00e1le pak televiz\u00ed s d\u011btsk\u00fdm programem. Na zdi ve tak\u00e9 um\u00edst\u011bno velk\u00e9 zrcadlo, [&hellip;]<\/p>\n","protected":false},"author":1,"featured_media":848,"parent":19,"menu_order":0,"comment_status":"closed","ping_status":"closed","template":"","meta":{"footnotes":""},"class_list":["post-770","page","type-page","status-publish","has-post-thumbnail","hentry"],"_links":{"self":[{"href":"https:\/\/harmonyhotel.cz\/de\/wp-json\/wp\/v2\/pages\/770","targetHints":{"allow":["GET"]}}],"collection":[{"href":"https:\/\/harmonyhotel.cz\/de\/wp-json\/wp\/v2\/pages"}],"about":[{"href":"https:\/\/harmonyhotel.cz\/de\/wp-json\/wp\/v2\/types\/page"}],"author":[{"embeddable":true,"href":"https:\/\/harmonyhotel.cz\/de\/wp-json\/wp\/v2\/users\/1"}],"replies":[{"embeddable":true,"href":"https:\/\/harmonyhotel.cz\/de\/wp-json\/wp\/v2\/comments?post=770"}],"version-history":[{"count":6,"href":"https:\/\/harmonyhotel.cz\/de\/wp-json\/wp\/v2\/pages\/770\/revisions"}],"predecessor-version":[{"id":1723,"href":"https:\/\/harmonyhotel.cz\/de\/wp-json\/wp\/v2\/pages\/770\/revisions\/1723"}],"up":[{"embeddable":true,"href":"https:\/\/harmonyhotel.cz\/de\/wp-json\/wp\/v2\/pages\/19"}],"wp:featuredmedia":[{"embeddable":true,"href":"https:\/\/harmonyhotel.cz\/de\/wp-json\/wp\/v2\/media\/848"}],"wp:attachment":[{"href":"https:\/\/harmonyhotel.cz\/de\/wp-json\/wp\/v2\/media?parent=770"}],"curies":[{"name":"wp","href":"https:\/\/api.w.org\/{rel}","templated":true}]}}