{"id":763,"date":"2024-06-13T22:29:23","date_gmt":"2024-06-13T20:29:23","guid":{"rendered":"https:\/\/harmonyhotel.cz\/?page_id=763"},"modified":"2025-05-09T13:43:15","modified_gmt":"2025-05-09T11:43:15","slug":"tennis-und-badminton","status":"publish","type":"page","link":"https:\/\/harmonyhotel.cz\/de\/aktivity\/tenis-a-badminton\/","title":{"rendered":"Tennis, Pickleball und Badminton"},"content":{"rendered":"<div class=\"wp-block-media-text is-stacked-on-mobile is-image-fill-element\" style=\"grid-template-columns:51% auto\"><figure class=\"wp-block-media-text__media\"><a href=\"https:\/\/harmonyhotel.cz\/wp-content\/uploads\/2025\/05\/Tenis_foto-scaled.jpeg\"><img loading=\"lazy\" decoding=\"async\" width=\"1600\" height=\"1068\" src=\"https:\/\/harmonyhotel.cz\/wp-content\/uploads\/2025\/05\/Tenis_foto-1600x1068.jpeg\" alt=\"\" class=\"wp-image-1549 size-medium\" style=\"object-position:50% 50%\" srcset=\"https:\/\/harmonyhotel.cz\/wp-content\/uploads\/2025\/05\/Tenis_foto-1600x1068.jpeg 1600w, https:\/\/harmonyhotel.cz\/wp-content\/uploads\/2025\/05\/Tenis_foto-800x534.jpeg 800w, https:\/\/harmonyhotel.cz\/wp-content\/uploads\/2025\/05\/Tenis_foto-18x12.jpeg 18w\" sizes=\"auto, (max-width: 1600px) 100vw, 1600px\" \/><\/a><\/figure><div class=\"wp-block-media-text__content\">\n<h2 class=\"wp-block-heading translation-block\">Tennis \u2013 ein Klassiker, der nie langweilig wird.<\/h2>\n\n\n\n<p>Elegant, dynamisch und voller Adrenalin. Tennis ist ein Sport f\u00fcr alle, die Bewegung, Wettkampf und Spielfreude lieben. Ob Sie ein erfahrener Spieler sind oder nur zum Spa\u00df ein paar B\u00e4lle schlagen m\u00f6chten \u2013 unsere modernen Indoor-Pl\u00e4tze bieten perfekte Bedingungen bei jedem Wetter. Sie haben keine Ausr\u00fcstung dabei? Kein Problem \u2013 Tennisschl\u00e4ger leihen wir Ihnen gerne direkt an der Rezeption. Genie\u00dfen Sie ein Spiel, das Generationen verbindet und nie aus der Mode kommt.<\/p>\n<\/div><\/div>\n\n\n\n<div class=\"wp-block-media-text has-media-on-the-right is-stacked-on-mobile is-image-fill-element\" style=\"grid-template-columns:auto 51%\"><div class=\"wp-block-media-text__content\">\n<h2 class=\"wp-block-heading\"><strong>Badminton \u2013 leicht, rasant und unterhaltsam.<\/strong><\/h2>\n\n\n\n<p>Ein Sport, der Sie in Bewegung bringt und gleichzeitig Spa\u00df macht. Badminton ist die ideale Wahl f\u00fcr Paare und Familien, die aktive Erholung suchen. Einfach Schl\u00e4ger schnappen und in unserer modernen Halle ein paar B\u00e4lle smashen \u2013 oder sie ganz einfach bei uns ausleihen. Alter und K\u00f6nnen spielen keine Rolle \u2013 Badminton begeistert jeden, der schnelle Spiele und gute Laune liebt.<br><br><\/p>\n<\/div><figure class=\"wp-block-media-text__media\"><a href=\"https:\/\/harmonyhotel.cz\/wp-content\/uploads\/2024\/06\/Harmony-Hotel-Spindleruv-Mlyn-Tenis-a-badminton.jpg\"><img loading=\"lazy\" decoding=\"async\" width=\"1600\" height=\"1065\" src=\"https:\/\/harmonyhotel.cz\/wp-content\/uploads\/2024\/06\/Harmony-Hotel-Spindleruv-Mlyn-Tenis-a-badminton.jpg\" alt=\"Harmony Hotel Spindlerm\u00fchle - Tennis und Badminton\" class=\"wp-image-823 size-medium\" style=\"object-position:50% 50%\" srcset=\"https:\/\/harmonyhotel.cz\/wp-content\/uploads\/2024\/06\/Harmony-Hotel-Spindleruv-Mlyn-Tenis-a-badminton.jpg 1600w, https:\/\/harmonyhotel.cz\/wp-content\/uploads\/2024\/06\/Harmony-Hotel-Spindleruv-Mlyn-Tenis-a-badminton-800x533.jpg 800w\" sizes=\"auto, (max-width: 1600px) 100vw, 1600px\" \/><\/a><\/figure><\/div>\n\n\n\n<div class=\"wp-block-media-text is-stacked-on-mobile is-image-fill-element\" style=\"grid-template-columns:51% auto\"><figure class=\"wp-block-media-text__media\"><a href=\"https:\/\/harmonyhotel.cz\/wp-content\/uploads\/2025\/05\/Pickleball_foto-scaled.jpeg\"><img loading=\"lazy\" decoding=\"async\" width=\"1600\" height=\"1067\" src=\"https:\/\/harmonyhotel.cz\/wp-content\/uploads\/2025\/05\/Pickleball_foto-1600x1067.jpeg\" alt=\"\" class=\"wp-image-1548 size-medium\" style=\"object-position:50% 50%\" srcset=\"https:\/\/harmonyhotel.cz\/wp-content\/uploads\/2025\/05\/Pickleball_foto-1600x1067.jpeg 1600w, https:\/\/harmonyhotel.cz\/wp-content\/uploads\/2025\/05\/Pickleball_foto-800x533.jpeg 800w, https:\/\/harmonyhotel.cz\/wp-content\/uploads\/2025\/05\/Pickleball_foto-18x12.jpeg 18w\" sizes=\"auto, (max-width: 1600px) 100vw, 1600px\" \/><\/a><\/figure><div class=\"wp-block-media-text__content\">\n<h2 class=\"wp-block-heading\"><strong><strong>Pickleball<\/strong> &#8211;<strong>- ein Sport, der die Welt erobert.<\/strong><\/strong><\/h2>\n\n\n\n<p>Schnell, fesselnd und unerwartet s\u00fcchtig machend. Pickleball kombiniert das Beste aus Tennis, Badminton und Tischtennis \u2013 und begeistert jeden, der einen Schl\u00e4ger in die Hand nimmt. Es wird von Sportbegeisterten, Familien, Senioren und jungen Leuten gespielt, die nicht mehr jedem Ball hinterherlaufen wollen. Schlie\u00dfen Sie sich dem Ph\u00e4nomen an, das die Pl\u00e4tze von Amerika bis Europa erobert. Bei uns k\u00f6nnen Sie jederzeit spielen \u2013 in einer Halle, die wir speziell f\u00fcr Pickleball vorbereitet haben. Nat\u00fcrlich verleihen wir Ihnen gerne Schl\u00e4ger und B\u00e4lle. Kommen Sie und probieren Sie einen Sport aus, der die Welt begeistert \u2013 Spa\u00df, Bewegung und Freude am Spiel garantiert.<br><\/p>\n<\/div><\/div>","protected":false},"excerpt":{"rendered":"<p>Tenis &#8211; klasika, kter\u00e1 nikdy neomrz\u00ed. Elegantn\u00ed, dynamick\u00fd a pln\u00fd adrenalinu. Tenis je sport pro ka\u017ed\u00e9ho, kdo miluje pohyb, sout\u011b\u017een\u00ed i radost ze hry. A\u0165 u\u017e jste zku\u0161en\u00fd hr\u00e1\u010d, nebo si jdete jen tak pinknout pro z\u00e1bavu, na\u0161e modern\u00ed vnit\u0159n\u00ed kurty v\u00e1m zajist\u00ed perfektn\u00ed podm\u00ednky za ka\u017ed\u00e9ho po\u010das\u00ed. Nem\u00e1te s sebou vybaven\u00ed? Nevad\u00ed, tenisov\u00e9 rakety [&hellip;]<\/p>\n","protected":false},"author":1,"featured_media":638,"parent":19,"menu_order":0,"comment_status":"closed","ping_status":"closed","template":"","meta":{"footnotes":""},"class_list":["post-763","page","type-page","status-publish","has-post-thumbnail","hentry"],"_links":{"self":[{"href":"https:\/\/harmonyhotel.cz\/de\/wp-json\/wp\/v2\/pages\/763","targetHints":{"allow":["GET"]}}],"collection":[{"href":"https:\/\/harmonyhotel.cz\/de\/wp-json\/wp\/v2\/pages"}],"about":[{"href":"https:\/\/harmonyhotel.cz\/de\/wp-json\/wp\/v2\/types\/page"}],"author":[{"embeddable":true,"href":"https:\/\/harmonyhotel.cz\/de\/wp-json\/wp\/v2\/users\/1"}],"replies":[{"embeddable":true,"href":"https:\/\/harmonyhotel.cz\/de\/wp-json\/wp\/v2\/comments?post=763"}],"version-history":[{"count":3,"href":"https:\/\/harmonyhotel.cz\/de\/wp-json\/wp\/v2\/pages\/763\/revisions"}],"predecessor-version":[{"id":1551,"href":"https:\/\/harmonyhotel.cz\/de\/wp-json\/wp\/v2\/pages\/763\/revisions\/1551"}],"up":[{"embeddable":true,"href":"https:\/\/harmonyhotel.cz\/de\/wp-json\/wp\/v2\/pages\/19"}],"wp:featuredmedia":[{"embeddable":true,"href":"https:\/\/harmonyhotel.cz\/de\/wp-json\/wp\/v2\/media\/638"}],"wp:attachment":[{"href":"https:\/\/harmonyhotel.cz\/de\/wp-json\/wp\/v2\/media?parent=763"}],"curies":[{"name":"wp","href":"https:\/\/api.w.org\/{rel}","templated":true}]}}