{"id":761,"date":"2024-06-13T22:28:58","date_gmt":"2024-06-13T20:28:58","guid":{"rendered":"https:\/\/harmonyhotel.cz\/?page_id=761"},"modified":"2026-03-17T14:17:55","modified_gmt":"2026-03-17T13:17:55","slug":"boulder","status":"publish","type":"page","link":"https:\/\/harmonyhotel.cz\/de\/aktivity\/boulder\/","title":{"rendered":"Boulder"},"content":{"rendered":"<div class=\"wp-block-media-text has-media-on-the-right is-stacked-on-mobile is-image-fill-element\"><div class=\"wp-block-media-text__content\">\n<p><strong>Boulderwand Harmony \u2013 Eine neue Dimension des Kletterns!<\/strong><\/p>\n\n\n\n<p>Unsere neue Boulderwand ist der perfekte Ort, um Ihre Kletterf\u00e4higkeiten zu trainieren, Spa\u00df mit den Kindern zu haben oder ein anspruchsvolles Fitnesstraining zu absolvieren.<\/p>\n\n\n\n<p><strong>Trainingseinrichtung:<\/strong>Ein Bereich f\u00fcr Klimmz\u00fcge und eine stabile horizontale Leiter f\u00fcr vielseitiges Fitnesstraining.<\/p>\n\n\n\n<p><strong>Abmessungen der Wand<\/strong>15 x 2,9 Meter, mit einer Gesamtfl\u00e4che von 45 m\u00b2.<\/p>\n\n\n\n<p><strong>Sicherheit und Komfort:<\/strong>Eine durchgehende Matte mit einer H\u00f6he von 25 cm, erg\u00e4nzt durch mobile Matten (10 cm), die je nach Bedarf und Schwierigkeitsgrad angepasst werden k\u00f6nnen.<\/p>\n<\/div><figure class=\"wp-block-media-text__media\"><a href=\"https:\/\/harmonyhotel.cz\/wp-content\/uploads\/2025\/01\/Harmony-Hotel-Spindleruv-Mlyn-Boulder-2-scaled.webp\"><img loading=\"lazy\" decoding=\"async\" width=\"1600\" height=\"1140\" src=\"https:\/\/harmonyhotel.cz\/wp-content\/uploads\/2025\/01\/Harmony-Hotel-Spindleruv-Mlyn-Boulder-2-1600x1140.webp\" alt=\"Harmony Hotel Spindleruv Mlyn Boulder 2\" class=\"wp-image-1439 size-medium\" style=\"object-position:50% 50%\" srcset=\"https:\/\/harmonyhotel.cz\/wp-content\/uploads\/2025\/01\/Harmony-Hotel-Spindleruv-Mlyn-Boulder-2-1600x1140.webp 1600w, https:\/\/harmonyhotel.cz\/wp-content\/uploads\/2025\/01\/Harmony-Hotel-Spindleruv-Mlyn-Boulder-2-800x570.webp 800w, https:\/\/harmonyhotel.cz\/wp-content\/uploads\/2025\/01\/Harmony-Hotel-Spindleruv-Mlyn-Boulder-2-18x12.webp 18w\" sizes=\"auto, (max-width: 1600px) 100vw, 1600px\" \/><\/a><\/figure><\/div>\n\n\n\n<div class=\"wp-block-media-text is-stacked-on-mobile is-image-fill-element\"><figure class=\"wp-block-media-text__media\"><a href=\"https:\/\/harmonyhotel.cz\/wp-content\/uploads\/2024\/06\/Harmony-Hotel-Spindleruv-Mlyn-Boulder-3.jpg\"><img loading=\"lazy\" decoding=\"async\" width=\"800\" height=\"533\" src=\"https:\/\/harmonyhotel.cz\/wp-content\/uploads\/2024\/06\/Harmony-Hotel-Spindleruv-Mlyn-Boulder-3-800x533.jpg\" alt=\"Harmony Hotel Spindlerm\u00fchle - Felsblock 3\" class=\"wp-image-817 size-medium\" style=\"object-position:50% 50%\" srcset=\"https:\/\/harmonyhotel.cz\/wp-content\/uploads\/2024\/06\/Harmony-Hotel-Spindleruv-Mlyn-Boulder-3-800x533.jpg 800w, https:\/\/harmonyhotel.cz\/wp-content\/uploads\/2024\/06\/Harmony-Hotel-Spindleruv-Mlyn-Boulder-3.jpg 1200w\" sizes=\"auto, (max-width: 800px) 100vw, 800px\" \/><\/a><\/figure><div class=\"wp-block-media-text__content\">\n<p>Die Wand ist f\u00fcr&nbsp;<strong>anf\u00e4nger sowie fortgeschrittene Kletterer entworfen<\/strong>&nbsp;und es ist eine ausgezeichnete Wahl sowohl f\u00fcr Einzelpersonen als auch f\u00fcr Familien mit Kindern.<\/p>\n\n\n\n<p><strong>Kletterschuhverleih<\/strong>&nbsp;es ist an der Wellness-Rezeption verf\u00fcgbar.<br><strong>Die \u00d6ffnungszeiten<\/strong>: t\u00e4glich von 7:00 bis 22:00 Uhr.<\/p>\n<\/div><\/div>\n\n\n\n<div class=\"wp-block-media-text has-media-on-the-right is-stacked-on-mobile is-image-fill-element\"><div class=\"wp-block-media-text__content\">\n<p>Kommen Sie und probieren Sie unsere neue Boulderwand aus und erweitern Sie Ihre Grenzen!<br><strong>Harmony Hotel \u0160pindler\u016fv Ml\u00fdn \u2013 ein Ort f\u00fcr aktive und entspannende Erlebnisse.<\/strong><\/p>\n\n\n\n<p><\/p>\n\n\n\n<p><\/p>\n<\/div><figure class=\"wp-block-media-text__media\"><a href=\"https:\/\/harmonyhotel.cz\/wp-content\/uploads\/2024\/06\/Harmony-Hotel-Spindleruv-Mlyn-Boulder-1.jpg\"><img loading=\"lazy\" decoding=\"async\" width=\"800\" height=\"533\" src=\"https:\/\/harmonyhotel.cz\/wp-content\/uploads\/2024\/06\/Harmony-Hotel-Spindleruv-Mlyn-Boulder-1-800x533.jpg\" alt=\"Harmony Hotel Spindlerm\u00fchle - Boulder 1\" class=\"wp-image-819 size-medium\" style=\"object-position:50% 50%\" srcset=\"https:\/\/harmonyhotel.cz\/wp-content\/uploads\/2024\/06\/Harmony-Hotel-Spindleruv-Mlyn-Boulder-1-800x533.jpg 800w, https:\/\/harmonyhotel.cz\/wp-content\/uploads\/2024\/06\/Harmony-Hotel-Spindleruv-Mlyn-Boulder-1.jpg 1200w\" sizes=\"auto, (max-width: 800px) 100vw, 800px\" \/><\/a><\/figure><\/div>","protected":false},"excerpt":{"rendered":"<p>Boulderov\u00e1 st\u011bna Harmony \u2013 nov\u00e1 dimenze lezen\u00ed! Na\u0161e nov\u00e1 boulderov\u00e1 st\u011bna je ide\u00e1ln\u00edm m\u00edstem pro tr\u00e9nink va\u0161ich lezeck\u00fdch dovednost\u00ed, z\u00e1bavu pro d\u011bti i n\u00e1ro\u010dn\u00fd kondi\u010dn\u00ed tr\u00e9nink. Vybaven\u00ed pro tr\u00e9nink: Prostor na shyby a pevn\u00fd vodorovn\u00fd \u017eeb\u0159\u00edk pro v\u0161estrann\u00fd kondi\u010dn\u00ed tr\u00e9nink. Rozm\u011bry st\u011bny: 15 x 2,9 metr\u016f, s celkovou plochou 45 m\u00b2. Bezpe\u010dnost a pohodl\u00ed: Celoplo\u0161n\u00e1 [&hellip;]<\/p>\n","protected":false},"author":1,"featured_media":1440,"parent":19,"menu_order":0,"comment_status":"closed","ping_status":"closed","template":"","meta":{"footnotes":""},"class_list":["post-761","page","type-page","status-publish","has-post-thumbnail","hentry"],"_links":{"self":[{"href":"https:\/\/harmonyhotel.cz\/de\/wp-json\/wp\/v2\/pages\/761","targetHints":{"allow":["GET"]}}],"collection":[{"href":"https:\/\/harmonyhotel.cz\/de\/wp-json\/wp\/v2\/pages"}],"about":[{"href":"https:\/\/harmonyhotel.cz\/de\/wp-json\/wp\/v2\/types\/page"}],"author":[{"embeddable":true,"href":"https:\/\/harmonyhotel.cz\/de\/wp-json\/wp\/v2\/users\/1"}],"replies":[{"embeddable":true,"href":"https:\/\/harmonyhotel.cz\/de\/wp-json\/wp\/v2\/comments?post=761"}],"version-history":[{"count":18,"href":"https:\/\/harmonyhotel.cz\/de\/wp-json\/wp\/v2\/pages\/761\/revisions"}],"predecessor-version":[{"id":2414,"href":"https:\/\/harmonyhotel.cz\/de\/wp-json\/wp\/v2\/pages\/761\/revisions\/2414"}],"up":[{"embeddable":true,"href":"https:\/\/harmonyhotel.cz\/de\/wp-json\/wp\/v2\/pages\/19"}],"wp:featuredmedia":[{"embeddable":true,"href":"https:\/\/harmonyhotel.cz\/de\/wp-json\/wp\/v2\/media\/1440"}],"wp:attachment":[{"href":"https:\/\/harmonyhotel.cz\/de\/wp-json\/wp\/v2\/media?parent=761"}],"curies":[{"name":"wp","href":"https:\/\/api.w.org\/{rel}","templated":true}]}}