{"id":753,"date":"2024-06-13T22:27:22","date_gmt":"2024-06-13T20:27:22","guid":{"rendered":"https:\/\/harmonyhotel.cz\/?page_id=753"},"modified":"2026-02-18T15:33:15","modified_gmt":"2026-02-18T14:33:15","slug":"skipasse-und-skigebiet","status":"publish","type":"page","link":"https:\/\/harmonyhotel.cz\/de\/aktivity\/skipasy-a-skiareal\/","title":{"rendered":"Skip\u00e4sse und Skigebiet"},"content":{"rendered":"<div class=\"wp-block-media-text has-media-on-the-right is-stacked-on-mobile is-image-fill-element\"><div class=\"wp-block-media-text__content\">\n<p>Wir befinden uns direkt am Fu\u00dfe des Medv\u011bd\u00edn, Sie k\u00f6nnen das Hotel leicht mit den Skiern erreichen und verlassen. Der kleine Hotellift Harmony dient als Einstiegslift in das Hauptgebiet und auch als Basis f\u00fcr den Unterricht der kleinsten Skifahrer. <\/p>\n<\/div><figure class=\"wp-block-media-text__media\"><a href=\"https:\/\/harmonyhotel.cz\/wp-content\/uploads\/2026\/02\/260108_0772-Panorama-scaled.jpg\"><img loading=\"lazy\" decoding=\"async\" width=\"1600\" height=\"823\" src=\"https:\/\/harmonyhotel.cz\/wp-content\/uploads\/2026\/02\/260108_0772-Panorama-1600x823.jpg\" alt=\"\" class=\"wp-image-2328 size-medium\" style=\"object-position:50% 50%\" srcset=\"https:\/\/harmonyhotel.cz\/wp-content\/uploads\/2026\/02\/260108_0772-Panorama-1600x823.jpg 1600w, https:\/\/harmonyhotel.cz\/wp-content\/uploads\/2026\/02\/260108_0772-Panorama-800x412.jpg 800w, https:\/\/harmonyhotel.cz\/wp-content\/uploads\/2026\/02\/260108_0772-Panorama-18x9.jpg 18w\" sizes=\"auto, (max-width: 1600px) 100vw, 1600px\" \/><\/a><\/figure><\/div>\n\n\n\n<div class=\"wp-block-media-text is-stacked-on-mobile is-image-fill-element\"><figure class=\"wp-block-media-text__media\"><a href=\"https:\/\/harmonyhotel.cz\/wp-content\/uploads\/2024\/06\/Harmony-Hotel-Spindleruv-Mlyn-Skipasy-a-skiareal-2.jpg\"><img loading=\"lazy\" decoding=\"async\" width=\"1600\" height=\"1067\" src=\"https:\/\/harmonyhotel.cz\/wp-content\/uploads\/2024\/06\/Harmony-Hotel-Spindleruv-Mlyn-Skipasy-a-skiareal-2-1600x1067.jpg\" alt=\"Harmony Hotel \u0160pindler\u016fv Ml\u00fdn - Skip\u00e4sse und Skigebiet 2\" class=\"wp-image-790 size-medium\" style=\"object-position:50% 50%\" srcset=\"https:\/\/harmonyhotel.cz\/wp-content\/uploads\/2024\/06\/Harmony-Hotel-Spindleruv-Mlyn-Skipasy-a-skiareal-2-1600x1067.jpg 1600w, https:\/\/harmonyhotel.cz\/wp-content\/uploads\/2024\/06\/Harmony-Hotel-Spindleruv-Mlyn-Skipasy-a-skiareal-2-800x533.jpg 800w, https:\/\/harmonyhotel.cz\/wp-content\/uploads\/2024\/06\/Harmony-Hotel-Spindleruv-Mlyn-Skipasy-a-skiareal-2.jpg 1620w\" sizes=\"auto, (max-width: 1600px) 100vw, 1600px\" \/><\/a><\/figure><div class=\"wp-block-media-text__content\">\n<p>Es wird empfohlen, Skip\u00e4sse im Voraus auf der Plattform www.gopass.cz zu kaufen. Wenn Sie einen GOPASS besitzen, ist es ideal, diesen im Voraus zu kaufen. <\/p>\n<\/div><\/div>\n\n\n\n<div class=\"wp-block-media-text has-media-on-the-right is-stacked-on-mobile is-image-fill-element\"><div class=\"wp-block-media-text__content\">\n<p>Weitere Informationen \u00fcber das Skigebiet \u0160pindler\u016fv Ml\u00fdn finden Sie unter:<\/p>\n\n\n\n<div class=\"wp-block-buttons is-layout-flex wp-block-buttons-is-layout-flex\">\n<div class=\"wp-block-button\"><a class=\"wp-block-button__link wp-element-button\" href=\"https:\/\/www.skiareal.cz\" target=\"_blank\" rel=\"noreferrer noopener\">www.skiareal.cz<\/a><\/div>\n<\/div>\n<\/div><figure class=\"wp-block-media-text__media\"><a href=\"https:\/\/harmonyhotel.cz\/wp-content\/uploads\/2024\/06\/Harmony-Hotel-Spindleruv-Mlyn-Skipasy-a-skiareal-1.jpg\"><img loading=\"lazy\" decoding=\"async\" width=\"1600\" height=\"1067\" src=\"https:\/\/harmonyhotel.cz\/wp-content\/uploads\/2024\/06\/Harmony-Hotel-Spindleruv-Mlyn-Skipasy-a-skiareal-1-1600x1067.jpg\" alt=\"Harmony Hotel \u0160pindler\u016fv Ml\u00fdn - Skip\u00e4sse und Skigebiet 1\" class=\"wp-image-791 size-medium\" style=\"object-position:50% 50%\" srcset=\"https:\/\/harmonyhotel.cz\/wp-content\/uploads\/2024\/06\/Harmony-Hotel-Spindleruv-Mlyn-Skipasy-a-skiareal-1-1600x1067.jpg 1600w, https:\/\/harmonyhotel.cz\/wp-content\/uploads\/2024\/06\/Harmony-Hotel-Spindleruv-Mlyn-Skipasy-a-skiareal-1-800x533.jpg 800w, https:\/\/harmonyhotel.cz\/wp-content\/uploads\/2024\/06\/Harmony-Hotel-Spindleruv-Mlyn-Skipasy-a-skiareal-1.jpg 1620w\" sizes=\"auto, (max-width: 1600px) 100vw, 1600px\" \/><\/a><\/figure><\/div>\n\n\n\n<p><\/p>","protected":false},"excerpt":{"rendered":"<p>Le\u017e\u00edme p\u0159\u00edmo na \u00fapat\u00ed Medv\u011bd\u00edna, z hotelu i do hotelu se dostanete pohodln\u011b na ly\u017e\u00edch. Mal\u00fd hotelov\u00fd vlek Harmony slou\u017e\u00ed jako p\u0159ibli\u017eovac\u00ed vlek do hlavn\u00edho are\u00e1lu a tak\u00e9 jako z\u00e1klad pro v\u00fduku t\u011bch nejmen\u0161\u00edch ly\u017ea\u0159\u016f. Skipasy doporu\u010dujeme zakoupit dop\u0159edu na platform\u011b www.gopass.cz Pokud GOPASS vlastn\u00edte, je ide\u00e1ln\u00ed zakoupit si ho s p\u0159edstihem.<\/p>","protected":false},"author":1,"featured_media":735,"parent":19,"menu_order":0,"comment_status":"closed","ping_status":"closed","template":"","meta":{"footnotes":""},"class_list":["post-753","page","type-page","status-publish","has-post-thumbnail","hentry"],"_links":{"self":[{"href":"https:\/\/harmonyhotel.cz\/de\/wp-json\/wp\/v2\/pages\/753","targetHints":{"allow":["GET"]}}],"collection":[{"href":"https:\/\/harmonyhotel.cz\/de\/wp-json\/wp\/v2\/pages"}],"about":[{"href":"https:\/\/harmonyhotel.cz\/de\/wp-json\/wp\/v2\/types\/page"}],"author":[{"embeddable":true,"href":"https:\/\/harmonyhotel.cz\/de\/wp-json\/wp\/v2\/users\/1"}],"replies":[{"embeddable":true,"href":"https:\/\/harmonyhotel.cz\/de\/wp-json\/wp\/v2\/comments?post=753"}],"version-history":[{"count":2,"href":"https:\/\/harmonyhotel.cz\/de\/wp-json\/wp\/v2\/pages\/753\/revisions"}],"predecessor-version":[{"id":2331,"href":"https:\/\/harmonyhotel.cz\/de\/wp-json\/wp\/v2\/pages\/753\/revisions\/2331"}],"up":[{"embeddable":true,"href":"https:\/\/harmonyhotel.cz\/de\/wp-json\/wp\/v2\/pages\/19"}],"wp:featuredmedia":[{"embeddable":true,"href":"https:\/\/harmonyhotel.cz\/de\/wp-json\/wp\/v2\/media\/735"}],"wp:attachment":[{"href":"https:\/\/harmonyhotel.cz\/de\/wp-json\/wp\/v2\/media?parent=753"}],"curies":[{"name":"wp","href":"https:\/\/api.w.org\/{rel}","templated":true}]}}