{"id":669,"date":"2024-06-11T23:46:05","date_gmt":"2024-06-11T21:46:05","guid":{"rendered":"https:\/\/harmonyhotel.cz\/?page_id=669"},"modified":"2025-07-31T14:06:22","modified_gmt":"2025-07-31T12:06:22","slug":"massage-und-entspannung","status":"publish","type":"page","link":"https:\/\/harmonyhotel.cz\/de\/wellness\/masaze-a-relaxace\/","title":{"rendered":"Massage und Entspannung"},"content":{"rendered":"<p class=\"has-text-align-center\">Neben gesunder Ern\u00e4hrung sind Sport und Entspannung, Wellness, ein wesentlicher Bestandteil eines gesunden Lebensstils. Zu den Wellness- und Entspannungstherapien geh\u00f6ren Massagen, von denen wir ein breites Angebot f\u00fcr Sie vorbereitet haben. Sie k\u00f6nnen spezielle Entspannungsmassagen oder klassische Sportmassagen genie\u00dfen, und das alles in der sch\u00f6nen Umgebung der neu errichteten Saunawelt und ihrem Entspannungsbereich.<\/p>\n\n\n\n<div style=\"height:50px\" aria-hidden=\"true\" class=\"wp-block-spacer\"><\/div>\n\n\n\n<div class=\"wp-block-media-text has-media-on-the-right is-stacked-on-mobile is-image-fill-element\"><div class=\"wp-block-media-text__content\">\n<h2 class=\"wp-block-heading\">Klassische Sport- und Konditionierungsmassagen<\/h2>\n\n\n\n<p>Die klassische Sport- und Konditionierungsmassage wird zur Beseitigung von M\u00fcdigkeit und Erfrischung, zur Entspannung und Kr\u00e4ftigung der Muskulatur, zur Anregung des Kreislauf- und Lymphsystems nicht nur bei Sportlern eingesetzt.<\/p>\n\n\n\n<div style=\"height:20px\" aria-hidden=\"true\" class=\"wp-block-spacer\"><\/div>\n\n\n\n<figure class=\"wp-block-table is-style-stripes\"><table><tbody><tr><td><strong>Ganzheitliche Massage<\/strong>&nbsp;(R\u00fccken, Nacken, Beine)<\/td><td>50 min<\/td><td>1 290 CZK<\/td><\/tr><tr><td><strong>Teilweise Massage<\/strong>&nbsp;(R\u00fccken, Nacken)<\/td><td>20 min<\/td><td>690 CZK<\/td><\/tr><tr><td><strong>Fu\u00dfmassage<\/strong>&nbsp;(R\u00fccken)<\/td><td>20 min<\/td><td>690 CZK<\/td><\/tr><\/tbody><\/table><\/figure>\n<\/div><figure class=\"wp-block-media-text__media\"><a href=\"https:\/\/harmonyhotel.cz\/wp-content\/uploads\/2024\/06\/Masaze-Spindleruv-Mlyn-Harmony-Hotel-Spindleruv-Mlyn-Klasicka-masaz-scaled.jpg\"><img loading=\"lazy\" decoding=\"async\" width=\"800\" height=\"549\" src=\"https:\/\/harmonyhotel.cz\/wp-content\/uploads\/2024\/06\/Masaze-Spindleruv-Mlyn-Harmony-Hotel-Spindleruv-Mlyn-Klasicka-masaz-800x549.jpg\" alt=\"Mas\u00e1\u017ee \u0160pindler\u016fv Ml\u00fdn - Harmony Hotel \u0160pindler\u016fv Ml\u00fdn - Klasick\u00e1 mas\u00e1\u017e\" class=\"wp-image-703 size-medium\" style=\"object-position:50% 50%\" srcset=\"https:\/\/harmonyhotel.cz\/wp-content\/uploads\/2024\/06\/Masaze-Spindleruv-Mlyn-Harmony-Hotel-Spindleruv-Mlyn-Klasicka-masaz-800x549.jpg 800w, https:\/\/harmonyhotel.cz\/wp-content\/uploads\/2024\/06\/Masaze-Spindleruv-Mlyn-Harmony-Hotel-Spindleruv-Mlyn-Klasicka-masaz-1600x1098.jpg 1600w\" sizes=\"auto, (max-width: 800px) 100vw, 800px\" \/><\/a><\/figure><\/div>\n\n\n\n<div class=\"wp-block-media-text is-stacked-on-mobile is-image-fill-element\"><figure class=\"wp-block-media-text__media\"><a href=\"https:\/\/harmonyhotel.cz\/wp-content\/uploads\/2024\/06\/Masaze-Spindleruv-Mlyn-Harmony-Hotel-Spindleruv-Mlyn-Aroma-masaz-scaled.jpg\"><img loading=\"lazy\" decoding=\"async\" width=\"800\" height=\"549\" src=\"https:\/\/harmonyhotel.cz\/wp-content\/uploads\/2024\/06\/Masaze-Spindleruv-Mlyn-Harmony-Hotel-Spindleruv-Mlyn-Aroma-masaz-800x549.jpg\" alt=\"Mas\u00e1\u017ee \u0160pindler\u016fv Ml\u00fdn - Harmony Hotel \u0160pindler\u016fv Ml\u00fdn - Aroma mas\u00e1\u017e\" class=\"wp-image-705 size-medium\" style=\"object-position:50% 50%\" srcset=\"https:\/\/harmonyhotel.cz\/wp-content\/uploads\/2024\/06\/Masaze-Spindleruv-Mlyn-Harmony-Hotel-Spindleruv-Mlyn-Aroma-masaz-800x549.jpg 800w, https:\/\/harmonyhotel.cz\/wp-content\/uploads\/2024\/06\/Masaze-Spindleruv-Mlyn-Harmony-Hotel-Spindleruv-Mlyn-Aroma-masaz-1600x1098.jpg 1600w\" sizes=\"auto, (max-width: 800px) 100vw, 800px\" \/><\/a><\/figure><div class=\"wp-block-media-text__content\">\n<h2 class=\"wp-block-heading\">Aroma-Massage<\/h2>\n\n\n\n<p>Entspannende Massage, die nicht nur auf den K\u00f6rper, sondern auch auf den Geist wirkt. Sie erzielt starke Wirkungen dank rein nat\u00fcrlicher Substanzen wie \u00e4therischen \u00d6len und \u00e4therischen \u00d6len. Sie unterst\u00fctzt das Immunsystem und hilft, Spannungen und Stress abzubauen. Mit der richtigen Wahl der \u00e4therischen \u00d6le k\u00f6nnen wir eine Linderung vieler psychischer Probleme erreichen.<\/p>\n\n\n\n<p>Unser professionell geschultes Personal empfiehlt Ihnen auf Wunsch ein bestimmtes \u00e4therisches \u00d6l, je nach Ihren spezifischen W\u00fcnschen oder Anliegen.<\/p>\n\n\n\n<div style=\"height:20px\" aria-hidden=\"true\" class=\"wp-block-spacer\"><\/div>\n\n\n\n<figure class=\"wp-block-table is-style-stripes\"><table><tbody><tr><td><strong>Ganzheitliche Aromamassage&nbsp;<\/strong>(R\u00fccken, Nacken, Beine)<\/td><td>50 min<\/td><td>1 290 CZK<\/td><\/tr><tr><td><strong>Teilweise Aromamassage<\/strong>&nbsp;(R\u00fccken, Nacken)<\/td><td>20 min<\/td><td>690 CZK<\/td><\/tr><\/tbody><\/table><\/figure>\n<\/div><\/div>\n\n\n\n<div class=\"wp-block-media-text has-media-on-the-right is-stacked-on-mobile is-image-fill-element\"><div class=\"wp-block-media-text__content\">\n<h2 class=\"wp-block-heading\">Bergbau<\/h2>\n\n\n\n<p>Eine spezielle, traditionelle, historisch erprobte Massage, die auf eine deutliche Muskelentspannung, Muskelblockaden, Schmerzlinderung und Entgiftung abzielt. Beim Schr\u00f6pfen wird die Massage zun\u00e4chst mit einer Schr\u00f6pfkanne durchgef\u00fchrt und dann werden die Schr\u00f6pfk\u00f6pfe auf den K\u00f6rper gesetzt.<\/p>\n\n\n\n<div style=\"height:20px\" aria-hidden=\"true\" class=\"wp-block-spacer\"><\/div>\n\n\n\n<figure class=\"wp-block-table is-style-stripes\"><table><tbody><tr><td><strong>Bergbau&nbsp;<\/strong>(R\u00fccken)<\/td><td>20 min<\/td><td>690 CZK<\/td><\/tr><\/tbody><\/table><\/figure>\n<\/div><figure class=\"wp-block-media-text__media\"><a href=\"https:\/\/harmonyhotel.cz\/wp-content\/uploads\/2024\/06\/Masaze-Spindleruv-Mlyn-Harmony-Hotel-Spindleruv-Mlyn-Bankovani-scaled.jpg\"><img loading=\"lazy\" decoding=\"async\" width=\"800\" height=\"549\" src=\"https:\/\/harmonyhotel.cz\/wp-content\/uploads\/2024\/06\/Masaze-Spindleruv-Mlyn-Harmony-Hotel-Spindleruv-Mlyn-Bankovani-800x549.jpg\" alt=\"Mas\u00e1\u017ee \u0160pindler\u016fv Ml\u00fdn - Harmony Hotel \u0160pindler\u016fv Ml\u00fdn - Ba\u0148kov\u00e1n\u00ed\" class=\"wp-image-702 size-medium\" style=\"object-position:50% 50%\" srcset=\"https:\/\/harmonyhotel.cz\/wp-content\/uploads\/2024\/06\/Masaze-Spindleruv-Mlyn-Harmony-Hotel-Spindleruv-Mlyn-Bankovani-800x549.jpg 800w, https:\/\/harmonyhotel.cz\/wp-content\/uploads\/2024\/06\/Masaze-Spindleruv-Mlyn-Harmony-Hotel-Spindleruv-Mlyn-Bankovani-1600x1098.jpg 1600w\" sizes=\"auto, (max-width: 800px) 100vw, 800px\" \/><\/a><\/figure><\/div>\n\n\n\n<div class=\"wp-block-media-text is-stacked-on-mobile is-image-fill-element\"><figure class=\"wp-block-media-text__media\"><a href=\"https:\/\/harmonyhotel.cz\/wp-content\/uploads\/2024\/06\/Masaze-Spindleruv-Mlyn-Harmony-Hotel-Spindleruv-Mlyn-Masaz-lavovymi-kameny-scaled.jpg\"><img loading=\"lazy\" decoding=\"async\" width=\"800\" height=\"532\" src=\"https:\/\/harmonyhotel.cz\/wp-content\/uploads\/2024\/06\/Masaze-Spindleruv-Mlyn-Harmony-Hotel-Spindleruv-Mlyn-Masaz-lavovymi-kameny-800x532.jpg\" alt=\"Massage Spindlerm\u00fchle - Harmony Hotel Spindlerm\u00fchle - Massage mit Lavasteinen\" class=\"wp-image-700 size-medium\" style=\"object-position:50% 50%\" srcset=\"https:\/\/harmonyhotel.cz\/wp-content\/uploads\/2024\/06\/Masaze-Spindleruv-Mlyn-Harmony-Hotel-Spindleruv-Mlyn-Masaz-lavovymi-kameny-800x532.jpg 800w, https:\/\/harmonyhotel.cz\/wp-content\/uploads\/2024\/06\/Masaze-Spindleruv-Mlyn-Harmony-Hotel-Spindleruv-Mlyn-Masaz-lavovymi-kameny-1600x1065.jpg 1600w\" sizes=\"auto, (max-width: 800px) 100vw, 800px\" \/><\/a><\/figure><div class=\"wp-block-media-text__content\">\n<h2 class=\"wp-block-heading\">Massage mit Lavasteinen<\/h2>\n\n\n\n<p>Die Lavasteinmassage ist eine Kombination spezieller Massagetechniken, die in Verbindung mit hei\u00dfen Lavasteinen eine starke therapeutische, entspannende und entspannende Wirkung haben. Die Massage dient dazu, den Blutkreislauf und das Lymphsystem anzuregen. Sie erw\u00e4rmt den ganzen K\u00f6rper, hilft bei der Entgiftung des K\u00f6rpers und gleicht die Energie im K\u00f6rper aus. Sie eignet sich hervorragend bei R\u00fccken- und Gelenkschmerzen. Lavasteine sind hervorragende W\u00e4rmespeicher und tragen zur beschleunigten Regeneration des Gewebes bei. Zugleich haben sie eine starke energetische Schwingung.<\/p>\n\n\n\n<div style=\"height:20px\" aria-hidden=\"true\" class=\"wp-block-spacer\"><\/div>\n\n\n\n<figure class=\"wp-block-table is-style-stripes\"><table><tbody><tr><td><strong>Ganzheitliche Massage&nbsp;<\/strong>(R\u00fccken, Beine)<\/td><td>60 min<\/td><td>1 590 K\u010d<\/td><\/tr><tr><td><strong>Teilweise Massage<\/strong>&nbsp;(R\u00fccken)<\/td><td>30 min<\/td><td>890 K\u010d<\/td><\/tr><\/tbody><\/table><\/figure>\n<\/div><\/div>\n\n\n\n<div class=\"wp-block-media-text has-media-on-the-right is-stacked-on-mobile is-image-fill-element\"><div class=\"wp-block-media-text__content\">\n<h2 class=\"wp-block-heading\">Schokoladenmassage und -packung<\/h2>\n\n\n\n<p>Ein luxuri\u00f6ses Verfahren, das sich hervorragend zur Gl\u00e4ttung und Versch\u00f6nerung der Haut, zur Beseitigung von Cellulite, zur Ausschwemmung von Giftstoffen, zur Entspannung steifer Muskeln sowie zur komplexen psychologischen Entspannung und Harmonisierung von K\u00f6rper und Geist eignet. Nach einer Schokoladenbehandlung f\u00fchlen Sie sich erfrischt, entspannt, ausgeruht und, dank der F\u00e4higkeit der Schokolade, Endorphine freizusetzen, gl\u00fccklich.<\/p>\n\n\n\n<div style=\"height:20px\" aria-hidden=\"true\" class=\"wp-block-spacer\"><\/div>\n\n\n\n<figure class=\"wp-block-table is-style-stripes\"><table><tbody><tr><td><strong>\u010cokol\u00e1dov\u00e1 mas\u00e1\u017e<\/strong>&nbsp;mit Packung<\/td><td>100 min<\/td><td>2 090 K\u010d<\/td><\/tr><\/tbody><\/table><\/figure>\n<\/div><figure class=\"wp-block-media-text__media\"><a href=\"https:\/\/harmonyhotel.cz\/wp-content\/uploads\/2024\/06\/Masaze-Spindleruv-Mlyn-Harmony-Hotel-Spindleruv-Mlyn-1-scaled.jpg\"><img loading=\"lazy\" decoding=\"async\" width=\"800\" height=\"532\" src=\"https:\/\/harmonyhotel.cz\/wp-content\/uploads\/2024\/06\/Masaze-Spindleruv-Mlyn-Harmony-Hotel-Spindleruv-Mlyn-1-800x532.jpg\" alt=\"Massage Spindlerm\u00fchle - Harmony Hotel Spindlerm\u00fchle\" class=\"wp-image-654 size-medium\" style=\"object-position:50% 50%\" srcset=\"https:\/\/harmonyhotel.cz\/wp-content\/uploads\/2024\/06\/Masaze-Spindleruv-Mlyn-Harmony-Hotel-Spindleruv-Mlyn-1-800x532.jpg 800w, https:\/\/harmonyhotel.cz\/wp-content\/uploads\/2024\/06\/Masaze-Spindleruv-Mlyn-Harmony-Hotel-Spindleruv-Mlyn-1-1600x1065.jpg 1600w\" sizes=\"auto, (max-width: 800px) 100vw, 800px\" \/><\/a><\/figure><\/div>\n\n\n\n<div class=\"wp-block-media-text is-stacked-on-mobile is-image-fill-element\"><figure class=\"wp-block-media-text__media\"><a href=\"https:\/\/harmonyhotel.cz\/wp-content\/uploads\/2024\/06\/Masaze-Spindleruv-Mlyn-Harmony-Hotel-Spindleruv-Mlyn-Medova-masaz-a-zabal-scaled.jpg\"><img loading=\"lazy\" decoding=\"async\" width=\"800\" height=\"549\" src=\"https:\/\/harmonyhotel.cz\/wp-content\/uploads\/2024\/06\/Masaze-Spindleruv-Mlyn-Harmony-Hotel-Spindleruv-Mlyn-Medova-masaz-a-zabal-800x549.jpg\" alt=\"Mas\u00e1\u017ee \u0160pindler\u016fv Ml\u00fdn - Harmony Hotel \u0160pindler\u016fv Ml\u00fdn - Medov\u00e1 mas\u00e1\u017e a z\u00e1bal\" class=\"wp-image-704 size-medium\" style=\"object-position:50% 50%\" srcset=\"https:\/\/harmonyhotel.cz\/wp-content\/uploads\/2024\/06\/Masaze-Spindleruv-Mlyn-Harmony-Hotel-Spindleruv-Mlyn-Medova-masaz-a-zabal-800x549.jpg 800w, https:\/\/harmonyhotel.cz\/wp-content\/uploads\/2024\/06\/Masaze-Spindleruv-Mlyn-Harmony-Hotel-Spindleruv-Mlyn-Medova-masaz-a-zabal-1600x1098.jpg 1600w\" sizes=\"auto, (max-width: 800px) 100vw, 800px\" \/><\/a><\/figure><div class=\"wp-block-media-text__content\">\n<h2 class=\"wp-block-heading\">Honigmassage und -packung<\/h2>\n\n\n\n<p>Die Honigmassage ist eine alte, bew\u00e4hrte Heilmethode, bei der die entgiftende und reflektorische Wirkung des Honigs in Verbindung mit Kompressionsmassagegriffen genutzt wird und die mit einem abschlie\u00dfenden Honigwickel endet. Sie entfernt Ablagerungen und Giftstoffe aus den Tiefen des Gewebes und revitalisiert so den K\u00f6rper. Die Honigmassage eignet sich f\u00fcr Ersch\u00f6pfung und Schw\u00e4che, die durch Stress, nerv\u00f6se St\u00f6rungen und Unruhezust\u00e4nde verursacht werden.<\/p>\n\n\n\n<div style=\"height:20px\" aria-hidden=\"true\" class=\"wp-block-spacer\"><\/div>\n\n\n\n<figure class=\"wp-block-table is-style-stripes\"><table><tbody><tr><td class=\"translation-block\">Honigmassage und -packung<\/td><td>90 min<\/td><td>1 990 CZK<\/td><\/tr><\/tbody><\/table><\/figure>\n<\/div><\/div>\n\n\n\n<div class=\"wp-block-media-text has-media-on-the-right is-stacked-on-mobile is-image-fill-element\"><div class=\"wp-block-media-text__content\">\n<h2 class=\"wp-block-heading\">Hawaiianische Lomi-Lomi-Massage<\/h2>\n\n\n\n<p>Diese Massage eignet sich besonders zur Stimulierung des Blutkreislaufs und des Lymphsystems, f\u00fchrt zu einem Gef\u00fchl tiefer Entspannung und Harmonisierung des Organismus, lindert Muskelschmerzen, M\u00fcdigkeit und Verspannungen, entspannt die Gelenkverbindungen und entgiftet den Organismus.<\/p>\n\n\n\n<div style=\"height:20px\" aria-hidden=\"true\" class=\"wp-block-spacer\"><\/div>\n\n\n\n<figure class=\"wp-block-table is-style-stripes\"><table><tbody><tr><td><strong>Lomi Lomi<\/strong>&nbsp;total<\/td><td>60 min<\/td><td>1 390 CZK<\/td><\/tr><tr><td><strong>Lomi Lomi<\/strong>&nbsp;\u010d\u00e1ste\u010dn\u00e1 mas\u00e1\u017e (z\u00e1da, \u0161\u00edje)<\/td><td>30 min<\/td><td>790 CZK<\/td><\/tr><\/tbody><\/table><\/figure>\n<\/div><figure class=\"wp-block-media-text__media\"><a href=\"https:\/\/harmonyhotel.cz\/wp-content\/uploads\/2024\/06\/Masaze-Spindleruv-Mlyn-Harmony-Hotel-Spindleruv-Mlyn-Masaz-scaled.jpg\"><img loading=\"lazy\" decoding=\"async\" width=\"800\" height=\"533\" src=\"https:\/\/harmonyhotel.cz\/wp-content\/uploads\/2024\/06\/Masaze-Spindleruv-Mlyn-Harmony-Hotel-Spindleruv-Mlyn-Masaz-800x533.jpg\" alt=\"Mas\u00e1\u017ee \u0160pindler\u016fv Ml\u00fdn - Harmony Hotel \u0160pindler\u016fv Ml\u00fdn - Mas\u00e1\u017e\" class=\"wp-image-701 size-medium\" style=\"object-position:50% 50%\" srcset=\"https:\/\/harmonyhotel.cz\/wp-content\/uploads\/2024\/06\/Masaze-Spindleruv-Mlyn-Harmony-Hotel-Spindleruv-Mlyn-Masaz-800x533.jpg 800w, https:\/\/harmonyhotel.cz\/wp-content\/uploads\/2024\/06\/Masaze-Spindleruv-Mlyn-Harmony-Hotel-Spindleruv-Mlyn-Masaz-1600x1066.jpg 1600w\" sizes=\"auto, (max-width: 800px) 100vw, 800px\" \/><\/a><\/figure><\/div>\n\n\n\n<div class=\"wp-block-media-text is-stacked-on-mobile is-image-fill-element\"><figure class=\"wp-block-media-text__media\"><a href=\"https:\/\/harmonyhotel.cz\/wp-content\/uploads\/2024\/06\/Masaze-Spindleruv-Mlyn-Harmony-Hotel-Spindleruv-Mlyn-Liftingova-masaz-obliceje-scaled.jpg\"><img loading=\"lazy\" decoding=\"async\" width=\"800\" height=\"549\" src=\"https:\/\/harmonyhotel.cz\/wp-content\/uploads\/2024\/06\/Masaze-Spindleruv-Mlyn-Harmony-Hotel-Spindleruv-Mlyn-Liftingova-masaz-obliceje-800x549.jpg\" alt=\"Mas\u00e1\u017ee \u0160pindler\u016fv Ml\u00fdn - Harmony Hotel \u0160pindler\u016fv Ml\u00fdn - Liftingov\u00e1 mas\u00e1\u017e obli\u010deje\" class=\"wp-image-707 size-medium\" style=\"object-position:50% 50%\" srcset=\"https:\/\/harmonyhotel.cz\/wp-content\/uploads\/2024\/06\/Masaze-Spindleruv-Mlyn-Harmony-Hotel-Spindleruv-Mlyn-Liftingova-masaz-obliceje-800x549.jpg 800w, https:\/\/harmonyhotel.cz\/wp-content\/uploads\/2024\/06\/Masaze-Spindleruv-Mlyn-Harmony-Hotel-Spindleruv-Mlyn-Liftingova-masaz-obliceje-1600x1098.jpg 1600w\" sizes=\"auto, (max-width: 800px) 100vw, 800px\" \/><\/a><\/figure><div class=\"wp-block-media-text__content\">\n<h2 class=\"wp-block-heading\">Lifting-Gesichtsmassage<\/h2>\n\n\n\n<p>Sie umfasst eine Behandlung von Haut und Dekollet\u00e9 mit gezielten Massagetechniken, die eine tiefe Entspannung und Lockerung der Gesichtsmuskeln bewirken. Die Verwendung von Produkten mit Hyalurons\u00e4ure sorgt f\u00fcr einen sofortigen Lifting-Effekt<\/p>\n\n\n\n<div style=\"height:20px\" aria-hidden=\"true\" class=\"wp-block-spacer\"><\/div>\n\n\n\n<figure class=\"wp-block-table is-style-stripes\"><table><tbody><tr><td><strong>Lifting-Gesichtsmassage<\/strong><\/td><td>60 min<\/td><td>1 490 K\u010d<\/td><\/tr><\/tbody><\/table><\/figure>\n<\/div><\/div>\n\n\n\n<div class=\"wp-block-media-text has-media-on-the-right is-stacked-on-mobile is-image-fill-element\"><div class=\"wp-block-media-text__content\">\n<h2 class=\"wp-block-heading\">Indische Kopfmassage <\/h2>\n\n\n\n<p>Indische Kopfmassage ist eine sehr sanfte Massage von Kopf, Nacken, Schultern und den oberen Armen, die effektiv Spannungen in den entsprechenden Muskelgruppen l\u00f6st, eventuelle Kopf- oder Augenschmerzen lindert und ein Gef\u00fchl von geistigem Wohlbefinden und Ruhe vermittelt.<\/p>\n\n\n\n<div style=\"height:20px\" aria-hidden=\"true\" class=\"wp-block-spacer\"><\/div>\n\n\n\n<figure class=\"wp-block-table is-style-stripes\"><table><tbody><tr><td><strong>Indische Kopfmassage <\/strong><\/td><td>30 min<\/td><td>690 CZK<\/td><\/tr><tr><td><strong>Indische Kopfmassage <\/strong><\/td><td>45 min<\/td><td>950 K\u010d<\/td><\/tr><\/tbody><\/table><\/figure>\n<\/div><figure class=\"wp-block-media-text__media\"><a href=\"https:\/\/harmonyhotel.cz\/wp-content\/uploads\/2025\/04\/IMH-3-970x647-1.jpg\"><img loading=\"lazy\" decoding=\"async\" width=\"970\" height=\"647\" src=\"https:\/\/harmonyhotel.cz\/wp-content\/uploads\/2025\/04\/IMH-3-970x647-1.jpg\" alt=\"\" class=\"wp-image-1533 size-medium\" style=\"object-position:50% 50%\" srcset=\"https:\/\/harmonyhotel.cz\/wp-content\/uploads\/2025\/04\/IMH-3-970x647-1.jpg 970w, https:\/\/harmonyhotel.cz\/wp-content\/uploads\/2025\/04\/IMH-3-970x647-1-800x534.jpg 800w, https:\/\/harmonyhotel.cz\/wp-content\/uploads\/2025\/04\/IMH-3-970x647-1-18x12.jpg 18w\" sizes=\"auto, (max-width: 970px) 100vw, 970px\" \/><\/a><\/figure><\/div>\n\n\n\n<div class=\"wp-block-media-text is-stacked-on-mobile is-image-fill-element\"><figure class=\"wp-block-media-text__media\"><a href=\"https:\/\/harmonyhotel.cz\/wp-content\/uploads\/2025\/04\/263166245-1170x658.jpg.webp\"><img loading=\"lazy\" decoding=\"async\" width=\"1170\" height=\"658\" src=\"https:\/\/harmonyhotel.cz\/wp-content\/uploads\/2025\/04\/263166245-1170x658.jpg.webp\" alt=\"\" class=\"wp-image-1535 size-medium\" style=\"object-position:50% 50%\" srcset=\"https:\/\/harmonyhotel.cz\/wp-content\/uploads\/2025\/04\/263166245-1170x658.jpg.webp 1170w, https:\/\/harmonyhotel.cz\/wp-content\/uploads\/2025\/04\/263166245-1170x658.jpg-800x450.webp 800w, https:\/\/harmonyhotel.cz\/wp-content\/uploads\/2025\/04\/263166245-1170x658.jpg-18x10.webp 18w\" sizes=\"auto, (max-width: 1170px) 100vw, 1170px\" \/><\/a><\/figure><div class=\"wp-block-media-text__content\">\n<h2 class=\"wp-block-heading\">Fu\u00dfreflexzonenmassage<\/h2>\n\n\n\n<p>Fu\u00dfmassage hat eine sehr tief verwurzelte Heilttradition. Die theoretische Grundlage der Reflexzonenmassage ist die Lehre von den Meridianen des K\u00f6rpers, also den Energiepfaden, die die F\u00fc\u00dfe mit allen K\u00f6rperorganen verbinden. Sie umfasst die Stimulation von Reflexpunkten einzelner menschlicher Organe, das Massieren der Wadenmuskulatur, das Einmassieren von nat\u00fcrlichem Massage\u00f6l in die F\u00fc\u00dfe und nicht zuletzt das Dehnen und Entspannen der einzelnen Zehen und der damit verbundenen Reflexzonen.<\/p>\n\n\n\n<div style=\"height:20px\" aria-hidden=\"true\" class=\"wp-block-spacer\"><\/div>\n\n\n\n<figure class=\"wp-block-table is-style-stripes\"><table><tbody><tr><td><strong>Fu\u00dfreflexzonenmassage<\/strong><\/td><td>50 min<\/td><td>1 190 CZK<\/td><\/tr><\/tbody><\/table><\/figure>\n<\/div><\/div>\n\n\n\n<p><\/p>","protected":false},"excerpt":{"rendered":"<p>Neben gesunder Ern\u00e4hrung sind Sport und Entspannung, Wellness, ein wesentlicher Bestandteil eines gesunden Lebensstils. Zu den Wellness- und Entspannungstherapien geh\u00f6ren Massagen, von denen wir ein breites Angebot f\u00fcr Sie vorbereitet haben. Sie k\u00f6nnen spezielle Entspannungsmassagen oder klassische Sportmassagen genie\u00dfen, und das alles in der sch\u00f6nen Umgebung der neu errichteten Saunawelt und ihrem Entspannungsbereich.<\/p>","protected":false},"author":1,"featured_media":708,"parent":15,"menu_order":0,"comment_status":"closed","ping_status":"closed","template":"","meta":{"footnotes":""},"class_list":["post-669","page","type-page","status-publish","has-post-thumbnail","hentry"],"_links":{"self":[{"href":"https:\/\/harmonyhotel.cz\/de\/wp-json\/wp\/v2\/pages\/669","targetHints":{"allow":["GET"]}}],"collection":[{"href":"https:\/\/harmonyhotel.cz\/de\/wp-json\/wp\/v2\/pages"}],"about":[{"href":"https:\/\/harmonyhotel.cz\/de\/wp-json\/wp\/v2\/types\/page"}],"author":[{"embeddable":true,"href":"https:\/\/harmonyhotel.cz\/de\/wp-json\/wp\/v2\/users\/1"}],"replies":[{"embeddable":true,"href":"https:\/\/harmonyhotel.cz\/de\/wp-json\/wp\/v2\/comments?post=669"}],"version-history":[{"count":5,"href":"https:\/\/harmonyhotel.cz\/de\/wp-json\/wp\/v2\/pages\/669\/revisions"}],"predecessor-version":[{"id":2001,"href":"https:\/\/harmonyhotel.cz\/de\/wp-json\/wp\/v2\/pages\/669\/revisions\/2001"}],"up":[{"embeddable":true,"href":"https:\/\/harmonyhotel.cz\/de\/wp-json\/wp\/v2\/pages\/15"}],"wp:featuredmedia":[{"embeddable":true,"href":"https:\/\/harmonyhotel.cz\/de\/wp-json\/wp\/v2\/media\/708"}],"wp:attachment":[{"href":"https:\/\/harmonyhotel.cz\/de\/wp-json\/wp\/v2\/media?parent=669"}],"curies":[{"name":"wp","href":"https:\/\/api.w.org\/{rel}","templated":true}]}}