{"id":667,"date":"2024-06-11T23:45:52","date_gmt":"2024-06-11T21:45:52","guid":{"rendered":"https:\/\/harmonyhotel.cz\/?page_id=667"},"modified":"2024-06-12T00:22:32","modified_gmt":"2024-06-11T22:22:32","slug":"kinder-aqua-zone","status":"publish","type":"page","link":"https:\/\/harmonyhotel.cz\/de\/wellness\/detska-aqua-zona\/","title":{"rendered":"Aquazone f\u00fcr Kinder"},"content":{"rendered":"<div class=\"wp-block-media-text has-media-on-the-right is-stacked-on-mobile is-image-fill\"><div class=\"wp-block-media-text__content\">\n<h2 class=\"wp-block-heading\">Planschbecken f\u00fcr Kinder<\/h2>\n\n\n\n<p>Ein Kinderplanschbecken f\u00fcr die kleinsten Besucher unseres Hotels ist Teil unseres Wellness-Centers und des Poolbereichs. Es befindet sich auf einer Fl\u00e4che von etwa 60 Quadratmetern.<\/p>\n<\/div><figure class=\"wp-block-media-text__media\" style=\"background-image:url(https:\/\/harmonyhotel.cz\/wp-content\/uploads\/2024\/06\/Wellness-Spindleruv-Mlyn-Harmony-Hotel-Spindleruv-Mlyn-Babies-Aqua-Zone-2-800x532.jpg);background-position:50% 50%\"><a href=\"https:\/\/harmonyhotel.cz\/wp-content\/uploads\/2024\/06\/Wellness-Spindleruv-Mlyn-Harmony-Hotel-Spindleruv-Mlyn-Babies-Aqua-Zone-2-scaled.jpg\"><img loading=\"lazy\" decoding=\"async\" width=\"800\" height=\"532\" src=\"https:\/\/harmonyhotel.cz\/wp-content\/uploads\/2024\/06\/Wellness-Spindleruv-Mlyn-Harmony-Hotel-Spindleruv-Mlyn-Babies-Aqua-Zone-2-800x532.jpg\" alt=\"Wellness Spindlerm\u00fchle - Harmony Hotel Spindlerm\u00fchle - Aquazone f\u00fcr Babys\" class=\"wp-image-694 size-medium\" srcset=\"https:\/\/harmonyhotel.cz\/wp-content\/uploads\/2024\/06\/Wellness-Spindleruv-Mlyn-Harmony-Hotel-Spindleruv-Mlyn-Babies-Aqua-Zone-2-800x532.jpg 800w, https:\/\/harmonyhotel.cz\/wp-content\/uploads\/2024\/06\/Wellness-Spindleruv-Mlyn-Harmony-Hotel-Spindleruv-Mlyn-Babies-Aqua-Zone-2-1600x1065.jpg 1600w\" sizes=\"auto, (max-width: 800px) 100vw, 800px\" \/><\/a><\/figure><\/div>\n\n\n\n<div class=\"wp-block-media-text is-stacked-on-mobile is-image-fill\"><figure class=\"wp-block-media-text__media\" style=\"background-image:url(https:\/\/harmonyhotel.cz\/wp-content\/uploads\/2024\/06\/Wellness-Spindleruv-Mlyn-Harmony-Hotel-Spindleruv-Mlyn-Babies-Aqua-Zone-3-532x800.jpg);background-position:50% 50%\"><a href=\"https:\/\/harmonyhotel.cz\/wp-content\/uploads\/2024\/06\/Wellness-Spindleruv-Mlyn-Harmony-Hotel-Spindleruv-Mlyn-Babies-Aqua-Zone-3-scaled.jpg\"><img loading=\"lazy\" decoding=\"async\" width=\"532\" height=\"800\" src=\"https:\/\/harmonyhotel.cz\/wp-content\/uploads\/2024\/06\/Wellness-Spindleruv-Mlyn-Harmony-Hotel-Spindleruv-Mlyn-Babies-Aqua-Zone-3-532x800.jpg\" alt=\"Wellness Spindlerm\u00fchle - Harmony Hotel Spindlerm\u00fchle - Aquazone f\u00fcr Babys\" class=\"wp-image-693 size-medium\" srcset=\"https:\/\/harmonyhotel.cz\/wp-content\/uploads\/2024\/06\/Wellness-Spindleruv-Mlyn-Harmony-Hotel-Spindleruv-Mlyn-Babies-Aqua-Zone-3-532x800.jpg 532w, https:\/\/harmonyhotel.cz\/wp-content\/uploads\/2024\/06\/Wellness-Spindleruv-Mlyn-Harmony-Hotel-Spindleruv-Mlyn-Babies-Aqua-Zone-3-1065x1600.jpg 1065w, https:\/\/harmonyhotel.cz\/wp-content\/uploads\/2024\/06\/Wellness-Spindleruv-Mlyn-Harmony-Hotel-Spindleruv-Mlyn-Babies-Aqua-Zone-3-scaled.jpg 1703w\" sizes=\"auto, (max-width: 532px) 100vw, 532px\" \/><\/a><\/figure><div class=\"wp-block-media-text__content\">\n<h2 class=\"wp-block-heading\">Wasserattraktionen<\/h2>\n\n\n\n<p>Unsere kleinen Besucher k\u00f6nnen im Planschbecken mit einer Tiefe von ca. 30 cm waten und zum Spa\u00df gibt es folgende Attraktionen: Wasserpilz, Wasserkanone, Wasserschlange, Rutsche und Wasserfall.<\/p>\n<\/div><\/div>\n\n\n\n<div class=\"wp-block-media-text has-media-on-the-right is-stacked-on-mobile is-image-fill\"><div class=\"wp-block-media-text__content\">\n<h2 class=\"wp-block-heading\">Aquazone f\u00fcr Kinder<\/h2>\n\n\n\n<p>Der Bereich ist f\u00fcr die Kleinsten mit einer maximalen K\u00f6rpergr\u00f6\u00dfe von 120 cm geeignet. Der Zutritt zur Kinder-Aqua-Zone erfolgt immer unter Aufsicht von Erwachsenen.<\/p>\n<\/div><figure class=\"wp-block-media-text__media\" style=\"background-image:url(https:\/\/harmonyhotel.cz\/wp-content\/uploads\/2024\/06\/Wellness-Spindleruv-Mlyn-Harmony-Hotel-Spindleruv-Mlyn-Babies-Aqua-Zone-4-532x800.jpg);background-position:50% 50%\"><a href=\"https:\/\/harmonyhotel.cz\/wp-content\/uploads\/2024\/06\/Wellness-Spindleruv-Mlyn-Harmony-Hotel-Spindleruv-Mlyn-Babies-Aqua-Zone-4-scaled.jpg\"><img loading=\"lazy\" decoding=\"async\" width=\"532\" height=\"800\" src=\"https:\/\/harmonyhotel.cz\/wp-content\/uploads\/2024\/06\/Wellness-Spindleruv-Mlyn-Harmony-Hotel-Spindleruv-Mlyn-Babies-Aqua-Zone-4-532x800.jpg\" alt=\"Wellness Spindlerm\u00fchle - Harmony Hotel Spindlerm\u00fchle - Aquazone f\u00fcr Babys\" class=\"wp-image-692 size-medium\" srcset=\"https:\/\/harmonyhotel.cz\/wp-content\/uploads\/2024\/06\/Wellness-Spindleruv-Mlyn-Harmony-Hotel-Spindleruv-Mlyn-Babies-Aqua-Zone-4-532x800.jpg 532w, https:\/\/harmonyhotel.cz\/wp-content\/uploads\/2024\/06\/Wellness-Spindleruv-Mlyn-Harmony-Hotel-Spindleruv-Mlyn-Babies-Aqua-Zone-4-1065x1600.jpg 1065w, https:\/\/harmonyhotel.cz\/wp-content\/uploads\/2024\/06\/Wellness-Spindleruv-Mlyn-Harmony-Hotel-Spindleruv-Mlyn-Babies-Aqua-Zone-4-scaled.jpg 1703w\" sizes=\"auto, (max-width: 532px) 100vw, 532px\" \/><\/a><\/figure><\/div>","protected":false},"excerpt":{"rendered":"<p>D\u011btsk\u00e9 brouzdali\u0161t\u011b D\u011btsk\u00e9 brouzdali\u0161t\u011b pro ty nejmen\u0161\u00ed n\u00e1v\u0161t\u011bvn\u00edky na\u0161eho hotelu je sou\u010d\u00e1st\u00ed na\u0161eho Wellness Centra a baz\u00e9nov\u00e9ho prostoru. Nach\u00e1z\u00ed se na rozloze cca 60 metr\u016f \u010dtvere\u010dn\u00edch. Vodn\u00ed atrakce Na\u0161i mal\u00ed n\u00e1v\u0161t\u011bvn\u00edci se zde mohou brouzdat v\u00a0brouzdali\u0161ti o hloubce cca max 30 cm a pro z\u00e1bavu zde najdou tyto atrakce: vodn\u00ed h\u0159\u00edbek, vodn\u00ed d\u011blo, vodn\u00ed had, [&hellip;]<\/p>\n","protected":false},"author":1,"featured_media":653,"parent":15,"menu_order":0,"comment_status":"closed","ping_status":"closed","template":"","meta":{"footnotes":""},"class_list":["post-667","page","type-page","status-publish","has-post-thumbnail","hentry"],"_links":{"self":[{"href":"https:\/\/harmonyhotel.cz\/de\/wp-json\/wp\/v2\/pages\/667","targetHints":{"allow":["GET"]}}],"collection":[{"href":"https:\/\/harmonyhotel.cz\/de\/wp-json\/wp\/v2\/pages"}],"about":[{"href":"https:\/\/harmonyhotel.cz\/de\/wp-json\/wp\/v2\/types\/page"}],"author":[{"embeddable":true,"href":"https:\/\/harmonyhotel.cz\/de\/wp-json\/wp\/v2\/users\/1"}],"replies":[{"embeddable":true,"href":"https:\/\/harmonyhotel.cz\/de\/wp-json\/wp\/v2\/comments?post=667"}],"version-history":[{"count":0,"href":"https:\/\/harmonyhotel.cz\/de\/wp-json\/wp\/v2\/pages\/667\/revisions"}],"up":[{"embeddable":true,"href":"https:\/\/harmonyhotel.cz\/de\/wp-json\/wp\/v2\/pages\/15"}],"wp:featuredmedia":[{"embeddable":true,"href":"https:\/\/harmonyhotel.cz\/de\/wp-json\/wp\/v2\/media\/653"}],"wp:attachment":[{"href":"https:\/\/harmonyhotel.cz\/de\/wp-json\/wp\/v2\/media?parent=667"}],"curies":[{"name":"wp","href":"https:\/\/api.w.org\/{rel}","templated":true}]}}